{"id":402,"date":"2022-08-11T08:43:27","date_gmt":"2022-08-11T08:43:27","guid":{"rendered":"https:\/\/mistersalud.com\/seguros\/?page_id=402"},"modified":"2022-08-11T08:43:27","modified_gmt":"2022-08-11T08:43:27","slug":"opiniones","status":"publish","type":"page","link":"https:\/\/mistersalud.com\/seguros\/companias\/vital\/opiniones\/","title":{"rendered":"Opiniones Seguro M\u00e9dico Vital"},"content":{"rendered":"\n<p>El seguro de salud de Vital es uno de los mejores paquetes en comparaci\u00f3n con otras compa\u00f1\u00edas de seguros. No s\u00f3lo es \u00fatil para prestar una amplia gama de servicios, sino tambi\u00e9n para profesionales y profesionales que demuestren sus cualidades destacadas en todas las ventajas desarrolladas en este seguro. Adem\u00e1s, los precios fijados por Vital para todos los servicios de seguros m\u00e9dicos son asequibles para todos, aunque no todo el mundo puede conseguir este tipo de coberturas. La mayor parte de lo que esta compa\u00f1\u00eda muestra en sus folletos o en su sitio web es cierto, porque cuando compras un seguro de salud, tienes una gran cantidad de servicios disponibles y todos est\u00e1n disponibles las 24 horas del d\u00eda, los 365 d\u00edas del a\u00f1o. Entonces, cuando compra un seguro de salud de Vital, cambia su perspectiva de la vida y comienza a disfrutar de las peque\u00f1as cosas que la vida tiene para ofrecer.<\/p>\n<p><span style=\"color: #000000;\"><div class=\"colorf\"><div class=\"container clearfix\"><div class=\"col-md-7\"><div class=\"opiniones\"><\/span><\/p>\n<h2>Opiniones de clientes del seguro m\u00e9dico de Vital<\/h2>\n<p><span style=\"color: #000000;\"><div class=\"opinion \"  >\n\t\t\t<div class=\"cabecera_opinion\">\n\t\t\t\t<div class=\"avatar\">M T <\/div>\n\t\t\t\t<div class=\"datos_opinion\">\n\t\t\t\t\t<div class=\"nombre_opinion\">Minerva Trujillo<\/div>\n\t\t\t\t\t<div class=\"info_opinion\">\t\t\t\t\t\t\n\t\t\t\t\t\t<div class=\"cuenta_opinion\"><i class=\"fas fa-pencil-alt\"><\/i><!--span class=\"dashicons dashicons-edit\" style=\"font-size:20px\"><\/span--><span>1 Opini\u00f3n<\/span><\/div>\t\t\t\t\t\t\n\t\t\t\t\t\t<div class=\"localizacion_opinion\">\n\t\t\t\t\t\t\t<i class=\"fas fa-map-marker-alt\"><\/i><!--span class=\"dashicons dashicons-location\" style=\"font-size:20px\"><\/span-->\n\t\t\t\t\t\t\t<span>ES<\/span>\n\t\t\t\t\t\t<\/div>\t\n\t\t\t\t\t<\/div>\n\t\t\t\t<\/div>\n\t\t\t<\/div><div class=\"texto_opinion\"><\/span><\/p>\n<p>La mejor experiencia de mi vida y gracias a todas las personas que forman este seguro m\u00e9dico..<\/p>\n<p><span style=\"color: #000000;\"><\/div><\/div> <\/span><span style=\"color: #000000;\"><div class=\"opinion \"  >\n\t\t\t<div class=\"cabecera_opinion\">\n\t\t\t\t<div class=\"avatar\">S D M <\/div>\n\t\t\t\t<div class=\"datos_opinion\">\n\t\t\t\t\t<div class=\"nombre_opinion\">Santos del Moral<\/div>\n\t\t\t\t\t<div class=\"info_opinion\">\t\t\t\t\t\t\n\t\t\t\t\t\t<div class=\"cuenta_opinion\"><i class=\"fas fa-pencil-alt\"><\/i><!--span class=\"dashicons dashicons-edit\" style=\"font-size:20px\"><\/span--><span>1 Opini\u00f3n<\/span><\/div>\t\t\t\t\t\t\n\t\t\t\t\t\t<div class=\"localizacion_opinion\">\n\t\t\t\t\t\t\t<i class=\"fas fa-map-marker-alt\"><\/i><!--span class=\"dashicons dashicons-location\" style=\"font-size:20px\"><\/span-->\n\t\t\t\t\t\t\t<span>ES<\/span>\n\t\t\t\t\t\t<\/div>\t\n\t\t\t\t\t<\/div>\n\t\t\t\t<\/div>\n\t\t\t<\/div><div class=\"texto_opinion\"><\/span><\/p>\n<p>El seguro m\u00e9dico de Vital te ofrece servicios muy destacados, sobre todo la asistencia sanitaria las 24 horas.<\/p>\n<p><span style=\"color: #000000;\"><\/div><\/div> <\/span><span style=\"color: #000000;\"><div class=\"opinion \"  >\n\t\t\t<div class=\"cabecera_opinion\">\n\t\t\t\t<div class=\"avatar\">P L <\/div>\n\t\t\t\t<div class=\"datos_opinion\">\n\t\t\t\t\t<div class=\"nombre_opinion\">Pascual Luengo<\/div>\n\t\t\t\t\t<div class=\"info_opinion\">\t\t\t\t\t\t\n\t\t\t\t\t\t<div class=\"cuenta_opinion\"><i class=\"fas fa-pencil-alt\"><\/i><!--span class=\"dashicons dashicons-edit\" style=\"font-size:20px\"><\/span--><span>1 Opini\u00f3n<\/span><\/div>\t\t\t\t\t\t\n\t\t\t\t\t\t<div class=\"localizacion_opinion\">\n\t\t\t\t\t\t\t<i class=\"fas fa-map-marker-alt\"><\/i><!--span class=\"dashicons dashicons-location\" style=\"font-size:20px\"><\/span-->\n\t\t\t\t\t\t\t<span>ES<\/span>\n\t\t\t\t\t\t<\/div>\t\n\t\t\t\t\t<\/div>\n\t\t\t\t<\/div>\n\t\t\t<\/div><div class=\"texto_opinion\"><\/span><\/p>\n<p>Una de las mejores alternativas que puedes encontrar para controlar la salud de los que te rodean y mi familia est\u00e1 feliz desde que contrate el seguro de Vital.<\/p>\n<p><span style=\"color: #000000;\"><\/div><\/div> <\/span><span style=\"color: #000000;\"><div class=\"opinion \"  >\n\t\t\t<div class=\"cabecera_opinion\">\n\t\t\t\t<div class=\"avatar\">M L <\/div>\n\t\t\t\t<div class=\"datos_opinion\">\n\t\t\t\t\t<div class=\"nombre_opinion\">Manuel Luna<\/div>\n\t\t\t\t\t<div class=\"info_opinion\">\t\t\t\t\t\t\n\t\t\t\t\t\t<div class=\"cuenta_opinion\"><i class=\"fas fa-pencil-alt\"><\/i><!--span class=\"dashicons dashicons-edit\" style=\"font-size:20px\"><\/span--><span>1 Opini\u00f3n<\/span><\/div>\t\t\t\t\t\t\n\t\t\t\t\t\t<div class=\"localizacion_opinion\">\n\t\t\t\t\t\t\t<i class=\"fas fa-map-marker-alt\"><\/i><!--span class=\"dashicons dashicons-location\" style=\"font-size:20px\"><\/span-->\n\t\t\t\t\t\t\t<span>ES<\/span>\n\t\t\t\t\t\t<\/div>\t\n\t\t\t\t\t<\/div>\n\t\t\t\t<\/div>\n\t\t\t<\/div><div class=\"texto_opinion\"><\/span><\/p>\n<p>Excelente el trato de los profesionales y muy buen precio.<\/p>\n<p><span style=\"color: #000000;\"><\/div><\/div> <\/span><span style=\"color: #000000;\"><div class=\"opinion \"  >\n\t\t\t<div class=\"cabecera_opinion\">\n\t\t\t\t<div class=\"avatar\">S C <\/div>\n\t\t\t\t<div class=\"datos_opinion\">\n\t\t\t\t\t<div class=\"nombre_opinion\">Saida Carro<\/div>\n\t\t\t\t\t<div class=\"info_opinion\">\t\t\t\t\t\t\n\t\t\t\t\t\t<div class=\"cuenta_opinion\"><i class=\"fas fa-pencil-alt\"><\/i><!--span class=\"dashicons dashicons-edit\" style=\"font-size:20px\"><\/span--><span>1 Opini\u00f3n<\/span><\/div>\t\t\t\t\t\t\n\t\t\t\t\t\t<div class=\"localizacion_opinion\">\n\t\t\t\t\t\t\t<i class=\"fas fa-map-marker-alt\"><\/i><!--span class=\"dashicons dashicons-location\" style=\"font-size:20px\"><\/span-->\n\t\t\t\t\t\t\t<span>ES<\/span>\n\t\t\t\t\t\t<\/div>\t\n\t\t\t\t\t<\/div>\n\t\t\t\t<\/div>\n\t\t\t<\/div><div class=\"texto_opinion\"><\/span><\/p>\n<p>No todo es como lo venden en la p\u00e1gina web, contrate el seguro de salud y no obtiene los servicios de las diferentes coberturas que contrate hasta los dos o tres meses desde darme de alta.<\/p>\n<p><span style=\"color: #000000;\"><\/div><\/div> <\/span><span style=\"color: #000000;\"><div class=\"opinion \"  >\n\t\t\t<div class=\"cabecera_opinion\">\n\t\t\t\t<div class=\"avatar\">A O <\/div>\n\t\t\t\t<div class=\"datos_opinion\">\n\t\t\t\t\t<div class=\"nombre_opinion\">Angelica Oviedo<\/div>\n\t\t\t\t\t<div class=\"info_opinion\">\t\t\t\t\t\t\n\t\t\t\t\t\t<div class=\"cuenta_opinion\"><i class=\"fas fa-pencil-alt\"><\/i><!--span class=\"dashicons dashicons-edit\" style=\"font-size:20px\"><\/span--><span>1 Opini\u00f3n<\/span><\/div>\t\t\t\t\t\t\n\t\t\t\t\t\t<div class=\"localizacion_opinion\">\n\t\t\t\t\t\t\t<i class=\"fas fa-map-marker-alt\"><\/i><!--span class=\"dashicons dashicons-location\" style=\"font-size:20px\"><\/span-->\n\t\t\t\t\t\t\t<span>ES<\/span>\n\t\t\t\t\t\t<\/div>\t\n\t\t\t\t\t<\/div>\n\t\t\t\t<\/div>\n\t\t\t<\/div><div class=\"texto_opinion\"><\/span><\/p>\n<p>El trato personal excelente de la mano de unos profesionales de altura y con unos especialistas que buscan la tranquilidad para toda mi familia.<\/p>\n<p><span style=\"color: #000000;\"><\/div><\/div> <\/span><span style=\"color: #000000;\"><div class=\"opinion \"  >\n\t\t\t<div class=\"cabecera_opinion\">\n\t\t\t\t<div class=\"avatar\">M R <\/div>\n\t\t\t\t<div class=\"datos_opinion\">\n\t\t\t\t\t<div class=\"nombre_opinion\">M\u00f3nica Romo<\/div>\n\t\t\t\t\t<div class=\"info_opinion\">\t\t\t\t\t\t\n\t\t\t\t\t\t<div class=\"cuenta_opinion\"><i class=\"fas fa-pencil-alt\"><\/i><!--span class=\"dashicons dashicons-edit\" style=\"font-size:20px\"><\/span--><span>1 Opini\u00f3n<\/span><\/div>\t\t\t\t\t\t\n\t\t\t\t\t\t<div class=\"localizacion_opinion\">\n\t\t\t\t\t\t\t<i class=\"fas fa-map-marker-alt\"><\/i><!--span class=\"dashicons dashicons-location\" style=\"font-size:20px\"><\/span-->\n\t\t\t\t\t\t\t<span>ES<\/span>\n\t\t\t\t\t\t<\/div>\t\n\t\t\t\t\t<\/div>\n\t\t\t\t<\/div>\n\t\t\t<\/div><div class=\"texto_opinion\"><\/span><\/p>\n<p>La mejor aseguradora que he encontrado y un trato exquisito.<\/p>\n<p><span style=\"color: #000000;\"><\/div><\/div> <\/span><span style=\"color: #000000;\"><div class=\"opinion \"  >\n\t\t\t<div class=\"cabecera_opinion\">\n\t\t\t\t<div class=\"avatar\">S P <\/div>\n\t\t\t\t<div class=\"datos_opinion\">\n\t\t\t\t\t<div class=\"nombre_opinion\">Seraf\u00edn Palau<\/div>\n\t\t\t\t\t<div class=\"info_opinion\">\t\t\t\t\t\t\n\t\t\t\t\t\t<div class=\"cuenta_opinion\"><i class=\"fas fa-pencil-alt\"><\/i><!--span class=\"dashicons dashicons-edit\" style=\"font-size:20px\"><\/span--><span>1 Opini\u00f3n<\/span><\/div>\t\t\t\t\t\t\n\t\t\t\t\t\t<div class=\"localizacion_opinion\">\n\t\t\t\t\t\t\t<i class=\"fas fa-map-marker-alt\"><\/i><!--span class=\"dashicons dashicons-location\" style=\"font-size:20px\"><\/span-->\n\t\t\t\t\t\t\t<span>ES<\/span>\n\t\t\t\t\t\t<\/div>\t\n\t\t\t\t\t<\/div>\n\t\t\t\t<\/div>\n\t\t\t<\/div><div class=\"texto_opinion\"><\/span><\/p>\n<p>Tras hacer una comparaci\u00f3n en MisterSalud, encontr\u00e9 esta compa\u00f1\u00eda porque era la que ten\u00eda mejor precio y no me ha defraudado respecto a los servicios.<\/p>\n<p><span style=\"color: #000000;\"><\/div><\/div> <\/span><span style=\"color: #000000;\"><div class=\"opinion \"  >\n\t\t\t<div class=\"cabecera_opinion\">\n\t\t\t\t<div class=\"avatar\">P T <\/div>\n\t\t\t\t<div class=\"datos_opinion\">\n\t\t\t\t\t<div class=\"nombre_opinion\">Purificaci\u00f3n Tamayo<\/div>\n\t\t\t\t\t<div class=\"info_opinion\">\t\t\t\t\t\t\n\t\t\t\t\t\t<div class=\"cuenta_opinion\"><i class=\"fas fa-pencil-alt\"><\/i><!--span class=\"dashicons dashicons-edit\" style=\"font-size:20px\"><\/span--><span>1 Opini\u00f3n<\/span><\/div>\t\t\t\t\t\t\n\t\t\t\t\t\t<div class=\"localizacion_opinion\">\n\t\t\t\t\t\t\t<i class=\"fas fa-map-marker-alt\"><\/i><!--span class=\"dashicons dashicons-location\" style=\"font-size:20px\"><\/span-->\n\t\t\t\t\t\t\t<span>ES<\/span>\n\t\t\t\t\t\t<\/div>\t\n\t\t\t\t\t<\/div>\n\t\t\t\t<\/div>\n\t\t\t<\/div><div class=\"texto_opinion\"><\/span><\/p>\n<p>Todo lo que hay de informaci\u00f3n es verdad y con unos profesionales a la altura de cualquier complicaci\u00f3n.<\/p>\n<p><span style=\"color: #000000;\"><\/div><\/div> <\/span><span style=\"color: #000000;\"><div class=\"opinion \"  >\n\t\t\t<div class=\"cabecera_opinion\">\n\t\t\t\t<div class=\"avatar\">O S <\/div>\n\t\t\t\t<div class=\"datos_opinion\">\n\t\t\t\t\t<div class=\"nombre_opinion\">Oscar Solano<\/div>\n\t\t\t\t\t<div class=\"info_opinion\">\t\t\t\t\t\t\n\t\t\t\t\t\t<div class=\"cuenta_opinion\"><i class=\"fas fa-pencil-alt\"><\/i><!--span class=\"dashicons dashicons-edit\" style=\"font-size:20px\"><\/span--><span>1 Opini\u00f3n<\/span><\/div>\t\t\t\t\t\t\n\t\t\t\t\t\t<div class=\"localizacion_opinion\">\n\t\t\t\t\t\t\t<i class=\"fas fa-map-marker-alt\"><\/i><!--span class=\"dashicons dashicons-location\" style=\"font-size:20px\"><\/span-->\n\t\t\t\t\t\t\t<span>ES<\/span>\n\t\t\t\t\t\t<\/div>\t\n\t\t\t\t\t<\/div>\n\t\t\t\t<\/div>\n\t\t\t<\/div><div class=\"texto_opinion\"><\/span><\/p>\n<p>Estoy muy contento con mi seguro y con el precio, en general con todo.<\/p>\n<p><span style=\"color: #000000;\"><\/div><\/div> <\/div><\/div><\/div><\/div><\/span><\/p>\n<h2>Valoraci\u00f3n del Seguro m\u00e9dico Vital<\/h2>\n<p>En los \u00faltimos a\u00f1os, Vital ha experimentado un fuerte crecimiento en el mercado de seguros de salud, que se ha visto afectado por las cr\u00edticas positivas de los clientes. Los niveles de satisfacci\u00f3n aumentaron exponencialmente hasta cifras muy altas, datos de una encuesta a empleados de Vital. Despu\u00e9s de leer estos clientes potenciales y agregar excelentes rese\u00f1as sobre esta empresa, la cantidad de titulares de contratos ha crecido exponencialmente en los \u00faltimos meses. Una de las otras cr\u00edticas positivas sobre esta compa\u00f1\u00eda de seguros se relaciona con su personal y profesionales m\u00e9dicos, son uno de los elementos centrales de Vital porque brindan servicios, trato personalizado para los clientes y se sienten c\u00f3modos estando en buenas manos para tomar control de su salud. Siempre. Adem\u00e1s, los expertos juegan un papel fundamental y para ellos sus valoraciones son muy buenas, prestando servicios que no est\u00e1n al alcance de todo el mundo. Como resultado, Vital tiene una gran cantidad de calificaciones positivas, y en contra podemos argumentar que recibir\u00e1 pocas o ninguna calificaci\u00f3n negativa con respecto a su cobertura de salud.<\/p>\n<p><span style=\"color: #000000;\"><div class=\"colorf \"  ><div class=\"container clearfix\"><div class=\"col-md-7\"><\/span><\/p>\n<h2>Opiniones seguro m\u00e9dico sin copago Vital<\/h2>\n<p>Una de las partes m\u00e1s importantes de participar en un seguro de salud es el m\u00e9todo de pago o la capacidad de pagar el seguro de salud de una forma u otra. Por ello, Vital ofrece todos los servicios sin necesidad de adoptar un modelo de pago conjunto, por lo que no hay problema en utilizar esta modalidad. Las cr\u00edticas que ha recibido y sigue recibiendo esta empresa son numerosas, y la mayor\u00eda positivas respecto a este apartado. Adem\u00e1s, cualquier tipo de duda que te surja antes de firmar una p\u00f3liza de seguro m\u00e9dico con esta compa\u00f1\u00eda, siempre cuentas con el servicio de teleoperadores para resolver todas las dudas que te surjan de una vez por todas. La forma m\u00e1s r\u00e1pida y sencilla.<\/p>\n<p><\/div><\/div><\/div><\/p>\n<h2>Opiniones seguro m\u00e9dico sin carencia Vital<\/h2>\n<p>Vital ofrece cualquier tipo de servicio o cobertura sin seguro, lo que significa que desde el momento en que contratas el seguro, tienes todas las p\u00f3lizas disponibles con sus respectivos servicios. Esta empresa no oculta nada, y en su entrega de atenci\u00f3n m\u00e9dica han dejado absolutamente claro que no quieren perjudicar a nadie que contrate su seguro de salud. Uno de los comentarios m\u00e1s destacables de los clientes es la rapidez con la que utilizan los servicios, especialmente los hospitalarios y sanitarios en todo momento. Cliente garant\u00eda de la excelente calidad de Vital y de que su precio est\u00e1 entre los mejores que encontrar\u00e1 en el mercado.<\/p>\n<p><span style=\"color: #000000;\"><div class=\"colorf \"  ><div class=\"container clearfix\"><div class=\"col-md-7\"><\/span><\/p>\n<h2><b>Conclusi\u00f3n sobre las opiniones del seguro m\u00e9dico Vital<\/b><\/h2>\n<p>Las opiniones recogidas de nuestros clientes y las estad\u00edsticas que nosotros mismos realizamos concluyen que estamos ante una de las mejores aseguradoras, con las coberturas de salud m\u00e1s completas posibles. Aunque los clientes han dado valoraciones positivas, Vital no es s\u00f3lo una entidad, sino tambi\u00e9n una empresa leal, leal y comprometida&#8230; por eso todos est\u00e1n satisfechos con los servicios de la compa\u00f1\u00eda.<\/p>\n<p><\/div><\/div><\/div><\/p>\n<p><!-- No shortcodes are defined -->\u00a0<!-- No shortcodes are defined --><\/p>\n","protected":false},"excerpt":{"rendered":"<p>El seguro de salud de Vital es uno de los mejores paquetes en comparaci\u00f3n con otras compa\u00f1\u00edas de seguros. No s\u00f3lo es \u00fatil para prestar una amplia gama de servicios, sino tambi\u00e9n para profesionales y profesionales que demuestren sus cualidades destacadas en todas las ventajas desarrolladas en este seguro. Adem\u00e1s, los precios fijados por Vital&hellip; <\/p>\n","protected":false},"author":4,"featured_media":0,"parent":272,"menu_order":0,"comment_status":"closed","ping_status":"closed","template":"single.php","meta":{"footnotes":""},"class_list":["post-402","page","type-page","status-publish","hentry"],"yoast_head":"<!-- This site is optimized with the Yoast SEO plugin v27.5 - https:\/\/yoast.com\/product\/yoast-seo-wordpress\/ -->\n<title>Opiniones Seguro M\u00e9dico Vital - misterSalud<\/title>\n<meta name=\"robots\" content=\"index, follow, max-snippet:-1, max-image-preview:large, max-video-preview:-1\" \/>\n<link rel=\"canonical\" href=\"https:\/\/mistersalud.com\/seguros\/companias\/vital\/opiniones\/\" \/>\n<meta property=\"og:locale\" content=\"es_ES\" \/>\n<meta property=\"og:type\" content=\"article\" \/>\n<meta property=\"og:title\" content=\"Opiniones Seguro M\u00e9dico Vital - misterSalud\" \/>\n<meta property=\"og:description\" content=\"El seguro de salud de Vital es uno de los mejores paquetes en comparaci\u00f3n con otras compa\u00f1\u00edas de seguros. No s\u00f3lo es \u00fatil para prestar una amplia gama de servicios, sino tambi\u00e9n para profesionales y profesionales que demuestren sus cualidades destacadas en todas las ventajas desarrolladas en este seguro. Adem\u00e1s, los precios fijados por Vital&hellip;\" \/>\n<meta property=\"og:url\" content=\"https:\/\/mistersalud.com\/seguros\/companias\/vital\/opiniones\/\" \/>\n<meta property=\"og:site_name\" content=\"misterSalud\" \/>\n<meta name=\"twitter:card\" content=\"summary_large_image\" \/>\n<meta name=\"twitter:label1\" content=\"Tiempo de lectura\" \/>\n\t<meta name=\"twitter:data1\" content=\"5 minutos\" \/>\n<script type=\"application\/ld+json\" class=\"yoast-schema-graph\">{\"@context\":\"https:\\\/\\\/schema.org\",\"@graph\":[{\"@type\":\"WebPage\",\"@id\":\"https:\\\/\\\/mistersalud.com\\\/seguros\\\/companias\\\/vital\\\/opiniones\\\/\",\"url\":\"https:\\\/\\\/mistersalud.com\\\/seguros\\\/companias\\\/vital\\\/opiniones\\\/\",\"name\":\"Opiniones Seguro M\u00e9dico Vital - misterSalud\",\"isPartOf\":{\"@id\":\"https:\\\/\\\/mistersalud.com\\\/seguros\\\/#website\"},\"datePublished\":\"2022-08-11T08:43:27+00:00\",\"breadcrumb\":{\"@id\":\"https:\\\/\\\/mistersalud.com\\\/seguros\\\/companias\\\/vital\\\/opiniones\\\/#breadcrumb\"},\"inLanguage\":\"es\",\"potentialAction\":[{\"@type\":\"ReadAction\",\"target\":[\"https:\\\/\\\/mistersalud.com\\\/seguros\\\/companias\\\/vital\\\/opiniones\\\/\"]}]},{\"@type\":\"BreadcrumbList\",\"@id\":\"https:\\\/\\\/mistersalud.com\\\/seguros\\\/companias\\\/vital\\\/opiniones\\\/#breadcrumb\",\"itemListElement\":[{\"@type\":\"ListItem\",\"position\":1,\"name\":\"Portada\",\"item\":\"https:\\\/\\\/mistersalud.com\\\/seguros\\\/\"},{\"@type\":\"ListItem\",\"position\":2,\"name\":\"Compa\u00f1\u00edas de Seguros de Salud en Espa\u00f1a\",\"item\":\"https:\\\/\\\/mistersalud.com\\\/seguros\\\/companias\\\/\"},{\"@type\":\"ListItem\",\"position\":3,\"name\":\"Seguro M\u00e9dico Vital\",\"item\":\"https:\\\/\\\/mistersalud.com\\\/seguros\\\/companias\\\/vital\\\/\"},{\"@type\":\"ListItem\",\"position\":4,\"name\":\"Opiniones Seguro M\u00e9dico Vital\"}]},{\"@type\":\"WebSite\",\"@id\":\"https:\\\/\\\/mistersalud.com\\\/seguros\\\/#website\",\"url\":\"https:\\\/\\\/mistersalud.com\\\/seguros\\\/\",\"name\":\"misterSalud\",\"description\":\"\",\"publisher\":{\"@id\":\"https:\\\/\\\/mistersalud.com\\\/seguros\\\/#organization\"},\"potentialAction\":[{\"@type\":\"SearchAction\",\"target\":{\"@type\":\"EntryPoint\",\"urlTemplate\":\"https:\\\/\\\/mistersalud.com\\\/seguros\\\/?s={search_term_string}\"},\"query-input\":{\"@type\":\"PropertyValueSpecification\",\"valueRequired\":true,\"valueName\":\"search_term_string\"}}],\"inLanguage\":\"es\"},{\"@type\":\"Organization\",\"@id\":\"https:\\\/\\\/mistersalud.com\\\/seguros\\\/#organization\",\"name\":\"misterSalud\",\"url\":\"https:\\\/\\\/mistersalud.com\\\/seguros\\\/\",\"logo\":{\"@type\":\"ImageObject\",\"inLanguage\":\"es\",\"@id\":\"https:\\\/\\\/mistersalud.com\\\/seguros\\\/#\\\/schema\\\/logo\\\/image\\\/\",\"url\":\"https:\\\/\\\/mistersalud.com\\\/seguros\\\/wp-content\\\/uploads\\\/2022\\\/05\\\/logo-mistersalud.png\",\"contentUrl\":\"https:\\\/\\\/mistersalud.com\\\/seguros\\\/wp-content\\\/uploads\\\/2022\\\/05\\\/logo-mistersalud.png\",\"width\":178,\"height\":89,\"caption\":\"misterSalud\"},\"image\":{\"@id\":\"https:\\\/\\\/mistersalud.com\\\/seguros\\\/#\\\/schema\\\/logo\\\/image\\\/\"}}]}<\/script>\n<!-- \/ Yoast SEO plugin. -->","yoast_head_json":{"title":"Opiniones Seguro M\u00e9dico Vital - misterSalud","robots":{"index":"index","follow":"follow","max-snippet":"max-snippet:-1","max-image-preview":"max-image-preview:large","max-video-preview":"max-video-preview:-1"},"canonical":"https:\/\/mistersalud.com\/seguros\/companias\/vital\/opiniones\/","og_locale":"es_ES","og_type":"article","og_title":"Opiniones Seguro M\u00e9dico Vital - misterSalud","og_description":"El seguro de salud de Vital es uno de los mejores paquetes en comparaci\u00f3n con otras compa\u00f1\u00edas de seguros. No s\u00f3lo es \u00fatil para prestar una amplia gama de servicios, sino tambi\u00e9n para profesionales y profesionales que demuestren sus cualidades destacadas en todas las ventajas desarrolladas en este seguro. Adem\u00e1s, los precios fijados por Vital&hellip;","og_url":"https:\/\/mistersalud.com\/seguros\/companias\/vital\/opiniones\/","og_site_name":"misterSalud","twitter_card":"summary_large_image","twitter_misc":{"Tiempo de lectura":"5 minutos"},"schema":{"@context":"https:\/\/schema.org","@graph":[{"@type":"WebPage","@id":"https:\/\/mistersalud.com\/seguros\/companias\/vital\/opiniones\/","url":"https:\/\/mistersalud.com\/seguros\/companias\/vital\/opiniones\/","name":"Opiniones Seguro M\u00e9dico Vital - misterSalud","isPartOf":{"@id":"https:\/\/mistersalud.com\/seguros\/#website"},"datePublished":"2022-08-11T08:43:27+00:00","breadcrumb":{"@id":"https:\/\/mistersalud.com\/seguros\/companias\/vital\/opiniones\/#breadcrumb"},"inLanguage":"es","potentialAction":[{"@type":"ReadAction","target":["https:\/\/mistersalud.com\/seguros\/companias\/vital\/opiniones\/"]}]},{"@type":"BreadcrumbList","@id":"https:\/\/mistersalud.com\/seguros\/companias\/vital\/opiniones\/#breadcrumb","itemListElement":[{"@type":"ListItem","position":1,"name":"Portada","item":"https:\/\/mistersalud.com\/seguros\/"},{"@type":"ListItem","position":2,"name":"Compa\u00f1\u00edas de Seguros de Salud en Espa\u00f1a","item":"https:\/\/mistersalud.com\/seguros\/companias\/"},{"@type":"ListItem","position":3,"name":"Seguro M\u00e9dico Vital","item":"https:\/\/mistersalud.com\/seguros\/companias\/vital\/"},{"@type":"ListItem","position":4,"name":"Opiniones Seguro M\u00e9dico Vital"}]},{"@type":"WebSite","@id":"https:\/\/mistersalud.com\/seguros\/#website","url":"https:\/\/mistersalud.com\/seguros\/","name":"misterSalud","description":"","publisher":{"@id":"https:\/\/mistersalud.com\/seguros\/#organization"},"potentialAction":[{"@type":"SearchAction","target":{"@type":"EntryPoint","urlTemplate":"https:\/\/mistersalud.com\/seguros\/?s={search_term_string}"},"query-input":{"@type":"PropertyValueSpecification","valueRequired":true,"valueName":"search_term_string"}}],"inLanguage":"es"},{"@type":"Organization","@id":"https:\/\/mistersalud.com\/seguros\/#organization","name":"misterSalud","url":"https:\/\/mistersalud.com\/seguros\/","logo":{"@type":"ImageObject","inLanguage":"es","@id":"https:\/\/mistersalud.com\/seguros\/#\/schema\/logo\/image\/","url":"https:\/\/mistersalud.com\/seguros\/wp-content\/uploads\/2022\/05\/logo-mistersalud.png","contentUrl":"https:\/\/mistersalud.com\/seguros\/wp-content\/uploads\/2022\/05\/logo-mistersalud.png","width":178,"height":89,"caption":"misterSalud"},"image":{"@id":"https:\/\/mistersalud.com\/seguros\/#\/schema\/logo\/image\/"}}]}},"_links":{"self":[{"href":"https:\/\/mistersalud.com\/seguros\/wp-json\/wp\/v2\/pages\/402","targetHints":{"allow":["GET"]}}],"collection":[{"href":"https:\/\/mistersalud.com\/seguros\/wp-json\/wp\/v2\/pages"}],"about":[{"href":"https:\/\/mistersalud.com\/seguros\/wp-json\/wp\/v2\/types\/page"}],"author":[{"embeddable":true,"href":"https:\/\/mistersalud.com\/seguros\/wp-json\/wp\/v2\/users\/4"}],"replies":[{"embeddable":true,"href":"https:\/\/mistersalud.com\/seguros\/wp-json\/wp\/v2\/comments?post=402"}],"version-history":[{"count":1,"href":"https:\/\/mistersalud.com\/seguros\/wp-json\/wp\/v2\/pages\/402\/revisions"}],"predecessor-version":[{"id":403,"href":"https:\/\/mistersalud.com\/seguros\/wp-json\/wp\/v2\/pages\/402\/revisions\/403"}],"up":[{"embeddable":true,"href":"https:\/\/mistersalud.com\/seguros\/wp-json\/wp\/v2\/pages\/272"}],"wp:attachment":[{"href":"https:\/\/mistersalud.com\/seguros\/wp-json\/wp\/v2\/media?parent=402"}],"curies":[{"name":"wp","href":"https:\/\/api.w.org\/{rel}","templated":true}]}}