{"id":387,"date":"2022-07-20T09:09:36","date_gmt":"2022-07-20T09:09:36","guid":{"rendered":"https:\/\/mistersalud.com\/seguros\/?page_id=387"},"modified":"2022-07-20T09:09:36","modified_gmt":"2022-07-20T09:09:36","slug":"opiniones","status":"publish","type":"page","link":"https:\/\/mistersalud.com\/seguros\/companias\/preventiva\/opiniones\/","title":{"rendered":"Opiniones Seguro M\u00e9dico Preventiva"},"content":{"rendered":"\n<p><span style=\"font-weight: 400;\">El seguro de salud correspondiente a la entidad Preventiva dispone de los mejores servicios sanitarios que necesites en los peores momentos de tu salud. Desde el primer minuto, el cliente est\u00e1 satisfecho y tranquilo sabiendo que est\u00e1 en las mejores manos para controlar su salud en todo momento. Preventiva ofrece una amplia variedad de coberturas con una gran cantidad de servicios, contando con los mejores profesionales y especialistas que se pueden encontrar para cuidar de sus clientes. Tambi\u00e9n, la prestaci\u00f3n de servicios son la mejor alternativa para decidir por un seguro m\u00e9dico para cuidar de tu salud. Todo la informaci\u00f3n que muestra esta aseguradora en su p\u00e1gina web o en los diferentes folletos son totalmente cierto, encuentras una entidad involucrada con todos sus clientes y, sobre todo, con las familias que le ofrece un seguro m\u00e9dico con asistencia 24 horas todos los d\u00edas del a\u00f1o. Por consiguiente, con el seguro m\u00e9dico de Preventiva encontrar\u00e1s la mayor tranquilidad para tu salud y para tu familia, comenzar\u00e1s a vivir las peque\u00f1as cosas de la vida y disfrutar de todo lo que te rodea de una manera diferente.<\/span><\/p>\n<p><span style=\"color: #000000;\"><div class=\"colorf\"><div class=\"container clearfix\"><div class=\"col-md-7\"><div class=\"opiniones\"><\/span><\/p>\n<h2>Opiniones de clientes del seguro m\u00e9dico de Preventiva<\/h2>\n<p><span style=\"color: #000000;\"><div class=\"opinion \"  >\n\t\t\t<div class=\"cabecera_opinion\">\n\t\t\t\t<div class=\"avatar\">J A <\/div>\n\t\t\t\t<div class=\"datos_opinion\">\n\t\t\t\t\t<div class=\"nombre_opinion\">Jamila Ayala<\/div>\n\t\t\t\t\t<div class=\"info_opinion\">\t\t\t\t\t\t\n\t\t\t\t\t\t<div class=\"cuenta_opinion\"><i class=\"fas fa-pencil-alt\"><\/i><!--span class=\"dashicons dashicons-edit\" style=\"font-size:20px\"><\/span--><span>1 Opini\u00f3n<\/span><\/div>\t\t\t\t\t\t\n\t\t\t\t\t\t<div class=\"localizacion_opinion\">\n\t\t\t\t\t\t\t<i class=\"fas fa-map-marker-alt\"><\/i><!--span class=\"dashicons dashicons-location\" style=\"font-size:20px\"><\/span-->\n\t\t\t\t\t\t\t<span>ES<\/span>\n\t\t\t\t\t\t<\/div>\t\n\t\t\t\t\t<\/div>\n\t\t\t\t<\/div>\n\t\t\t<\/div><div class=\"texto_opinion\"><\/span><\/p>\n<p>La mejor experiencia que he podido vivir y con una tranquilidad enorme por mi salud.<\/p>\n<p><span style=\"color: #000000;\"><\/div><\/div> <\/span><span style=\"color: #000000;\"><div class=\"opinion \"  >\n\t\t\t<div class=\"cabecera_opinion\">\n\t\t\t\t<div class=\"avatar\">Y B <\/div>\n\t\t\t\t<div class=\"datos_opinion\">\n\t\t\t\t\t<div class=\"nombre_opinion\">Yesica Bernal<\/div>\n\t\t\t\t\t<div class=\"info_opinion\">\t\t\t\t\t\t\n\t\t\t\t\t\t<div class=\"cuenta_opinion\"><i class=\"fas fa-pencil-alt\"><\/i><!--span class=\"dashicons dashicons-edit\" style=\"font-size:20px\"><\/span--><span>1 Opini\u00f3n<\/span><\/div>\t\t\t\t\t\t\n\t\t\t\t\t\t<div class=\"localizacion_opinion\">\n\t\t\t\t\t\t\t<i class=\"fas fa-map-marker-alt\"><\/i><!--span class=\"dashicons dashicons-location\" style=\"font-size:20px\"><\/span-->\n\t\t\t\t\t\t\t<span>ES<\/span>\n\t\t\t\t\t\t<\/div>\t\n\t\t\t\t\t<\/div>\n\t\t\t\t<\/div>\n\t\t\t<\/div><div class=\"texto_opinion\"><\/span><\/p>\n<p>El mejor seguro m\u00e9dico es el de Preventiva, tanto por la prestaci\u00f3n de servicios como por el trato personal de los profesionales.<\/p>\n<p><span style=\"color: #000000;\"><\/div><\/div> <\/span><span style=\"color: #000000;\"><div class=\"opinion \"  >\n\t\t\t<div class=\"cabecera_opinion\">\n\t\t\t\t<div class=\"avatar\">A O <\/div>\n\t\t\t\t<div class=\"datos_opinion\">\n\t\t\t\t\t<div class=\"nombre_opinion\">Antonio Ortiz<\/div>\n\t\t\t\t\t<div class=\"info_opinion\">\t\t\t\t\t\t\n\t\t\t\t\t\t<div class=\"cuenta_opinion\"><i class=\"fas fa-pencil-alt\"><\/i><!--span class=\"dashicons dashicons-edit\" style=\"font-size:20px\"><\/span--><span>1 Opini\u00f3n<\/span><\/div>\t\t\t\t\t\t\n\t\t\t\t\t\t<div class=\"localizacion_opinion\">\n\t\t\t\t\t\t\t<i class=\"fas fa-map-marker-alt\"><\/i><!--span class=\"dashicons dashicons-location\" style=\"font-size:20px\"><\/span-->\n\t\t\t\t\t\t\t<span>ES<\/span>\n\t\t\t\t\t\t<\/div>\t\n\t\t\t\t\t<\/div>\n\t\t\t\t<\/div>\n\t\t\t<\/div><div class=\"texto_opinion\"><\/span><\/p>\n<p>Los profesionales son personas maravillosas, recib\u00f3 un trato excelente y se preocupan por m\u00ed en todo momento.<\/p>\n<p><span style=\"color: #000000;\"><\/div><\/div> <\/span><span style=\"color: #000000;\"><div class=\"opinion \"  >\n\t\t\t<div class=\"cabecera_opinion\">\n\t\t\t\t<div class=\"avatar\">C V <\/div>\n\t\t\t\t<div class=\"datos_opinion\">\n\t\t\t\t\t<div class=\"nombre_opinion\">Constantino V\u00e1zquez<\/div>\n\t\t\t\t\t<div class=\"info_opinion\">\t\t\t\t\t\t\n\t\t\t\t\t\t<div class=\"cuenta_opinion\"><i class=\"fas fa-pencil-alt\"><\/i><!--span class=\"dashicons dashicons-edit\" style=\"font-size:20px\"><\/span--><span>1 Opini\u00f3n<\/span><\/div>\t\t\t\t\t\t\n\t\t\t\t\t\t<div class=\"localizacion_opinion\">\n\t\t\t\t\t\t\t<i class=\"fas fa-map-marker-alt\"><\/i><!--span class=\"dashicons dashicons-location\" style=\"font-size:20px\"><\/span-->\n\t\t\t\t\t\t\t<span>ES<\/span>\n\t\t\t\t\t\t<\/div>\t\n\t\t\t\t\t<\/div>\n\t\t\t\t<\/div>\n\t\t\t<\/div><div class=\"texto_opinion\"><\/span><\/p>\n<p>Excelente el trato de los profesionales y muy buen precio.<\/p>\n<p><span style=\"color: #000000;\"><\/div><\/div> <\/span><span style=\"color: #000000;\"><div class=\"opinion \"  >\n\t\t\t<div class=\"cabecera_opinion\">\n\t\t\t\t<div class=\"avatar\">P P <\/div>\n\t\t\t\t<div class=\"datos_opinion\">\n\t\t\t\t\t<div class=\"nombre_opinion\">Paz Pardo<\/div>\n\t\t\t\t\t<div class=\"info_opinion\">\t\t\t\t\t\t\n\t\t\t\t\t\t<div class=\"cuenta_opinion\"><i class=\"fas fa-pencil-alt\"><\/i><!--span class=\"dashicons dashicons-edit\" style=\"font-size:20px\"><\/span--><span>1 Opini\u00f3n<\/span><\/div>\t\t\t\t\t\t\n\t\t\t\t\t\t<div class=\"localizacion_opinion\">\n\t\t\t\t\t\t\t<i class=\"fas fa-map-marker-alt\"><\/i><!--span class=\"dashicons dashicons-location\" style=\"font-size:20px\"><\/span-->\n\t\t\t\t\t\t\t<span>ES<\/span>\n\t\t\t\t\t\t<\/div>\t\n\t\t\t\t\t<\/div>\n\t\t\t\t<\/div>\n\t\t\t<\/div><div class=\"texto_opinion\"><\/span><\/p>\n<p>No todo es como lo venden en la p\u00e1gina web, contrate el seguro de salud y no obtiene los servicios de las diferentes coberturas que contrate hasta los dos o tres meses desde darme de alta.<\/p>\n<p><span style=\"color: #000000;\"><\/div><\/div> <\/span><span style=\"color: #000000;\"><div class=\"opinion \"  >\n\t\t\t<div class=\"cabecera_opinion\">\n\t\t\t\t<div class=\"avatar\">U C <\/div>\n\t\t\t\t<div class=\"datos_opinion\">\n\t\t\t\t\t<div class=\"nombre_opinion\">Ursula Chamorro<\/div>\n\t\t\t\t\t<div class=\"info_opinion\">\t\t\t\t\t\t\n\t\t\t\t\t\t<div class=\"cuenta_opinion\"><i class=\"fas fa-pencil-alt\"><\/i><!--span class=\"dashicons dashicons-edit\" style=\"font-size:20px\"><\/span--><span>1 Opini\u00f3n<\/span><\/div>\t\t\t\t\t\t\n\t\t\t\t\t\t<div class=\"localizacion_opinion\">\n\t\t\t\t\t\t\t<i class=\"fas fa-map-marker-alt\"><\/i><!--span class=\"dashicons dashicons-location\" style=\"font-size:20px\"><\/span-->\n\t\t\t\t\t\t\t<span>ES<\/span>\n\t\t\t\t\t\t<\/div>\t\n\t\t\t\t\t<\/div>\n\t\t\t\t<\/div>\n\t\t\t<\/div><div class=\"texto_opinion\"><\/span><\/p>\n<p>Desde que decid\u00ed contratar el seguro de salud Plus Ultra he encontrado la tranquilidad en mi vida y para la de mi familia.<\/p>\n<p><span style=\"color: #000000;\"><\/div><\/div> <\/span><span style=\"color: #000000;\"><div class=\"opinion \"  >\n\t\t\t<div class=\"cabecera_opinion\">\n\t\t\t\t<div class=\"avatar\">B B <\/div>\n\t\t\t\t<div class=\"datos_opinion\">\n\t\t\t\t\t<div class=\"nombre_opinion\">Beatriz Barros<\/div>\n\t\t\t\t\t<div class=\"info_opinion\">\t\t\t\t\t\t\n\t\t\t\t\t\t<div class=\"cuenta_opinion\"><i class=\"fas fa-pencil-alt\"><\/i><!--span class=\"dashicons dashicons-edit\" style=\"font-size:20px\"><\/span--><span>1 Opini\u00f3n<\/span><\/div>\t\t\t\t\t\t\n\t\t\t\t\t\t<div class=\"localizacion_opinion\">\n\t\t\t\t\t\t\t<i class=\"fas fa-map-marker-alt\"><\/i><!--span class=\"dashicons dashicons-location\" style=\"font-size:20px\"><\/span-->\n\t\t\t\t\t\t\t<span>ES<\/span>\n\t\t\t\t\t\t<\/div>\t\n\t\t\t\t\t<\/div>\n\t\t\t\t<\/div>\n\t\t\t<\/div><div class=\"texto_opinion\"><\/span><\/p>\n<p>La mejor aseguradora que he encontrado y un trato exquisito.<\/p>\n<p><span style=\"color: #000000;\"><\/div><\/div> <\/span><span style=\"color: #000000;\"><div class=\"opinion \"  >\n\t\t\t<div class=\"cabecera_opinion\">\n\t\t\t\t<div class=\"avatar\">A M <\/div>\n\t\t\t\t<div class=\"datos_opinion\">\n\t\t\t\t\t<div class=\"nombre_opinion\">Adan Monta\u00f1o<\/div>\n\t\t\t\t\t<div class=\"info_opinion\">\t\t\t\t\t\t\n\t\t\t\t\t\t<div class=\"cuenta_opinion\"><i class=\"fas fa-pencil-alt\"><\/i><!--span class=\"dashicons dashicons-edit\" style=\"font-size:20px\"><\/span--><span>1 Opini\u00f3n<\/span><\/div>\t\t\t\t\t\t\n\t\t\t\t\t\t<div class=\"localizacion_opinion\">\n\t\t\t\t\t\t\t<i class=\"fas fa-map-marker-alt\"><\/i><!--span class=\"dashicons dashicons-location\" style=\"font-size:20px\"><\/span-->\n\t\t\t\t\t\t\t<span>ES<\/span>\n\t\t\t\t\t\t<\/div>\t\n\t\t\t\t\t<\/div>\n\t\t\t\t<\/div>\n\t\t\t<\/div><div class=\"texto_opinion\"><\/span><\/p>\n<p>Tras hacer una comparaci\u00f3n en MisterSalud, encontr\u00e9 esta compa\u00f1\u00eda porque era la que ten\u00eda mejor precio y no me ha defraudado respecto a los servicios.<\/p>\n<p><span style=\"color: #000000;\"><\/div><\/div> <\/span><span style=\"color: #000000;\"><div class=\"opinion \"  >\n\t\t\t<div class=\"cabecera_opinion\">\n\t\t\t\t<div class=\"avatar\">M A <\/div>\n\t\t\t\t<div class=\"datos_opinion\">\n\t\t\t\t\t<div class=\"nombre_opinion\">Mihai Angulo<\/div>\n\t\t\t\t\t<div class=\"info_opinion\">\t\t\t\t\t\t\n\t\t\t\t\t\t<div class=\"cuenta_opinion\"><i class=\"fas fa-pencil-alt\"><\/i><!--span class=\"dashicons dashicons-edit\" style=\"font-size:20px\"><\/span--><span>1 Opini\u00f3n<\/span><\/div>\t\t\t\t\t\t\n\t\t\t\t\t\t<div class=\"localizacion_opinion\">\n\t\t\t\t\t\t\t<i class=\"fas fa-map-marker-alt\"><\/i><!--span class=\"dashicons dashicons-location\" style=\"font-size:20px\"><\/span-->\n\t\t\t\t\t\t\t<span>ES<\/span>\n\t\t\t\t\t\t<\/div>\t\n\t\t\t\t\t<\/div>\n\t\t\t\t<\/div>\n\t\t\t<\/div><div class=\"texto_opinion\"><\/span><\/p>\n<p>Estoy muy contento con mi seguro y con el precio, en general con todo.<\/p>\n<p><span style=\"color: #000000;\"><\/div><\/div> <\/span><span style=\"color: #000000;\"><div class=\"opinion \"  >\n\t\t\t<div class=\"cabecera_opinion\">\n\t\t\t\t<div class=\"avatar\">A C <\/div>\n\t\t\t\t<div class=\"datos_opinion\">\n\t\t\t\t\t<div class=\"nombre_opinion\">Andr\u00e9s Carretero<\/div>\n\t\t\t\t\t<div class=\"info_opinion\">\t\t\t\t\t\t\n\t\t\t\t\t\t<div class=\"cuenta_opinion\"><i class=\"fas fa-pencil-alt\"><\/i><!--span class=\"dashicons dashicons-edit\" style=\"font-size:20px\"><\/span--><span>1 Opini\u00f3n<\/span><\/div>\t\t\t\t\t\t\n\t\t\t\t\t\t<div class=\"localizacion_opinion\">\n\t\t\t\t\t\t\t<i class=\"fas fa-map-marker-alt\"><\/i><!--span class=\"dashicons dashicons-location\" style=\"font-size:20px\"><\/span-->\n\t\t\t\t\t\t\t<span>ES<\/span>\n\t\t\t\t\t\t<\/div>\t\n\t\t\t\t\t<\/div>\n\t\t\t\t<\/div>\n\t\t\t<\/div><div class=\"texto_opinion\"><\/span><\/p>\n<p>Todo lo que hay de informaci\u00f3n es verdad y con unos profesionales a la altura de cualquier complicaci\u00f3n.<\/p>\n<p><span style=\"color: #000000;\"><\/div><\/div> <\/div><\/div><\/div><\/div><\/span><\/p>\n<h2>Valoraci\u00f3n del Seguro m\u00e9dico Preventiva<\/h2>\n<p>El seguro m\u00e9dico de Preventiva est\u00e1 evolucionando de forma exponencial, se observa perfectamente en el aumento de personas y familias que conf\u00edan en esta entidad para cuidar de su salud para toda la vida. El crecimiento del n\u00famero de asegurados no solo est\u00e1 relacionado con la informaci\u00f3n que se muestra en los diferentes sitios, sino que los profesionales y especialistas son un pilar fundamental para llevar a el seguro de salud de Preventiva a lo m\u00e1s alto. Los principales profesionales est\u00e1n altamente cualificados en la mayor\u00eda de los casos, adem\u00e1s los especialistas se involucran de lleno con todas los clientes. Por otro lado, el trato que reciben los clientes es excelente y los a\u00f1os de experiencia avalan la profesionalidad con respecto a el seguro de salud. Todos los servicios que est\u00e1n a disposici\u00f3n de sus asegurados son los mejores que podr\u00e1s encontrar, tanto el seguimiento personal para cuidar tu salud como la asistencia sanitaria con hospitalizaci\u00f3n. En definitiva, Preventiva es una entidad aseguradora que est\u00e1 innovando y con el paso de los a\u00f1os est\u00e1 m\u00e1s involucrado con las preocupaciones de sus clientes.<\/p>\n<p><span style=\"color: #000000;\"><div class=\"colorf \"  ><div class=\"container clearfix\"><div class=\"col-md-7\"><\/span><\/p>\n<h2>Opiniones seguro m\u00e9dico sin copago Preventiva<\/h2>\n<p>La forma de pago es una de las grandes dudas que tienen todas aquella personas que quieren contratar el seguro m\u00e9dico Preventiva. El pago tiene dos modalidades, en primero se puede realizar con copago o, tambi\u00e9n, se puede abonar sin copago. Preventiva te da posibilidades para pagar de una forma m\u00e1s c\u00f3moda y la mayor parte de los clientes se muestran favorable por la forma sin copago. Aunque sea una forma diferente es la m\u00e1s recomendable y la que m\u00e1s facilidades aporta a los asegurados para realizar el pago.<\/p>\n<p><\/div><\/div><\/div><\/p>\n<h2>Opiniones seguro m\u00e9dico sin carencia Preventiva<\/h2>\n<p>Preventiva ofrece cualquier tipo de servicio o cobertura sin cobertura, es decir, desde que contratas el seguro tienes disponibles todos las p\u00f3lizas con sus respectivos servicios. Esta compa\u00f1\u00eda no esconde nada y en la prestaci\u00f3n de su asistencia sanitaria se observa perfectamente como no quiere desfavorecer a ninguna persona que se d\u00e9 de alta en su seguro m\u00e9dico. Otra de las opiniones m\u00e1s destacadas que tienen sus clientes es la rapidez con la que pueden utilizar sus servicios, sobre todo el de la asistencia sanitaria las 24 horas y el servicio hospitalario. Por lo tanto, es una de las aseguradoras donde encontrar\u00e1s la mejor relaci\u00f3n precio-calidad, porque las opiniones de sus clientes avalan la gran calidad que tiene Preventiva y el precio que tiene es de las mejores que vas a encontrar en el mercado.<\/p>\n<p><span style=\"color: #000000;\"><div class=\"colorf \"  ><div class=\"container clearfix\"><div class=\"col-md-7\"><\/span><\/p>\n<h2><b>Conclusi\u00f3n sobre las opiniones del seguro m\u00e9dico Preventiva<\/b><\/h2>\n<p>En conclusi\u00f3n, Preventiva es una de las mejores alternativas para contratar el seguro de salud, ya bien por su prestaci\u00f3n de servicios y coberturas como por su precio en todo los tipos de coberturas que entran dentro de este seguro. Observando las otras entidades aseguradoras, es una de las m\u00e1s destacadas para realizar tu seguro m\u00e9dico con el mejor trato y con una excelente prestaci\u00f3n de servicios. Por lo tanto, si tienes pensado contratar un seguro m\u00e9dico con una excelente calidad y con un precio asequible para tu bolsillo, esta es tu compa\u00f1\u00eda.<\/p>\n<p><\/div><\/div><\/div><\/p>\n<p><!-- No shortcodes are defined -->\u00a0<!-- No shortcodes are defined --><\/p>\n","protected":false},"excerpt":{"rendered":"<p>El seguro de salud correspondiente a la entidad Preventiva dispone de los mejores servicios sanitarios que necesites en los peores momentos de tu salud. Desde el primer minuto, el cliente est\u00e1 satisfecho y tranquilo sabiendo que est\u00e1 en las mejores manos para controlar su salud en todo momento. Preventiva ofrece una amplia variedad de coberturas&hellip; <\/p>\n","protected":false},"author":4,"featured_media":0,"parent":261,"menu_order":0,"comment_status":"closed","ping_status":"closed","template":"single.php","meta":{"footnotes":""},"class_list":["post-387","page","type-page","status-publish","hentry"],"yoast_head":"<!-- This site is optimized with the Yoast SEO plugin v27.5 - https:\/\/yoast.com\/product\/yoast-seo-wordpress\/ -->\n<title>Opiniones Seguro M\u00e9dico Preventiva - misterSalud<\/title>\n<meta name=\"robots\" content=\"index, follow, max-snippet:-1, max-image-preview:large, max-video-preview:-1\" \/>\n<link rel=\"canonical\" href=\"https:\/\/mistersalud.com\/seguros\/companias\/preventiva\/opiniones\/\" \/>\n<meta property=\"og:locale\" content=\"es_ES\" \/>\n<meta property=\"og:type\" content=\"article\" \/>\n<meta property=\"og:title\" content=\"Opiniones Seguro M\u00e9dico Preventiva - misterSalud\" \/>\n<meta property=\"og:description\" content=\"El seguro de salud correspondiente a la entidad Preventiva dispone de los mejores servicios sanitarios que necesites en los peores momentos de tu salud. Desde el primer minuto, el cliente est\u00e1 satisfecho y tranquilo sabiendo que est\u00e1 en las mejores manos para controlar su salud en todo momento. Preventiva ofrece una amplia variedad de coberturas&hellip;\" \/>\n<meta property=\"og:url\" content=\"https:\/\/mistersalud.com\/seguros\/companias\/preventiva\/opiniones\/\" \/>\n<meta property=\"og:site_name\" content=\"misterSalud\" \/>\n<meta name=\"twitter:card\" content=\"summary_large_image\" \/>\n<meta name=\"twitter:label1\" content=\"Tiempo de lectura\" \/>\n\t<meta name=\"twitter:data1\" content=\"5 minutos\" \/>\n<script type=\"application\/ld+json\" class=\"yoast-schema-graph\">{\"@context\":\"https:\\\/\\\/schema.org\",\"@graph\":[{\"@type\":\"WebPage\",\"@id\":\"https:\\\/\\\/mistersalud.com\\\/seguros\\\/companias\\\/preventiva\\\/opiniones\\\/\",\"url\":\"https:\\\/\\\/mistersalud.com\\\/seguros\\\/companias\\\/preventiva\\\/opiniones\\\/\",\"name\":\"Opiniones Seguro M\u00e9dico Preventiva - misterSalud\",\"isPartOf\":{\"@id\":\"https:\\\/\\\/mistersalud.com\\\/seguros\\\/#website\"},\"datePublished\":\"2022-07-20T09:09:36+00:00\",\"breadcrumb\":{\"@id\":\"https:\\\/\\\/mistersalud.com\\\/seguros\\\/companias\\\/preventiva\\\/opiniones\\\/#breadcrumb\"},\"inLanguage\":\"es\",\"potentialAction\":[{\"@type\":\"ReadAction\",\"target\":[\"https:\\\/\\\/mistersalud.com\\\/seguros\\\/companias\\\/preventiva\\\/opiniones\\\/\"]}]},{\"@type\":\"BreadcrumbList\",\"@id\":\"https:\\\/\\\/mistersalud.com\\\/seguros\\\/companias\\\/preventiva\\\/opiniones\\\/#breadcrumb\",\"itemListElement\":[{\"@type\":\"ListItem\",\"position\":1,\"name\":\"Portada\",\"item\":\"https:\\\/\\\/mistersalud.com\\\/seguros\\\/\"},{\"@type\":\"ListItem\",\"position\":2,\"name\":\"Compa\u00f1\u00edas de Seguros de Salud en Espa\u00f1a\",\"item\":\"https:\\\/\\\/mistersalud.com\\\/seguros\\\/companias\\\/\"},{\"@type\":\"ListItem\",\"position\":3,\"name\":\"Seguro M\u00e9dico Preventiva\",\"item\":\"https:\\\/\\\/mistersalud.com\\\/seguros\\\/companias\\\/preventiva\\\/\"},{\"@type\":\"ListItem\",\"position\":4,\"name\":\"Opiniones Seguro M\u00e9dico Preventiva\"}]},{\"@type\":\"WebSite\",\"@id\":\"https:\\\/\\\/mistersalud.com\\\/seguros\\\/#website\",\"url\":\"https:\\\/\\\/mistersalud.com\\\/seguros\\\/\",\"name\":\"misterSalud\",\"description\":\"\",\"publisher\":{\"@id\":\"https:\\\/\\\/mistersalud.com\\\/seguros\\\/#organization\"},\"potentialAction\":[{\"@type\":\"SearchAction\",\"target\":{\"@type\":\"EntryPoint\",\"urlTemplate\":\"https:\\\/\\\/mistersalud.com\\\/seguros\\\/?s={search_term_string}\"},\"query-input\":{\"@type\":\"PropertyValueSpecification\",\"valueRequired\":true,\"valueName\":\"search_term_string\"}}],\"inLanguage\":\"es\"},{\"@type\":\"Organization\",\"@id\":\"https:\\\/\\\/mistersalud.com\\\/seguros\\\/#organization\",\"name\":\"misterSalud\",\"url\":\"https:\\\/\\\/mistersalud.com\\\/seguros\\\/\",\"logo\":{\"@type\":\"ImageObject\",\"inLanguage\":\"es\",\"@id\":\"https:\\\/\\\/mistersalud.com\\\/seguros\\\/#\\\/schema\\\/logo\\\/image\\\/\",\"url\":\"https:\\\/\\\/mistersalud.com\\\/seguros\\\/wp-content\\\/uploads\\\/2022\\\/05\\\/logo-mistersalud.png\",\"contentUrl\":\"https:\\\/\\\/mistersalud.com\\\/seguros\\\/wp-content\\\/uploads\\\/2022\\\/05\\\/logo-mistersalud.png\",\"width\":178,\"height\":89,\"caption\":\"misterSalud\"},\"image\":{\"@id\":\"https:\\\/\\\/mistersalud.com\\\/seguros\\\/#\\\/schema\\\/logo\\\/image\\\/\"}}]}<\/script>\n<!-- \/ Yoast SEO plugin. -->","yoast_head_json":{"title":"Opiniones Seguro M\u00e9dico Preventiva - misterSalud","robots":{"index":"index","follow":"follow","max-snippet":"max-snippet:-1","max-image-preview":"max-image-preview:large","max-video-preview":"max-video-preview:-1"},"canonical":"https:\/\/mistersalud.com\/seguros\/companias\/preventiva\/opiniones\/","og_locale":"es_ES","og_type":"article","og_title":"Opiniones Seguro M\u00e9dico Preventiva - misterSalud","og_description":"El seguro de salud correspondiente a la entidad Preventiva dispone de los mejores servicios sanitarios que necesites en los peores momentos de tu salud. Desde el primer minuto, el cliente est\u00e1 satisfecho y tranquilo sabiendo que est\u00e1 en las mejores manos para controlar su salud en todo momento. Preventiva ofrece una amplia variedad de coberturas&hellip;","og_url":"https:\/\/mistersalud.com\/seguros\/companias\/preventiva\/opiniones\/","og_site_name":"misterSalud","twitter_card":"summary_large_image","twitter_misc":{"Tiempo de lectura":"5 minutos"},"schema":{"@context":"https:\/\/schema.org","@graph":[{"@type":"WebPage","@id":"https:\/\/mistersalud.com\/seguros\/companias\/preventiva\/opiniones\/","url":"https:\/\/mistersalud.com\/seguros\/companias\/preventiva\/opiniones\/","name":"Opiniones Seguro M\u00e9dico Preventiva - misterSalud","isPartOf":{"@id":"https:\/\/mistersalud.com\/seguros\/#website"},"datePublished":"2022-07-20T09:09:36+00:00","breadcrumb":{"@id":"https:\/\/mistersalud.com\/seguros\/companias\/preventiva\/opiniones\/#breadcrumb"},"inLanguage":"es","potentialAction":[{"@type":"ReadAction","target":["https:\/\/mistersalud.com\/seguros\/companias\/preventiva\/opiniones\/"]}]},{"@type":"BreadcrumbList","@id":"https:\/\/mistersalud.com\/seguros\/companias\/preventiva\/opiniones\/#breadcrumb","itemListElement":[{"@type":"ListItem","position":1,"name":"Portada","item":"https:\/\/mistersalud.com\/seguros\/"},{"@type":"ListItem","position":2,"name":"Compa\u00f1\u00edas de Seguros de Salud en Espa\u00f1a","item":"https:\/\/mistersalud.com\/seguros\/companias\/"},{"@type":"ListItem","position":3,"name":"Seguro M\u00e9dico Preventiva","item":"https:\/\/mistersalud.com\/seguros\/companias\/preventiva\/"},{"@type":"ListItem","position":4,"name":"Opiniones Seguro M\u00e9dico Preventiva"}]},{"@type":"WebSite","@id":"https:\/\/mistersalud.com\/seguros\/#website","url":"https:\/\/mistersalud.com\/seguros\/","name":"misterSalud","description":"","publisher":{"@id":"https:\/\/mistersalud.com\/seguros\/#organization"},"potentialAction":[{"@type":"SearchAction","target":{"@type":"EntryPoint","urlTemplate":"https:\/\/mistersalud.com\/seguros\/?s={search_term_string}"},"query-input":{"@type":"PropertyValueSpecification","valueRequired":true,"valueName":"search_term_string"}}],"inLanguage":"es"},{"@type":"Organization","@id":"https:\/\/mistersalud.com\/seguros\/#organization","name":"misterSalud","url":"https:\/\/mistersalud.com\/seguros\/","logo":{"@type":"ImageObject","inLanguage":"es","@id":"https:\/\/mistersalud.com\/seguros\/#\/schema\/logo\/image\/","url":"https:\/\/mistersalud.com\/seguros\/wp-content\/uploads\/2022\/05\/logo-mistersalud.png","contentUrl":"https:\/\/mistersalud.com\/seguros\/wp-content\/uploads\/2022\/05\/logo-mistersalud.png","width":178,"height":89,"caption":"misterSalud"},"image":{"@id":"https:\/\/mistersalud.com\/seguros\/#\/schema\/logo\/image\/"}}]}},"_links":{"self":[{"href":"https:\/\/mistersalud.com\/seguros\/wp-json\/wp\/v2\/pages\/387","targetHints":{"allow":["GET"]}}],"collection":[{"href":"https:\/\/mistersalud.com\/seguros\/wp-json\/wp\/v2\/pages"}],"about":[{"href":"https:\/\/mistersalud.com\/seguros\/wp-json\/wp\/v2\/types\/page"}],"author":[{"embeddable":true,"href":"https:\/\/mistersalud.com\/seguros\/wp-json\/wp\/v2\/users\/4"}],"replies":[{"embeddable":true,"href":"https:\/\/mistersalud.com\/seguros\/wp-json\/wp\/v2\/comments?post=387"}],"version-history":[{"count":2,"href":"https:\/\/mistersalud.com\/seguros\/wp-json\/wp\/v2\/pages\/387\/revisions"}],"predecessor-version":[{"id":389,"href":"https:\/\/mistersalud.com\/seguros\/wp-json\/wp\/v2\/pages\/387\/revisions\/389"}],"up":[{"embeddable":true,"href":"https:\/\/mistersalud.com\/seguros\/wp-json\/wp\/v2\/pages\/261"}],"wp:attachment":[{"href":"https:\/\/mistersalud.com\/seguros\/wp-json\/wp\/v2\/media?parent=387"}],"curies":[{"name":"wp","href":"https:\/\/api.w.org\/{rel}","templated":true}]}}