{"id":379,"date":"2022-07-19T09:19:52","date_gmt":"2022-07-19T09:19:52","guid":{"rendered":"https:\/\/mistersalud.com\/seguros\/?page_id=379"},"modified":"2022-07-19T09:19:52","modified_gmt":"2022-07-19T09:19:52","slug":"opiniones","status":"publish","type":"page","link":"https:\/\/mistersalud.com\/seguros\/companias\/ges\/opiniones\/","title":{"rendered":"Opiniones Seguro M\u00e9dico Ges"},"content":{"rendered":"\n<p><span style=\"font-weight: 400;\">El seguro de salud correspondiente a la entidad Ges dispone de los mejores servicios sanitarios que necesites en los peores momentos de tu salud. Desde el primer minuto, el cliente est\u00e1 satisfecho y tranquilo sabiendo que est\u00e1 en las mejores manos para controlar su salud en todo momento. Ges ofrece una amplia variedad de coberturas con una gran cantidad de servicios, contando con los mejores profesionales y especialistas que se pueden encontrar para cuidar de sus clientes. Todo la informaci\u00f3n que muestra esta aseguradora en su p\u00e1gina web o en los diferentes folletos son totalmente cierto, encuentras una entidad involucrada con todos sus clientes y, sobre todo, con las familias que le ofrece un seguro m\u00e9dico con asistencia 24 horas todos los d\u00edas del a\u00f1o. En definitiva, con el seguro m\u00e9dico de Ges encontrar\u00e1s la mayor tranquilidad para tu salud y para tu familia, comenzar\u00e1s a vivir las peque\u00f1as cosas de la vida y disfrutar de todo lo que te rodea de una manera diferente.<\/span><\/p>\n<p><span style=\"color: #000000;\"><div class=\"colorf\"><div class=\"container clearfix\"><div class=\"col-md-7\"><div class=\"opiniones\"><\/span><\/p>\n<h2>Opiniones de clientes del seguro m\u00e9dico de Ges<\/h2>\n<p><span style=\"color: #000000;\"><div class=\"opinion \"  >\n\t\t\t<div class=\"cabecera_opinion\">\n\t\t\t\t<div class=\"avatar\">B R <\/div>\n\t\t\t\t<div class=\"datos_opinion\">\n\t\t\t\t\t<div class=\"nombre_opinion\">Belinda Rios<\/div>\n\t\t\t\t\t<div class=\"info_opinion\">\t\t\t\t\t\t\n\t\t\t\t\t\t<div class=\"cuenta_opinion\"><i class=\"fas fa-pencil-alt\"><\/i><!--span class=\"dashicons dashicons-edit\" style=\"font-size:20px\"><\/span--><span>1 Opini\u00f3n<\/span><\/div>\t\t\t\t\t\t\n\t\t\t\t\t\t<div class=\"localizacion_opinion\">\n\t\t\t\t\t\t\t<i class=\"fas fa-map-marker-alt\"><\/i><!--span class=\"dashicons dashicons-location\" style=\"font-size:20px\"><\/span-->\n\t\t\t\t\t\t\t<span>ES<\/span>\n\t\t\t\t\t\t<\/div>\t\n\t\t\t\t\t<\/div>\n\t\t\t\t<\/div>\n\t\t\t<\/div><div class=\"texto_opinion\"><\/span><\/p>\n<p><span style=\"font-weight: 400;\">En mi familia hemos pasado muchas dificultades con algunas enfermedades, pero desde que contratamos el seguro de Ges, hemos encontrado la soluci\u00f3n a nuestros problemas gracias a los profesionales y especialistas.<\/span><\/p>\n<p><span style=\"color: #000000;\"><\/div><\/div> <\/span><span style=\"color: #000000;\"><div class=\"opinion \"  >\n\t\t\t<div class=\"cabecera_opinion\">\n\t\t\t\t<div class=\"avatar\">C B <\/div>\n\t\t\t\t<div class=\"datos_opinion\">\n\t\t\t\t\t<div class=\"nombre_opinion\">Cristobal Boix<\/div>\n\t\t\t\t\t<div class=\"info_opinion\">\t\t\t\t\t\t\n\t\t\t\t\t\t<div class=\"cuenta_opinion\"><i class=\"fas fa-pencil-alt\"><\/i><!--span class=\"dashicons dashicons-edit\" style=\"font-size:20px\"><\/span--><span>1 Opini\u00f3n<\/span><\/div>\t\t\t\t\t\t\n\t\t\t\t\t\t<div class=\"localizacion_opinion\">\n\t\t\t\t\t\t\t<i class=\"fas fa-map-marker-alt\"><\/i><!--span class=\"dashicons dashicons-location\" style=\"font-size:20px\"><\/span-->\n\t\t\t\t\t\t\t<span>ES<\/span>\n\t\t\t\t\t\t<\/div>\t\n\t\t\t\t\t<\/div>\n\t\t\t\t<\/div>\n\t\t\t<\/div><div class=\"texto_opinion\"><\/span><\/p>\n<p><span style=\"font-weight: 400;\">El mejor seguro m\u00e9dico que he encontrado, todos los servicios son estupendos.<\/span><\/p>\n<p><span style=\"color: #000000;\"><\/div><\/div> <\/span><span style=\"color: #000000;\"><div class=\"opinion \"  >\n\t\t\t<div class=\"cabecera_opinion\">\n\t\t\t\t<div class=\"avatar\">S C <\/div>\n\t\t\t\t<div class=\"datos_opinion\">\n\t\t\t\t\t<div class=\"nombre_opinion\">Saray Cantero<\/div>\n\t\t\t\t\t<div class=\"info_opinion\">\t\t\t\t\t\t\n\t\t\t\t\t\t<div class=\"cuenta_opinion\"><i class=\"fas fa-pencil-alt\"><\/i><!--span class=\"dashicons dashicons-edit\" style=\"font-size:20px\"><\/span--><span>1 Opini\u00f3n<\/span><\/div>\t\t\t\t\t\t\n\t\t\t\t\t\t<div class=\"localizacion_opinion\">\n\t\t\t\t\t\t\t<i class=\"fas fa-map-marker-alt\"><\/i><!--span class=\"dashicons dashicons-location\" style=\"font-size:20px\"><\/span-->\n\t\t\t\t\t\t\t<span>ES<\/span>\n\t\t\t\t\t\t<\/div>\t\n\t\t\t\t\t<\/div>\n\t\t\t\t<\/div>\n\t\t\t<\/div><div class=\"texto_opinion\"><\/span><\/p>\n<p><span style=\"font-weight: 400;\">Siempre he querido tener un seguro de salud para tener una mayor tranquilidad en mi d\u00eda a d\u00eda.<\/span><\/p>\n<p><span style=\"color: #000000;\"><\/div><\/div> <\/span><span style=\"color: #000000;\"><div class=\"opinion \"  >\n\t\t\t<div class=\"cabecera_opinion\">\n\t\t\t\t<div class=\"avatar\">A V <\/div>\n\t\t\t\t<div class=\"datos_opinion\">\n\t\t\t\t\t<div class=\"nombre_opinion\">Antoni Vega<\/div>\n\t\t\t\t\t<div class=\"info_opinion\">\t\t\t\t\t\t\n\t\t\t\t\t\t<div class=\"cuenta_opinion\"><i class=\"fas fa-pencil-alt\"><\/i><!--span class=\"dashicons dashicons-edit\" style=\"font-size:20px\"><\/span--><span>1 Opini\u00f3n<\/span><\/div>\t\t\t\t\t\t\n\t\t\t\t\t\t<div class=\"localizacion_opinion\">\n\t\t\t\t\t\t\t<i class=\"fas fa-map-marker-alt\"><\/i><!--span class=\"dashicons dashicons-location\" style=\"font-size:20px\"><\/span-->\n\t\t\t\t\t\t\t<span>ES<\/span>\n\t\t\t\t\t\t<\/div>\t\n\t\t\t\t\t<\/div>\n\t\t\t\t<\/div>\n\t\t\t<\/div><div class=\"texto_opinion\"><\/span><\/p>\n<p><span style=\"font-weight: 400;\">No pensaba que iba a defraudar, pero algunos servicios no entran dentro de la p\u00f3liza y no te lo cubre el seguro. Decepci\u00f3n.<\/span><\/p>\n<p><span style=\"color: #000000;\"><\/div><\/div> <\/span><span style=\"color: #000000;\"><div class=\"opinion \"  >\n\t\t\t<div class=\"cabecera_opinion\">\n\t\t\t\t<div class=\"avatar\">R P <\/div>\n\t\t\t\t<div class=\"datos_opinion\">\n\t\t\t\t\t<div class=\"nombre_opinion\">Roman Poveda<\/div>\n\t\t\t\t\t<div class=\"info_opinion\">\t\t\t\t\t\t\n\t\t\t\t\t\t<div class=\"cuenta_opinion\"><i class=\"fas fa-pencil-alt\"><\/i><!--span class=\"dashicons dashicons-edit\" style=\"font-size:20px\"><\/span--><span>1 Opini\u00f3n<\/span><\/div>\t\t\t\t\t\t\n\t\t\t\t\t\t<div class=\"localizacion_opinion\">\n\t\t\t\t\t\t\t<i class=\"fas fa-map-marker-alt\"><\/i><!--span class=\"dashicons dashicons-location\" style=\"font-size:20px\"><\/span-->\n\t\t\t\t\t\t\t<span>ES<\/span>\n\t\t\t\t\t\t<\/div>\t\n\t\t\t\t\t<\/div>\n\t\t\t\t<\/div>\n\t\t\t<\/div><div class=\"texto_opinion\"><\/span><\/p>\n<p><span style=\"font-weight: 400;\">La relaci\u00f3n calidad-precio es inmejorable. No solo por la comodidad del pago sino por la enorme calidad que hay en los servicios sanitarios.<\/span><\/p>\n<p><span style=\"color: #000000;\"><\/div><\/div> <\/span><span style=\"color: #000000;\"><div class=\"opinion \"  >\n\t\t\t<div class=\"cabecera_opinion\">\n\t\t\t\t<div class=\"avatar\">I F <\/div>\n\t\t\t\t<div class=\"datos_opinion\">\n\t\t\t\t\t<div class=\"nombre_opinion\">Isaias Frias<\/div>\n\t\t\t\t\t<div class=\"info_opinion\">\t\t\t\t\t\t\n\t\t\t\t\t\t<div class=\"cuenta_opinion\"><i class=\"fas fa-pencil-alt\"><\/i><!--span class=\"dashicons dashicons-edit\" style=\"font-size:20px\"><\/span--><span>1 Opini\u00f3n<\/span><\/div>\t\t\t\t\t\t\n\t\t\t\t\t\t<div class=\"localizacion_opinion\">\n\t\t\t\t\t\t\t<i class=\"fas fa-map-marker-alt\"><\/i><!--span class=\"dashicons dashicons-location\" style=\"font-size:20px\"><\/span-->\n\t\t\t\t\t\t\t<span>ES<\/span>\n\t\t\t\t\t\t<\/div>\t\n\t\t\t\t\t<\/div>\n\t\t\t\t<\/div>\n\t\t\t<\/div><div class=\"texto_opinion\"><\/span><\/p>\n<p><span style=\"font-weight: 400;\">No estoy acostumbrada que alguien que no me conozco me trate tan bien, son unos profesionales en todos los aspectos.\u00a0<\/span><\/p>\n<p><span style=\"color: #000000;\"><\/div><\/div> <\/span><span style=\"color: #000000;\"><div class=\"opinion \"  >\n\t\t\t<div class=\"cabecera_opinion\">\n\t\t\t\t<div class=\"avatar\">E M <\/div>\n\t\t\t\t<div class=\"datos_opinion\">\n\t\t\t\t\t<div class=\"nombre_opinion\">Elisenda Mellado<\/div>\n\t\t\t\t\t<div class=\"info_opinion\">\t\t\t\t\t\t\n\t\t\t\t\t\t<div class=\"cuenta_opinion\"><i class=\"fas fa-pencil-alt\"><\/i><!--span class=\"dashicons dashicons-edit\" style=\"font-size:20px\"><\/span--><span>1 Opini\u00f3n<\/span><\/div>\t\t\t\t\t\t\n\t\t\t\t\t\t<div class=\"localizacion_opinion\">\n\t\t\t\t\t\t\t<i class=\"fas fa-map-marker-alt\"><\/i><!--span class=\"dashicons dashicons-location\" style=\"font-size:20px\"><\/span-->\n\t\t\t\t\t\t\t<span>ES<\/span>\n\t\t\t\t\t\t<\/div>\t\n\t\t\t\t\t<\/div>\n\t\t\t\t<\/div>\n\t\t\t<\/div><div class=\"texto_opinion\"><\/span><\/p>\n<p><span style=\"font-weight: 400;\">Me ha defraudado, pensaba que era un seguro m\u00e9dico excelente. Pero con el paso del tiempo no se preocupan por ti y no te atienden de la misma manera.<\/span><\/p>\n<p><span style=\"color: #000000;\"><\/div><\/div> <\/span><span style=\"color: #000000;\"><div class=\"opinion \"  >\n\t\t\t<div class=\"cabecera_opinion\">\n\t\t\t\t<div class=\"avatar\">N P <\/div>\n\t\t\t\t<div class=\"datos_opinion\">\n\t\t\t\t\t<div class=\"nombre_opinion\">Nora Pellicer<\/div>\n\t\t\t\t\t<div class=\"info_opinion\">\t\t\t\t\t\t\n\t\t\t\t\t\t<div class=\"cuenta_opinion\"><i class=\"fas fa-pencil-alt\"><\/i><!--span class=\"dashicons dashicons-edit\" style=\"font-size:20px\"><\/span--><span>1 Opini\u00f3n<\/span><\/div>\t\t\t\t\t\t\n\t\t\t\t\t\t<div class=\"localizacion_opinion\">\n\t\t\t\t\t\t\t<i class=\"fas fa-map-marker-alt\"><\/i><!--span class=\"dashicons dashicons-location\" style=\"font-size:20px\"><\/span-->\n\t\t\t\t\t\t\t<span>ES<\/span>\n\t\t\t\t\t\t<\/div>\t\n\t\t\t\t\t<\/div>\n\t\t\t\t<\/div>\n\t\t\t<\/div><div class=\"texto_opinion\"><\/span><\/p>\n<p>Tras hacer una comparaci\u00f3n en MisterSalud, encontr\u00e9 esta compa\u00f1\u00eda porque era la que ten\u00eda mejor precio y no me ha defraudado respecto a los servicios.<\/p>\n<p><span style=\"color: #000000;\"><\/div><\/div> <\/span><span style=\"color: #000000;\"><div class=\"opinion \"  >\n\t\t\t<div class=\"cabecera_opinion\">\n\t\t\t\t<div class=\"avatar\">J R <\/div>\n\t\t\t\t<div class=\"datos_opinion\">\n\t\t\t\t\t<div class=\"nombre_opinion\">Jos\u00e9 Revilla<\/div>\n\t\t\t\t\t<div class=\"info_opinion\">\t\t\t\t\t\t\n\t\t\t\t\t\t<div class=\"cuenta_opinion\"><i class=\"fas fa-pencil-alt\"><\/i><!--span class=\"dashicons dashicons-edit\" style=\"font-size:20px\"><\/span--><span>1 Opini\u00f3n<\/span><\/div>\t\t\t\t\t\t\n\t\t\t\t\t\t<div class=\"localizacion_opinion\">\n\t\t\t\t\t\t\t<i class=\"fas fa-map-marker-alt\"><\/i><!--span class=\"dashicons dashicons-location\" style=\"font-size:20px\"><\/span-->\n\t\t\t\t\t\t\t<span>ES<\/span>\n\t\t\t\t\t\t<\/div>\t\n\t\t\t\t\t<\/div>\n\t\t\t\t<\/div>\n\t\t\t<\/div><div class=\"texto_opinion\"><\/span><\/p>\n<p><span style=\"font-weight: 400;\">Este seguro m\u00e9dico es excelente y, sobre todo, para mi familia ha sido un regalo poder contar con una compa\u00f1\u00eda inmejorable.<\/span><\/p>\n<p><span style=\"color: #000000;\"><\/div><\/div> <\/span><span style=\"color: #000000;\"><div class=\"opinion \"  >\n\t\t\t<div class=\"cabecera_opinion\">\n\t\t\t\t<div class=\"avatar\">T M <\/div>\n\t\t\t\t<div class=\"datos_opinion\">\n\t\t\t\t\t<div class=\"nombre_opinion\">Tania Merino<\/div>\n\t\t\t\t\t<div class=\"info_opinion\">\t\t\t\t\t\t\n\t\t\t\t\t\t<div class=\"cuenta_opinion\"><i class=\"fas fa-pencil-alt\"><\/i><!--span class=\"dashicons dashicons-edit\" style=\"font-size:20px\"><\/span--><span>1 Opini\u00f3n<\/span><\/div>\t\t\t\t\t\t\n\t\t\t\t\t\t<div class=\"localizacion_opinion\">\n\t\t\t\t\t\t\t<i class=\"fas fa-map-marker-alt\"><\/i><!--span class=\"dashicons dashicons-location\" style=\"font-size:20px\"><\/span-->\n\t\t\t\t\t\t\t<span>ES<\/span>\n\t\t\t\t\t\t<\/div>\t\n\t\t\t\t\t<\/div>\n\t\t\t\t<\/div>\n\t\t\t<\/div><div class=\"texto_opinion\"><\/span><\/p>\n<p>Estoy muy contento con mi seguro y con el precio, en general con todo.<\/p>\n<p><span style=\"color: #000000;\"><\/div><\/div> <\/div><\/div><\/div><\/div><\/span><\/p>\n<h2>Valoraci\u00f3n del Seguro m\u00e9dico Ges<\/h2>\n<p><span style=\"font-weight: 400;\">La entidad aseguradora Ges ha experimentado un enorme crecimiento dentro del mercado de seguros de salud, todo ello viene influenciado por las buenas opiniones de sus clientes y por los grandes servicios que ofrecen en su seguro m\u00e9dico. El grado de satisfacci\u00f3n ha aumentado de forma considerable, se observa perfectamente en el n\u00famero de p\u00f3lizas que realiza al a\u00f1o. Adem\u00e1s, el seguro Ges ha crecido un 2,2% en sus beneficios y estructura con respecto a 2020, datos extra\u00eddos de la p\u00e1gina web de Seguros Ges. Tras ver todos estos datos positivos, se observa el aumento del n\u00famero de clientes para el seguro m\u00e9dico en los \u00faltimos meses. Aunque otra de las valoraciones positivas es el trato de sus personal a las personas y familias que conf\u00edan en esta entidad. El seguro m\u00e9dico de Ges cuenta con los mejores profesionales y especialistas, por ello los clientes muestran su grado de satisfacci\u00f3n confiando a\u00f1o tras a\u00f1o en este seguro de salud. Por lo tanto, Seguros Ges tiene una gran cantidad de valoraciones positivas y dir\u00edamos que en contra muy pocas o ninguna en relaci\u00f3n a sus coberturas.<\/span><\/p>\n<p><span style=\"color: #000000;\"><div class=\"colorf \"  ><div class=\"container clearfix\"><div class=\"col-md-7\"><\/span><\/p>\n<h2>Opiniones seguro m\u00e9dico sin copago Ges<\/h2>\n<p><span style=\"font-weight: 400;\">Uno de los apartados m\u00e1s importantes dentro de contratar un seguro m\u00e9dico es la forma de pago o las posibilidades de abonar de una manera u otra el pago del seguro m\u00e9dico. Por ello, Seguros Ges ofrece todos los servicios sin tener que aplicar el modelo de copago, por lo tanto no hay problema para obtener dicha modalidad. Las opiniones que ha recibido esta compa\u00f1\u00eda y sigue recibiendo son numerosas, la mayor\u00eda son positivas relacionadas con este apartado. Adem\u00e1s, cualquier tipo de duda que surge antes de contratar el seguro m\u00e9dico de esta compa\u00f1\u00eda, tienes siempre el servicio de teleoperadores que te solucionan de la manera m\u00e1s r\u00e1pida y sencilla todas esas dudas que aparecen.<\/span><\/p>\n<p><\/div><\/div><\/div><\/p>\n<h2>Opiniones seguro m\u00e9dico sin carencia Ges<\/h2>\n<p><span style=\"font-weight: 400;\">Ges ofrece cualquier tipo de servicio o cobertura sin cobertura, es decir, desde que contratas el seguro tienes disponibles todos las p\u00f3lizas con sus respectivos servicios. Esta compa\u00f1\u00eda no esconde nada y en la prestaci\u00f3n de su asistencia sanitaria se observa perfectamente como no quiere desfavorecer a ninguna persona que se d\u00e9 de alta en su seguro m\u00e9dico. Otra de las opiniones m\u00e1s destacadas que tienen sus clientes es la rapidez con la que pueden utilizar sus servicios, sobre todo el de la asistencia sanitaria las 24 horas y el servicio hospitalario. Por lo tanto, es una de las aseguradoras donde encontrar\u00e1s la mejor relaci\u00f3n precio-calidad, porque las opiniones de sus clientes avalan la gran calidad que tiene Ges y el precio que tiene es de las mejores que vas a encontrar en el mercado.<\/span><\/p>\n<p><span style=\"color: #000000;\"><div class=\"colorf \"  ><div class=\"container clearfix\"><div class=\"col-md-7\"><\/span><\/p>\n<h2><b>Conclusi\u00f3n sobre las opiniones del seguro m\u00e9dico Ges<\/b><\/h2>\n<p><span style=\"font-weight: 400;\">Las valoraciones recogidas de los clientes y, la estad\u00edstica que ha realizado la propia entidad llega a la conclusi\u00f3n de que estamos ante una de las mejores aseguradoras, con el seguro de salud m\u00e1s completo que se puede encontrar. Aunque la clientela ha aportado las opiniones positivas, la aseguradora Ges es m\u00e1s que una entidad, es una empresa fiel, leal, cercana\u2026 por ello la mayor\u00eda de las personas est\u00e1n encantadas con sus servicios.<\/span><\/p>\n<p><\/div><\/div><\/div><\/p>\n<p><!-- No shortcodes are defined -->\u00a0<!-- No shortcodes are defined --><\/p>\n","protected":false},"excerpt":{"rendered":"<p>El seguro de salud correspondiente a la entidad Ges dispone de los mejores servicios sanitarios que necesites en los peores momentos de tu salud. Desde el primer minuto, el cliente est\u00e1 satisfecho y tranquilo sabiendo que est\u00e1 en las mejores manos para controlar su salud en todo momento. Ges ofrece una amplia variedad de coberturas&hellip; <\/p>\n","protected":false},"author":4,"featured_media":0,"parent":252,"menu_order":0,"comment_status":"closed","ping_status":"closed","template":"single.php","meta":{"footnotes":""},"class_list":["post-379","page","type-page","status-publish","hentry"],"yoast_head":"<!-- This site is optimized with the Yoast SEO plugin v27.5 - https:\/\/yoast.com\/product\/yoast-seo-wordpress\/ -->\n<title>Opiniones Seguro M\u00e9dico Ges - misterSalud<\/title>\n<meta name=\"robots\" content=\"index, follow, max-snippet:-1, max-image-preview:large, max-video-preview:-1\" \/>\n<link rel=\"canonical\" href=\"https:\/\/mistersalud.com\/seguros\/companias\/ges\/opiniones\/\" \/>\n<meta property=\"og:locale\" content=\"es_ES\" \/>\n<meta property=\"og:type\" content=\"article\" \/>\n<meta property=\"og:title\" content=\"Opiniones Seguro M\u00e9dico Ges - misterSalud\" \/>\n<meta property=\"og:description\" content=\"El seguro de salud correspondiente a la entidad Ges dispone de los mejores servicios sanitarios que necesites en los peores momentos de tu salud. Desde el primer minuto, el cliente est\u00e1 satisfecho y tranquilo sabiendo que est\u00e1 en las mejores manos para controlar su salud en todo momento. Ges ofrece una amplia variedad de coberturas&hellip;\" \/>\n<meta property=\"og:url\" content=\"https:\/\/mistersalud.com\/seguros\/companias\/ges\/opiniones\/\" \/>\n<meta property=\"og:site_name\" content=\"misterSalud\" \/>\n<meta name=\"twitter:card\" content=\"summary_large_image\" \/>\n<meta name=\"twitter:label1\" content=\"Tiempo de lectura\" \/>\n\t<meta name=\"twitter:data1\" content=\"5 minutos\" \/>\n<script type=\"application\/ld+json\" class=\"yoast-schema-graph\">{\"@context\":\"https:\\\/\\\/schema.org\",\"@graph\":[{\"@type\":\"WebPage\",\"@id\":\"https:\\\/\\\/mistersalud.com\\\/seguros\\\/companias\\\/ges\\\/opiniones\\\/\",\"url\":\"https:\\\/\\\/mistersalud.com\\\/seguros\\\/companias\\\/ges\\\/opiniones\\\/\",\"name\":\"Opiniones Seguro M\u00e9dico Ges - misterSalud\",\"isPartOf\":{\"@id\":\"https:\\\/\\\/mistersalud.com\\\/seguros\\\/#website\"},\"datePublished\":\"2022-07-19T09:19:52+00:00\",\"breadcrumb\":{\"@id\":\"https:\\\/\\\/mistersalud.com\\\/seguros\\\/companias\\\/ges\\\/opiniones\\\/#breadcrumb\"},\"inLanguage\":\"es\",\"potentialAction\":[{\"@type\":\"ReadAction\",\"target\":[\"https:\\\/\\\/mistersalud.com\\\/seguros\\\/companias\\\/ges\\\/opiniones\\\/\"]}]},{\"@type\":\"BreadcrumbList\",\"@id\":\"https:\\\/\\\/mistersalud.com\\\/seguros\\\/companias\\\/ges\\\/opiniones\\\/#breadcrumb\",\"itemListElement\":[{\"@type\":\"ListItem\",\"position\":1,\"name\":\"Portada\",\"item\":\"https:\\\/\\\/mistersalud.com\\\/seguros\\\/\"},{\"@type\":\"ListItem\",\"position\":2,\"name\":\"Compa\u00f1\u00edas de Seguros de Salud en Espa\u00f1a\",\"item\":\"https:\\\/\\\/mistersalud.com\\\/seguros\\\/companias\\\/\"},{\"@type\":\"ListItem\",\"position\":3,\"name\":\"Seguro M\u00e9dico Ges\",\"item\":\"https:\\\/\\\/mistersalud.com\\\/seguros\\\/companias\\\/ges\\\/\"},{\"@type\":\"ListItem\",\"position\":4,\"name\":\"Opiniones Seguro M\u00e9dico Ges\"}]},{\"@type\":\"WebSite\",\"@id\":\"https:\\\/\\\/mistersalud.com\\\/seguros\\\/#website\",\"url\":\"https:\\\/\\\/mistersalud.com\\\/seguros\\\/\",\"name\":\"misterSalud\",\"description\":\"\",\"publisher\":{\"@id\":\"https:\\\/\\\/mistersalud.com\\\/seguros\\\/#organization\"},\"potentialAction\":[{\"@type\":\"SearchAction\",\"target\":{\"@type\":\"EntryPoint\",\"urlTemplate\":\"https:\\\/\\\/mistersalud.com\\\/seguros\\\/?s={search_term_string}\"},\"query-input\":{\"@type\":\"PropertyValueSpecification\",\"valueRequired\":true,\"valueName\":\"search_term_string\"}}],\"inLanguage\":\"es\"},{\"@type\":\"Organization\",\"@id\":\"https:\\\/\\\/mistersalud.com\\\/seguros\\\/#organization\",\"name\":\"misterSalud\",\"url\":\"https:\\\/\\\/mistersalud.com\\\/seguros\\\/\",\"logo\":{\"@type\":\"ImageObject\",\"inLanguage\":\"es\",\"@id\":\"https:\\\/\\\/mistersalud.com\\\/seguros\\\/#\\\/schema\\\/logo\\\/image\\\/\",\"url\":\"https:\\\/\\\/mistersalud.com\\\/seguros\\\/wp-content\\\/uploads\\\/2022\\\/05\\\/logo-mistersalud.png\",\"contentUrl\":\"https:\\\/\\\/mistersalud.com\\\/seguros\\\/wp-content\\\/uploads\\\/2022\\\/05\\\/logo-mistersalud.png\",\"width\":178,\"height\":89,\"caption\":\"misterSalud\"},\"image\":{\"@id\":\"https:\\\/\\\/mistersalud.com\\\/seguros\\\/#\\\/schema\\\/logo\\\/image\\\/\"}}]}<\/script>\n<!-- \/ Yoast SEO plugin. -->","yoast_head_json":{"title":"Opiniones Seguro M\u00e9dico Ges - misterSalud","robots":{"index":"index","follow":"follow","max-snippet":"max-snippet:-1","max-image-preview":"max-image-preview:large","max-video-preview":"max-video-preview:-1"},"canonical":"https:\/\/mistersalud.com\/seguros\/companias\/ges\/opiniones\/","og_locale":"es_ES","og_type":"article","og_title":"Opiniones Seguro M\u00e9dico Ges - misterSalud","og_description":"El seguro de salud correspondiente a la entidad Ges dispone de los mejores servicios sanitarios que necesites en los peores momentos de tu salud. Desde el primer minuto, el cliente est\u00e1 satisfecho y tranquilo sabiendo que est\u00e1 en las mejores manos para controlar su salud en todo momento. Ges ofrece una amplia variedad de coberturas&hellip;","og_url":"https:\/\/mistersalud.com\/seguros\/companias\/ges\/opiniones\/","og_site_name":"misterSalud","twitter_card":"summary_large_image","twitter_misc":{"Tiempo de lectura":"5 minutos"},"schema":{"@context":"https:\/\/schema.org","@graph":[{"@type":"WebPage","@id":"https:\/\/mistersalud.com\/seguros\/companias\/ges\/opiniones\/","url":"https:\/\/mistersalud.com\/seguros\/companias\/ges\/opiniones\/","name":"Opiniones Seguro M\u00e9dico Ges - misterSalud","isPartOf":{"@id":"https:\/\/mistersalud.com\/seguros\/#website"},"datePublished":"2022-07-19T09:19:52+00:00","breadcrumb":{"@id":"https:\/\/mistersalud.com\/seguros\/companias\/ges\/opiniones\/#breadcrumb"},"inLanguage":"es","potentialAction":[{"@type":"ReadAction","target":["https:\/\/mistersalud.com\/seguros\/companias\/ges\/opiniones\/"]}]},{"@type":"BreadcrumbList","@id":"https:\/\/mistersalud.com\/seguros\/companias\/ges\/opiniones\/#breadcrumb","itemListElement":[{"@type":"ListItem","position":1,"name":"Portada","item":"https:\/\/mistersalud.com\/seguros\/"},{"@type":"ListItem","position":2,"name":"Compa\u00f1\u00edas de Seguros de Salud en Espa\u00f1a","item":"https:\/\/mistersalud.com\/seguros\/companias\/"},{"@type":"ListItem","position":3,"name":"Seguro M\u00e9dico Ges","item":"https:\/\/mistersalud.com\/seguros\/companias\/ges\/"},{"@type":"ListItem","position":4,"name":"Opiniones Seguro M\u00e9dico Ges"}]},{"@type":"WebSite","@id":"https:\/\/mistersalud.com\/seguros\/#website","url":"https:\/\/mistersalud.com\/seguros\/","name":"misterSalud","description":"","publisher":{"@id":"https:\/\/mistersalud.com\/seguros\/#organization"},"potentialAction":[{"@type":"SearchAction","target":{"@type":"EntryPoint","urlTemplate":"https:\/\/mistersalud.com\/seguros\/?s={search_term_string}"},"query-input":{"@type":"PropertyValueSpecification","valueRequired":true,"valueName":"search_term_string"}}],"inLanguage":"es"},{"@type":"Organization","@id":"https:\/\/mistersalud.com\/seguros\/#organization","name":"misterSalud","url":"https:\/\/mistersalud.com\/seguros\/","logo":{"@type":"ImageObject","inLanguage":"es","@id":"https:\/\/mistersalud.com\/seguros\/#\/schema\/logo\/image\/","url":"https:\/\/mistersalud.com\/seguros\/wp-content\/uploads\/2022\/05\/logo-mistersalud.png","contentUrl":"https:\/\/mistersalud.com\/seguros\/wp-content\/uploads\/2022\/05\/logo-mistersalud.png","width":178,"height":89,"caption":"misterSalud"},"image":{"@id":"https:\/\/mistersalud.com\/seguros\/#\/schema\/logo\/image\/"}}]}},"_links":{"self":[{"href":"https:\/\/mistersalud.com\/seguros\/wp-json\/wp\/v2\/pages\/379","targetHints":{"allow":["GET"]}}],"collection":[{"href":"https:\/\/mistersalud.com\/seguros\/wp-json\/wp\/v2\/pages"}],"about":[{"href":"https:\/\/mistersalud.com\/seguros\/wp-json\/wp\/v2\/types\/page"}],"author":[{"embeddable":true,"href":"https:\/\/mistersalud.com\/seguros\/wp-json\/wp\/v2\/users\/4"}],"replies":[{"embeddable":true,"href":"https:\/\/mistersalud.com\/seguros\/wp-json\/wp\/v2\/comments?post=379"}],"version-history":[{"count":1,"href":"https:\/\/mistersalud.com\/seguros\/wp-json\/wp\/v2\/pages\/379\/revisions"}],"predecessor-version":[{"id":380,"href":"https:\/\/mistersalud.com\/seguros\/wp-json\/wp\/v2\/pages\/379\/revisions\/380"}],"up":[{"embeddable":true,"href":"https:\/\/mistersalud.com\/seguros\/wp-json\/wp\/v2\/pages\/252"}],"wp:attachment":[{"href":"https:\/\/mistersalud.com\/seguros\/wp-json\/wp\/v2\/media?parent=379"}],"curies":[{"name":"wp","href":"https:\/\/api.w.org\/{rel}","templated":true}]}}