{"id":329,"date":"2022-07-07T10:11:32","date_gmt":"2022-07-07T10:11:32","guid":{"rendered":"https:\/\/mistersalud.com\/seguros\/?page_id=329"},"modified":"2022-07-07T10:11:32","modified_gmt":"2022-07-07T10:11:32","slug":"universal","status":"publish","type":"page","link":"https:\/\/mistersalud.com\/seguros\/companias\/universal\/","title":{"rendered":"Seguro m\u00e9dico Universal"},"content":{"rendered":"\n<p><span style=\"font-weight: 400;\">La entidad Universal comenz\u00f3 en el mundo de los seguros en 1990, el principal objetivo de esta empresa es alcanzar el mayor grado de satisfacci\u00f3n con la venta de seguros de salud.\u00a0<\/span><\/p>\n<p><span style=\"font-weight: 400;\">Universal siempre ha querido ofrecer el mejor seguro de salud a los clientes con el fin de encontrar el seguro que mejor se adapte a tus necesidades. Por ello, cuenta con grandes profesionales y especialistas en las distintas ramas de la medicina.<\/span><\/p>\n<p><span style=\"font-weight: 400;\">Esta compa\u00f1\u00eda tiene una amplia carta de servicios, sobre todo en lo relacionado con el tratamiento de enfermedades: gastos m\u00e9dicos, coberturas\u2026<\/span><\/p>\n<p><span style=\"font-weight: 400;\">Si est\u00e1s pensando en contratar un seguro de salud que se adapte a tu persona y tus seres queridos, no dude en contactar con esta compa\u00f1\u00eda.<\/span><\/p>\n<div class=\"colorf \"  ><div class=\"container clearfix\"><div class=\"col-md-7\"><\/p>\n<h2><b>Cuadro m\u00e9dico de Universal<\/b><\/h2>\n<p><span style=\"font-weight: 400;\">El Seguro de salud Universal cuenta con una de las mejores relaciones de profesionales de la salud, cl\u00ednicas y hospitales vinculados. Esta compa\u00f1\u00eda cuenta con grandes profesionales en gran parte del mundo que te atender\u00e1n de la mejor manera para solucionar todas tus dudas y problemas que te surjan.<\/span><\/p>\n<p><span style=\"font-weight: 400;\">Universal te da la opci\u00f3n de que escojas entre miles de m\u00e9dicos de familia y especialistas de su cuadro m\u00e9dico, as\u00ed una gran variedad de especialidades. Adem\u00e1s, cuenta con un gran asesoramiento personalizado con el objetivo de que escojas el mejor tipo de salud que ofrecen para ti y para toda tu familia.<\/span><\/p>\n<p><span style=\"font-weight: 400;\">Siguiendo la l\u00ednea de acercamiento a sus clientes que caracteriza a la aseguradora, Universal te ofrece la opci\u00f3n de contactar con profesionales de cualquier especialidad las 24 horas del d\u00eda, principalmente en los casos de una urgencia o tratamiento de una enfermedad.<\/span><\/p>\n<p><span style=\"font-weight: 400;\">\u00a0<\/span><\/p>\n<p><\/div><\/div><\/div>\n<h2><b>Coberturas del seguro de salud Universal<\/b><\/h2>\n<p><span style=\"font-weight: 400;\">Universal, con el objetivo de adaptarse a las necesidades de los clientes, ofrece distintas coberturas seg\u00fan la p\u00f3liza que se contrate. La aseguradora presenta las siguientes coberturas a su disposici\u00f3n:<\/span><\/p>\n<ul>\n<li style=\"font-weight: 400;\" aria-level=\"1\"><span style=\"font-weight: 400;\">Reembolso de gastos<\/span><\/li>\n<li style=\"font-weight: 400;\" aria-level=\"1\"><span style=\"font-weight: 400;\">Medicina general, pediatr\u00eda, enfermer\u00eda<\/span><\/li>\n<li style=\"font-weight: 400;\" aria-level=\"1\"><span style=\"font-weight: 400;\">Urgencias domiciliarias y ambulatorias<\/span><\/li>\n<li style=\"font-weight: 400;\" aria-level=\"1\"><span style=\"font-weight: 400;\">Servicio de ambulancia<\/span><\/li>\n<li style=\"font-weight: 400;\" aria-level=\"1\"><span style=\"font-weight: 400;\">Consultas con especialistas<\/span><\/li>\n<li style=\"font-weight: 400;\" aria-level=\"1\"><span style=\"font-weight: 400;\">T\u00e9cnicas diagn\u00f3sticas<\/span><\/li>\n<li style=\"font-weight: 400;\" aria-level=\"1\"><span style=\"font-weight: 400;\">Rehabilitaci\u00f3n<\/span><\/li>\n<li style=\"font-weight: 400;\" aria-level=\"1\"><span style=\"font-weight: 400;\">Coberturas sanitarias<\/span><\/li>\n<li style=\"font-weight: 400;\" aria-level=\"1\"><span style=\"font-weight: 400;\">Asistencia primaria<\/span><\/li>\n<li style=\"font-weight: 400;\" aria-level=\"1\"><span style=\"font-weight: 400;\">Segundo diagn\u00f3stico Internacional<\/span><\/li>\n<\/ul>\n<div class=\"colorf\"><div class=\"container clearfix\"><div class=\"col-md-7\"><div class=\"tipos\"><svg id=\"stars\" style=\"display: none;\" version=\"1.1\">\n\t<symbol id=\"stars-full-star\" viewBox=\"0 0 102 18\">\n\t\t<path d=\"M9.5 14.25l-5.584 2.936 1.066-6.218L.465 6.564l6.243-.907L9.5 0l2.792 5.657 6.243.907-4.517 4.404 1.066 6.218\" \/>\n\t<\/symbol>\n\n\t<symbol id=\"stars-half-star\" viewBox=\"0 0 102 18\">\n\t\t<path d=\"M9.5 14.25l-5.584 2.936 1.066-6.218L.465 6.564l6.243-.907L9.5 0l2.792\" fill=\"#ffdc0f\" \/>\n\t<\/symbol>\n\n\t<symbol id=\"stars-all-star\" viewBox=\"0 0 102 18\">\n\t\t<use xlink:href=\"#stars-full-star\" \/>\n\t\t<use xlink:href=\"#stars-full-star\" transform=\"translate(21)\" \/>\n\t\t<use xlink:href=\"#stars-full-star\" transform=\"translate(42)\" \/>\n\t\t<use xlink:href=\"#stars-full-star\" transform=\"translate(63)\" \/>\n\t\t<use xlink:href=\"#stars-full-star\" transform=\"translate(84)\" \/>\n\t<\/symbol>\n\n\t<symbol id=\"stars-0\" viewBox=\"0 0 102 18\">\n\t\t<use xlink:href=\"#stars-all-star\" fill=\"#e5e5e5\" \/>\n\t<\/symbol>\n\n\t<symbol id=\"stars-1\" viewBox=\"0 0 102 18\">\n\t\t<use xlink:href=\"#stars-0\" \/>\n\t\t<use xlink:href=\"#stars-half-star\" \/>\n\t<\/symbol>\n\n\t<symbol id=\"stars-2\" viewBox=\"0 0 102 18\">\n\t\t<use xlink:href=\"#stars-0\" \/>\n\t\t<use xlink:href=\"#stars-full-star\" fill=\"#ffdc0f\" \/>\n\t<\/symbol>\n\n\t<symbol id=\"stars-3\" viewBox=\"0 0 102 18\">\n\t\t<use xlink:href=\"#stars-2\" \/>\n\t\t<use xlink:href=\"#stars-half-star\" transform=\"translate(21)\" \/>\n\t<\/symbol>\n\n\t<symbol id=\"stars-4\" viewBox=\"0 0 102 18\">\n\t\t<use xlink:href=\"#stars-2\" \/>\n\t\t<use xlink:href=\"#stars-full-star\" fill=\"#ffdc0f\" transform=\"translate(21)\" \/>\n\t<\/symbol>\n\n\t<symbol id=\"stars-5\" viewBox=\"0 0 102 18\">\n\t\t<use xlink:href=\"#stars-4\" \/>\n\t\t<use xlink:href=\"#stars-half-star\" transform=\"translate(42)\" \/>\n\t<\/symbol>\n\n\t<symbol id=\"stars-6\" viewBox=\"0 0 102 18\">\n\t\t<use xlink:href=\"#stars-4\" \/>\n\t\t<use xlink:href=\"#stars-full-star\" fill=\"#ffdc0f\" transform=\"translate(42)\" \/>\n\t<\/symbol>\n\n\t<symbol id=\"stars-7\" viewBox=\"0 0 102 18\">\n\t\t<use xlink:href=\"#stars-6\" \/>\n\t\t<use xlink:href=\"#stars-half-star\" transform=\"translate(63)\" \/>\n\t<\/symbol>\n\n\t<symbol id=\"stars-8\" viewBox=\"0 0 102 18\">\n\t\t<use xlink:href=\"#stars-6\" \/>\n\t\t<use xlink:href=\"#stars-full-star\" fill=\"#ffdc0f\" transform=\"translate(63)\" \/>\n\t<\/symbol>\n\n\t<symbol id=\"stars-9\" viewBox=\"0 0 102 18\">\n\t\t<use xlink:href=\"#stars-8\" \/>\n\t\t<use xlink:href=\"#stars-half-star\" transform=\"translate(84)\" \/>\n\t<\/symbol>\n\n\t<symbol id=\"stars-10\" viewBox=\"0 0 102 18\">\n\t\t<use xlink:href=\"#stars-all-star\" fill=\"#ffdc0f\" \/>\n\t<\/symbol>\n<\/svg>\n\n<h2><b>Tipos de p\u00f3liza del seguro m\u00e9dico Universal<\/b><\/h2>\n<div class=\"desplazamiento\">\n<p><span style=\"font-weight: 400;\">Universal ofrece dos tipo de productos:<\/span><\/p>\n<p><b>Seguro de Gastos M\u00e9dicos<\/b><\/p>\n<p><span style=\"font-weight: 400;\">Cubre todos los servicios sanitarios indispensables y, adem\u00e1s, una serie de coberturas adicionales: c\u00e1ncer y enfermedades o accidentes graves. Todo estos servicios en cualquier lugar del mundo.<\/span><\/p>\n<p><b>INS Medical<\/b><\/p>\n<p><span style=\"font-weight: 400;\">Cubre al asegurado directo y a sus dependientes todas las necesidades sanitarias que necesiten para poder encontrar la tranquilidad.<\/span><\/p>\n<\/div>\n<\/div><\/div><\/div><\/div>\n<h3><b>Seguro m\u00e9dico familiar Universal<\/b><\/h3>\n<p><span style=\"font-weight: 400;\">Por parte de Universal est\u00e1n dispuestos a comprometerse a que los seguros que contrates como clientes vayan para ti y tu familia, gracias a su gran cantidad de coberturas que es la siguiente:\u00a0<\/span><\/p>\n<ul>\n<li style=\"font-weight: 400;\" aria-level=\"1\"><span style=\"font-weight: 400;\">Copago<\/span><\/li>\n<li style=\"font-weight: 400;\" aria-level=\"1\"><span style=\"font-weight: 400;\">Reembolso de gastos<\/span><\/li>\n<li style=\"font-weight: 400;\" aria-level=\"1\"><span style=\"font-weight: 400;\">Medicina general, pediatr\u00eda, enfermer\u00eda<\/span><\/li>\n<li style=\"font-weight: 400;\" aria-level=\"1\"><span style=\"font-weight: 400;\">Urgencias domiciliarias y ambulatorias<\/span><\/li>\n<li style=\"font-weight: 400;\" aria-level=\"1\"><span style=\"font-weight: 400;\">Servicio de ambulancia<\/span><\/li>\n<li style=\"font-weight: 400;\" aria-level=\"1\"><span style=\"font-weight: 400;\">Consultas con especialistas<\/span><\/li>\n<li style=\"font-weight: 400;\" aria-level=\"1\"><span style=\"font-weight: 400;\">T\u00e9cnicas diagn\u00f3sticas<\/span><\/li>\n<li style=\"font-weight: 400;\" aria-level=\"1\"><span style=\"font-weight: 400;\">Rehabilitaci\u00f3n<\/span><\/li>\n<li style=\"font-weight: 400;\" aria-level=\"1\"><span style=\"font-weight: 400;\">Oxigenoterapia, aerosoles<\/span><\/li>\n<li style=\"font-weight: 400;\" aria-level=\"1\"><span style=\"font-weight: 400;\">Asistencia en viaje<\/span><\/li>\n<\/ul>\n<div class=\"colorf \"  ><div class=\"container clearfix\"><div class=\"col-md-7\"><\/p>\n<h3><b>Seguro m\u00e9dico con copago Universal<\/b><\/h3>\n<p><span style=\"font-weight: 400;\">El seguro Universal en las dos p\u00f3lizas que dispone puede realizarse el copago.<\/span><\/p>\n<p><\/div><\/div><\/div>\n<h3><b>Seguro m\u00e9dico sin copago Universal<\/b><\/h3>\n<p><span style=\"font-weight: 400;\">El seguro Universal en las dos p\u00f3lizas que dispone puede realizarse sin copago.<\/span><\/p>\n<div class=\"accordion\" id=\"preguntas_desplegables\">\n<h2>Preguntas frecuentes sobre el seguro m\u00e9dico <b>Universal<\/b><\/h2>\n<p><span style=\"font-weight: 400;\">Desde Mister Salud te ofreceremos todos los detalles que necesites para que resuelvas todas las dudas que te puedan surgir acerca de esta entidad. En este apartado te resolveremos las preguntas m\u00e1s frecuentes de nuestros clientes.<\/span><\/p>\n<div class=\"pregunta \"  ><div class=\"accordion-item\">\n\t\t\t \t    <h3 class=\"accordion-header\" id=\"heading1\">\n\t\t\t\t\t \t<button class=\"accordion-button collapsed\" type=\"button\" data-bs-toggle=\"collapse\" data-bs-target=\"#collapse1\" aria-expanded=\"false\" aria-controls=\"collapse1\">\n\t\t\t\t\t\t\t<b>\u00bfD\u00f3nde contratar el seguro m\u00e9dico Universal<\/b><b>?<\/b>\n\t\t\t\t\t \t<\/button>\n\t\t\t\t    <\/h3>\n\t\t\t\t    <div id=\"collapse1\" class=\"accordion-collapse collapse \" aria-labelledby=\"heading1\" data-bs-parent=\"#preguntas_desplegables\">\n\t\t\t\t\t\t<div class=\"accordion-body\">\n\t\t\t\t\t\t\t\n<p><span style=\"font-weight: 400;\">l seguro de Universal tiene la opci\u00f3n de contratar de dos maneras diferentes. La primera manera que ofrece es el n\u00famero de tel\u00e9fono donde podr\u00e1s mantener contacto con un teleoperador que tratara de entender lo que usted necesita, el n\u00famero al que debes acudir es al siguiente: <\/span><span style=\"font-weight: 400;\">+506 2444-0909<\/span><span style=\"font-weight: 400;\">. La segunda opci\u00f3n que te ofrecen es la del m\u00e9todo online, es decir, contratas desde la p\u00e1gina web, que es la siguiente: <\/span><a href=\"http:\/\/www.universalseguros.net\/servicios\"><span style=\"font-weight: 400;\">http:\/\/www.universalseguros.net\/servicios<\/span><\/a><span style=\"font-weight: 400;\">.\u00a0\u00a0<\/span><\/p>\n<p>\n\t\t\t\t\t\t<\/div>\n\t\t\t\t\t<\/div>\n\t\t\t\t<\/div>\t<\/div> <div class=\"pregunta \"  ><div class=\"accordion-item\">\n\t\t\t \t    <h3 class=\"accordion-header\" id=\"heading2\">\n\t\t\t\t\t \t<button class=\"accordion-button collapsed\" type=\"button\" data-bs-toggle=\"collapse\" data-bs-target=\"#collapse2\" aria-expanded=\"false\" aria-controls=\"collapse2\">\n\t\t\t\t\t\t\t<b>\u00bfPuedo viajar con el seguro m\u00e9dico de Universal?<\/b>\n\t\t\t\t\t \t<\/button>\n\t\t\t\t    <\/h3>\n\t\t\t\t    <div id=\"collapse2\" class=\"accordion-collapse collapse \" aria-labelledby=\"heading2\" data-bs-parent=\"#preguntas_desplegables\">\n\t\t\t\t\t\t<div class=\"accordion-body\">\n\t\t\t\t\t\t\t<\/p>\n<p><span style=\"font-weight: 400;\">Con Universal puedes realizar viajes al extranjero tranquilamente ya que las p\u00f3lizas cubren cualquier gasto o accidente fuera del territorio nacional.<\/span><\/p>\n<p>\n\t\t\t\t\t\t<\/div>\n\t\t\t\t\t<\/div>\n\t\t\t\t<\/div>\t<\/div><\/p>\n<div class=\"pregunta \"  ><div class=\"accordion-item\">\n\t\t\t \t    <h3 class=\"accordion-header\" id=\"heading3\">\n\t\t\t\t\t \t<button class=\"accordion-button collapsed\" type=\"button\" data-bs-toggle=\"collapse\" data-bs-target=\"#collapse3\" aria-expanded=\"false\" aria-controls=\"collapse3\">\n\t\t\t\t\t\t\t<b>\u00bfQu\u00e9 cubre el seguro m\u00e9dico de Universal?<\/b>\n\t\t\t\t\t \t<\/button>\n\t\t\t\t    <\/h3>\n\t\t\t\t    <div id=\"collapse3\" class=\"accordion-collapse collapse \" aria-labelledby=\"heading3\" data-bs-parent=\"#preguntas_desplegables\">\n\t\t\t\t\t\t<div class=\"accordion-body\">\n\t\t\t\t\t\t\t<\/p>\n<p><span style=\"font-weight: 400;\">El seguro de Universal cubre los siguientes servicios:<\/span><\/p>\n<ul>\n<li style=\"font-weight: 400;\" aria-level=\"1\"><span style=\"font-weight: 400;\">Reembolso de gastos<\/span><\/li>\n<li style=\"font-weight: 400;\" aria-level=\"1\"><span style=\"font-weight: 400;\">Medicina general, pediatr\u00eda, enfermer\u00eda<\/span><\/li>\n<li style=\"font-weight: 400;\" aria-level=\"1\"><span style=\"font-weight: 400;\">Urgencias domiciliarias y ambulatorias<\/span><\/li>\n<li style=\"font-weight: 400;\" aria-level=\"1\"><span style=\"font-weight: 400;\">Servicio de ambulancia<\/span><\/li>\n<li style=\"font-weight: 400;\" aria-level=\"1\"><span style=\"font-weight: 400;\">Consultas con especialistas<\/span><\/li>\n<li style=\"font-weight: 400;\" aria-level=\"1\"><span style=\"font-weight: 400;\">T\u00e9cnicas diagn\u00f3sticas<\/span><\/li>\n<li style=\"font-weight: 400;\" aria-level=\"1\"><span style=\"font-weight: 400;\">Rehabilitaci\u00f3n<\/span><\/li>\n<li style=\"font-weight: 400;\" aria-level=\"1\"><span style=\"font-weight: 400;\">Coberturas sanitarias<\/span><\/li>\n<li style=\"font-weight: 400;\" aria-level=\"1\"><span style=\"font-weight: 400;\">Asistencia primaria<\/span><\/li>\n<li style=\"font-weight: 400;\" aria-level=\"1\"><span style=\"font-weight: 400;\">Segundo diagn\u00f3stico Internacional<\/span><\/li>\n<\/ul>\n<p>\n\t\t\t\t\t\t<\/div>\n\t\t\t\t\t<\/div>\n\t\t\t\t<\/div>\t<\/div>\n<\/div>\n<div class=\"colorf\"><div class=\"container clearfix\"><div class=\"col-md-7\"><div class=\"empresas\">\n<h3>Compa\u00f1\u00edas de seguros m\u00e9dicos<\/h3>\n<div class=\"enlazado\"><ul><li><a href=\"https:\/\/mistersalud.com\/seguros\/companias\/allianz\/\"><span>Seguro M\u00e9dico Allianz<\/span><\/a><\/li><li><a href=\"https:\/\/mistersalud.com\/seguros\/companias\/asisa\/\"><span>Seguro M\u00e9dico Asisa<\/span><\/a><\/li><li><a href=\"https:\/\/mistersalud.com\/seguros\/companias\/bankinter\/\"><span>Seguro M\u00e9dico Bankinter<\/span><\/a><\/li><li><a href=\"https:\/\/mistersalud.com\/seguros\/companias\/expertia\/\"><span>Seguro M\u00e9dico Expertia<\/span><\/a><\/li><li><a href=\"https:\/\/mistersalud.com\/seguros\/companias\/ferrol\/\"><span>Seguro M\u00e9dico Ferrol<\/span><\/a><\/li><li><a href=\"https:\/\/mistersalud.com\/seguros\/companias\/la-paz\/\"><span>Seguro M\u00e9dico La Paz<\/span><\/a><\/li><li><a href=\"https:\/\/mistersalud.com\/seguros\/companias\/mutua-terrassa\/\"><span>Seguro M\u00e9dico Mutua Terrassa<\/span><\/a><\/li><li><a href=\"https:\/\/mistersalud.com\/seguros\/companias\/soliss\/\"><span>Seguro M\u00e9dico Soliss<\/span><\/a><\/li><li><a href=\"https:\/\/mistersalud.com\/seguros\/companias\/targobank\/\"><span>Seguro M\u00e9dico Targobank<\/span><\/a><\/li><li><a href=\"https:\/\/mistersalud.com\/seguros\/companias\/union-alcoyana\/\"><span>Seguro M\u00e9dico Uni\u00f3n Alcoyana<\/span><\/a><\/li><li><a href=\"https:\/\/mistersalud.com\/seguros\/companias\/atocha\/\"><span>Seguro m\u00e9dico Atocha<\/span><\/a><\/li><li><a href=\"https:\/\/mistersalud.com\/seguros\/companias\/axa\/\"><span>Seguro m\u00e9dico Axa<\/span><\/a><\/li><li><a href=\"https:\/\/mistersalud.com\/seguros\/companias\/bpi\/\"><span>Seguro m\u00e9dico BPI<\/span><\/a><\/li><li><a href=\"https:\/\/mistersalud.com\/seguros\/companias\/banco-de-albacete\/\"><span>Seguro m\u00e9dico Banco de Albacete<\/span><\/a><\/li><li><a href=\"https:\/\/mistersalud.com\/seguros\/companias\/caja-laboral\/\"><span>Seguro m\u00e9dico Caja Laboral<\/span><\/a><\/li><li><a href=\"https:\/\/mistersalud.com\/seguros\/companias\/catalana-occidente\/\"><span>Seguro m\u00e9dico Catalana Occidente<\/span><\/a><\/li><li><a href=\"https:\/\/mistersalud.com\/seguros\/companias\/cetelem\/\"><span>Seguro m\u00e9dico Cetelem<\/span><\/a><\/li><li><a href=\"https:\/\/mistersalud.com\/seguros\/companias\/cigna\/\"><span>Seguro m\u00e9dico Cigna<\/span><\/a><\/li><li><a href=\"https:\/\/mistersalud.com\/seguros\/companias\/evo-banco\/\"><span>Seguro m\u00e9dico Evo Banco<\/span><\/a><\/li><li><a href=\"https:\/\/mistersalud.com\/seguros\/companias\/helvetia\/\"><span>Seguro m\u00e9dico Helvetia<\/span><\/a><\/li><li><a href=\"https:\/\/mistersalud.com\/seguros\/companias\/kutxabank\/\"><span>Seguro m\u00e9dico Kutxabank<\/span><\/a><\/li><li><a href=\"https:\/\/mistersalud.com\/seguros\/companias\/montepio\/\"><span>Seguro m\u00e9dico Montep\u00edo<\/span><\/a><\/li><li><a href=\"https:\/\/mistersalud.com\/seguros\/companias\/medicos-filantropicos\/\"><span>Seguro m\u00e9dico M\u00e9dicos Filantr\u00f3picos<\/span><\/a><\/li><li><a href=\"https:\/\/mistersalud.com\/seguros\/companias\/nara\/\"><span>Seguro m\u00e9dico Nara<\/span><\/a><\/li><li><a href=\"https:\/\/mistersalud.com\/seguros\/companias\/nationale-nederlanden\/\"><span>Seguro m\u00e9dico Nationale Nederlanden<\/span><\/a><\/li><li><a href=\"https:\/\/mistersalud.com\/seguros\/companias\/nueva-mutua-sanitaria\/\"><span>Seguro m\u00e9dico Nueva Mutua Sanitaria<\/span><\/a><\/li><li><a href=\"https:\/\/mistersalud.com\/seguros\/companias\/nuez\/\"><span>Seguro m\u00e9dico Nuez<\/span><\/a><\/li><li><a href=\"https:\/\/mistersalud.com\/seguros\/companias\/ocaso\/\"><span>Seguro m\u00e9dico Ocaso<\/span><\/a><\/li><li><a href=\"https:\/\/mistersalud.com\/seguros\/companias\/santa-lucia\/\"><span>Seguro m\u00e9dico Santa Luc\u00eda<\/span><\/a><\/li><li><a href=\"https:\/\/mistersalud.com\/seguros\/companias\/vivaz\/\"><span>Seguro m\u00e9dico Vivaz<\/span><\/a><\/li><\/ul><\/div>\n<p><\/div><\/div><\/div><\/div><br \/>\n<div class=\"oficinas\"><\/p>\n<div><!-- No shortcodes are defined --><\/div>\n<\/div>\n","protected":false},"excerpt":{"rendered":"<p>La entidad Universal comenz\u00f3 en el mundo de los seguros en 1990, el principal objetivo de esta empresa es alcanzar el mayor grado de satisfacci\u00f3n con la venta de seguros de salud.\u00a0 Universal siempre ha querido ofrecer el mejor seguro de salud a los clientes con el fin de encontrar el seguro que mejor se&hellip; <\/p>\n","protected":false},"author":4,"featured_media":0,"parent":22,"menu_order":0,"comment_status":"closed","ping_status":"closed","template":"single.php","meta":{"footnotes":""},"class_list":["post-329","page","type-page","status-publish","hentry"],"yoast_head":"<!-- This site is optimized with the Yoast SEO plugin v27.3 - https:\/\/yoast.com\/product\/yoast-seo-wordpress\/ -->\n<title>Seguro m\u00e9dico Universal - misterSalud<\/title>\n<meta name=\"robots\" content=\"index, follow, max-snippet:-1, max-image-preview:large, max-video-preview:-1\" \/>\n<link rel=\"canonical\" href=\"https:\/\/mistersalud.com\/seguros\/companias\/universal\/\" \/>\n<meta property=\"og:locale\" content=\"es_ES\" \/>\n<meta property=\"og:type\" content=\"article\" \/>\n<meta property=\"og:title\" content=\"Seguro m\u00e9dico Universal - misterSalud\" \/>\n<meta property=\"og:description\" content=\"La entidad Universal comenz\u00f3 en el mundo de los seguros en 1990, el principal objetivo de esta empresa es alcanzar el mayor grado de satisfacci\u00f3n con la venta de seguros de salud.\u00a0 Universal siempre ha querido ofrecer el mejor seguro de salud a los clientes con el fin de encontrar el seguro que mejor se&hellip;\" \/>\n<meta property=\"og:url\" content=\"https:\/\/mistersalud.com\/seguros\/companias\/universal\/\" \/>\n<meta property=\"og:site_name\" content=\"misterSalud\" \/>\n<meta name=\"twitter:card\" content=\"summary_large_image\" \/>\n<meta name=\"twitter:label1\" content=\"Tiempo de lectura\" \/>\n\t<meta name=\"twitter:data1\" content=\"4 minutos\" \/>\n<script type=\"application\/ld+json\" class=\"yoast-schema-graph\">{\"@context\":\"https:\\\/\\\/schema.org\",\"@graph\":[{\"@type\":\"WebPage\",\"@id\":\"https:\\\/\\\/mistersalud.com\\\/seguros\\\/companias\\\/universal\\\/\",\"url\":\"https:\\\/\\\/mistersalud.com\\\/seguros\\\/companias\\\/universal\\\/\",\"name\":\"Seguro m\u00e9dico Universal - misterSalud\",\"isPartOf\":{\"@id\":\"https:\\\/\\\/mistersalud.com\\\/seguros\\\/#website\"},\"datePublished\":\"2022-07-07T10:11:32+00:00\",\"breadcrumb\":{\"@id\":\"https:\\\/\\\/mistersalud.com\\\/seguros\\\/companias\\\/universal\\\/#breadcrumb\"},\"inLanguage\":\"es\",\"potentialAction\":[{\"@type\":\"ReadAction\",\"target\":[\"https:\\\/\\\/mistersalud.com\\\/seguros\\\/companias\\\/universal\\\/\"]}]},{\"@type\":\"BreadcrumbList\",\"@id\":\"https:\\\/\\\/mistersalud.com\\\/seguros\\\/companias\\\/universal\\\/#breadcrumb\",\"itemListElement\":[{\"@type\":\"ListItem\",\"position\":1,\"name\":\"Portada\",\"item\":\"https:\\\/\\\/mistersalud.com\\\/seguros\\\/\"},{\"@type\":\"ListItem\",\"position\":2,\"name\":\"Compa\u00f1\u00edas de Seguros de Salud en Espa\u00f1a\",\"item\":\"https:\\\/\\\/mistersalud.com\\\/seguros\\\/companias\\\/\"},{\"@type\":\"ListItem\",\"position\":3,\"name\":\"Seguro m\u00e9dico Universal\"}]},{\"@type\":\"WebSite\",\"@id\":\"https:\\\/\\\/mistersalud.com\\\/seguros\\\/#website\",\"url\":\"https:\\\/\\\/mistersalud.com\\\/seguros\\\/\",\"name\":\"misterSalud\",\"description\":\"\",\"publisher\":{\"@id\":\"https:\\\/\\\/mistersalud.com\\\/seguros\\\/#organization\"},\"potentialAction\":[{\"@type\":\"SearchAction\",\"target\":{\"@type\":\"EntryPoint\",\"urlTemplate\":\"https:\\\/\\\/mistersalud.com\\\/seguros\\\/?s={search_term_string}\"},\"query-input\":{\"@type\":\"PropertyValueSpecification\",\"valueRequired\":true,\"valueName\":\"search_term_string\"}}],\"inLanguage\":\"es\"},{\"@type\":\"Organization\",\"@id\":\"https:\\\/\\\/mistersalud.com\\\/seguros\\\/#organization\",\"name\":\"misterSalud\",\"url\":\"https:\\\/\\\/mistersalud.com\\\/seguros\\\/\",\"logo\":{\"@type\":\"ImageObject\",\"inLanguage\":\"es\",\"@id\":\"https:\\\/\\\/mistersalud.com\\\/seguros\\\/#\\\/schema\\\/logo\\\/image\\\/\",\"url\":\"https:\\\/\\\/mistersalud.com\\\/seguros\\\/wp-content\\\/uploads\\\/2022\\\/05\\\/logo-mistersalud.png\",\"contentUrl\":\"https:\\\/\\\/mistersalud.com\\\/seguros\\\/wp-content\\\/uploads\\\/2022\\\/05\\\/logo-mistersalud.png\",\"width\":178,\"height\":89,\"caption\":\"misterSalud\"},\"image\":{\"@id\":\"https:\\\/\\\/mistersalud.com\\\/seguros\\\/#\\\/schema\\\/logo\\\/image\\\/\"}}]}<\/script>\n<!-- \/ Yoast SEO plugin. -->","yoast_head_json":{"title":"Seguro m\u00e9dico Universal - misterSalud","robots":{"index":"index","follow":"follow","max-snippet":"max-snippet:-1","max-image-preview":"max-image-preview:large","max-video-preview":"max-video-preview:-1"},"canonical":"https:\/\/mistersalud.com\/seguros\/companias\/universal\/","og_locale":"es_ES","og_type":"article","og_title":"Seguro m\u00e9dico Universal - misterSalud","og_description":"La entidad Universal comenz\u00f3 en el mundo de los seguros en 1990, el principal objetivo de esta empresa es alcanzar el mayor grado de satisfacci\u00f3n con la venta de seguros de salud.\u00a0 Universal siempre ha querido ofrecer el mejor seguro de salud a los clientes con el fin de encontrar el seguro que mejor se&hellip;","og_url":"https:\/\/mistersalud.com\/seguros\/companias\/universal\/","og_site_name":"misterSalud","twitter_card":"summary_large_image","twitter_misc":{"Tiempo de lectura":"4 minutos"},"schema":{"@context":"https:\/\/schema.org","@graph":[{"@type":"WebPage","@id":"https:\/\/mistersalud.com\/seguros\/companias\/universal\/","url":"https:\/\/mistersalud.com\/seguros\/companias\/universal\/","name":"Seguro m\u00e9dico Universal - misterSalud","isPartOf":{"@id":"https:\/\/mistersalud.com\/seguros\/#website"},"datePublished":"2022-07-07T10:11:32+00:00","breadcrumb":{"@id":"https:\/\/mistersalud.com\/seguros\/companias\/universal\/#breadcrumb"},"inLanguage":"es","potentialAction":[{"@type":"ReadAction","target":["https:\/\/mistersalud.com\/seguros\/companias\/universal\/"]}]},{"@type":"BreadcrumbList","@id":"https:\/\/mistersalud.com\/seguros\/companias\/universal\/#breadcrumb","itemListElement":[{"@type":"ListItem","position":1,"name":"Portada","item":"https:\/\/mistersalud.com\/seguros\/"},{"@type":"ListItem","position":2,"name":"Compa\u00f1\u00edas de Seguros de Salud en Espa\u00f1a","item":"https:\/\/mistersalud.com\/seguros\/companias\/"},{"@type":"ListItem","position":3,"name":"Seguro m\u00e9dico Universal"}]},{"@type":"WebSite","@id":"https:\/\/mistersalud.com\/seguros\/#website","url":"https:\/\/mistersalud.com\/seguros\/","name":"misterSalud","description":"","publisher":{"@id":"https:\/\/mistersalud.com\/seguros\/#organization"},"potentialAction":[{"@type":"SearchAction","target":{"@type":"EntryPoint","urlTemplate":"https:\/\/mistersalud.com\/seguros\/?s={search_term_string}"},"query-input":{"@type":"PropertyValueSpecification","valueRequired":true,"valueName":"search_term_string"}}],"inLanguage":"es"},{"@type":"Organization","@id":"https:\/\/mistersalud.com\/seguros\/#organization","name":"misterSalud","url":"https:\/\/mistersalud.com\/seguros\/","logo":{"@type":"ImageObject","inLanguage":"es","@id":"https:\/\/mistersalud.com\/seguros\/#\/schema\/logo\/image\/","url":"https:\/\/mistersalud.com\/seguros\/wp-content\/uploads\/2022\/05\/logo-mistersalud.png","contentUrl":"https:\/\/mistersalud.com\/seguros\/wp-content\/uploads\/2022\/05\/logo-mistersalud.png","width":178,"height":89,"caption":"misterSalud"},"image":{"@id":"https:\/\/mistersalud.com\/seguros\/#\/schema\/logo\/image\/"}}]}},"_links":{"self":[{"href":"https:\/\/mistersalud.com\/seguros\/wp-json\/wp\/v2\/pages\/329","targetHints":{"allow":["GET"]}}],"collection":[{"href":"https:\/\/mistersalud.com\/seguros\/wp-json\/wp\/v2\/pages"}],"about":[{"href":"https:\/\/mistersalud.com\/seguros\/wp-json\/wp\/v2\/types\/page"}],"author":[{"embeddable":true,"href":"https:\/\/mistersalud.com\/seguros\/wp-json\/wp\/v2\/users\/4"}],"replies":[{"embeddable":true,"href":"https:\/\/mistersalud.com\/seguros\/wp-json\/wp\/v2\/comments?post=329"}],"version-history":[{"count":1,"href":"https:\/\/mistersalud.com\/seguros\/wp-json\/wp\/v2\/pages\/329\/revisions"}],"predecessor-version":[{"id":330,"href":"https:\/\/mistersalud.com\/seguros\/wp-json\/wp\/v2\/pages\/329\/revisions\/330"}],"up":[{"embeddable":true,"href":"https:\/\/mistersalud.com\/seguros\/wp-json\/wp\/v2\/pages\/22"}],"wp:attachment":[{"href":"https:\/\/mistersalud.com\/seguros\/wp-json\/wp\/v2\/media?parent=329"}],"curies":[{"name":"wp","href":"https:\/\/api.w.org\/{rel}","templated":true}]}}