{"id":327,"date":"2022-07-07T09:35:13","date_gmt":"2022-07-07T09:35:13","guid":{"rendered":"https:\/\/mistersalud.com\/seguros\/?page_id=327"},"modified":"2022-07-07T09:35:13","modified_gmt":"2022-07-07T09:35:13","slug":"umas","status":"publish","type":"page","link":"https:\/\/mistersalud.com\/seguros\/companias\/umas\/","title":{"rendered":"Seguro m\u00e9dico UMAS"},"content":{"rendered":"\n<p><span style=\"font-weight: 400;\">UMAS es principalmente una empresa aseguradora relacionada con las entidades religiosas y el \u00e1mbito social. Se constituy\u00f3 en un principio como una Mutua de Seguros en 1981 por orden de la Conferencia Episcopal Espa\u00f1ola, pero con el paso de los a\u00f1os ha centrado sus objetivos cerca de la Iglesia.<\/span><\/p>\n<p><span style=\"font-weight: 400;\">La principal finalidad de esta compa\u00f1\u00eda es la pr\u00e1ctica de actividad aseguradora, en r\u00e9gimen de mutualista y sin \u00e1nimo de lucro. Tras realizar diversas actividades, Umas llam\u00f3 la atenci\u00f3n de otros colectivos eclesi\u00e1sticos y \u00f3rdenes religiosas.<\/span><\/p>\n<p><span style=\"font-weight: 400;\">Por otro lado, la estructura de UMAS es compleja, ya que est\u00e1 formado por un gran equipo de profesionales encargados de 15.000 siniestros. Adem\u00e1s, tienen una red amplia distribuida en 12 oficinas por toda Espa\u00f1a.<\/span><\/p>\n<p><span style=\"font-weight: 400;\">Con Mistersalud podr\u00e1 tener toda la informaci\u00f3n que necesites de la manera m\u00e1s clara posible y de forma que los puedas comparar con otras aseguradoras con el fin de que escojas tu mejor opci\u00f3n.\u00a0<\/span><\/p>\n<div class=\"colorf \"  ><div class=\"container clearfix\"><div class=\"col-md-7\"><\/p>\n<h2><b>Cuadro m\u00e9dico de UMAS<\/b><\/h2>\n<p><span style=\"font-weight: 400;\">Desde UMAS, ofrecen una amplia variedad de seguros para hacer frente a cualquier suceso que ocurra, para ello UMAS pone a su disposici\u00f3n tres compa\u00f1\u00edas: Adeslas, Sanitas y Asisa.\u00a0<\/span><\/p>\n<p><span style=\"font-weight: 400;\">Para obtener un seguro de gran calidad con el objetivo de brindarte la seguridad necesaria, tienes que ponerte en contacto con sus teleoperadores.<\/span><\/p>\n<p><span style=\"font-weight: 400;\">Este seguro lo debes de contratar ya que la mayor\u00eda tiene unos gastos excesivos. Esta compa\u00f1\u00eda pone a la disposici\u00f3n del cliente diferentes beneficios: video-consultas con especialistas, entrega de medicina a domicilio, visitas a especialistas o a la consulta del m\u00e9dico\u2026<\/span><\/p>\n<p><span style=\"font-weight: 400;\">\u00a0<\/span><\/p>\n<p><\/div><\/div><\/div>\n<h2><b>Coberturas del seguro de salud UMAS<\/b><\/h2>\n<p><span style=\"font-weight: 400;\">Las coberturas dentro de UMAS son variadas con una amplia baraja de caracter\u00edsticas. La mayor parte de las coberturas las realizan Adeslas, Sanitas y Asisa, que cubren el 60% de la cuota de mercado en el territorio nacional. Tambi\u00e9n, presta diferentes p\u00f3lizas por parte de los Igualitarios M\u00e9dicos Quir\u00fargicos de Pa\u00eds Vasco, Navarra y Asturias.\u00a0<\/span><\/p>\n<p><span style=\"font-weight: 400;\">Por lo tanto, UMAS cubre las necesidades de los religiones y de los particulares con una ampl\u00eda carta sanitaria que ofrece todo lo disponible.<\/span><\/p>\n<div class=\"colorf\"><div class=\"container clearfix\"><div class=\"col-md-7\"><div class=\"tipos\"><svg id=\"stars\" style=\"display: none;\" version=\"1.1\">\n\t<symbol id=\"stars-full-star\" viewBox=\"0 0 102 18\">\n\t\t<path d=\"M9.5 14.25l-5.584 2.936 1.066-6.218L.465 6.564l6.243-.907L9.5 0l2.792 5.657 6.243.907-4.517 4.404 1.066 6.218\" \/>\n\t<\/symbol>\n\n\t<symbol id=\"stars-half-star\" viewBox=\"0 0 102 18\">\n\t\t<path d=\"M9.5 14.25l-5.584 2.936 1.066-6.218L.465 6.564l6.243-.907L9.5 0l2.792\" fill=\"#ffdc0f\" \/>\n\t<\/symbol>\n\n\t<symbol id=\"stars-all-star\" viewBox=\"0 0 102 18\">\n\t\t<use xlink:href=\"#stars-full-star\" \/>\n\t\t<use xlink:href=\"#stars-full-star\" transform=\"translate(21)\" \/>\n\t\t<use xlink:href=\"#stars-full-star\" transform=\"translate(42)\" \/>\n\t\t<use xlink:href=\"#stars-full-star\" transform=\"translate(63)\" \/>\n\t\t<use xlink:href=\"#stars-full-star\" transform=\"translate(84)\" \/>\n\t<\/symbol>\n\n\t<symbol id=\"stars-0\" viewBox=\"0 0 102 18\">\n\t\t<use xlink:href=\"#stars-all-star\" fill=\"#e5e5e5\" \/>\n\t<\/symbol>\n\n\t<symbol id=\"stars-1\" viewBox=\"0 0 102 18\">\n\t\t<use xlink:href=\"#stars-0\" \/>\n\t\t<use xlink:href=\"#stars-half-star\" \/>\n\t<\/symbol>\n\n\t<symbol id=\"stars-2\" viewBox=\"0 0 102 18\">\n\t\t<use xlink:href=\"#stars-0\" \/>\n\t\t<use xlink:href=\"#stars-full-star\" fill=\"#ffdc0f\" \/>\n\t<\/symbol>\n\n\t<symbol id=\"stars-3\" viewBox=\"0 0 102 18\">\n\t\t<use xlink:href=\"#stars-2\" \/>\n\t\t<use xlink:href=\"#stars-half-star\" transform=\"translate(21)\" \/>\n\t<\/symbol>\n\n\t<symbol id=\"stars-4\" viewBox=\"0 0 102 18\">\n\t\t<use xlink:href=\"#stars-2\" \/>\n\t\t<use xlink:href=\"#stars-full-star\" fill=\"#ffdc0f\" transform=\"translate(21)\" \/>\n\t<\/symbol>\n\n\t<symbol id=\"stars-5\" viewBox=\"0 0 102 18\">\n\t\t<use xlink:href=\"#stars-4\" \/>\n\t\t<use xlink:href=\"#stars-half-star\" transform=\"translate(42)\" \/>\n\t<\/symbol>\n\n\t<symbol id=\"stars-6\" viewBox=\"0 0 102 18\">\n\t\t<use xlink:href=\"#stars-4\" \/>\n\t\t<use xlink:href=\"#stars-full-star\" fill=\"#ffdc0f\" transform=\"translate(42)\" \/>\n\t<\/symbol>\n\n\t<symbol id=\"stars-7\" viewBox=\"0 0 102 18\">\n\t\t<use xlink:href=\"#stars-6\" \/>\n\t\t<use xlink:href=\"#stars-half-star\" transform=\"translate(63)\" \/>\n\t<\/symbol>\n\n\t<symbol id=\"stars-8\" viewBox=\"0 0 102 18\">\n\t\t<use xlink:href=\"#stars-6\" \/>\n\t\t<use xlink:href=\"#stars-full-star\" fill=\"#ffdc0f\" transform=\"translate(63)\" \/>\n\t<\/symbol>\n\n\t<symbol id=\"stars-9\" viewBox=\"0 0 102 18\">\n\t\t<use xlink:href=\"#stars-8\" \/>\n\t\t<use xlink:href=\"#stars-half-star\" transform=\"translate(84)\" \/>\n\t<\/symbol>\n\n\t<symbol id=\"stars-10\" viewBox=\"0 0 102 18\">\n\t\t<use xlink:href=\"#stars-all-star\" fill=\"#ffdc0f\" \/>\n\t<\/symbol>\n<\/svg>\n\n<h2><b>Tipos de p\u00f3liza del seguro m\u00e9dico UMAS<\/b><\/h2>\n<div class=\"desplazamiento\">\n<p><span style=\"font-weight: 400;\">Cada aseguradora tiene unas condiciones generalmente diferentes. Dentro de la empresa UMAS hay varios tipos y son los siguientes:<\/span><\/p>\n<ul>\n<li style=\"list-style-type: none;\">\n<ul>\n<li style=\"font-weight: 400;\" aria-level=\"1\"><b>Prima Natural<\/b><span style=\"font-weight: 400;\">: es aquella que depender\u00e1 de la edad del asegurado. Por ello, el precio ir\u00e1 subiendo conforme la edad de la persona se considere un riesgo para su salud.<\/span><\/li>\n<\/ul>\n<\/li>\n<\/ul>\n<ul>\n<li aria-level=\"1\"><b>Prima Nivelada: <\/b><span style=\"font-weight: 400;\">se mantiene constante y estable, es aconsejable para las personas entre 55 y 60 a\u00f1os.<\/span><\/li>\n<\/ul>\n<ul>\n<li aria-level=\"1\"><b>Prima Mixta: <\/b><span style=\"font-weight: 400;\">es una combinaci\u00f3n de las dos anteriores. Al principio el precio ser\u00e1 elevado, pero conforme pasen los a\u00f1os se ir\u00e1 reduciendo la cantidad a pagar.<\/span><\/li>\n<\/ul>\n<ul>\n<li aria-level=\"1\"><b>Prima \u00danica: <\/b><span style=\"font-weight: 400;\">el pago se realiza en una sola cuota y es recomendable para aquellas personas mayores que no pueden acogerse a las primas anteriores.<\/span><\/li>\n<\/ul>\n<\/div>\n<\/div><\/div><\/div><\/div>\n<h3><b>Seguro m\u00e9dico familiar UMAS<\/b><\/h3>\n<p><span style=\"font-weight: 400;\">En UMAS ofrecen diferentes tipos de seguros donde se adaptaran a t\u00ed para darte la mejor opci\u00f3n. Dependiendo de la opci\u00f3n que elijas tendr\u00e1s una serie de ventajas respecto a las dem\u00e1s personas, pero todos los tipos ofrecen una gran cantidad de caracter\u00edsticas beneficiosas.\u00a0<\/span><\/p>\n<p><span style=\"font-weight: 400;\">Tras haber elegido una opci\u00f3n tendr\u00e1s en la mano una gran variedad de servicios con o sin copago en los centros anteriormente mencionados.<\/span><\/p>\n<div class=\"colorf \"  ><div class=\"container clearfix\"><div class=\"col-md-7\"><\/p>\n<h3><b>Seguro m\u00e9dico con copago UMAS<\/b><\/h3>\n<p><span style=\"font-weight: 400;\">El seguro m\u00e9dico con copago en UMAS se da dependiendo de las modalidades que escojas, para ello desde Mistersalud hemos buscado y encontrado que el m\u00e9todo con copago se da en todas las modalidades. <\/span><\/p>\n<p><\/div><\/div><\/div>\n<h3><b>Seguro m\u00e9dico sin copago UMAS<\/b><\/h3>\n<p><span style=\"font-weight: 400;\">El seguro m\u00e9dico sin copago en UMAS se da dependiendo de las modalidades que escojas, para ello desde Mistersalud hemos buscado y encontrado que el m\u00e9todo sin copago se da en todas las modalidades.<\/span><\/p>\n<div class=\"accordion\" id=\"preguntas_desplegables\">\n<h2>Preguntas frecuentes sobre el seguro m\u00e9dico UMAS<\/h2>\n<p><span style=\"font-weight: 400;\">Desde Mistersalud queremos resolverle todo tipo de dudas que tengas sobre el seguro de Abanca. En los siguientes apartados observaras las preguntas m\u00e1s frecuentes que suelen hacernos nuestros clientes, para ello encontramos toda la informaci\u00f3n sobre este seguro para ofrecerte de la manera m\u00e1s r\u00e1pida y clara.<\/span><\/p>\n<div class=\"pregunta \"  ><div class=\"accordion-item\">\n\t\t\t \t    <h3 class=\"accordion-header\" id=\"heading1\">\n\t\t\t\t\t \t<button class=\"accordion-button collapsed\" type=\"button\" data-bs-toggle=\"collapse\" data-bs-target=\"#collapse1\" aria-expanded=\"false\" aria-controls=\"collapse1\">\n\t\t\t\t\t\t\t<b>\u00bfD\u00f3nde contratar el seguro m\u00e9dico UMAS?<\/b>\n\t\t\t\t\t \t<\/button>\n\t\t\t\t    <\/h3>\n\t\t\t\t    <div id=\"collapse1\" class=\"accordion-collapse collapse \" aria-labelledby=\"heading1\" data-bs-parent=\"#preguntas_desplegables\">\n\t\t\t\t\t\t<div class=\"accordion-body\">\n\t\t\t\t\t\t\t\n<p><span style=\"font-weight: 400;\">Para contratar UMAS solo hay un requisito: vivir en Espa\u00f1a. Esta empresa pone a disposici\u00f3n de todos aquellas personas el siguiente n\u00famero de tel\u00e9fono 913 191 010 o <\/span><a href=\"https:\/\/www.umas.es\/\"><span style=\"font-weight: 400;\">https:\/\/www.umas.es\/<\/span><\/a><span style=\"font-weight: 400;\">, que es la p\u00e1gina web donde puedes consultar y pedir m\u00e1s informaci\u00f3n sobre estos seguros.<\/span><\/p>\n<p>\n\t\t\t\t\t\t<\/div>\n\t\t\t\t\t<\/div>\n\t\t\t\t<\/div>\t<\/div> <div class=\"pregunta \"  ><div class=\"accordion-item\">\n\t\t\t \t    <h3 class=\"accordion-header\" id=\"heading2\">\n\t\t\t\t\t \t<button class=\"accordion-button collapsed\" type=\"button\" data-bs-toggle=\"collapse\" data-bs-target=\"#collapse2\" aria-expanded=\"false\" aria-controls=\"collapse2\">\n\t\t\t\t\t\t\t<b>\u00bfPuedo viajar con el seguro m\u00e9dico de UMAS?<\/b>\n\t\t\t\t\t \t<\/button>\n\t\t\t\t    <\/h3>\n\t\t\t\t    <div id=\"collapse2\" class=\"accordion-collapse collapse \" aria-labelledby=\"heading2\" data-bs-parent=\"#preguntas_desplegables\">\n\t\t\t\t\t\t<div class=\"accordion-body\">\n\t\t\t\t\t\t\t<\/p>\n<p><span style=\"font-weight: 400;\">Con los seguros de UMAS puedes realizar todos los viajes que quieras, ya que el seguro m\u00e9dico cubre cualquier accidente fuera del territorio nacional. No hay ning\u00fan inconveniente de tener cualquiera de los tipos de seguro, todos cubren las necesidades en el extranjero. <\/span><\/p>\n<p>\n\t\t\t\t\t\t<\/div>\n\t\t\t\t\t<\/div>\n\t\t\t\t<\/div>\t<\/div><\/p>\n<div class=\"pregunta \"  ><div class=\"accordion-item\">\n\t\t\t \t    <h3 class=\"accordion-header\" id=\"heading3\">\n\t\t\t\t\t \t<button class=\"accordion-button collapsed\" type=\"button\" data-bs-toggle=\"collapse\" data-bs-target=\"#collapse3\" aria-expanded=\"false\" aria-controls=\"collapse3\">\n\t\t\t\t\t\t\t<b>\u00bfQu\u00e9 cubre el seguro m\u00e9dico de UMAS?<\/b>\n\t\t\t\t\t \t<\/button>\n\t\t\t\t    <\/h3>\n\t\t\t\t    <div id=\"collapse3\" class=\"accordion-collapse collapse \" aria-labelledby=\"heading3\" data-bs-parent=\"#preguntas_desplegables\">\n\t\t\t\t\t\t<div class=\"accordion-body\">\n\t\t\t\t\t\t\t<\/p>\n<p><span style=\"font-weight: 400;\">El seguro de UMAS ofrece numerosos servicios y, sobre todo, el asegurado tiene a su disposici\u00f3n: video-consultas con m\u00e9dico y especialistas, entrega a domicilio de medicina, consultas personales\u2026<\/span><\/p>\n<p>\n\t\t\t\t\t\t<\/div>\n\t\t\t\t\t<\/div>\n\t\t\t\t<\/div>\t<\/div>\n<\/div>\n<div class=\"colorf\"><div class=\"container clearfix\"><div class=\"col-md-7\"><div class=\"empresas\">\n<h3>Compa\u00f1\u00edas de seguros m\u00e9dicos<\/h3>\n<div class=\"enlazado\"><ul><li><a href=\"https:\/\/mistersalud.com\/seguros\/companias\/allianz\/\"><span>Seguro M\u00e9dico Allianz<\/span><\/a><\/li><li><a href=\"https:\/\/mistersalud.com\/seguros\/companias\/asisa\/\"><span>Seguro M\u00e9dico Asisa<\/span><\/a><\/li><li><a href=\"https:\/\/mistersalud.com\/seguros\/companias\/caixabank\/\"><span>Seguro M\u00e9dico CaixaBank<\/span><\/a><\/li><li><a href=\"https:\/\/mistersalud.com\/seguros\/companias\/expertia\/\"><span>Seguro M\u00e9dico Expertia<\/span><\/a><\/li><li><a href=\"https:\/\/mistersalud.com\/seguros\/companias\/groupama\/\"><span>Seguro M\u00e9dico Groupama<\/span><\/a><\/li><li><a href=\"https:\/\/mistersalud.com\/seguros\/companias\/imq\/\"><span>Seguro M\u00e9dico IMQ<\/span><\/a><\/li><li><a href=\"https:\/\/mistersalud.com\/seguros\/companias\/mapfre\/\"><span>Seguro M\u00e9dico Mapfre<\/span><\/a><\/li><li><a href=\"https:\/\/mistersalud.com\/seguros\/companias\/martierra\/\"><span>Seguro M\u00e9dico Martierra<\/span><\/a><\/li><li><a href=\"https:\/\/mistersalud.com\/seguros\/companias\/mutua-terrassa\/\"><span>Seguro M\u00e9dico Mutua Terrassa<\/span><\/a><\/li><li><a href=\"https:\/\/mistersalud.com\/seguros\/companias\/soliss\/\"><span>Seguro M\u00e9dico Soliss<\/span><\/a><\/li><li><a href=\"https:\/\/mistersalud.com\/seguros\/companias\/targobank\/\"><span>Seguro M\u00e9dico Targobank<\/span><\/a><\/li><li><a href=\"https:\/\/mistersalud.com\/seguros\/companias\/asociacion-europea\/\"><span>Seguro m\u00e9dico Asociaci\u00f3n Europea<\/span><\/a><\/li><li><a href=\"https:\/\/mistersalud.com\/seguros\/companias\/axa\/\"><span>Seguro m\u00e9dico Axa<\/span><\/a><\/li><li><a href=\"https:\/\/mistersalud.com\/seguros\/companias\/banco-de-albacete\/\"><span>Seguro m\u00e9dico Banco de Albacete<\/span><\/a><\/li><li><a href=\"https:\/\/mistersalud.com\/seguros\/companias\/carrefour\/\"><span>Seguro m\u00e9dico Carrefour<\/span><\/a><\/li><li><a href=\"https:\/\/mistersalud.com\/seguros\/companias\/caser\/\"><span>Seguro m\u00e9dico Caser<\/span><\/a><\/li><li><a href=\"https:\/\/mistersalud.com\/seguros\/companias\/catalana-occidente\/\"><span>Seguro m\u00e9dico Catalana Occidente<\/span><\/a><\/li><li><a href=\"https:\/\/mistersalud.com\/seguros\/companias\/cetelem\/\"><span>Seguro m\u00e9dico Cetelem<\/span><\/a><\/li><li><a href=\"https:\/\/mistersalud.com\/seguros\/companias\/cigna\/\"><span>Seguro m\u00e9dico Cigna<\/span><\/a><\/li><li><a href=\"https:\/\/mistersalud.com\/seguros\/companias\/evo-banco\/\"><span>Seguro m\u00e9dico Evo Banco<\/span><\/a><\/li><li><a href=\"https:\/\/mistersalud.com\/seguros\/companias\/meridiano\/\"><span>Seguro m\u00e9dico Meridiano<\/span><\/a><\/li><li><a href=\"https:\/\/mistersalud.com\/seguros\/companias\/montepio\/\"><span>Seguro m\u00e9dico Montep\u00edo<\/span><\/a><\/li><li><a href=\"https:\/\/mistersalud.com\/seguros\/companias\/medicos-filantropicos\/\"><span>Seguro m\u00e9dico M\u00e9dicos Filantr\u00f3picos<\/span><\/a><\/li><li><a href=\"https:\/\/mistersalud.com\/seguros\/companias\/nationale-nederlanden\/\"><span>Seguro m\u00e9dico Nationale Nederlanden<\/span><\/a><\/li><li><a href=\"https:\/\/mistersalud.com\/seguros\/companias\/norte-hispana\/\"><span>Seguro m\u00e9dico Norte Hispana<\/span><\/a><\/li><li><a href=\"https:\/\/mistersalud.com\/seguros\/companias\/nuez\/\"><span>Seguro m\u00e9dico Nuez<\/span><\/a><\/li><li><a href=\"https:\/\/mistersalud.com\/seguros\/companias\/pueyo\/\"><span>Seguro m\u00e9dico Pueyo<\/span><\/a><\/li><li><a href=\"https:\/\/mistersalud.com\/seguros\/companias\/santa-lucia\/\"><span>Seguro m\u00e9dico Santa Luc\u00eda<\/span><\/a><\/li><li><a href=\"https:\/\/mistersalud.com\/seguros\/companias\/union-madrilena\/\"><span>Seguro m\u00e9dico Uni\u00f3n Madrile\u00f1a<\/span><\/a><\/li><li><a href=\"https:\/\/mistersalud.com\/seguros\/companias\/vivaz\/\"><span>Seguro m\u00e9dico Vivaz<\/span><\/a><\/li><\/ul><\/div>\n<p><\/div><\/div><\/div><\/div><br \/>\n<div class=\"oficinas\"><\/p>\n<div><!-- No shortcodes are defined --><\/div>\n<\/div>\n","protected":false},"excerpt":{"rendered":"<p>UMAS es principalmente una empresa aseguradora relacionada con las entidades religiosas y el \u00e1mbito social. Se constituy\u00f3 en un principio como una Mutua de Seguros en 1981 por orden de la Conferencia Episcopal Espa\u00f1ola, pero con el paso de los a\u00f1os ha centrado sus objetivos cerca de la Iglesia. La principal finalidad de esta compa\u00f1\u00eda&hellip; <\/p>\n","protected":false},"author":4,"featured_media":0,"parent":22,"menu_order":0,"comment_status":"closed","ping_status":"closed","template":"single.php","meta":{"footnotes":""},"class_list":["post-327","page","type-page","status-publish","hentry"],"yoast_head":"<!-- This site is optimized with the Yoast SEO plugin v27.4 - https:\/\/yoast.com\/product\/yoast-seo-wordpress\/ -->\n<title>Seguro m\u00e9dico UMAS - misterSalud<\/title>\n<meta name=\"robots\" content=\"index, follow, max-snippet:-1, max-image-preview:large, max-video-preview:-1\" \/>\n<link rel=\"canonical\" href=\"https:\/\/mistersalud.com\/seguros\/companias\/umas\/\" \/>\n<meta property=\"og:locale\" content=\"es_ES\" \/>\n<meta property=\"og:type\" content=\"article\" \/>\n<meta property=\"og:title\" content=\"Seguro m\u00e9dico UMAS - misterSalud\" \/>\n<meta property=\"og:description\" content=\"UMAS es principalmente una empresa aseguradora relacionada con las entidades religiosas y el \u00e1mbito social. Se constituy\u00f3 en un principio como una Mutua de Seguros en 1981 por orden de la Conferencia Episcopal Espa\u00f1ola, pero con el paso de los a\u00f1os ha centrado sus objetivos cerca de la Iglesia. La principal finalidad de esta compa\u00f1\u00eda&hellip;\" \/>\n<meta property=\"og:url\" content=\"https:\/\/mistersalud.com\/seguros\/companias\/umas\/\" \/>\n<meta property=\"og:site_name\" content=\"misterSalud\" \/>\n<meta name=\"twitter:card\" content=\"summary_large_image\" \/>\n<meta name=\"twitter:label1\" content=\"Tiempo de lectura\" \/>\n\t<meta name=\"twitter:data1\" content=\"5 minutos\" \/>\n<script type=\"application\/ld+json\" class=\"yoast-schema-graph\">{\"@context\":\"https:\\\/\\\/schema.org\",\"@graph\":[{\"@type\":\"WebPage\",\"@id\":\"https:\\\/\\\/mistersalud.com\\\/seguros\\\/companias\\\/umas\\\/\",\"url\":\"https:\\\/\\\/mistersalud.com\\\/seguros\\\/companias\\\/umas\\\/\",\"name\":\"Seguro m\u00e9dico UMAS - misterSalud\",\"isPartOf\":{\"@id\":\"https:\\\/\\\/mistersalud.com\\\/seguros\\\/#website\"},\"datePublished\":\"2022-07-07T09:35:13+00:00\",\"breadcrumb\":{\"@id\":\"https:\\\/\\\/mistersalud.com\\\/seguros\\\/companias\\\/umas\\\/#breadcrumb\"},\"inLanguage\":\"es\",\"potentialAction\":[{\"@type\":\"ReadAction\",\"target\":[\"https:\\\/\\\/mistersalud.com\\\/seguros\\\/companias\\\/umas\\\/\"]}]},{\"@type\":\"BreadcrumbList\",\"@id\":\"https:\\\/\\\/mistersalud.com\\\/seguros\\\/companias\\\/umas\\\/#breadcrumb\",\"itemListElement\":[{\"@type\":\"ListItem\",\"position\":1,\"name\":\"Portada\",\"item\":\"https:\\\/\\\/mistersalud.com\\\/seguros\\\/\"},{\"@type\":\"ListItem\",\"position\":2,\"name\":\"Compa\u00f1\u00edas de Seguros de Salud en Espa\u00f1a\",\"item\":\"https:\\\/\\\/mistersalud.com\\\/seguros\\\/companias\\\/\"},{\"@type\":\"ListItem\",\"position\":3,\"name\":\"Seguro m\u00e9dico UMAS\"}]},{\"@type\":\"WebSite\",\"@id\":\"https:\\\/\\\/mistersalud.com\\\/seguros\\\/#website\",\"url\":\"https:\\\/\\\/mistersalud.com\\\/seguros\\\/\",\"name\":\"misterSalud\",\"description\":\"\",\"publisher\":{\"@id\":\"https:\\\/\\\/mistersalud.com\\\/seguros\\\/#organization\"},\"potentialAction\":[{\"@type\":\"SearchAction\",\"target\":{\"@type\":\"EntryPoint\",\"urlTemplate\":\"https:\\\/\\\/mistersalud.com\\\/seguros\\\/?s={search_term_string}\"},\"query-input\":{\"@type\":\"PropertyValueSpecification\",\"valueRequired\":true,\"valueName\":\"search_term_string\"}}],\"inLanguage\":\"es\"},{\"@type\":\"Organization\",\"@id\":\"https:\\\/\\\/mistersalud.com\\\/seguros\\\/#organization\",\"name\":\"misterSalud\",\"url\":\"https:\\\/\\\/mistersalud.com\\\/seguros\\\/\",\"logo\":{\"@type\":\"ImageObject\",\"inLanguage\":\"es\",\"@id\":\"https:\\\/\\\/mistersalud.com\\\/seguros\\\/#\\\/schema\\\/logo\\\/image\\\/\",\"url\":\"https:\\\/\\\/mistersalud.com\\\/seguros\\\/wp-content\\\/uploads\\\/2022\\\/05\\\/logo-mistersalud.png\",\"contentUrl\":\"https:\\\/\\\/mistersalud.com\\\/seguros\\\/wp-content\\\/uploads\\\/2022\\\/05\\\/logo-mistersalud.png\",\"width\":178,\"height\":89,\"caption\":\"misterSalud\"},\"image\":{\"@id\":\"https:\\\/\\\/mistersalud.com\\\/seguros\\\/#\\\/schema\\\/logo\\\/image\\\/\"}}]}<\/script>\n<!-- \/ Yoast SEO plugin. -->","yoast_head_json":{"title":"Seguro m\u00e9dico UMAS - misterSalud","robots":{"index":"index","follow":"follow","max-snippet":"max-snippet:-1","max-image-preview":"max-image-preview:large","max-video-preview":"max-video-preview:-1"},"canonical":"https:\/\/mistersalud.com\/seguros\/companias\/umas\/","og_locale":"es_ES","og_type":"article","og_title":"Seguro m\u00e9dico UMAS - misterSalud","og_description":"UMAS es principalmente una empresa aseguradora relacionada con las entidades religiosas y el \u00e1mbito social. Se constituy\u00f3 en un principio como una Mutua de Seguros en 1981 por orden de la Conferencia Episcopal Espa\u00f1ola, pero con el paso de los a\u00f1os ha centrado sus objetivos cerca de la Iglesia. La principal finalidad de esta compa\u00f1\u00eda&hellip;","og_url":"https:\/\/mistersalud.com\/seguros\/companias\/umas\/","og_site_name":"misterSalud","twitter_card":"summary_large_image","twitter_misc":{"Tiempo de lectura":"5 minutos"},"schema":{"@context":"https:\/\/schema.org","@graph":[{"@type":"WebPage","@id":"https:\/\/mistersalud.com\/seguros\/companias\/umas\/","url":"https:\/\/mistersalud.com\/seguros\/companias\/umas\/","name":"Seguro m\u00e9dico UMAS - misterSalud","isPartOf":{"@id":"https:\/\/mistersalud.com\/seguros\/#website"},"datePublished":"2022-07-07T09:35:13+00:00","breadcrumb":{"@id":"https:\/\/mistersalud.com\/seguros\/companias\/umas\/#breadcrumb"},"inLanguage":"es","potentialAction":[{"@type":"ReadAction","target":["https:\/\/mistersalud.com\/seguros\/companias\/umas\/"]}]},{"@type":"BreadcrumbList","@id":"https:\/\/mistersalud.com\/seguros\/companias\/umas\/#breadcrumb","itemListElement":[{"@type":"ListItem","position":1,"name":"Portada","item":"https:\/\/mistersalud.com\/seguros\/"},{"@type":"ListItem","position":2,"name":"Compa\u00f1\u00edas de Seguros de Salud en Espa\u00f1a","item":"https:\/\/mistersalud.com\/seguros\/companias\/"},{"@type":"ListItem","position":3,"name":"Seguro m\u00e9dico UMAS"}]},{"@type":"WebSite","@id":"https:\/\/mistersalud.com\/seguros\/#website","url":"https:\/\/mistersalud.com\/seguros\/","name":"misterSalud","description":"","publisher":{"@id":"https:\/\/mistersalud.com\/seguros\/#organization"},"potentialAction":[{"@type":"SearchAction","target":{"@type":"EntryPoint","urlTemplate":"https:\/\/mistersalud.com\/seguros\/?s={search_term_string}"},"query-input":{"@type":"PropertyValueSpecification","valueRequired":true,"valueName":"search_term_string"}}],"inLanguage":"es"},{"@type":"Organization","@id":"https:\/\/mistersalud.com\/seguros\/#organization","name":"misterSalud","url":"https:\/\/mistersalud.com\/seguros\/","logo":{"@type":"ImageObject","inLanguage":"es","@id":"https:\/\/mistersalud.com\/seguros\/#\/schema\/logo\/image\/","url":"https:\/\/mistersalud.com\/seguros\/wp-content\/uploads\/2022\/05\/logo-mistersalud.png","contentUrl":"https:\/\/mistersalud.com\/seguros\/wp-content\/uploads\/2022\/05\/logo-mistersalud.png","width":178,"height":89,"caption":"misterSalud"},"image":{"@id":"https:\/\/mistersalud.com\/seguros\/#\/schema\/logo\/image\/"}}]}},"_links":{"self":[{"href":"https:\/\/mistersalud.com\/seguros\/wp-json\/wp\/v2\/pages\/327","targetHints":{"allow":["GET"]}}],"collection":[{"href":"https:\/\/mistersalud.com\/seguros\/wp-json\/wp\/v2\/pages"}],"about":[{"href":"https:\/\/mistersalud.com\/seguros\/wp-json\/wp\/v2\/types\/page"}],"author":[{"embeddable":true,"href":"https:\/\/mistersalud.com\/seguros\/wp-json\/wp\/v2\/users\/4"}],"replies":[{"embeddable":true,"href":"https:\/\/mistersalud.com\/seguros\/wp-json\/wp\/v2\/comments?post=327"}],"version-history":[{"count":1,"href":"https:\/\/mistersalud.com\/seguros\/wp-json\/wp\/v2\/pages\/327\/revisions"}],"predecessor-version":[{"id":328,"href":"https:\/\/mistersalud.com\/seguros\/wp-json\/wp\/v2\/pages\/327\/revisions\/328"}],"up":[{"embeddable":true,"href":"https:\/\/mistersalud.com\/seguros\/wp-json\/wp\/v2\/pages\/22"}],"wp:attachment":[{"href":"https:\/\/mistersalud.com\/seguros\/wp-json\/wp\/v2\/media?parent=327"}],"curies":[{"name":"wp","href":"https:\/\/api.w.org\/{rel}","templated":true}]}}