{"id":233,"date":"2022-06-29T11:02:32","date_gmt":"2022-06-29T11:02:32","guid":{"rendered":"https:\/\/mistersalud.com\/seguros\/?page_id=233"},"modified":"2022-06-29T11:02:32","modified_gmt":"2022-06-29T11:02:32","slug":"banca-march","status":"publish","type":"page","link":"https:\/\/mistersalud.com\/seguros\/companias\/banca-march\/","title":{"rendered":"Seguro M\u00e9dico Banca March"},"content":{"rendered":"\n<p>Banca March es un banco creado por Juan March en la isla de Palma situada en las Islas Baleares. Esta entidad se inaugur\u00f3 en 1926 y sobre los a\u00f1os 70 fue cuando la entidad empez\u00f3 a desarrollarse por la pen\u00ednsula y tambi\u00e9n por las Islas Canarias. El primer fin de la creaci\u00f3n de esta empresa fue la de abastecer una de las partes de las empresas que pose\u00eda el fundador.<br \/>\nLa familia de los March tambi\u00e9n eran accionistas del Bnaco Hispano y aparte tambi\u00e9n estaban al tanto de lo que pasaba en el Banco Popular. En los a\u00f1os 80 se intent\u00f3 fusionar los bancos de los que eran part\u00edcipes la familia March, no se dio debido a que la operaci\u00f3n fue cancelada.<br \/>\nTodas las acciones que ten\u00eda la familia March fueron vendidas a diversas personas con el paso del tiempo.<br \/>\nBanca March destaca en cuatro aspectos que son la calidad de servicio superior, profesionales altamente cualificados, productos exclusivos y compromiso accionarial, con esos aspectos, Banca March trata de ofrecer el mejor servicio a sus clientes.<br \/>\nEn cuanto a seguros, Banca March ofrece gran variedad donde podemos destacar las siguientes: Hogar, Salud, Vida, Autos, Accidentes, Incapacidad, N\u00e1uticos, Viajes y Decesos.<\/p>\n<div class=\"colorf \"  ><div class=\"container clearfix\"><div class=\"col-md-7\"><\/p>\n<h2><b>Cuadro m\u00e9dico de Banca March<\/b><\/h2>\n<p>El cuadro m\u00e9dico de Banca March est\u00e1 compuesto de cerca de 1.300 empleados Banca Comercial Privada, Patrimonial, de grandes Empresas y Oficinas Internacionales.<\/p>\n<p>Banca March mantiene una relaci\u00f3n a la hora de hablar de seguros con Generali. Esta aseguradora tiene una experiencia de m\u00e1s de 200 a\u00f1os, en su plantilla hay en torno a 80.000 empleados repartidos en diferentes pa\u00edses.<\/p>\n<p>Los seguros de Generali intentan siempre adaptarse a lo que pida el cliente dentro de lo que pueda ofrecer. Lo que m\u00e1s suele darse en estos seguros es el servicio de servicio f\u00fanebre. Gracias a este servicio podr\u00e1s contar con una gran comodidad y bienestar cuando se de este acontecimiento.<\/p>\n<p>Desde esta aseguradora podemos ver como cuentan con cinco tipos de seguros distintos. Son los siguientes: Protecci\u00f3n Familiar, Protecci\u00f3n Edad Oro, Protecci\u00f3n Single, Protecci\u00f3n Senior y Protecci\u00f3n Familiar Extranjeros.<\/p>\n<p>A la hora de querer contratar alguno de estos tipos de seguros tienes que fijarte fundamentalmente en dos cosas. La primera es mirar con detenimiento las primas que tienes que pagar y la segunda es estar al tanto de las coberturas que ofrece la aseguradora.<\/p>\n<p>Por parte de Mistersalud intentaremos ofrecerte la mejor opci\u00f3n posible para que contrates tu aseguradora sin ning\u00fan tipo de dudas e intentando favorecer en todo momento al cliente para que se satisfaga con la opci\u00f3n que haya escogido.<\/p>\n<p><\/div><\/div><\/div>\n<h2><b>Coberturas del seguro de salud Banca March<\/b><\/h2>\n<p>Los tipos de coberturas de los que cuenta Banca March como ya expusimos anteriormente se compone de cinco: Protecci\u00f3n Familiar, Protecci\u00f3n Edad Oro, Protecci\u00f3n Single, Protecci\u00f3n Senior y Protecci\u00f3n Familiar Extranjeros. En todas ellas podemos contar con las siguientes caracter\u00edsticas: Gesti\u00f3n y gastos de Sepelio y asistencia por fallecimiento.<\/p>\n<p>A la hora de hablar de coberturas existen en com\u00fan y opcionales que cuentan con gesti\u00f3n y gastos de sepelio y asistencia por fallecimiento.<\/p>\n<p>Dentro de las coberturas opcionales contamos con las siguientes caracter\u00edsticas: capital adicional por gastos de sepelio, asistencia familiar, fallecimiento por accidente, invalidez Absoluta y Permanente por Accidente, repatriaci\u00f3n, hospitalizaci\u00f3n por enfermedad\/ accidente, asistencia en viaje ampliada.<\/p>\n<div class=\"colorf\"><div class=\"container clearfix\"><div class=\"col-md-7\"><div class=\"tipos\"><svg id=\"stars\" style=\"display: none;\" version=\"1.1\">\n\t<symbol id=\"stars-full-star\" viewBox=\"0 0 102 18\">\n\t\t<path d=\"M9.5 14.25l-5.584 2.936 1.066-6.218L.465 6.564l6.243-.907L9.5 0l2.792 5.657 6.243.907-4.517 4.404 1.066 6.218\" \/>\n\t<\/symbol>\n\n\t<symbol id=\"stars-half-star\" viewBox=\"0 0 102 18\">\n\t\t<path d=\"M9.5 14.25l-5.584 2.936 1.066-6.218L.465 6.564l6.243-.907L9.5 0l2.792\" fill=\"#ffdc0f\" \/>\n\t<\/symbol>\n\n\t<symbol id=\"stars-all-star\" viewBox=\"0 0 102 18\">\n\t\t<use xlink:href=\"#stars-full-star\" \/>\n\t\t<use xlink:href=\"#stars-full-star\" transform=\"translate(21)\" \/>\n\t\t<use xlink:href=\"#stars-full-star\" transform=\"translate(42)\" \/>\n\t\t<use xlink:href=\"#stars-full-star\" transform=\"translate(63)\" \/>\n\t\t<use xlink:href=\"#stars-full-star\" transform=\"translate(84)\" \/>\n\t<\/symbol>\n\n\t<symbol id=\"stars-0\" viewBox=\"0 0 102 18\">\n\t\t<use xlink:href=\"#stars-all-star\" fill=\"#e5e5e5\" \/>\n\t<\/symbol>\n\n\t<symbol id=\"stars-1\" viewBox=\"0 0 102 18\">\n\t\t<use xlink:href=\"#stars-0\" \/>\n\t\t<use xlink:href=\"#stars-half-star\" \/>\n\t<\/symbol>\n\n\t<symbol id=\"stars-2\" viewBox=\"0 0 102 18\">\n\t\t<use xlink:href=\"#stars-0\" \/>\n\t\t<use xlink:href=\"#stars-full-star\" fill=\"#ffdc0f\" \/>\n\t<\/symbol>\n\n\t<symbol id=\"stars-3\" viewBox=\"0 0 102 18\">\n\t\t<use xlink:href=\"#stars-2\" \/>\n\t\t<use xlink:href=\"#stars-half-star\" transform=\"translate(21)\" \/>\n\t<\/symbol>\n\n\t<symbol id=\"stars-4\" viewBox=\"0 0 102 18\">\n\t\t<use xlink:href=\"#stars-2\" \/>\n\t\t<use xlink:href=\"#stars-full-star\" fill=\"#ffdc0f\" transform=\"translate(21)\" \/>\n\t<\/symbol>\n\n\t<symbol id=\"stars-5\" viewBox=\"0 0 102 18\">\n\t\t<use xlink:href=\"#stars-4\" \/>\n\t\t<use xlink:href=\"#stars-half-star\" transform=\"translate(42)\" \/>\n\t<\/symbol>\n\n\t<symbol id=\"stars-6\" viewBox=\"0 0 102 18\">\n\t\t<use xlink:href=\"#stars-4\" \/>\n\t\t<use xlink:href=\"#stars-full-star\" fill=\"#ffdc0f\" transform=\"translate(42)\" \/>\n\t<\/symbol>\n\n\t<symbol id=\"stars-7\" viewBox=\"0 0 102 18\">\n\t\t<use xlink:href=\"#stars-6\" \/>\n\t\t<use xlink:href=\"#stars-half-star\" transform=\"translate(63)\" \/>\n\t<\/symbol>\n\n\t<symbol id=\"stars-8\" viewBox=\"0 0 102 18\">\n\t\t<use xlink:href=\"#stars-6\" \/>\n\t\t<use xlink:href=\"#stars-full-star\" fill=\"#ffdc0f\" transform=\"translate(63)\" \/>\n\t<\/symbol>\n\n\t<symbol id=\"stars-9\" viewBox=\"0 0 102 18\">\n\t\t<use xlink:href=\"#stars-8\" \/>\n\t\t<use xlink:href=\"#stars-half-star\" transform=\"translate(84)\" \/>\n\t<\/symbol>\n\n\t<symbol id=\"stars-10\" viewBox=\"0 0 102 18\">\n\t\t<use xlink:href=\"#stars-all-star\" fill=\"#ffdc0f\" \/>\n\t<\/symbol>\n<\/svg>\n\n<h2><b>Tipos de p\u00f3liza del seguro m\u00e9dico Banca March<\/b><\/h2>\n<div class=\"desplazamiento\">\n<p>En Banca March contamos con cinco tipos de primas diferentes. Este tipo de primas suelen ser escogidas respecto a la edad y tambi\u00e9n respecto a la situaci\u00f3n econ\u00f3mica por la que pase la familia.<\/p>\n<p>La primera p\u00f3liza que encontramos es la de prima \u00fanica que es la opci\u00f3n que m\u00e1s se suele recomendar para personas de entre 65 y 70 a\u00f1os. La prima se abona de una sola vez.<\/p>\n<p>La segunda que nos encontramos es la prima natural que se suele usar cuando eres joven, es el tipo de prima que es relativamente m\u00e1s barata que las anteriores. Este tipo de prima tiene un inconveniente y es que ir\u00e1 aumentando conforme lo hace la edad. Por lo cu\u00e1l, si tienes entre 60 y 65 a\u00f1os, los precios son demasiados elevados con respecto a otras primas.<\/p>\n<p>La tercera es la prima nivelada, en esta prima el precio se mantiene constante y estable. Puede haber subidas de precio en caso de que haya que usar el servicio f\u00fanebre.<\/p>\n<p>La cuarta es la prima mixta que al principio pagaremos como una prima natural que es la segunda opci\u00f3n. El precio ir\u00e1 subiendo conforme lo haga la edad como ya dijimos anteriormente. Cuando se alcanza una cierta edad, la prima se nivela y no tendr\u00e1s que hacer un pago tan elevado como en la segunda prima.<\/p>\n<p>Por \u00faltimo, la quinta prima es la seminatural que se basa en que se va actualizando cada cierto periodo de tiempo. Lo normal son 5 a\u00f1os aunque esto puede ir variando.<\/p>\n<\/div>\n<\/div><\/div><\/div><\/div>\n<h3><b>Seguro m\u00e9dico familiar Banca March<\/b><\/h3>\n<p>El seguro m\u00e9dico en el que cuenta Banca March es el siguiente: Protecci\u00f3n Familiar, Protecci\u00f3n Edad Oro, Protecci\u00f3n Single, Protecci\u00f3n Senior y Protecci\u00f3n Familiar Extranjeros. Aparte de ofrecerte estos tipos de seguros, tienen tambi\u00e9n diferentes caracter\u00edsticas seg\u00fan la cobertura que quieras elegir. Dentro de las diferentes caracter\u00edsticas que puedes encontrar, detallamos las siguientes: capital adicional por gastos de sepelio, asistencia familiar, fallecimiento por accidente, invalidez Absoluta y Permanente por Accidente, repatriaci\u00f3n, hospitalizaci\u00f3n por enfermedad\/ accidente, asistencia en viaje ampliada.<\/p>\n<div class=\"colorf \"  ><div class=\"container clearfix\"><div class=\"col-md-7\"><\/p>\n<h3><b>Seguro m\u00e9dico con copago Banca March<\/b><\/h3>\n<p>El seguro m\u00e9dico con copago que ofrece Banca March solo lo podras encontrar en cl\u00ednicas y centro que pertenezcan a dicha aseguradora. Cubren todas las prestaciones m\u00e9dicas.<\/p>\n<p><\/div><\/div><\/div>\n<h3><b>Seguro m\u00e9dico sin copago Banca March<\/b><\/h3>\n<p>El seguro m\u00e9dico sin copago que ofrece Banca March solo lo podras encontrar en cl\u00ednicas y centro que pertenezcan a dicha aseguradora.<\/p>\n<div class=\"accordion\" id=\"preguntas_desplegables\">\n<h2>Preguntas frecuentes sobre el seguro m\u00e9dico Banca March<\/h2>\n<p>Con Banca March suelen haber muchas preguntas sin respuesta, desde Mistersalud intentaremos resolver todo tipos de dudas que tengas para ofrecerle a usted el mejor trato de manera que pueda entenderlo con facilidad y con una informaci\u00f3n que ser\u00e1 lo m\u00e1s clara y veraz posible.<\/p>\n<div class=\"pregunta \"  ><div class=\"accordion-item\">\n\t\t\t \t    <h3 class=\"accordion-header\" id=\"heading1\">\n\t\t\t\t\t \t<button class=\"accordion-button collapsed\" type=\"button\" data-bs-toggle=\"collapse\" data-bs-target=\"#collapse1\" aria-expanded=\"false\" aria-controls=\"collapse1\">\n\t\t\t\t\t\t\t<b>\u00bfD\u00f3nde contratar el seguro m\u00e9dico Banca March?<\/b>\n\t\t\t\t\t \t<\/button>\n\t\t\t\t    <\/h3>\n\t\t\t\t    <div id=\"collapse1\" class=\"accordion-collapse collapse \" aria-labelledby=\"heading1\" data-bs-parent=\"#preguntas_desplegables\">\n\t\t\t\t\t\t<div class=\"accordion-body\">\n\t\t\t\t\t\t\t\n<p>El seguro de Banca March los puedes contratar de tres maneras diferentes. La primera manera que ofrece es el n\u00famero de tel\u00e9fono donde podr\u00e1s mantener contacto con un teleoperador que tratara de entender lo que usted necesita.<\/p>\n<p>\n\t\t\t\t\t\t<\/div>\n\t\t\t\t\t<\/div>\n\t\t\t\t<\/div>\t<\/div> <div class=\"pregunta \"  ><div class=\"accordion-item\">\n\t\t\t \t    <h3 class=\"accordion-header\" id=\"heading2\">\n\t\t\t\t\t \t<button class=\"accordion-button collapsed\" type=\"button\" data-bs-toggle=\"collapse\" data-bs-target=\"#collapse2\" aria-expanded=\"false\" aria-controls=\"collapse2\">\n\t\t\t\t\t\t\t<b>\u00bfPuedo viajar con el seguro m\u00e9dico de Banca March?<\/b>\n\t\t\t\t\t \t<\/button>\n\t\t\t\t    <\/h3>\n\t\t\t\t    <div id=\"collapse2\" class=\"accordion-collapse collapse \" aria-labelledby=\"heading2\" data-bs-parent=\"#preguntas_desplegables\">\n\t\t\t\t\t\t<div class=\"accordion-body\">\n\t\t\t\t\t\t\t<\/p>\n<p>Si puedes realizar viajes con el seguro m\u00e9dico de Banca March, para ello solo tienes que escoger cu\u00e1l de los seguros quieres obtener. Banca March cuenta con los siguientes: Protecci\u00f3n Familiar, Protecci\u00f3n Edad Oro, Protecci\u00f3n Single, Protecci\u00f3n Senior y Protecci\u00f3n Familiar Extranjeros.<\/p>\n<p>\n\t\t\t\t\t\t<\/div>\n\t\t\t\t\t<\/div>\n\t\t\t\t<\/div>\t<\/div><\/p>\n<div class=\"pregunta \"  ><div class=\"accordion-item\">\n\t\t\t \t    <h3 class=\"accordion-header\" id=\"heading3\">\n\t\t\t\t\t \t<button class=\"accordion-button collapsed\" type=\"button\" data-bs-toggle=\"collapse\" data-bs-target=\"#collapse3\" aria-expanded=\"false\" aria-controls=\"collapse3\">\n\t\t\t\t\t\t\t<b>\u00bfQu\u00e9 cubre el seguro m\u00e9dico de Banca March?<\/b>\n\t\t\t\t\t \t<\/button>\n\t\t\t\t    <\/h3>\n\t\t\t\t    <div id=\"collapse3\" class=\"accordion-collapse collapse \" aria-labelledby=\"heading3\" data-bs-parent=\"#preguntas_desplegables\">\n\t\t\t\t\t\t<div class=\"accordion-body\">\n\t\t\t\t\t\t\t<\/p>\n<p>El seguro M\u00e9dico de Banca March cubre seg\u00fan la cobertura que quieras tener. Aqu\u00ed te informamos de los tipos de coberturas que existen en Banca March.<\/p>\n<p>Existen en com\u00fan y opcionales que cuentan con gesti\u00f3n y gastos de sepelio y asistencia por fallecimiento.<\/p>\n<p>Dentro de las coberturas opcionales contamos con las siguientes caracter\u00edsticas: capital adicional por gastos de sepelio, asistencia familiar, fallecimiento por accidente, invalidez Absoluta y Permanente por Accidente, repatriaci\u00f3n, hospitalizaci\u00f3n por enfermedad\/ accidente, asistencia en viaje ampliada.<\/p>\n<p>\n\t\t\t\t\t\t<\/div>\n\t\t\t\t\t<\/div>\n\t\t\t\t<\/div>\t<\/div>\n<\/div>\n<div class=\"colorf\"><div class=\"container clearfix\"><div class=\"col-md-7\"><div class=\"empresas\">\n<h3>Compa\u00f1\u00edas de seguros m\u00e9dicos<\/h3>\n<div class=\"enlazado\"><ul><li><a href=\"https:\/\/mistersalud.com\/seguros\/companias\/afemefa\/\"><span>Seguro M\u00e9dico AFEMEFA<\/span><\/a><\/li><li><a href=\"https:\/\/mistersalud.com\/seguros\/companias\/adeslas\/\"><span>Seguro M\u00e9dico Adeslas<\/span><\/a><\/li><li><a href=\"https:\/\/mistersalud.com\/seguros\/companias\/asisa\/\"><span>Seguro M\u00e9dico Asisa<\/span><\/a><\/li><li><a href=\"https:\/\/mistersalud.com\/seguros\/companias\/banco-caminos\/\"><span>Seguro M\u00e9dico Banco Caminos<\/span><\/a><\/li><li><a href=\"https:\/\/mistersalud.com\/seguros\/companias\/banco-popular\/\"><span>Seguro M\u00e9dico Banco Popular<\/span><\/a><\/li><li><a href=\"https:\/\/mistersalud.com\/seguros\/companias\/caixa-geral\/\"><span>Seguro M\u00e9dico Caixa Geral<\/span><\/a><\/li><li><a href=\"https:\/\/mistersalud.com\/seguros\/companias\/ferrol\/\"><span>Seguro M\u00e9dico Ferrol<\/span><\/a><\/li><li><a href=\"https:\/\/mistersalud.com\/seguros\/companias\/finisterre\/\"><span>Seguro M\u00e9dico Finisterre<\/span><\/a><\/li><li><a href=\"https:\/\/mistersalud.com\/seguros\/companias\/imq\/\"><span>Seguro M\u00e9dico IMQ<\/span><\/a><\/li><li><a href=\"https:\/\/mistersalud.com\/seguros\/companias\/ing\/\"><span>Seguro M\u00e9dico ING<\/span><\/a><\/li><li><a href=\"https:\/\/mistersalud.com\/seguros\/companias\/ibercaja\/\"><span>Seguro M\u00e9dico Ibercaja<\/span><\/a><\/li><li><a href=\"https:\/\/mistersalud.com\/seguros\/companias\/la-paz\/\"><span>Seguro M\u00e9dico La Paz<\/span><\/a><\/li><li><a href=\"https:\/\/mistersalud.com\/seguros\/companias\/mapfre\/\"><span>Seguro M\u00e9dico Mapfre<\/span><\/a><\/li><li><a href=\"https:\/\/mistersalud.com\/seguros\/companias\/mutua-terrassa\/\"><span>Seguro M\u00e9dico Mutua Terrassa<\/span><\/a><\/li><li><a href=\"https:\/\/mistersalud.com\/seguros\/companias\/santander\/\"><span>Seguro M\u00e9dico Santander<\/span><\/a><\/li><li><a href=\"https:\/\/mistersalud.com\/seguros\/companias\/vital\/\"><span>Seguro M\u00e9dico Vital<\/span><\/a><\/li><li><a href=\"https:\/\/mistersalud.com\/seguros\/companias\/zurich\/\"><span>Seguro M\u00e9dico Zurich<\/span><\/a><\/li><li><a href=\"https:\/\/mistersalud.com\/seguros\/companias\/bankia\/\"><span>Seguro M\u00e9dico de Bankia<\/span><\/a><\/li><li><a href=\"https:\/\/mistersalud.com\/seguros\/companias\/atocha\/\"><span>Seguro m\u00e9dico Atocha<\/span><\/a><\/li><li><a href=\"https:\/\/mistersalud.com\/seguros\/companias\/bpi\/\"><span>Seguro m\u00e9dico BPI<\/span><\/a><\/li><li><a href=\"https:\/\/mistersalud.com\/seguros\/companias\/caja-laboral\/\"><span>Seguro m\u00e9dico Caja Laboral<\/span><\/a><\/li><li><a href=\"https:\/\/mistersalud.com\/seguros\/companias\/caser\/\"><span>Seguro m\u00e9dico Caser<\/span><\/a><\/li><li><a href=\"https:\/\/mistersalud.com\/seguros\/companias\/evo-banco\/\"><span>Seguro m\u00e9dico Evo Banco<\/span><\/a><\/li><li><a href=\"https:\/\/mistersalud.com\/seguros\/companias\/nationale-nederlanden\/\"><span>Seguro m\u00e9dico Nationale Nederlanden<\/span><\/a><\/li><li><a href=\"https:\/\/mistersalud.com\/seguros\/companias\/nueva-mutua-sanitaria\/\"><span>Seguro m\u00e9dico Nueva Mutua Sanitaria<\/span><\/a><\/li><li><a href=\"https:\/\/mistersalud.com\/seguros\/companias\/nuez\/\"><span>Seguro m\u00e9dico Nuez<\/span><\/a><\/li><li><a href=\"https:\/\/mistersalud.com\/seguros\/companias\/acunsa\/\"><span>Seguro m\u00e9dico Seguros Acunsa<\/span><\/a><\/li><li><a href=\"https:\/\/mistersalud.com\/seguros\/companias\/umas\/\"><span>Seguro m\u00e9dico UMAS<\/span><\/a><\/li><li><a href=\"https:\/\/mistersalud.com\/seguros\/companias\/union-madrilena\/\"><span>Seguro m\u00e9dico Uni\u00f3n Madrile\u00f1a<\/span><\/a><\/li><li><a href=\"https:\/\/mistersalud.com\/seguros\/companias\/vivaz\/\"><span>Seguro m\u00e9dico Vivaz<\/span><\/a><\/li><\/ul><\/div>\n<p><\/div><\/div><\/div><\/div><br \/>\n<div class=\"oficinas\"><\/p>\n<div><!-- No shortcodes are defined --><\/div>\n<\/div>\n","protected":false},"excerpt":{"rendered":"<p>Banca March es un banco creado por Juan March en la isla de Palma situada en las Islas Baleares. Esta entidad se inaugur\u00f3 en 1926 y sobre los a\u00f1os 70 fue cuando la entidad empez\u00f3 a desarrollarse por la pen\u00ednsula y tambi\u00e9n por las Islas Canarias. El primer fin de la creaci\u00f3n de esta empresa&hellip; <\/p>\n","protected":false},"author":2,"featured_media":0,"parent":22,"menu_order":0,"comment_status":"closed","ping_status":"closed","template":"single.php","meta":{"footnotes":""},"class_list":["post-233","page","type-page","status-publish","hentry"],"yoast_head":"<!-- This site is optimized with the Yoast SEO plugin v27.5 - https:\/\/yoast.com\/product\/yoast-seo-wordpress\/ -->\n<title>Seguro M\u00e9dico Banca March - misterSalud<\/title>\n<meta name=\"robots\" content=\"index, follow, max-snippet:-1, max-image-preview:large, max-video-preview:-1\" \/>\n<link rel=\"canonical\" href=\"https:\/\/mistersalud.com\/seguros\/companias\/banca-march\/\" \/>\n<meta property=\"og:locale\" content=\"es_ES\" \/>\n<meta property=\"og:type\" content=\"article\" \/>\n<meta property=\"og:title\" content=\"Seguro M\u00e9dico Banca March - misterSalud\" \/>\n<meta property=\"og:description\" content=\"Banca March es un banco creado por Juan March en la isla de Palma situada en las Islas Baleares. Esta entidad se inaugur\u00f3 en 1926 y sobre los a\u00f1os 70 fue cuando la entidad empez\u00f3 a desarrollarse por la pen\u00ednsula y tambi\u00e9n por las Islas Canarias. El primer fin de la creaci\u00f3n de esta empresa&hellip;\" \/>\n<meta property=\"og:url\" content=\"https:\/\/mistersalud.com\/seguros\/companias\/banca-march\/\" \/>\n<meta property=\"og:site_name\" content=\"misterSalud\" \/>\n<meta name=\"twitter:card\" content=\"summary_large_image\" \/>\n<meta name=\"twitter:label1\" content=\"Tiempo de lectura\" \/>\n\t<meta name=\"twitter:data1\" content=\"6 minutos\" \/>\n<script type=\"application\/ld+json\" class=\"yoast-schema-graph\">{\"@context\":\"https:\\\/\\\/schema.org\",\"@graph\":[{\"@type\":\"WebPage\",\"@id\":\"https:\\\/\\\/mistersalud.com\\\/seguros\\\/companias\\\/banca-march\\\/\",\"url\":\"https:\\\/\\\/mistersalud.com\\\/seguros\\\/companias\\\/banca-march\\\/\",\"name\":\"Seguro M\u00e9dico Banca March - misterSalud\",\"isPartOf\":{\"@id\":\"https:\\\/\\\/mistersalud.com\\\/seguros\\\/#website\"},\"datePublished\":\"2022-06-29T11:02:32+00:00\",\"breadcrumb\":{\"@id\":\"https:\\\/\\\/mistersalud.com\\\/seguros\\\/companias\\\/banca-march\\\/#breadcrumb\"},\"inLanguage\":\"es\",\"potentialAction\":[{\"@type\":\"ReadAction\",\"target\":[\"https:\\\/\\\/mistersalud.com\\\/seguros\\\/companias\\\/banca-march\\\/\"]}]},{\"@type\":\"BreadcrumbList\",\"@id\":\"https:\\\/\\\/mistersalud.com\\\/seguros\\\/companias\\\/banca-march\\\/#breadcrumb\",\"itemListElement\":[{\"@type\":\"ListItem\",\"position\":1,\"name\":\"Portada\",\"item\":\"https:\\\/\\\/mistersalud.com\\\/seguros\\\/\"},{\"@type\":\"ListItem\",\"position\":2,\"name\":\"Compa\u00f1\u00edas de Seguros de Salud en Espa\u00f1a\",\"item\":\"https:\\\/\\\/mistersalud.com\\\/seguros\\\/companias\\\/\"},{\"@type\":\"ListItem\",\"position\":3,\"name\":\"Seguro M\u00e9dico Banca March\"}]},{\"@type\":\"WebSite\",\"@id\":\"https:\\\/\\\/mistersalud.com\\\/seguros\\\/#website\",\"url\":\"https:\\\/\\\/mistersalud.com\\\/seguros\\\/\",\"name\":\"misterSalud\",\"description\":\"\",\"publisher\":{\"@id\":\"https:\\\/\\\/mistersalud.com\\\/seguros\\\/#organization\"},\"potentialAction\":[{\"@type\":\"SearchAction\",\"target\":{\"@type\":\"EntryPoint\",\"urlTemplate\":\"https:\\\/\\\/mistersalud.com\\\/seguros\\\/?s={search_term_string}\"},\"query-input\":{\"@type\":\"PropertyValueSpecification\",\"valueRequired\":true,\"valueName\":\"search_term_string\"}}],\"inLanguage\":\"es\"},{\"@type\":\"Organization\",\"@id\":\"https:\\\/\\\/mistersalud.com\\\/seguros\\\/#organization\",\"name\":\"misterSalud\",\"url\":\"https:\\\/\\\/mistersalud.com\\\/seguros\\\/\",\"logo\":{\"@type\":\"ImageObject\",\"inLanguage\":\"es\",\"@id\":\"https:\\\/\\\/mistersalud.com\\\/seguros\\\/#\\\/schema\\\/logo\\\/image\\\/\",\"url\":\"https:\\\/\\\/mistersalud.com\\\/seguros\\\/wp-content\\\/uploads\\\/2022\\\/05\\\/logo-mistersalud.png\",\"contentUrl\":\"https:\\\/\\\/mistersalud.com\\\/seguros\\\/wp-content\\\/uploads\\\/2022\\\/05\\\/logo-mistersalud.png\",\"width\":178,\"height\":89,\"caption\":\"misterSalud\"},\"image\":{\"@id\":\"https:\\\/\\\/mistersalud.com\\\/seguros\\\/#\\\/schema\\\/logo\\\/image\\\/\"}}]}<\/script>\n<!-- \/ Yoast SEO plugin. -->","yoast_head_json":{"title":"Seguro M\u00e9dico Banca March - misterSalud","robots":{"index":"index","follow":"follow","max-snippet":"max-snippet:-1","max-image-preview":"max-image-preview:large","max-video-preview":"max-video-preview:-1"},"canonical":"https:\/\/mistersalud.com\/seguros\/companias\/banca-march\/","og_locale":"es_ES","og_type":"article","og_title":"Seguro M\u00e9dico Banca March - misterSalud","og_description":"Banca March es un banco creado por Juan March en la isla de Palma situada en las Islas Baleares. Esta entidad se inaugur\u00f3 en 1926 y sobre los a\u00f1os 70 fue cuando la entidad empez\u00f3 a desarrollarse por la pen\u00ednsula y tambi\u00e9n por las Islas Canarias. El primer fin de la creaci\u00f3n de esta empresa&hellip;","og_url":"https:\/\/mistersalud.com\/seguros\/companias\/banca-march\/","og_site_name":"misterSalud","twitter_card":"summary_large_image","twitter_misc":{"Tiempo de lectura":"6 minutos"},"schema":{"@context":"https:\/\/schema.org","@graph":[{"@type":"WebPage","@id":"https:\/\/mistersalud.com\/seguros\/companias\/banca-march\/","url":"https:\/\/mistersalud.com\/seguros\/companias\/banca-march\/","name":"Seguro M\u00e9dico Banca March - misterSalud","isPartOf":{"@id":"https:\/\/mistersalud.com\/seguros\/#website"},"datePublished":"2022-06-29T11:02:32+00:00","breadcrumb":{"@id":"https:\/\/mistersalud.com\/seguros\/companias\/banca-march\/#breadcrumb"},"inLanguage":"es","potentialAction":[{"@type":"ReadAction","target":["https:\/\/mistersalud.com\/seguros\/companias\/banca-march\/"]}]},{"@type":"BreadcrumbList","@id":"https:\/\/mistersalud.com\/seguros\/companias\/banca-march\/#breadcrumb","itemListElement":[{"@type":"ListItem","position":1,"name":"Portada","item":"https:\/\/mistersalud.com\/seguros\/"},{"@type":"ListItem","position":2,"name":"Compa\u00f1\u00edas de Seguros de Salud en Espa\u00f1a","item":"https:\/\/mistersalud.com\/seguros\/companias\/"},{"@type":"ListItem","position":3,"name":"Seguro M\u00e9dico Banca March"}]},{"@type":"WebSite","@id":"https:\/\/mistersalud.com\/seguros\/#website","url":"https:\/\/mistersalud.com\/seguros\/","name":"misterSalud","description":"","publisher":{"@id":"https:\/\/mistersalud.com\/seguros\/#organization"},"potentialAction":[{"@type":"SearchAction","target":{"@type":"EntryPoint","urlTemplate":"https:\/\/mistersalud.com\/seguros\/?s={search_term_string}"},"query-input":{"@type":"PropertyValueSpecification","valueRequired":true,"valueName":"search_term_string"}}],"inLanguage":"es"},{"@type":"Organization","@id":"https:\/\/mistersalud.com\/seguros\/#organization","name":"misterSalud","url":"https:\/\/mistersalud.com\/seguros\/","logo":{"@type":"ImageObject","inLanguage":"es","@id":"https:\/\/mistersalud.com\/seguros\/#\/schema\/logo\/image\/","url":"https:\/\/mistersalud.com\/seguros\/wp-content\/uploads\/2022\/05\/logo-mistersalud.png","contentUrl":"https:\/\/mistersalud.com\/seguros\/wp-content\/uploads\/2022\/05\/logo-mistersalud.png","width":178,"height":89,"caption":"misterSalud"},"image":{"@id":"https:\/\/mistersalud.com\/seguros\/#\/schema\/logo\/image\/"}}]}},"_links":{"self":[{"href":"https:\/\/mistersalud.com\/seguros\/wp-json\/wp\/v2\/pages\/233","targetHints":{"allow":["GET"]}}],"collection":[{"href":"https:\/\/mistersalud.com\/seguros\/wp-json\/wp\/v2\/pages"}],"about":[{"href":"https:\/\/mistersalud.com\/seguros\/wp-json\/wp\/v2\/types\/page"}],"author":[{"embeddable":true,"href":"https:\/\/mistersalud.com\/seguros\/wp-json\/wp\/v2\/users\/2"}],"replies":[{"embeddable":true,"href":"https:\/\/mistersalud.com\/seguros\/wp-json\/wp\/v2\/comments?post=233"}],"version-history":[{"count":1,"href":"https:\/\/mistersalud.com\/seguros\/wp-json\/wp\/v2\/pages\/233\/revisions"}],"predecessor-version":[{"id":234,"href":"https:\/\/mistersalud.com\/seguros\/wp-json\/wp\/v2\/pages\/233\/revisions\/234"}],"up":[{"embeddable":true,"href":"https:\/\/mistersalud.com\/seguros\/wp-json\/wp\/v2\/pages\/22"}],"wp:attachment":[{"href":"https:\/\/mistersalud.com\/seguros\/wp-json\/wp\/v2\/media?parent=233"}],"curies":[{"name":"wp","href":"https:\/\/api.w.org\/{rel}","templated":true}]}}