{"id":225,"date":"2022-06-23T13:04:14","date_gmt":"2022-06-23T13:04:14","guid":{"rendered":"https:\/\/mistersalud.com\/seguros\/?page_id=225"},"modified":"2022-06-23T13:04:14","modified_gmt":"2022-06-23T13:04:14","slug":"endesa","status":"publish","type":"page","link":"https:\/\/mistersalud.com\/seguros\/companias\/endesa\/","title":{"rendered":"Seguro m\u00e9dico Endesa"},"content":{"rendered":"\n<p>Endesa es la empresa l\u00edder en el sector de la electricidad en Espa\u00f1a, y la segunda m\u00e1s relevante en Portugal. Desde su fundaci\u00f3n en 1944 intentan conseguir un mundo donde la electricidad sea sin\u00f3nimo de sostenibilidad, y su historia refleja su gran evoluci\u00f3n en este sentido. En esta l\u00ednea, Endesa est\u00e1 enteramente comprometida con el desarrollo impulsando el desarrollo sostenibles con acciones coomo: un plan de sostenibilidad, enlazando su modelo de negocio con ayudar al planeta, se basa en una econom\u00eda circular, aprovechando al m\u00e1ximo la vida \u00fatil de los bienes, con finanzas sostenibles, etc. Adem\u00e1s, no dejan de fomentar la innovaci\u00f3n y el desarrollo para conseguir transformar el sector de la energ\u00eda.<\/p>\n<p>Pero sobre todo, Endesa se compromete con las personas, creando unos valores que quieren no solo para su empresa, sino para toda la sociedad. Con actitudes que fomentan la diversidad y la igualdad de oportunidades con sus trabajadores, para conseguir un buen ambiente y una compa\u00f1\u00eda que se convierta en referente en el sector.<\/p>\n<p>En cuanto a sus seguros, Endesa en la actualidad proporciona diferentes tipos de p\u00f3lizas para la protecci\u00f3n del hogar, la luz, el gas o de protecci\u00f3n de pagos, pero no posee ning\u00fan seguro de salud de acceso a la sanidad privada.<\/p>\n<div class=\"colorf \"  ><div class=\"container clearfix\"><div class=\"col-md-7\"><\/p>\n<h2><b>Cuadro m\u00e9dico de Endesa<\/b><\/h2>\n<p>La compa\u00f1\u00eda de electricidad Endesa en estos momentos no proporciona a sus clientes la posibilidad de a\u00f1adir un seguro de salud en su contrato. Sin embargo, desde Mister Salud, podemos ofrecerte una amplia variedad de opciones de aseguradoras y tipos de seguros que se adapten completamente a lo que est\u00e1s buscando. Estas compa\u00f1\u00edas disponen de unos interesantes cuadros m\u00e9dicos con miles de expertos y cl\u00ednicas de hospitales que pueden beneficiarte y solucionar cualquier problema que te surja. Adem\u00e1s, son, en muchos casos, planes muy personalizados, no tendr\u00e1s que pagar m\u00e1s por algo que quiz\u00e1s no vayas a utilizar.<\/p>\n<p>Muchas de estas compa\u00f1\u00edas cuentan con multitud de especialistas de todas las ramas que te ayudar\u00e1n en lo que necesites. Tambi\u00e9n muchas de estas te ofrecen una amplia gama de servicios gratuitos o a un bajo coste, que pueden ir desde seguros bucodentales hasta servicios de medicina est\u00e9tica o de relajaci\u00f3n, como spas, gimnasios, etc.<\/p>\n<p><\/div><\/div><\/div>\n<h2><b>Coberturas del seguro m\u00e9dico Endesa<\/b><\/h2>\n<p>Actualmente Endesa no ofrece a sus clientes ning\u00fan tipo de seguros de salud, por lo que se nos hace imposible poder proporcionar esa informaci\u00f3n, sin embargo, podemos ayudarle a encontrar otras compa\u00f1\u00edas que le podr\u00e1n garantizar que disfrute de una amplia gama de coberturas y servicios en medicina privada. Desde Mister Salud te invitamos a que descubras todas las posibilidades de compa\u00f1\u00edas a las que puedes optar con coberturas que engloban desde aspectos m\u00e1s generales como la medicina primaria o la atenci\u00f3n de urgencias, hasta un sin fin de especialistas que podr\u00e1n asistirte en lo que necesites, como podolog\u00eda, dermatolog\u00eda, ginecolog\u00eda, etc.<\/p>\n<p>Adem\u00e1s, tambi\u00e9n podr\u00e1s optar por coberturas para la higiene y el cuidado bucodental y otros muchos servicios que las compa\u00f1\u00edas ofrecen a sus asegurados por un precio bastante inferior o con grandes descuentos.<\/p>\n<div class=\"colorf\"><div class=\"container clearfix\"><div class=\"col-md-7\"><div class=\"tipos\"><svg id=\"stars\" style=\"display: none;\" version=\"1.1\">\n\t<symbol id=\"stars-full-star\" viewBox=\"0 0 102 18\">\n\t\t<path d=\"M9.5 14.25l-5.584 2.936 1.066-6.218L.465 6.564l6.243-.907L9.5 0l2.792 5.657 6.243.907-4.517 4.404 1.066 6.218\" \/>\n\t<\/symbol>\n\n\t<symbol id=\"stars-half-star\" viewBox=\"0 0 102 18\">\n\t\t<path d=\"M9.5 14.25l-5.584 2.936 1.066-6.218L.465 6.564l6.243-.907L9.5 0l2.792\" fill=\"#ffdc0f\" \/>\n\t<\/symbol>\n\n\t<symbol id=\"stars-all-star\" viewBox=\"0 0 102 18\">\n\t\t<use xlink:href=\"#stars-full-star\" \/>\n\t\t<use xlink:href=\"#stars-full-star\" transform=\"translate(21)\" \/>\n\t\t<use xlink:href=\"#stars-full-star\" transform=\"translate(42)\" \/>\n\t\t<use xlink:href=\"#stars-full-star\" transform=\"translate(63)\" \/>\n\t\t<use xlink:href=\"#stars-full-star\" transform=\"translate(84)\" \/>\n\t<\/symbol>\n\n\t<symbol id=\"stars-0\" viewBox=\"0 0 102 18\">\n\t\t<use xlink:href=\"#stars-all-star\" fill=\"#e5e5e5\" \/>\n\t<\/symbol>\n\n\t<symbol id=\"stars-1\" viewBox=\"0 0 102 18\">\n\t\t<use xlink:href=\"#stars-0\" \/>\n\t\t<use xlink:href=\"#stars-half-star\" \/>\n\t<\/symbol>\n\n\t<symbol id=\"stars-2\" viewBox=\"0 0 102 18\">\n\t\t<use xlink:href=\"#stars-0\" \/>\n\t\t<use xlink:href=\"#stars-full-star\" fill=\"#ffdc0f\" \/>\n\t<\/symbol>\n\n\t<symbol id=\"stars-3\" viewBox=\"0 0 102 18\">\n\t\t<use xlink:href=\"#stars-2\" \/>\n\t\t<use xlink:href=\"#stars-half-star\" transform=\"translate(21)\" \/>\n\t<\/symbol>\n\n\t<symbol id=\"stars-4\" viewBox=\"0 0 102 18\">\n\t\t<use xlink:href=\"#stars-2\" \/>\n\t\t<use xlink:href=\"#stars-full-star\" fill=\"#ffdc0f\" transform=\"translate(21)\" \/>\n\t<\/symbol>\n\n\t<symbol id=\"stars-5\" viewBox=\"0 0 102 18\">\n\t\t<use xlink:href=\"#stars-4\" \/>\n\t\t<use xlink:href=\"#stars-half-star\" transform=\"translate(42)\" \/>\n\t<\/symbol>\n\n\t<symbol id=\"stars-6\" viewBox=\"0 0 102 18\">\n\t\t<use xlink:href=\"#stars-4\" \/>\n\t\t<use xlink:href=\"#stars-full-star\" fill=\"#ffdc0f\" transform=\"translate(42)\" \/>\n\t<\/symbol>\n\n\t<symbol id=\"stars-7\" viewBox=\"0 0 102 18\">\n\t\t<use xlink:href=\"#stars-6\" \/>\n\t\t<use xlink:href=\"#stars-half-star\" transform=\"translate(63)\" \/>\n\t<\/symbol>\n\n\t<symbol id=\"stars-8\" viewBox=\"0 0 102 18\">\n\t\t<use xlink:href=\"#stars-6\" \/>\n\t\t<use xlink:href=\"#stars-full-star\" fill=\"#ffdc0f\" transform=\"translate(63)\" \/>\n\t<\/symbol>\n\n\t<symbol id=\"stars-9\" viewBox=\"0 0 102 18\">\n\t\t<use xlink:href=\"#stars-8\" \/>\n\t\t<use xlink:href=\"#stars-half-star\" transform=\"translate(84)\" \/>\n\t<\/symbol>\n\n\t<symbol id=\"stars-10\" viewBox=\"0 0 102 18\">\n\t\t<use xlink:href=\"#stars-all-star\" fill=\"#ffdc0f\" \/>\n\t<\/symbol>\n<\/svg>\n\n<h2><b>Tipos de p\u00f3liza del seguro m\u00e9dico Endesa<\/b><\/h2>\n<div class=\"desplazamiento\">\n<p>Endesa no ofrece entre sus servicios ning\u00fan seguro m\u00e9dico a sus clientes. No obstante, hay un amplio abanico de compa\u00f1\u00edas que s\u00ed garantizan este tipo de servicios y la asistencia a la medicina privada, para que puedas disfrutar de todas las ventajas de este servicio. En todas ellas, te ofrecen la oportunidad de que t\u00fa mismo elijas el tipo de seguro que m\u00e1s se adapte a tus necesidades y a lo que est\u00e1s dispuesto a pagar. Muchas de ellas cuentan con servicios totalmente personalizables, para que te olvides de pagar por algo que no vas a utilizar.<\/p>\n<p>Estos tipos de p\u00f3lizas tambi\u00e9n cuentan con cada circunstancia y tipo de cliente, ofreciendo desde planes para toda la familia, hasta algunas que proporcionan la ventaja de seguros m\u00e9dicos privados a trabajadores de empresas, para que todo el mundo pueda beneficiarse de las ventajas y las coberturas que ofrecen las aseguradoras. Todas ellas cuentan con un amplio cuadro m\u00e9dico y cl\u00ednicas en todo el territorio nacional, al alcance de todos.<\/p>\n<\/div>\n<\/div><\/div><\/div><\/div>\n<h3><b>Seguro m\u00e9dico familiar Endesa<\/b><\/h3>\n<p>La compa\u00f1\u00eda el\u00e9ctrica Endesa no ofrece en la actualidad ning\u00fan seguro de salud para sus clientes, sin embargo, en Mister Salud te proporcionamos toda la informaci\u00f3n necesaria para que busques otra compa\u00f1\u00eda aseguradora que te proporcione un seguro m\u00e9dico para ti y tu familia, con las coberturas que necesites y los servicios que desees, para que todos teng\u00e1is la posibilidad de acceder a una buena medicina privada sin tener que esperar y con muchas comodidades. Compara y encuentra la que mejor se adapte a lo que necesiteis.<\/p>\n<div class=\"colorf \"  ><div class=\"container clearfix\"><div class=\"col-md-7\"><\/p>\n<h3><b>Seguro m\u00e9dico con copago Endesa<\/b><\/h3>\n<p>Endesa no facilita seguros m\u00e9dicos a sus clientes actualmente, no obstante, hay otras muchas compa\u00f1\u00edas de seguros que pueden responder a las necesidades que busques. El m\u00e9todo copago hace referencia a un pago extra a parte de la cuota mensual para acudir a ciertas especialidades, es una manera de ahorrar un dinero si no vas a hacer uso de algunos servicios. Este m\u00e9todo est\u00e1 disponible en muchas de las aseguradoras que ofrece Mister Salud, te invitamos a que compares cual es la que m\u00e1s se adapta a lo que necesitas.<\/p>\n<p><\/div><\/div><\/div>\n<h3><b>Seguro m\u00e9dico sin copago Endesa<\/b><\/h3>\n<p>Los seguros de salud sin copago hacen referencia a aquellas p\u00f3lizas que no requieren de ning\u00fan coste a\u00f1adido para asistir a los diferentes m\u00e9dicos especialistas. Endesa actualmente no ofrece ning\u00fan servicio de seguros de salud a sus clientes, no obstante, existen otras muchas posibilidades y compa\u00f1\u00edas que s\u00ed garantizan diferentes p\u00f3lizas dependiendo del cliente y las necesidades que este necesite cubrir tanto para \u00e9l como para sus familiares.<\/p>\n<h2>Preguntas frecuentes sobre el seguro m\u00e9dico Endesa<\/h2>\n<p>A la hora de buscar qu\u00e9 compa\u00f1\u00eda es la que mejor se adapta a tus necesidades es normal que surjan muchas dudas que pueden ser complicadas de resolver, y que complican este proceso. Por eso, desde Mister Salud, te invitamos a que a trav\u00e9s de nuestra p\u00e1gina web esta b\u00fasqueda te sea mucho m\u00e1s f\u00e1cil, ofreciendo la oportunidad de que puedas comparar entre unas y otras por t\u00ed mismo, con una amplia descripci\u00f3n de cada una de ellas, sus tipos de p\u00f3lizas, las coberturas que ofrece, etc., para que t\u00fa mismo identifiques la que mejor se adapte a tus necesidades. Si no es suficiente, hay tambi\u00e9n un equipo de expertos que pueden ayudarte en cualquier \u00e1mbito. Nuestra amplia experiencia en el sector de los seguros nos brinda la oportunidad de poder aclararte todas esas dudas que te pueden surgir.<\/p>\n<p>Adem\u00e1s, te facilitamos algunas preguntas comunes a la hora de buscar seguros de salud por los usuarios:<\/p>\n<div class=\"accordion\" id=\"preguntas_desplegables\">\n<div class=\"pregunta \"  ><div class=\"accordion-item\">\n\t\t\t \t    <h3 class=\"accordion-header\" id=\"heading1\">\n\t\t\t\t\t \t<button class=\"accordion-button collapsed\" type=\"button\" data-bs-toggle=\"collapse\" data-bs-target=\"#collapse1\" aria-expanded=\"false\" aria-controls=\"collapse1\">\n\t\t\t\t\t\t\t\u00bfD\u00f3nde contratar un seguro m\u00e9dico Endesa?\n\t\t\t\t\t \t<\/button>\n\t\t\t\t    <\/h3>\n\t\t\t\t    <div id=\"collapse1\" class=\"accordion-collapse collapse \" aria-labelledby=\"heading1\" data-bs-parent=\"#preguntas_desplegables\">\n\t\t\t\t\t\t<div class=\"accordion-body\">\n\t\t\t\t\t\t\t\n<p>Endesa actualmente no ofrece seguros m\u00e9dicos a sus clientes, no obstante, desde Mister Salud puedes contratar los seguros de muchas otras compa\u00f1\u00edas, garantizandote que encuentres el que mejor se adapte a lo que andas buscando. Adem\u00e1s, nosotros nos encargamos de todo, para que t\u00fa solo tengas que preocuparte de empezar a disfrutar de las ventajas que te ofrecen las diferentes compa\u00f1\u00edas. Rellena el formulario que aparece en pantalla y uno de nuestros teleoperadores se pondr\u00e1 en contacto contigo para ayudarte en todo el tr\u00e1mite.<\/p>\n<p>\n\t\t\t\t\t\t<\/div>\n\t\t\t\t\t<\/div>\n\t\t\t\t<\/div>\t<\/div> <div class=\"pregunta \"  ><div class=\"accordion-item\">\n\t\t\t \t    <h3 class=\"accordion-header\" id=\"heading2\">\n\t\t\t\t\t \t<button class=\"accordion-button collapsed\" type=\"button\" data-bs-toggle=\"collapse\" data-bs-target=\"#collapse2\" aria-expanded=\"false\" aria-controls=\"collapse2\">\n\t\t\t\t\t\t\t\u00bfPuedo viajar con el seguro m\u00e9dico Endesa?\n\t\t\t\t\t \t<\/button>\n\t\t\t\t    <\/h3>\n\t\t\t\t    <div id=\"collapse2\" class=\"accordion-collapse collapse \" aria-labelledby=\"heading2\" data-bs-parent=\"#preguntas_desplegables\">\n\t\t\t\t\t\t<div class=\"accordion-body\">\n\t\t\t\t\t\t\t<\/p>\n<p>Actualmente la compa\u00f1\u00eda el\u00e9ctrica Endesa no ofrece seguros de salud a sus clientes. Sin embargo, si buscas alguna aseguradora que te garantice cobertura en todo el territorio nacional e internacional, en Mister Salud podemos ayudarte a que encuentres la que mejor se adapte a estas y todas las circunstancias que desees, para que comiences a disfrutar de los seguros de medicina privada y para garantizar la tranquilidad a ti y a los tuyos.<\/p>\n<p>\n\t\t\t\t\t\t<\/div>\n\t\t\t\t\t<\/div>\n\t\t\t\t<\/div>\t<\/div><\/p>\n<div class=\"pregunta \"  ><div class=\"accordion-item\">\n\t\t\t \t    <h3 class=\"accordion-header\" id=\"heading3\">\n\t\t\t\t\t \t<button class=\"accordion-button collapsed\" type=\"button\" data-bs-toggle=\"collapse\" data-bs-target=\"#collapse3\" aria-expanded=\"false\" aria-controls=\"collapse3\">\n\t\t\t\t\t\t\t\u00bfQu\u00e9 cubre el seguro m\u00e9dico Endesa?\n\t\t\t\t\t \t<\/button>\n\t\t\t\t    <\/h3>\n\t\t\t\t    <div id=\"collapse3\" class=\"accordion-collapse collapse \" aria-labelledby=\"heading3\" data-bs-parent=\"#preguntas_desplegables\">\n\t\t\t\t\t\t<div class=\"accordion-body\">\n\t\t\t\t\t\t\t<\/p>\n<p>Endesa actualmente no ofrece este tipo de servicios, por lo que no podemos facilitar dicha informaci\u00f3n. No obstante, muchas otras compa\u00f1\u00edas s\u00ed garantizan diferentes tipos de p\u00f3lizas de seguros de salud que podr\u00e1n cubrir todo tipo de necesidades y que pueden adaptarse a todo lo que demandes. En Mister Salud podr\u00e1s encontrar todas ellas para que seas t\u00fa mismo el que compares y encuentres la que mejor te convenga a ti y los tuyos. Adem\u00e1s, nuestro servicio de atenci\u00f3n al cliente puede atender todas las dudas que tengas y encontrar el mejor seguro para t\u00ed.<\/p>\n<p>\n\t\t\t\t\t\t<\/div>\n\t\t\t\t\t<\/div>\n\t\t\t\t<\/div>\t<\/div>\n<\/div>\n<div class=\"colorf\"><div class=\"container clearfix\"><div class=\"col-md-7\"><div class=\"empresas\">\n<h3>Compa\u00f1\u00edas de seguros m\u00e9dicos<\/h3>\n<div class=\"enlazado\"><ul><li><a href=\"https:\/\/mistersalud.com\/seguros\/companias\/allianz\/\"><span>Seguro M\u00e9dico Allianz<\/span><\/a><\/li><li><a href=\"https:\/\/mistersalud.com\/seguros\/companias\/asisa\/\"><span>Seguro M\u00e9dico Asisa<\/span><\/a><\/li><li><a href=\"https:\/\/mistersalud.com\/seguros\/companias\/caixabank\/\"><span>Seguro M\u00e9dico CaixaBank<\/span><\/a><\/li><li><a href=\"https:\/\/mistersalud.com\/seguros\/companias\/ergo\/\"><span>Seguro M\u00e9dico Ergo<\/span><\/a><\/li><li><a href=\"https:\/\/mistersalud.com\/seguros\/companias\/expertia\/\"><span>Seguro M\u00e9dico Expertia<\/span><\/a><\/li><li><a href=\"https:\/\/mistersalud.com\/seguros\/companias\/ferrol\/\"><span>Seguro M\u00e9dico Ferrol<\/span><\/a><\/li><li><a href=\"https:\/\/mistersalud.com\/seguros\/companias\/ibercaja\/\"><span>Seguro M\u00e9dico Ibercaja<\/span><\/a><\/li><li><a href=\"https:\/\/mistersalud.com\/seguros\/companias\/la-paz\/\"><span>Seguro M\u00e9dico La Paz<\/span><\/a><\/li><li><a href=\"https:\/\/mistersalud.com\/seguros\/companias\/mutua-terrassa\/\"><span>Seguro M\u00e9dico Mutua Terrassa<\/span><\/a><\/li><li><a href=\"https:\/\/mistersalud.com\/seguros\/companias\/soliss\/\"><span>Seguro M\u00e9dico Soliss<\/span><\/a><\/li><li><a href=\"https:\/\/mistersalud.com\/seguros\/companias\/targobank\/\"><span>Seguro M\u00e9dico Targobank<\/span><\/a><\/li><li><a href=\"https:\/\/mistersalud.com\/seguros\/companias\/union-alcoyana\/\"><span>Seguro M\u00e9dico Uni\u00f3n Alcoyana<\/span><\/a><\/li><li><a href=\"https:\/\/mistersalud.com\/seguros\/companias\/atocha\/\"><span>Seguro m\u00e9dico Atocha<\/span><\/a><\/li><li><a href=\"https:\/\/mistersalud.com\/seguros\/companias\/axa\/\"><span>Seguro m\u00e9dico Axa<\/span><\/a><\/li><li><a href=\"https:\/\/mistersalud.com\/seguros\/companias\/banco-de-albacete\/\"><span>Seguro m\u00e9dico Banco de Albacete<\/span><\/a><\/li><li><a href=\"https:\/\/mistersalud.com\/seguros\/companias\/carrefour\/\"><span>Seguro m\u00e9dico Carrefour<\/span><\/a><\/li><li><a href=\"https:\/\/mistersalud.com\/seguros\/companias\/caser\/\"><span>Seguro m\u00e9dico Caser<\/span><\/a><\/li><li><a href=\"https:\/\/mistersalud.com\/seguros\/companias\/catalana-occidente\/\"><span>Seguro m\u00e9dico Catalana Occidente<\/span><\/a><\/li><li><a href=\"https:\/\/mistersalud.com\/seguros\/companias\/evo-banco\/\"><span>Seguro m\u00e9dico Evo Banco<\/span><\/a><\/li><li><a href=\"https:\/\/mistersalud.com\/seguros\/companias\/helvetia\/\"><span>Seguro m\u00e9dico Helvetia<\/span><\/a><\/li><li><a href=\"https:\/\/mistersalud.com\/seguros\/companias\/la-fe\/\"><span>Seguro m\u00e9dico La F\u00e9<\/span><\/a><\/li><li><a href=\"https:\/\/mistersalud.com\/seguros\/companias\/meridiano\/\"><span>Seguro m\u00e9dico Meridiano<\/span><\/a><\/li><li><a href=\"https:\/\/mistersalud.com\/seguros\/companias\/nara\/\"><span>Seguro m\u00e9dico Nara<\/span><\/a><\/li><li><a href=\"https:\/\/mistersalud.com\/seguros\/companias\/nationale-nederlanden\/\"><span>Seguro m\u00e9dico Nationale Nederlanden<\/span><\/a><\/li><li><a href=\"https:\/\/mistersalud.com\/seguros\/companias\/nueva-mutua-sanitaria\/\"><span>Seguro m\u00e9dico Nueva Mutua Sanitaria<\/span><\/a><\/li><li><a href=\"https:\/\/mistersalud.com\/seguros\/companias\/nuez\/\"><span>Seguro m\u00e9dico Nuez<\/span><\/a><\/li><li><a href=\"https:\/\/mistersalud.com\/seguros\/companias\/ocaso\/\"><span>Seguro m\u00e9dico Ocaso<\/span><\/a><\/li><li><a href=\"https:\/\/mistersalud.com\/seguros\/companias\/santa-lucia\/\"><span>Seguro m\u00e9dico Santa Luc\u00eda<\/span><\/a><\/li><li><a href=\"https:\/\/mistersalud.com\/seguros\/companias\/union-madrilena\/\"><span>Seguro m\u00e9dico Uni\u00f3n Madrile\u00f1a<\/span><\/a><\/li><li><a href=\"https:\/\/mistersalud.com\/seguros\/companias\/vivaz\/\"><span>Seguro m\u00e9dico Vivaz<\/span><\/a><\/li><\/ul><\/div>\n<p><\/div><\/div><\/div><\/div><br \/>\n<div class=\"oficinas\"><\/p>\n<div><!-- No shortcodes are defined --><\/div>\n<\/div>\n","protected":false},"excerpt":{"rendered":"<p>Endesa es la empresa l\u00edder en el sector de la electricidad en Espa\u00f1a, y la segunda m\u00e1s relevante en Portugal. Desde su fundaci\u00f3n en 1944 intentan conseguir un mundo donde la electricidad sea sin\u00f3nimo de sostenibilidad, y su historia refleja su gran evoluci\u00f3n en este sentido. En esta l\u00ednea, Endesa est\u00e1 enteramente comprometida con el&hellip; <\/p>\n","protected":false},"author":2,"featured_media":0,"parent":22,"menu_order":0,"comment_status":"closed","ping_status":"closed","template":"single.php","meta":{"footnotes":""},"class_list":["post-225","page","type-page","status-publish","hentry"],"yoast_head":"<!-- This site is optimized with the Yoast SEO plugin v27.3 - https:\/\/yoast.com\/product\/yoast-seo-wordpress\/ -->\n<title>Seguro m\u00e9dico Endesa - misterSalud<\/title>\n<meta name=\"robots\" content=\"index, follow, max-snippet:-1, max-image-preview:large, max-video-preview:-1\" \/>\n<link rel=\"canonical\" href=\"https:\/\/mistersalud.com\/seguros\/companias\/endesa\/\" \/>\n<meta property=\"og:locale\" content=\"es_ES\" \/>\n<meta property=\"og:type\" content=\"article\" \/>\n<meta property=\"og:title\" content=\"Seguro m\u00e9dico Endesa - misterSalud\" \/>\n<meta property=\"og:description\" content=\"Endesa es la empresa l\u00edder en el sector de la electricidad en Espa\u00f1a, y la segunda m\u00e1s relevante en Portugal. Desde su fundaci\u00f3n en 1944 intentan conseguir un mundo donde la electricidad sea sin\u00f3nimo de sostenibilidad, y su historia refleja su gran evoluci\u00f3n en este sentido. En esta l\u00ednea, Endesa est\u00e1 enteramente comprometida con el&hellip;\" \/>\n<meta property=\"og:url\" content=\"https:\/\/mistersalud.com\/seguros\/companias\/endesa\/\" \/>\n<meta property=\"og:site_name\" content=\"misterSalud\" \/>\n<meta name=\"twitter:card\" content=\"summary_large_image\" \/>\n<meta name=\"twitter:label1\" content=\"Tiempo de lectura\" \/>\n\t<meta name=\"twitter:data1\" content=\"7 minutos\" \/>\n<script type=\"application\/ld+json\" class=\"yoast-schema-graph\">{\"@context\":\"https:\\\/\\\/schema.org\",\"@graph\":[{\"@type\":\"WebPage\",\"@id\":\"https:\\\/\\\/mistersalud.com\\\/seguros\\\/companias\\\/endesa\\\/\",\"url\":\"https:\\\/\\\/mistersalud.com\\\/seguros\\\/companias\\\/endesa\\\/\",\"name\":\"Seguro m\u00e9dico Endesa - misterSalud\",\"isPartOf\":{\"@id\":\"https:\\\/\\\/mistersalud.com\\\/seguros\\\/#website\"},\"datePublished\":\"2022-06-23T13:04:14+00:00\",\"breadcrumb\":{\"@id\":\"https:\\\/\\\/mistersalud.com\\\/seguros\\\/companias\\\/endesa\\\/#breadcrumb\"},\"inLanguage\":\"es\",\"potentialAction\":[{\"@type\":\"ReadAction\",\"target\":[\"https:\\\/\\\/mistersalud.com\\\/seguros\\\/companias\\\/endesa\\\/\"]}]},{\"@type\":\"BreadcrumbList\",\"@id\":\"https:\\\/\\\/mistersalud.com\\\/seguros\\\/companias\\\/endesa\\\/#breadcrumb\",\"itemListElement\":[{\"@type\":\"ListItem\",\"position\":1,\"name\":\"Portada\",\"item\":\"https:\\\/\\\/mistersalud.com\\\/seguros\\\/\"},{\"@type\":\"ListItem\",\"position\":2,\"name\":\"Compa\u00f1\u00edas de Seguros de Salud en Espa\u00f1a\",\"item\":\"https:\\\/\\\/mistersalud.com\\\/seguros\\\/companias\\\/\"},{\"@type\":\"ListItem\",\"position\":3,\"name\":\"Seguro m\u00e9dico Endesa\"}]},{\"@type\":\"WebSite\",\"@id\":\"https:\\\/\\\/mistersalud.com\\\/seguros\\\/#website\",\"url\":\"https:\\\/\\\/mistersalud.com\\\/seguros\\\/\",\"name\":\"misterSalud\",\"description\":\"\",\"publisher\":{\"@id\":\"https:\\\/\\\/mistersalud.com\\\/seguros\\\/#organization\"},\"potentialAction\":[{\"@type\":\"SearchAction\",\"target\":{\"@type\":\"EntryPoint\",\"urlTemplate\":\"https:\\\/\\\/mistersalud.com\\\/seguros\\\/?s={search_term_string}\"},\"query-input\":{\"@type\":\"PropertyValueSpecification\",\"valueRequired\":true,\"valueName\":\"search_term_string\"}}],\"inLanguage\":\"es\"},{\"@type\":\"Organization\",\"@id\":\"https:\\\/\\\/mistersalud.com\\\/seguros\\\/#organization\",\"name\":\"misterSalud\",\"url\":\"https:\\\/\\\/mistersalud.com\\\/seguros\\\/\",\"logo\":{\"@type\":\"ImageObject\",\"inLanguage\":\"es\",\"@id\":\"https:\\\/\\\/mistersalud.com\\\/seguros\\\/#\\\/schema\\\/logo\\\/image\\\/\",\"url\":\"https:\\\/\\\/mistersalud.com\\\/seguros\\\/wp-content\\\/uploads\\\/2022\\\/05\\\/logo-mistersalud.png\",\"contentUrl\":\"https:\\\/\\\/mistersalud.com\\\/seguros\\\/wp-content\\\/uploads\\\/2022\\\/05\\\/logo-mistersalud.png\",\"width\":178,\"height\":89,\"caption\":\"misterSalud\"},\"image\":{\"@id\":\"https:\\\/\\\/mistersalud.com\\\/seguros\\\/#\\\/schema\\\/logo\\\/image\\\/\"}}]}<\/script>\n<!-- \/ Yoast SEO plugin. -->","yoast_head_json":{"title":"Seguro m\u00e9dico Endesa - misterSalud","robots":{"index":"index","follow":"follow","max-snippet":"max-snippet:-1","max-image-preview":"max-image-preview:large","max-video-preview":"max-video-preview:-1"},"canonical":"https:\/\/mistersalud.com\/seguros\/companias\/endesa\/","og_locale":"es_ES","og_type":"article","og_title":"Seguro m\u00e9dico Endesa - misterSalud","og_description":"Endesa es la empresa l\u00edder en el sector de la electricidad en Espa\u00f1a, y la segunda m\u00e1s relevante en Portugal. Desde su fundaci\u00f3n en 1944 intentan conseguir un mundo donde la electricidad sea sin\u00f3nimo de sostenibilidad, y su historia refleja su gran evoluci\u00f3n en este sentido. En esta l\u00ednea, Endesa est\u00e1 enteramente comprometida con el&hellip;","og_url":"https:\/\/mistersalud.com\/seguros\/companias\/endesa\/","og_site_name":"misterSalud","twitter_card":"summary_large_image","twitter_misc":{"Tiempo de lectura":"7 minutos"},"schema":{"@context":"https:\/\/schema.org","@graph":[{"@type":"WebPage","@id":"https:\/\/mistersalud.com\/seguros\/companias\/endesa\/","url":"https:\/\/mistersalud.com\/seguros\/companias\/endesa\/","name":"Seguro m\u00e9dico Endesa - misterSalud","isPartOf":{"@id":"https:\/\/mistersalud.com\/seguros\/#website"},"datePublished":"2022-06-23T13:04:14+00:00","breadcrumb":{"@id":"https:\/\/mistersalud.com\/seguros\/companias\/endesa\/#breadcrumb"},"inLanguage":"es","potentialAction":[{"@type":"ReadAction","target":["https:\/\/mistersalud.com\/seguros\/companias\/endesa\/"]}]},{"@type":"BreadcrumbList","@id":"https:\/\/mistersalud.com\/seguros\/companias\/endesa\/#breadcrumb","itemListElement":[{"@type":"ListItem","position":1,"name":"Portada","item":"https:\/\/mistersalud.com\/seguros\/"},{"@type":"ListItem","position":2,"name":"Compa\u00f1\u00edas de Seguros de Salud en Espa\u00f1a","item":"https:\/\/mistersalud.com\/seguros\/companias\/"},{"@type":"ListItem","position":3,"name":"Seguro m\u00e9dico Endesa"}]},{"@type":"WebSite","@id":"https:\/\/mistersalud.com\/seguros\/#website","url":"https:\/\/mistersalud.com\/seguros\/","name":"misterSalud","description":"","publisher":{"@id":"https:\/\/mistersalud.com\/seguros\/#organization"},"potentialAction":[{"@type":"SearchAction","target":{"@type":"EntryPoint","urlTemplate":"https:\/\/mistersalud.com\/seguros\/?s={search_term_string}"},"query-input":{"@type":"PropertyValueSpecification","valueRequired":true,"valueName":"search_term_string"}}],"inLanguage":"es"},{"@type":"Organization","@id":"https:\/\/mistersalud.com\/seguros\/#organization","name":"misterSalud","url":"https:\/\/mistersalud.com\/seguros\/","logo":{"@type":"ImageObject","inLanguage":"es","@id":"https:\/\/mistersalud.com\/seguros\/#\/schema\/logo\/image\/","url":"https:\/\/mistersalud.com\/seguros\/wp-content\/uploads\/2022\/05\/logo-mistersalud.png","contentUrl":"https:\/\/mistersalud.com\/seguros\/wp-content\/uploads\/2022\/05\/logo-mistersalud.png","width":178,"height":89,"caption":"misterSalud"},"image":{"@id":"https:\/\/mistersalud.com\/seguros\/#\/schema\/logo\/image\/"}}]}},"_links":{"self":[{"href":"https:\/\/mistersalud.com\/seguros\/wp-json\/wp\/v2\/pages\/225","targetHints":{"allow":["GET"]}}],"collection":[{"href":"https:\/\/mistersalud.com\/seguros\/wp-json\/wp\/v2\/pages"}],"about":[{"href":"https:\/\/mistersalud.com\/seguros\/wp-json\/wp\/v2\/types\/page"}],"author":[{"embeddable":true,"href":"https:\/\/mistersalud.com\/seguros\/wp-json\/wp\/v2\/users\/2"}],"replies":[{"embeddable":true,"href":"https:\/\/mistersalud.com\/seguros\/wp-json\/wp\/v2\/comments?post=225"}],"version-history":[{"count":1,"href":"https:\/\/mistersalud.com\/seguros\/wp-json\/wp\/v2\/pages\/225\/revisions"}],"predecessor-version":[{"id":226,"href":"https:\/\/mistersalud.com\/seguros\/wp-json\/wp\/v2\/pages\/225\/revisions\/226"}],"up":[{"embeddable":true,"href":"https:\/\/mistersalud.com\/seguros\/wp-json\/wp\/v2\/pages\/22"}],"wp:attachment":[{"href":"https:\/\/mistersalud.com\/seguros\/wp-json\/wp\/v2\/media?parent=225"}],"curies":[{"name":"wp","href":"https:\/\/api.w.org\/{rel}","templated":true}]}}