{"id":219,"date":"2022-06-23T12:27:22","date_gmt":"2022-06-23T12:27:22","guid":{"rendered":"https:\/\/mistersalud.com\/seguros\/?page_id=219"},"modified":"2022-06-23T12:27:22","modified_gmt":"2022-06-23T12:27:22","slug":"cetelem","status":"publish","type":"page","link":"https:\/\/mistersalud.com\/seguros\/companias\/cetelem\/","title":{"rendered":"Seguro m\u00e9dico Cetelem"},"content":{"rendered":"\n<p>Cetelem se corresponde con la marca comercial de BNP Paribas Personal Finance en Espa\u00f1a, el banco m\u00e1s grande a nivel europeo y franc\u00e9s, y el sexto a nivel mundial. Esta empresa est\u00e1 presente en 28 pa\u00edses de todo el mundo y garantiza una gran solidez dentro del territorio espa\u00f1ol. Cetelem se encarga de proporcionar los productos de cr\u00e9dito del banco y, desde 1988, se ha convertido en un modelo de referencia en el comercio y un gran aliado estrat\u00e9gico para grandes marcas en el mundo de la distribuci\u00f3n y del motor.<\/p>\n<p>En Espa\u00f1a, desde hace ya m\u00e1s de 30 a\u00f1os, Cetelem ofrece multitud de financiaci\u00f3n de pr\u00e9stamo y cr\u00e9dito, con la finalidad de conseguir hacer realidad los sue\u00f1os y los proyectos de sus clientes. BNP Paribas Personal Finance tiene unos valores fijos basados en una responsabilidad social que te garantiza el ser una empresa comprometida no solo con sus clientes, sino con el mundo, con una acci\u00f3n solidaria, promoviendo la educaci\u00f3n, con una responsabilidad medioambiental, etc. Es una empresa l\u00edder en su sector, que apuesta por un excelente servicio en todo lo que ofrece.<\/p>\n<p>Adem\u00e1s, desde Cetelem te ofrecen la posibilidad de contratar diferentes tipos de seguros en los que se incluyen los de m\u00f3vil, tarjetas Cetelem, Deportes, Salud y una amplia variedad.<\/p>\n<div class=\"colorf \"  ><div class=\"container clearfix\"><div class=\"col-md-7\"><\/p>\n<h2><b>Cuadro m\u00e9dico de Cetelem<\/b><\/h2>\n<p>El seguro m\u00e9dico del grupo Cetelem es un seguro de hospitalizaci\u00f3n, es decir, que todas las garant\u00edas y servicios que te ofrece esta compa\u00f1\u00eda se corresponde con un periodo que tengas que estar hospitalizado, para asegurarte el tiempo de recuperaci\u00f3n que tengas que llevar a cabo de la manera m\u00e1s c\u00f3moda y econ\u00f3mica posible. Para ello, te ofrecen el adaptar y personalizar por completo tu seguro de hospitalizaci\u00f3n para que se corresponda de la mejor manera posible a tus necesidades.<\/p>\n<p>Este seguro de hospitalizaci\u00f3n del grupo Cetelem no cuenta con un cuadro m\u00e9dico, pero s\u00ed garantiza que puedas utilizar cualquier instalaci\u00f3n privada para tu tiempo de recuperaci\u00f3n, para que, de manera f\u00e1cil, encuentres un lugar donde puedas, tanto t\u00fa como tu familia, pasar el tiempo de hospitalizaci\u00f3n de la mejor manera.<\/p>\n<p><\/div><\/div><\/div>\n<h2><b>Coberturas del seguro m\u00e9dico Cetelem<\/b><\/h2>\n<p><span style=\"font-weight: 400;\">El seguro de hospitalizaci\u00f3n de Cetelem ofrece unas coberturas fijas a trav\u00e9s de diferentes indemnizaciones totalmente personalizables por los servicios de recuperaci\u00f3n en un hospital:<\/span><\/p>\n<ul>\n<li style=\"font-weight: 400;\" aria-level=\"1\"><span style=\"font-weight: 400;\">Hospitalizaci\u00f3n por accidente. El seguro se har\u00e1 cargo de los d\u00edas que pases en el hospital y abonar\u00e1 70 euros por d\u00eda.<\/span><\/li>\n<li style=\"font-weight: 400;\" aria-level=\"1\"><span style=\"font-weight: 400;\">Hospitalizaci\u00f3n por enfermedad. El seguro se har\u00e1 cargo de la hospitalizaci\u00f3n y de los d\u00edas que pases all\u00ed abonando 70 euros por d\u00eda.<\/span><\/li>\n<\/ul>\n<p><span style=\"font-weight: 400;\">Adem\u00e1s, este seguro te ofrece otro tipo de servicios o coberturas extras, que indemniza a los afectados por diferentes motivos y ayuda a tener una mejor estancia y estar m\u00e1s tranquilos en este periodo.\u00a0<\/span><\/p>\n<ul>\n<li style=\"font-weight: 400;\" aria-level=\"1\"><span style=\"font-weight: 400;\">Cobertura por convalecencia. Se recibir\u00e1 una ayuda de 1000 euros si la estancia en el hospital supera los 14 d\u00edas.<\/span><\/li>\n<li style=\"font-weight: 400;\" aria-level=\"1\"><span style=\"font-weight: 400;\">Cobertura para el transporte. Solventa los gastos extras que se genere del transporte hasta el hospital, tanto el desplazamiento en veh\u00edculos como el parking, con 30 euros al d\u00eda adicionales.<\/span><\/li>\n<li style=\"font-weight: 400;\" aria-level=\"1\"><span style=\"font-weight: 400;\">Cobertura para la familia. Pensado para los gastos que puedan generarse en los familiares que tenga la persona hospitalizada, como los servicios de canguro para los menores o las comidas fuera de casa. Para ello el seguro a\u00f1adir\u00e1 30 euros adicionales por d\u00eda.<\/span><\/li>\n<\/ul>\n<div class=\"colorf\"><div class=\"container clearfix\"><div class=\"col-md-7\"><div class=\"tipos\"><svg id=\"stars\" style=\"display: none;\" version=\"1.1\">\n\t<symbol id=\"stars-full-star\" viewBox=\"0 0 102 18\">\n\t\t<path d=\"M9.5 14.25l-5.584 2.936 1.066-6.218L.465 6.564l6.243-.907L9.5 0l2.792 5.657 6.243.907-4.517 4.404 1.066 6.218\" \/>\n\t<\/symbol>\n\n\t<symbol id=\"stars-half-star\" viewBox=\"0 0 102 18\">\n\t\t<path d=\"M9.5 14.25l-5.584 2.936 1.066-6.218L.465 6.564l6.243-.907L9.5 0l2.792\" fill=\"#ffdc0f\" \/>\n\t<\/symbol>\n\n\t<symbol id=\"stars-all-star\" viewBox=\"0 0 102 18\">\n\t\t<use xlink:href=\"#stars-full-star\" \/>\n\t\t<use xlink:href=\"#stars-full-star\" transform=\"translate(21)\" \/>\n\t\t<use xlink:href=\"#stars-full-star\" transform=\"translate(42)\" \/>\n\t\t<use xlink:href=\"#stars-full-star\" transform=\"translate(63)\" \/>\n\t\t<use xlink:href=\"#stars-full-star\" transform=\"translate(84)\" \/>\n\t<\/symbol>\n\n\t<symbol id=\"stars-0\" viewBox=\"0 0 102 18\">\n\t\t<use xlink:href=\"#stars-all-star\" fill=\"#e5e5e5\" \/>\n\t<\/symbol>\n\n\t<symbol id=\"stars-1\" viewBox=\"0 0 102 18\">\n\t\t<use xlink:href=\"#stars-0\" \/>\n\t\t<use xlink:href=\"#stars-half-star\" \/>\n\t<\/symbol>\n\n\t<symbol id=\"stars-2\" viewBox=\"0 0 102 18\">\n\t\t<use xlink:href=\"#stars-0\" \/>\n\t\t<use xlink:href=\"#stars-full-star\" fill=\"#ffdc0f\" \/>\n\t<\/symbol>\n\n\t<symbol id=\"stars-3\" viewBox=\"0 0 102 18\">\n\t\t<use xlink:href=\"#stars-2\" \/>\n\t\t<use xlink:href=\"#stars-half-star\" transform=\"translate(21)\" \/>\n\t<\/symbol>\n\n\t<symbol id=\"stars-4\" viewBox=\"0 0 102 18\">\n\t\t<use xlink:href=\"#stars-2\" \/>\n\t\t<use xlink:href=\"#stars-full-star\" fill=\"#ffdc0f\" transform=\"translate(21)\" \/>\n\t<\/symbol>\n\n\t<symbol id=\"stars-5\" viewBox=\"0 0 102 18\">\n\t\t<use xlink:href=\"#stars-4\" \/>\n\t\t<use xlink:href=\"#stars-half-star\" transform=\"translate(42)\" \/>\n\t<\/symbol>\n\n\t<symbol id=\"stars-6\" viewBox=\"0 0 102 18\">\n\t\t<use xlink:href=\"#stars-4\" \/>\n\t\t<use xlink:href=\"#stars-full-star\" fill=\"#ffdc0f\" transform=\"translate(42)\" \/>\n\t<\/symbol>\n\n\t<symbol id=\"stars-7\" viewBox=\"0 0 102 18\">\n\t\t<use xlink:href=\"#stars-6\" \/>\n\t\t<use xlink:href=\"#stars-half-star\" transform=\"translate(63)\" \/>\n\t<\/symbol>\n\n\t<symbol id=\"stars-8\" viewBox=\"0 0 102 18\">\n\t\t<use xlink:href=\"#stars-6\" \/>\n\t\t<use xlink:href=\"#stars-full-star\" fill=\"#ffdc0f\" transform=\"translate(63)\" \/>\n\t<\/symbol>\n\n\t<symbol id=\"stars-9\" viewBox=\"0 0 102 18\">\n\t\t<use xlink:href=\"#stars-8\" \/>\n\t\t<use xlink:href=\"#stars-half-star\" transform=\"translate(84)\" \/>\n\t<\/symbol>\n\n\t<symbol id=\"stars-10\" viewBox=\"0 0 102 18\">\n\t\t<use xlink:href=\"#stars-all-star\" fill=\"#ffdc0f\" \/>\n\t<\/symbol>\n<\/svg>\n\n<h2><b>Tipos de p\u00f3liza del seguro m\u00e9dico Cetelem<\/b><\/h2>\n<div class=\"desplazamiento\">\n<p>El seguro de hospitalizaci\u00f3n del grupo Cetelem \u00fanicamente tiene un tipo de p\u00f3liza, que cubre las necesidades que puedan surgir de la hospitalizaci\u00f3n de un paciente en cualquier centro m\u00e9dico. Esta p\u00f3liza es totalmente personalizable para cubrir lo que realmente cada usuario desee, a\u00f1adiendo m\u00e1s o menos coberturas en funci\u00f3n al precio y las condiciones que se desee y no pagar por servicios que no se van a utilizar. Tambi\u00e9n este tipo de p\u00f3liza te asegura el poder cancelarla en cualquier momento que se desee, sin ning\u00fan tipo de permanencia ni penalizaci\u00f3n y garantizando beneficios pensados para ti y tu familia.<\/p>\n<\/div>\n<\/div><\/div><\/div><\/div>\n<h3><b>Seguro m\u00e9dico familiar Cetelem<\/b><\/h3>\n<p>El seguro de hospitalizaci\u00f3n del grupo Cetelem ofrece un servicio pensado para las familias, donde te aseguran todos los gastos que se puedan generar en tu n\u00facleo familiar a consecuencia de tu periodo hospitalario, como es el caso de un servicio de canguro para los m\u00e1s peque\u00f1os o las comidas que se tengan que hacer fuera de casa mientras te acompa\u00f1an. Adem\u00e1s, puedes conseguir un seguro personalizado para cada miembro de tu familia si es eso lo que deseas, con coberturas de hospitalizaci\u00f3n por enfermedad o accidente.<\/p>\n<div class=\"colorf \"  ><div class=\"container clearfix\"><div class=\"col-md-7\"><\/p>\n<h3><b>Seguro m\u00e9dico con copago Cetelem<\/b><\/h3>\n<p>El seguro de hospitalizaci\u00f3n de la empresa Cetelem no tiene ning\u00fan\u200b tipo de copago, la compa\u00f1\u00eda se hace cargo de todos los gastos d\u00e1ndote una indemnizaci\u00f3n por cada d\u00eda de hospitalizaci\u00f3n que lleves y por otras coberturas que puedes o no elegir dentro del seguro, garantizando que tu estancia en el hospital sea de la mejor manera posible y a un coste pr\u00e1cticamente nulo.<\/p>\n<p><\/div><\/div><\/div>\n<h3><b>Seguro m\u00e9dico sin copago Cetelem<\/b><\/h3>\n<p>El seguro que ofrece Cetelem es un seguro de hospitalizaci\u00f3n que cuenta con el m\u00e9todo sin pago, y que podr\u00e1s disfrutar de la manera m\u00e1s personalizada, incluyendo los servicios que m\u00e1s desees y pagando por las coberturas que verdaderamente vayas a utilizar. Desde Cetelem quieren garantizar que pases un tiempo en el hospital de la mejor manera posible, y que te preocupes de una buena recuperaci\u00f3n, sin pensar en nada m\u00e1s.<\/p>\n<h2>Preguntas frecuentes sobre el seguro m\u00e9dico Cetelem<\/h2>\n<p>En Mister Salud nos preocupa que elijas bien a la hora de contratar un seguro de salud para ti y para tu familia, por eso, nuestra amplia experiencia en el sector de los seguros, nos permite brindarte esa informaci\u00f3n que necesitas para encontrar el mejor seguro que se adapte a todas las necesidades que necesitas. Para ello, contamos con un grupo de expertos que te puede resolver cualquier duda que te surja en la b\u00fasqueda. En nuestra p\u00e1gina web tienes una amplia gama de seguros de salud y una descripci\u00f3n de todos ellos, con informaci\u00f3n muy \u00fatil de la aseguradora y sus seguros de salud. Adem\u00e1s, tambi\u00e9n te ofrecemos a nuestros teleoperadores, que resolver\u00e1n cualquier pregunta y problema que puedas tener.<\/p>\n<p>En todo caso, hemos podido observar algunas dudas que se generan a la hora de contratar los seguros de la marca Cetelem, por lo que te dejamos algunas que te servir\u00e1n de ayuda:<\/p>\n<div class=\"accordion\" id=\"preguntas_desplegables\">\n<div class=\"pregunta \"  ><div class=\"accordion-item\">\n\t\t\t \t    <h3 class=\"accordion-header\" id=\"heading1\">\n\t\t\t\t\t \t<button class=\"accordion-button collapsed\" type=\"button\" data-bs-toggle=\"collapse\" data-bs-target=\"#collapse1\" aria-expanded=\"false\" aria-controls=\"collapse1\">\n\t\t\t\t\t\t\t\u00bfD\u00f3nde contratar un seguro m\u00e9dico Cetelem?\n\t\t\t\t\t \t<\/button>\n\t\t\t\t    <\/h3>\n\t\t\t\t    <div id=\"collapse1\" class=\"accordion-collapse collapse \" aria-labelledby=\"heading1\" data-bs-parent=\"#preguntas_desplegables\">\n\t\t\t\t\t\t<div class=\"accordion-body\">\n\t\t\t\t\t\t\t\n<p>Desde nuestra propia p\u00e1gina web de Mister Salud y de una manera r\u00e1pida y sencilla podr\u00e1s empezar a formar parte de esta compa\u00f1\u00eda, y sin tener que llevar t\u00fa las gestiones pertinentes, sino que uno de nuestros teleoperadores se pondr\u00e1 en contacto contigo para solucionar todo y que puedas comenzar a formar parte de Cetelem lo antes posible. Para ello, solo tendr\u00e1s que proporcionar tus datos en el formulario que aparece por la pantalla y nosotros nos encargaremos del resto.<\/p>\n<p>\n\t\t\t\t\t\t<\/div>\n\t\t\t\t\t<\/div>\n\t\t\t\t<\/div>\t<\/div> <div class=\"pregunta \"  ><div class=\"accordion-item\">\n\t\t\t \t    <h3 class=\"accordion-header\" id=\"heading2\">\n\t\t\t\t\t \t<button class=\"accordion-button collapsed\" type=\"button\" data-bs-toggle=\"collapse\" data-bs-target=\"#collapse2\" aria-expanded=\"false\" aria-controls=\"collapse2\">\n\t\t\t\t\t\t\t\u00bfPuedo viajar con el seguro m\u00e9dico Cetelem?\n\t\t\t\t\t \t<\/button>\n\t\t\t\t    <\/h3>\n\t\t\t\t    <div id=\"collapse2\" class=\"accordion-collapse collapse \" aria-labelledby=\"heading2\" data-bs-parent=\"#preguntas_desplegables\">\n\t\t\t\t\t\t<div class=\"accordion-body\">\n\t\t\t\t\t\t\t<\/p>\n<p>El seguro de hospitalizaci\u00f3n que te ofrece el grupo Cetelem garantiza una serie de coberturas totalmente personalizables a lo que cada consumidor necesite dentro del territorio nacional espa\u00f1ol, sin la posibilidad de poder obtener estas indemnizaciones por hospitalizaci\u00f3n si se produce un accidente o a causa de una enfermedad fuera de este \u00e1mbito nacional.<\/p>\n<p>\n\t\t\t\t\t\t<\/div>\n\t\t\t\t\t<\/div>\n\t\t\t\t<\/div>\t<\/div><\/p>\n<div class=\"pregunta \"  ><div class=\"accordion-item\">\n\t\t\t \t    <h3 class=\"accordion-header\" id=\"heading3\">\n\t\t\t\t\t \t<button class=\"accordion-button collapsed\" type=\"button\" data-bs-toggle=\"collapse\" data-bs-target=\"#collapse3\" aria-expanded=\"false\" aria-controls=\"collapse3\">\n\t\t\t\t\t\t\t\u00bfQu\u00e9 cubre el seguro m\u00e9dico Cetelem?\n\t\t\t\t\t \t<\/button>\n\t\t\t\t    <\/h3>\n\t\t\t\t    <div id=\"collapse3\" class=\"accordion-collapse collapse \" aria-labelledby=\"heading3\" data-bs-parent=\"#preguntas_desplegables\">\n\t\t\t\t\t\t<div class=\"accordion-body\">\n\t\t\t\t\t\t\t<\/p>\n<p>El seguro que ofrece el grupo Cetelem es un seguro de hospitalizaci\u00f3n, que cubre las siguientes necesidades a todos sus usuarios, dependiendo de las coberturas que el cliente indique:<br \/>\nHospitalizaci\u00f3n por enfermedad<br \/>\nHospitalizaci\u00f3n por accidente<\/p>\n<p>Junto con estas, ofrece tambi\u00e9n otras coberturas adicionales que no se podr\u00e1n se\u00f1alar si no se contrata algunas de las anteriores:<br \/>\nConvalecencia<br \/>\nFamilia tranquila<br \/>\nTaxi y Parking<\/p>\n<p>\n\t\t\t\t\t\t<\/div>\n\t\t\t\t\t<\/div>\n\t\t\t\t<\/div>\t<\/div>\n<\/div>\n<div class=\"colorf\"><div class=\"container clearfix\"><div class=\"col-md-7\"><div class=\"empresas\">\n<h3>Compa\u00f1\u00edas de seguros m\u00e9dicos<\/h3>\n<div class=\"enlazado\"><ul><li><a href=\"https:\/\/mistersalud.com\/seguros\/companias\/adeslas\/\"><span>Seguro M\u00e9dico Adeslas<\/span><\/a><\/li><li><a href=\"https:\/\/mistersalud.com\/seguros\/companias\/banca-march\/\"><span>Seguro M\u00e9dico Banca March<\/span><\/a><\/li><li><a href=\"https:\/\/mistersalud.com\/seguros\/companias\/banco-caminos\/\"><span>Seguro M\u00e9dico Banco Caminos<\/span><\/a><\/li><li><a href=\"https:\/\/mistersalud.com\/seguros\/companias\/banco-popular\/\"><span>Seguro M\u00e9dico Banco Popular<\/span><\/a><\/li><li><a href=\"https:\/\/mistersalud.com\/seguros\/companias\/banco-sabadell\/\"><span>Seguro M\u00e9dico Banco Sabadell<\/span><\/a><\/li><li><a href=\"https:\/\/mistersalud.com\/seguros\/companias\/banco-albacete\/\"><span>Seguro M\u00e9dico Banco de Albacete<\/span><\/a><\/li><li><a href=\"https:\/\/mistersalud.com\/seguros\/companias\/caixa-geral\/\"><span>Seguro M\u00e9dico Caixa Geral<\/span><\/a><\/li><li><a href=\"https:\/\/mistersalud.com\/seguros\/companias\/caixa-rural-burriana\/\"><span>Seguro M\u00e9dico Caixa Rural Burriana<\/span><\/a><\/li><li><a href=\"https:\/\/mistersalud.com\/seguros\/companias\/imq\/\"><span>Seguro M\u00e9dico IMQ<\/span><\/a><\/li><li><a href=\"https:\/\/mistersalud.com\/seguros\/companias\/martierra\/\"><span>Seguro M\u00e9dico Martierra<\/span><\/a><\/li><li><a href=\"https:\/\/mistersalud.com\/seguros\/companias\/mutua-terrassa\/\"><span>Seguro M\u00e9dico Mutua Terrassa<\/span><\/a><\/li><li><a href=\"https:\/\/mistersalud.com\/seguros\/companias\/preventiva\/\"><span>Seguro M\u00e9dico Preventiva<\/span><\/a><\/li><li><a href=\"https:\/\/mistersalud.com\/seguros\/companias\/santander\/\"><span>Seguro M\u00e9dico Santander<\/span><\/a><\/li><li><a href=\"https:\/\/mistersalud.com\/seguros\/companias\/soliss\/\"><span>Seguro M\u00e9dico Soliss<\/span><\/a><\/li><li><a href=\"https:\/\/mistersalud.com\/seguros\/companias\/union-alcoyana\/\"><span>Seguro M\u00e9dico Uni\u00f3n Alcoyana<\/span><\/a><\/li><li><a href=\"https:\/\/mistersalud.com\/seguros\/companias\/bankia\/\"><span>Seguro M\u00e9dico de Bankia<\/span><\/a><\/li><li><a href=\"https:\/\/mistersalud.com\/seguros\/companias\/asociacion-europea\/\"><span>Seguro m\u00e9dico Asociaci\u00f3n Europea<\/span><\/a><\/li><li><a href=\"https:\/\/mistersalud.com\/seguros\/companias\/axa\/\"><span>Seguro m\u00e9dico Axa<\/span><\/a><\/li><li><a href=\"https:\/\/mistersalud.com\/seguros\/companias\/bpi\/\"><span>Seguro m\u00e9dico BPI<\/span><\/a><\/li><li><a href=\"https:\/\/mistersalud.com\/seguros\/companias\/banco-de-albacete\/\"><span>Seguro m\u00e9dico Banco de Albacete<\/span><\/a><\/li><li><a href=\"https:\/\/mistersalud.com\/seguros\/companias\/caja-rural\/\"><span>Seguro m\u00e9dico Caja Rural<\/span><\/a><\/li><li><a href=\"https:\/\/mistersalud.com\/seguros\/companias\/cigna\/\"><span>Seguro m\u00e9dico Cigna<\/span><\/a><\/li><li><a href=\"https:\/\/mistersalud.com\/seguros\/companias\/divina\/\"><span>Seguro m\u00e9dico Divina Seguros<\/span><\/a><\/li><li><a href=\"https:\/\/mistersalud.com\/seguros\/companias\/murimar\/\"><span>Seguro m\u00e9dico Murimar<\/span><\/a><\/li><li><a href=\"https:\/\/mistersalud.com\/seguros\/companias\/pueyo\/\"><span>Seguro m\u00e9dico Pueyo<\/span><\/a><\/li><li><a href=\"https:\/\/mistersalud.com\/seguros\/companias\/santa-lucia\/\"><span>Seguro m\u00e9dico Santa Luc\u00eda<\/span><\/a><\/li><li><a href=\"https:\/\/mistersalud.com\/seguros\/companias\/el-corte-ingles\/\"><span>Seguro m\u00e9dico Seguros El Corte Ingl\u00e9s<\/span><\/a><\/li><li><a href=\"https:\/\/mistersalud.com\/seguros\/companias\/universal\/\"><span>Seguro m\u00e9dico Universal<\/span><\/a><\/li><li><a href=\"https:\/\/mistersalud.com\/seguros\/companias\/vivaz\/\"><span>Seguro m\u00e9dico Vivaz<\/span><\/a><\/li><li><a href=\"https:\/\/mistersalud.com\/seguros\/companias\/orbita\/\"><span>Seguro m\u00e9dico \u00d3rbita<\/span><\/a><\/li><\/ul><\/div>\n<p><\/div><\/div><\/div><\/div><br \/>\n<div class=\"oficinas\"><\/p>\n<div><!-- No shortcodes are defined --><\/div>\n<\/div>\n","protected":false},"excerpt":{"rendered":"<p>Cetelem se corresponde con la marca comercial de BNP Paribas Personal Finance en Espa\u00f1a, el banco m\u00e1s grande a nivel europeo y franc\u00e9s, y el sexto a nivel mundial. Esta empresa est\u00e1 presente en 28 pa\u00edses de todo el mundo y garantiza una gran solidez dentro del territorio espa\u00f1ol. Cetelem se encarga de proporcionar los&hellip; <\/p>\n","protected":false},"author":2,"featured_media":0,"parent":22,"menu_order":0,"comment_status":"closed","ping_status":"closed","template":"single.php","meta":{"footnotes":""},"class_list":["post-219","page","type-page","status-publish","hentry"],"yoast_head":"<!-- This site is optimized with the Yoast SEO plugin v27.3 - https:\/\/yoast.com\/product\/yoast-seo-wordpress\/ -->\n<title>Seguro m\u00e9dico Cetelem - misterSalud<\/title>\n<meta name=\"robots\" content=\"index, follow, max-snippet:-1, max-image-preview:large, max-video-preview:-1\" \/>\n<link rel=\"canonical\" href=\"https:\/\/mistersalud.com\/seguros\/companias\/cetelem\/\" \/>\n<meta property=\"og:locale\" content=\"es_ES\" \/>\n<meta property=\"og:type\" content=\"article\" \/>\n<meta property=\"og:title\" content=\"Seguro m\u00e9dico Cetelem - misterSalud\" \/>\n<meta property=\"og:description\" content=\"Cetelem se corresponde con la marca comercial de BNP Paribas Personal Finance en Espa\u00f1a, el banco m\u00e1s grande a nivel europeo y franc\u00e9s, y el sexto a nivel mundial. Esta empresa est\u00e1 presente en 28 pa\u00edses de todo el mundo y garantiza una gran solidez dentro del territorio espa\u00f1ol. Cetelem se encarga de proporcionar los&hellip;\" \/>\n<meta property=\"og:url\" content=\"https:\/\/mistersalud.com\/seguros\/companias\/cetelem\/\" \/>\n<meta property=\"og:site_name\" content=\"misterSalud\" \/>\n<meta name=\"twitter:card\" content=\"summary_large_image\" \/>\n<meta name=\"twitter:label1\" content=\"Tiempo de lectura\" \/>\n\t<meta name=\"twitter:data1\" content=\"7 minutos\" \/>\n<script type=\"application\/ld+json\" class=\"yoast-schema-graph\">{\"@context\":\"https:\\\/\\\/schema.org\",\"@graph\":[{\"@type\":\"WebPage\",\"@id\":\"https:\\\/\\\/mistersalud.com\\\/seguros\\\/companias\\\/cetelem\\\/\",\"url\":\"https:\\\/\\\/mistersalud.com\\\/seguros\\\/companias\\\/cetelem\\\/\",\"name\":\"Seguro m\u00e9dico Cetelem - misterSalud\",\"isPartOf\":{\"@id\":\"https:\\\/\\\/mistersalud.com\\\/seguros\\\/#website\"},\"datePublished\":\"2022-06-23T12:27:22+00:00\",\"breadcrumb\":{\"@id\":\"https:\\\/\\\/mistersalud.com\\\/seguros\\\/companias\\\/cetelem\\\/#breadcrumb\"},\"inLanguage\":\"es\",\"potentialAction\":[{\"@type\":\"ReadAction\",\"target\":[\"https:\\\/\\\/mistersalud.com\\\/seguros\\\/companias\\\/cetelem\\\/\"]}]},{\"@type\":\"BreadcrumbList\",\"@id\":\"https:\\\/\\\/mistersalud.com\\\/seguros\\\/companias\\\/cetelem\\\/#breadcrumb\",\"itemListElement\":[{\"@type\":\"ListItem\",\"position\":1,\"name\":\"Portada\",\"item\":\"https:\\\/\\\/mistersalud.com\\\/seguros\\\/\"},{\"@type\":\"ListItem\",\"position\":2,\"name\":\"Compa\u00f1\u00edas de Seguros de Salud en Espa\u00f1a\",\"item\":\"https:\\\/\\\/mistersalud.com\\\/seguros\\\/companias\\\/\"},{\"@type\":\"ListItem\",\"position\":3,\"name\":\"Seguro m\u00e9dico Cetelem\"}]},{\"@type\":\"WebSite\",\"@id\":\"https:\\\/\\\/mistersalud.com\\\/seguros\\\/#website\",\"url\":\"https:\\\/\\\/mistersalud.com\\\/seguros\\\/\",\"name\":\"misterSalud\",\"description\":\"\",\"publisher\":{\"@id\":\"https:\\\/\\\/mistersalud.com\\\/seguros\\\/#organization\"},\"potentialAction\":[{\"@type\":\"SearchAction\",\"target\":{\"@type\":\"EntryPoint\",\"urlTemplate\":\"https:\\\/\\\/mistersalud.com\\\/seguros\\\/?s={search_term_string}\"},\"query-input\":{\"@type\":\"PropertyValueSpecification\",\"valueRequired\":true,\"valueName\":\"search_term_string\"}}],\"inLanguage\":\"es\"},{\"@type\":\"Organization\",\"@id\":\"https:\\\/\\\/mistersalud.com\\\/seguros\\\/#organization\",\"name\":\"misterSalud\",\"url\":\"https:\\\/\\\/mistersalud.com\\\/seguros\\\/\",\"logo\":{\"@type\":\"ImageObject\",\"inLanguage\":\"es\",\"@id\":\"https:\\\/\\\/mistersalud.com\\\/seguros\\\/#\\\/schema\\\/logo\\\/image\\\/\",\"url\":\"https:\\\/\\\/mistersalud.com\\\/seguros\\\/wp-content\\\/uploads\\\/2022\\\/05\\\/logo-mistersalud.png\",\"contentUrl\":\"https:\\\/\\\/mistersalud.com\\\/seguros\\\/wp-content\\\/uploads\\\/2022\\\/05\\\/logo-mistersalud.png\",\"width\":178,\"height\":89,\"caption\":\"misterSalud\"},\"image\":{\"@id\":\"https:\\\/\\\/mistersalud.com\\\/seguros\\\/#\\\/schema\\\/logo\\\/image\\\/\"}}]}<\/script>\n<!-- \/ Yoast SEO plugin. -->","yoast_head_json":{"title":"Seguro m\u00e9dico Cetelem - misterSalud","robots":{"index":"index","follow":"follow","max-snippet":"max-snippet:-1","max-image-preview":"max-image-preview:large","max-video-preview":"max-video-preview:-1"},"canonical":"https:\/\/mistersalud.com\/seguros\/companias\/cetelem\/","og_locale":"es_ES","og_type":"article","og_title":"Seguro m\u00e9dico Cetelem - misterSalud","og_description":"Cetelem se corresponde con la marca comercial de BNP Paribas Personal Finance en Espa\u00f1a, el banco m\u00e1s grande a nivel europeo y franc\u00e9s, y el sexto a nivel mundial. Esta empresa est\u00e1 presente en 28 pa\u00edses de todo el mundo y garantiza una gran solidez dentro del territorio espa\u00f1ol. Cetelem se encarga de proporcionar los&hellip;","og_url":"https:\/\/mistersalud.com\/seguros\/companias\/cetelem\/","og_site_name":"misterSalud","twitter_card":"summary_large_image","twitter_misc":{"Tiempo de lectura":"7 minutos"},"schema":{"@context":"https:\/\/schema.org","@graph":[{"@type":"WebPage","@id":"https:\/\/mistersalud.com\/seguros\/companias\/cetelem\/","url":"https:\/\/mistersalud.com\/seguros\/companias\/cetelem\/","name":"Seguro m\u00e9dico Cetelem - misterSalud","isPartOf":{"@id":"https:\/\/mistersalud.com\/seguros\/#website"},"datePublished":"2022-06-23T12:27:22+00:00","breadcrumb":{"@id":"https:\/\/mistersalud.com\/seguros\/companias\/cetelem\/#breadcrumb"},"inLanguage":"es","potentialAction":[{"@type":"ReadAction","target":["https:\/\/mistersalud.com\/seguros\/companias\/cetelem\/"]}]},{"@type":"BreadcrumbList","@id":"https:\/\/mistersalud.com\/seguros\/companias\/cetelem\/#breadcrumb","itemListElement":[{"@type":"ListItem","position":1,"name":"Portada","item":"https:\/\/mistersalud.com\/seguros\/"},{"@type":"ListItem","position":2,"name":"Compa\u00f1\u00edas de Seguros de Salud en Espa\u00f1a","item":"https:\/\/mistersalud.com\/seguros\/companias\/"},{"@type":"ListItem","position":3,"name":"Seguro m\u00e9dico Cetelem"}]},{"@type":"WebSite","@id":"https:\/\/mistersalud.com\/seguros\/#website","url":"https:\/\/mistersalud.com\/seguros\/","name":"misterSalud","description":"","publisher":{"@id":"https:\/\/mistersalud.com\/seguros\/#organization"},"potentialAction":[{"@type":"SearchAction","target":{"@type":"EntryPoint","urlTemplate":"https:\/\/mistersalud.com\/seguros\/?s={search_term_string}"},"query-input":{"@type":"PropertyValueSpecification","valueRequired":true,"valueName":"search_term_string"}}],"inLanguage":"es"},{"@type":"Organization","@id":"https:\/\/mistersalud.com\/seguros\/#organization","name":"misterSalud","url":"https:\/\/mistersalud.com\/seguros\/","logo":{"@type":"ImageObject","inLanguage":"es","@id":"https:\/\/mistersalud.com\/seguros\/#\/schema\/logo\/image\/","url":"https:\/\/mistersalud.com\/seguros\/wp-content\/uploads\/2022\/05\/logo-mistersalud.png","contentUrl":"https:\/\/mistersalud.com\/seguros\/wp-content\/uploads\/2022\/05\/logo-mistersalud.png","width":178,"height":89,"caption":"misterSalud"},"image":{"@id":"https:\/\/mistersalud.com\/seguros\/#\/schema\/logo\/image\/"}}]}},"_links":{"self":[{"href":"https:\/\/mistersalud.com\/seguros\/wp-json\/wp\/v2\/pages\/219","targetHints":{"allow":["GET"]}}],"collection":[{"href":"https:\/\/mistersalud.com\/seguros\/wp-json\/wp\/v2\/pages"}],"about":[{"href":"https:\/\/mistersalud.com\/seguros\/wp-json\/wp\/v2\/types\/page"}],"author":[{"embeddable":true,"href":"https:\/\/mistersalud.com\/seguros\/wp-json\/wp\/v2\/users\/2"}],"replies":[{"embeddable":true,"href":"https:\/\/mistersalud.com\/seguros\/wp-json\/wp\/v2\/comments?post=219"}],"version-history":[{"count":1,"href":"https:\/\/mistersalud.com\/seguros\/wp-json\/wp\/v2\/pages\/219\/revisions"}],"predecessor-version":[{"id":220,"href":"https:\/\/mistersalud.com\/seguros\/wp-json\/wp\/v2\/pages\/219\/revisions\/220"}],"up":[{"embeddable":true,"href":"https:\/\/mistersalud.com\/seguros\/wp-json\/wp\/v2\/pages\/22"}],"wp:attachment":[{"href":"https:\/\/mistersalud.com\/seguros\/wp-json\/wp\/v2\/media?parent=219"}],"curies":[{"name":"wp","href":"https:\/\/api.w.org\/{rel}","templated":true}]}}