{"id":183,"date":"2022-06-23T10:01:58","date_gmt":"2022-06-23T10:01:58","guid":{"rendered":"https:\/\/mistersalud.com\/seguros\/?page_id=183"},"modified":"2022-06-23T10:01:58","modified_gmt":"2022-06-23T10:01:58","slug":"caja-rural","status":"publish","type":"page","link":"https:\/\/mistersalud.com\/seguros\/companias\/caja-rural\/","title":{"rendered":"Seguro m\u00e9dico Caja Rural"},"content":{"rendered":"\n<p>Caja Rural es una instituci\u00f3n financiera formada por 30 cooperativas de cr\u00e9dito y otras entidades como el Banco Cooperativo Espa\u00f1ol, el Grupo RGA y RSI.<\/p>\n<p>A trav\u00e9s de Seguros RGA, Caja Rural ofrece una amplia gama de seguros adaptados a las necesidades de cada persona: seguros personales, seguros patrimoniales y planes de pensiones y previsi\u00f3n.<\/p>\n<p>A la hora de contratar tu seguro m\u00e9dico no dudes en consultar MisterSalud para observar las coberturas y p\u00f3lizas que ofrecen todas las aseguradoras. En tan solo unos minutos podr\u00e1s realizar una comparativa entre todas ellas y elegir la que mejor se adapte a tus necesidades personales y econ\u00f3micas.<\/p>\n<p>Contratar un seguro m\u00e9dico te permite disfrutar de las ventajas de la sanidad privada a un precio determinado. De igual manera, tendr\u00e1s acceso a unos servicios m\u00e1s r\u00e1pidos y personalizados. De esta forma, tanto t\u00fa como tu familia, estar\u00e9is protegidos ante cualquier tipo de emergencia.<\/p>\n<p>En MisterSalud te proporcionaremos toda la informaci\u00f3n necesaria para la contrataci\u00f3n de tu seguro m\u00e9dico.<\/p>\n<div class=\"colorf \"  ><div class=\"container clearfix\"><div class=\"col-md-7\"><\/p>\n<h2><b>Cuadro m\u00e9dico de Caja Rural<\/b><\/h2>\n<p><span style=\"font-weight: 400;\">El cuadro m\u00e9dico es el conjunto de especialistas, cl\u00ednicas, hospitales y pruebas m\u00e9dicas concertados en la aseguradora que se incluyen en el seguro m\u00e9dico. Dentro del cuadro m\u00e9dico de tu aseguradora podr\u00e1s tener acceso a una amplia red de especialistas: cardiolog\u00eda, cirug\u00eda, dermatolog\u00eda, fisioterapia, oftalmolog\u00eda, psicolog\u00eda, nefrolog\u00eda, pediatr\u00eda, neumolog\u00eda, etc.<\/span><\/p>\n<p><span style=\"font-weight: 400;\">Como hemos dicho antes, Caja Rural, a d\u00eda de hoy, no ofrece seguro m\u00e9dico. Sin embargo, en MisterSalud te proporcionaremos toda la informaci\u00f3n necesaria para la contrataci\u00f3n de tu seguro de salud. No dudes en consultar nuestra p\u00e1gina web para tener acceso al cuadro m\u00e9dico de las aseguradoras.<\/span><\/p>\n<p><\/div><\/div><\/div>\n<h2><b>Coberturas del seguro m\u00e9dico Caja Rural<\/b><\/h2>\n<p>El cuadro m\u00e9dico es el conjunto de especialistas, cl\u00ednicas, hospitales y pruebas m\u00e9dicas concertados en la aseguradora que se incluyen en el seguro m\u00e9dico. Dentro del cuadro m\u00e9dico de tu aseguradora podr\u00e1s tener acceso a una amplia red de especialistas: cardiolog\u00eda, cirug\u00eda, dermatolog\u00eda, fisioterapia, oftalmolog\u00eda, psicolog\u00eda, nefrolog\u00eda, pediatr\u00eda, neumolog\u00eda, etc.<\/p>\n<p>Como hemos dicho antes, Caja Rural, a d\u00eda de hoy, no ofrece seguro m\u00e9dico. Sin embargo, en MisterSalud te proporcionaremos toda la informaci\u00f3n necesaria para la contrataci\u00f3n de tu seguro de salud. No dudes en consultar nuestra p\u00e1gina web para tener acceso al cuadro m\u00e9dico de las aseguradoras.<br \/>\nA la hora de contratar tu seguro m\u00e9dico no dudes en consultar MisterSalud para observar las coberturas y p\u00f3lizas que ofrecen todas las aseguradoras. En tan solo unos minutos podr\u00e1s realizar una comparativa entre todas ellas y elegir la que mejor se adapte a tus necesidades personales y econ\u00f3micas.<\/p>\n<p>Caja Rural no ofrece seguro m\u00e9dico. Sin embargo, contratando tu seguro de salud, podr\u00e1s tener acceso a una amplia red de coberturas: medicina primaria, telemedicina, servicio de ambulancia y urgencias a nivel nacional e internacional, pruebas diagn\u00f3sticas, especialidades quir\u00fargicas, medios de diagn\u00f3stico, tratamientos, medicina preventiva, hospitalizaci\u00f3n, asistencia m\u00e9dica telef\u00f3nica 24 horas o segunda opini\u00f3n m\u00e9dica.<\/p>\n<div class=\"colorf\"><div class=\"container clearfix\"><div class=\"col-md-7\"><div class=\"tipos\"><svg id=\"stars\" style=\"display: none;\" version=\"1.1\">\n\t<symbol id=\"stars-full-star\" viewBox=\"0 0 102 18\">\n\t\t<path d=\"M9.5 14.25l-5.584 2.936 1.066-6.218L.465 6.564l6.243-.907L9.5 0l2.792 5.657 6.243.907-4.517 4.404 1.066 6.218\" \/>\n\t<\/symbol>\n\n\t<symbol id=\"stars-half-star\" viewBox=\"0 0 102 18\">\n\t\t<path d=\"M9.5 14.25l-5.584 2.936 1.066-6.218L.465 6.564l6.243-.907L9.5 0l2.792\" fill=\"#ffdc0f\" \/>\n\t<\/symbol>\n\n\t<symbol id=\"stars-all-star\" viewBox=\"0 0 102 18\">\n\t\t<use xlink:href=\"#stars-full-star\" \/>\n\t\t<use xlink:href=\"#stars-full-star\" transform=\"translate(21)\" \/>\n\t\t<use xlink:href=\"#stars-full-star\" transform=\"translate(42)\" \/>\n\t\t<use xlink:href=\"#stars-full-star\" transform=\"translate(63)\" \/>\n\t\t<use xlink:href=\"#stars-full-star\" transform=\"translate(84)\" \/>\n\t<\/symbol>\n\n\t<symbol id=\"stars-0\" viewBox=\"0 0 102 18\">\n\t\t<use xlink:href=\"#stars-all-star\" fill=\"#e5e5e5\" \/>\n\t<\/symbol>\n\n\t<symbol id=\"stars-1\" viewBox=\"0 0 102 18\">\n\t\t<use xlink:href=\"#stars-0\" \/>\n\t\t<use xlink:href=\"#stars-half-star\" \/>\n\t<\/symbol>\n\n\t<symbol id=\"stars-2\" viewBox=\"0 0 102 18\">\n\t\t<use xlink:href=\"#stars-0\" \/>\n\t\t<use xlink:href=\"#stars-full-star\" fill=\"#ffdc0f\" \/>\n\t<\/symbol>\n\n\t<symbol id=\"stars-3\" viewBox=\"0 0 102 18\">\n\t\t<use xlink:href=\"#stars-2\" \/>\n\t\t<use xlink:href=\"#stars-half-star\" transform=\"translate(21)\" \/>\n\t<\/symbol>\n\n\t<symbol id=\"stars-4\" viewBox=\"0 0 102 18\">\n\t\t<use xlink:href=\"#stars-2\" \/>\n\t\t<use xlink:href=\"#stars-full-star\" fill=\"#ffdc0f\" transform=\"translate(21)\" \/>\n\t<\/symbol>\n\n\t<symbol id=\"stars-5\" viewBox=\"0 0 102 18\">\n\t\t<use xlink:href=\"#stars-4\" \/>\n\t\t<use xlink:href=\"#stars-half-star\" transform=\"translate(42)\" \/>\n\t<\/symbol>\n\n\t<symbol id=\"stars-6\" viewBox=\"0 0 102 18\">\n\t\t<use xlink:href=\"#stars-4\" \/>\n\t\t<use xlink:href=\"#stars-full-star\" fill=\"#ffdc0f\" transform=\"translate(42)\" \/>\n\t<\/symbol>\n\n\t<symbol id=\"stars-7\" viewBox=\"0 0 102 18\">\n\t\t<use xlink:href=\"#stars-6\" \/>\n\t\t<use xlink:href=\"#stars-half-star\" transform=\"translate(63)\" \/>\n\t<\/symbol>\n\n\t<symbol id=\"stars-8\" viewBox=\"0 0 102 18\">\n\t\t<use xlink:href=\"#stars-6\" \/>\n\t\t<use xlink:href=\"#stars-full-star\" fill=\"#ffdc0f\" transform=\"translate(63)\" \/>\n\t<\/symbol>\n\n\t<symbol id=\"stars-9\" viewBox=\"0 0 102 18\">\n\t\t<use xlink:href=\"#stars-8\" \/>\n\t\t<use xlink:href=\"#stars-half-star\" transform=\"translate(84)\" \/>\n\t<\/symbol>\n\n\t<symbol id=\"stars-10\" viewBox=\"0 0 102 18\">\n\t\t<use xlink:href=\"#stars-all-star\" fill=\"#ffdc0f\" \/>\n\t<\/symbol>\n<\/svg>\n\n<h2><b>Tipos de p\u00f3liza del seguro m\u00e9dico Caja Rural<\/b><\/h2>\n<div class=\"desplazamiento\">\n<p>Contratar un seguro m\u00e9dico te permitir\u00e1 tener acceso a unos servicios m\u00e1s r\u00e1pidos y personalizados y disfrutar de las ventajas de la sanidad privada a un precio determinado para que tanto t\u00fa como tu familia est\u00e9is protegidos ante cualquier tipo de emergencia.<\/p>\n<p>A la hora de contratar tu seguro m\u00e9dico no dudes en consultar MisterSalud para observar las p\u00f3lizas que ofrecen todas las aseguradoras. Una p\u00f3liza es un contrato entre la persona y la aseguradora en donde la persona contrata un plan y la compa\u00f1\u00eda cubre una serie de coberturas.<\/p>\n<p>Las compa\u00f1\u00edas presentan un amplio cat\u00e1logo de p\u00f3lizas para que, en funci\u00f3n de tus necesidades personales y econ\u00f3micas, contrates la que mejor se adapte a tus necesidades.<\/p>\n<\/div>\n<\/div><\/div><\/div><\/div>\n<h3><b>Seguro m\u00e9dico familiar Caja Rural<\/b><\/h3>\n<p>Con el fin de que tanto t\u00fa como los tuyos disfrut\u00e9is de una atenci\u00f3n m\u00e9dica de calidad y pod\u00e1is tener al alcance una amplia red de especialistas y centros sanitarios, las aseguradoras disponen de una serie de seguros de salud para buscar la protecci\u00f3n familiar.<\/p>\n<div class=\"colorf \"  ><div class=\"container clearfix\"><div class=\"col-md-7\"><\/p>\n<h3><b>Seguro m\u00e9dico con copago Caja Rural<\/b><\/h3>\n<p>Caja Rural no ofrece ning\u00fan seguro m\u00e9dico. Sin embargo, si deseas contratar uno, en funci\u00f3n de tus necesidades personales y econ\u00f3micas, puedes elegir la opci\u00f3n de adquirirlo con o sin copago.<\/p>\n<p>En los seguros m\u00e9dicos con copago, el usuario paga una cierta cantidad de dinero cada vez que lo utiliza. Las ventajas que ofrece este tipo de seguro son las siguientes:<\/p>\n<p>&#8211; La cuota fija mensual es m\u00e1s barata<br \/>\n&#8211; Es una buena opci\u00f3n si deseas disfrutar de una atenci\u00f3n m\u00e9dica de calidad y no acudes con frecuencia al m\u00e9dico<br \/>\n&#8211; La cantidad que pagas por servicio es accesible<\/p>\n<p><\/div><\/div><\/div>\n<h3><b>Seguro m\u00e9dico sin copago Caja Rural<\/b><\/h3>\n<p>Caja Rural no ofrece ning\u00fan seguro m\u00e9dico. Sin embargo, si deseas contratar uno, en funci\u00f3n de tus necesidades personales y econ\u00f3micas, puedes elegir la opci\u00f3n de adquirirlo con o sin copago.<\/p>\n<p>En los seguros de salud sin copago, independientemente del uso que le des, solo tendr\u00e1s que pagar el cargo de la mensualidad. Las ventajas que ofrece este tipo de seguro son las siguientes:<\/p>\n<p>&#8211; Podr\u00e1s acudir a los especialistas del cuadro m\u00e9dico de la aseguradora cada vez que lo necesites<\/p>\n<p>&#8211; Cubre cualquier emergencia m\u00e9dica<\/p>\n<p>&#8211; S\u00f3lo tendr\u00e1s que pagar la cuota mensual<\/p>\n<h2>Preguntas frecuentes sobre el seguro m\u00e9dico Caja Rural<\/h2>\n<div class=\"accordion\" id=\"preguntas_desplegables\">\n<div class=\"pregunta \"  ><div class=\"accordion-item\">\n\t\t\t \t    <h3 class=\"accordion-header\" id=\"heading1\">\n\t\t\t\t\t \t<button class=\"accordion-button collapsed\" type=\"button\" data-bs-toggle=\"collapse\" data-bs-target=\"#collapse1\" aria-expanded=\"false\" aria-controls=\"collapse1\">\n\t\t\t\t\t\t\t\u00bfD\u00f3nde contratar el seguro m\u00e9dico Caja Rural?\n\t\t\t\t\t \t<\/button>\n\t\t\t\t    <\/h3>\n\t\t\t\t    <div id=\"collapse1\" class=\"accordion-collapse collapse \" aria-labelledby=\"heading1\" data-bs-parent=\"#preguntas_desplegables\">\n\t\t\t\t\t\t<div class=\"accordion-body\">\n\t\t\t\t\t\t\t\n<p>Como hemos dicho antes, Caja Rural no ofrece seguro m\u00e9dico. Sin embargo, en MisterSalud te proporcionaremos toda la informaci\u00f3n necesaria para la contrataci\u00f3n de tu seguro de salud.<\/p>\n<p>A la hora de contratar tu seguro m\u00e9dico no dudes en consultar MisterSalud para observar las coberturas y p\u00f3lizas que ofrecen todas las aseguradoras. En tan solo unos minutos podr\u00e1s realizar una comparativa entre todas ellas y elegir la que mejor se adapte a tus necesidades personales y econ\u00f3micas.<\/p>\n<p>\n\t\t\t\t\t\t<\/div>\n\t\t\t\t\t<\/div>\n\t\t\t\t<\/div>\t<\/div> <div class=\"pregunta \"  ><div class=\"accordion-item\">\n\t\t\t \t    <h3 class=\"accordion-header\" id=\"heading2\">\n\t\t\t\t\t \t<button class=\"accordion-button collapsed\" type=\"button\" data-bs-toggle=\"collapse\" data-bs-target=\"#collapse2\" aria-expanded=\"false\" aria-controls=\"collapse2\">\n\t\t\t\t\t\t\t\u00bfPuedo viajar con el seguro m\u00e9dico Caja Rural?\n\t\t\t\t\t \t<\/button>\n\t\t\t\t    <\/h3>\n\t\t\t\t    <div id=\"collapse2\" class=\"accordion-collapse collapse \" aria-labelledby=\"heading2\" data-bs-parent=\"#preguntas_desplegables\">\n\t\t\t\t\t\t<div class=\"accordion-body\">\n\t\t\t\t\t\t\t<\/p>\n<p>Para las aseguradoras la seguridad de sus clientes es muy importante. Por ello, en sus seguros de salud cuentan con un servicio de asistencia en el extranjero para que tanto t\u00fa como tu familia os sint\u00e1is protegidos.<\/p>\n<p>Antes de contratar tu seguro m\u00e9dico aseg\u00farate de que cubre la repatriaci\u00f3n, las emergencias que puedan ocasionarse en tus viajes y los gastos m\u00e9dicos, quir\u00fargicos, farmac\u00e9uticos y de hospitalizaci\u00f3n en el extranjero.<\/p>\n<p>\n\t\t\t\t\t\t<\/div>\n\t\t\t\t\t<\/div>\n\t\t\t\t<\/div>\t<\/div><\/p>\n<div class=\"pregunta \"  ><div class=\"accordion-item\">\n\t\t\t \t    <h3 class=\"accordion-header\" id=\"heading3\">\n\t\t\t\t\t \t<button class=\"accordion-button collapsed\" type=\"button\" data-bs-toggle=\"collapse\" data-bs-target=\"#collapse3\" aria-expanded=\"false\" aria-controls=\"collapse3\">\n\t\t\t\t\t\t\t\u00bfQu\u00e9 cubre el seguro m\u00e9dico de Caja Rural?\n\t\t\t\t\t \t<\/button>\n\t\t\t\t    <\/h3>\n\t\t\t\t    <div id=\"collapse3\" class=\"accordion-collapse collapse \" aria-labelledby=\"heading3\" data-bs-parent=\"#preguntas_desplegables\">\n\t\t\t\t\t\t<div class=\"accordion-body\">\n\t\t\t\t\t\t\t<\/p>\n<p>Caja Rural no ofrece seguro m\u00e9dico. Sin embargo, contratando tu seguro de salud, podr\u00e1s tener acceso a una amplia red de coberturas: medicina primaria, telemedicina, servicio de ambulancia y urgencias a nivel nacional e internacional, pruebas diagn\u00f3sticas, especialidades quir\u00fargicas, medios de diagn\u00f3stico, tratamientos, medicina preventiva, hospitalizaci\u00f3n, asistencia m\u00e9dica telef\u00f3nica 24 horas o segunda opini\u00f3n m\u00e9dica.<\/p>\n<p>\n\t\t\t\t\t\t<\/div>\n\t\t\t\t\t<\/div>\n\t\t\t\t<\/div>\t<\/div>\n<\/div>\n<div class=\"colorf\"><div class=\"container clearfix\"><div class=\"col-md-7\"><div class=\"empresas\">\n<h3>Compa\u00f1\u00edas de seguros m\u00e9dicos<\/h3>\n<div class=\"enlazado\"><ul><li><a href=\"https:\/\/mistersalud.com\/seguros\/companias\/allianz\/\"><span>Seguro M\u00e9dico Allianz<\/span><\/a><\/li><li><a href=\"https:\/\/mistersalud.com\/seguros\/companias\/asisa\/\"><span>Seguro M\u00e9dico Asisa<\/span><\/a><\/li><li><a href=\"https:\/\/mistersalud.com\/seguros\/companias\/caixabank\/\"><span>Seguro M\u00e9dico CaixaBank<\/span><\/a><\/li><li><a href=\"https:\/\/mistersalud.com\/seguros\/companias\/expertia\/\"><span>Seguro M\u00e9dico Expertia<\/span><\/a><\/li><li><a href=\"https:\/\/mistersalud.com\/seguros\/companias\/ferrol\/\"><span>Seguro M\u00e9dico Ferrol<\/span><\/a><\/li><li><a href=\"https:\/\/mistersalud.com\/seguros\/companias\/mapfre\/\"><span>Seguro M\u00e9dico Mapfre<\/span><\/a><\/li><li><a href=\"https:\/\/mistersalud.com\/seguros\/companias\/martierra\/\"><span>Seguro M\u00e9dico Martierra<\/span><\/a><\/li><li><a href=\"https:\/\/mistersalud.com\/seguros\/companias\/mutua-terrassa\/\"><span>Seguro M\u00e9dico Mutua Terrassa<\/span><\/a><\/li><li><a href=\"https:\/\/mistersalud.com\/seguros\/companias\/soliss\/\"><span>Seguro M\u00e9dico Soliss<\/span><\/a><\/li><li><a href=\"https:\/\/mistersalud.com\/seguros\/companias\/targobank\/\"><span>Seguro M\u00e9dico Targobank<\/span><\/a><\/li><li><a href=\"https:\/\/mistersalud.com\/seguros\/companias\/union-alcoyana\/\"><span>Seguro M\u00e9dico Uni\u00f3n Alcoyana<\/span><\/a><\/li><li><a href=\"https:\/\/mistersalud.com\/seguros\/companias\/vital\/\"><span>Seguro M\u00e9dico Vital<\/span><\/a><\/li><li><a href=\"https:\/\/mistersalud.com\/seguros\/companias\/bankia\/\"><span>Seguro M\u00e9dico de Bankia<\/span><\/a><\/li><li><a href=\"https:\/\/mistersalud.com\/seguros\/companias\/asociacion-europea\/\"><span>Seguro m\u00e9dico Asociaci\u00f3n Europea<\/span><\/a><\/li><li><a href=\"https:\/\/mistersalud.com\/seguros\/companias\/axa\/\"><span>Seguro m\u00e9dico Axa<\/span><\/a><\/li><li><a href=\"https:\/\/mistersalud.com\/seguros\/companias\/banco-de-albacete\/\"><span>Seguro m\u00e9dico Banco de Albacete<\/span><\/a><\/li><li><a href=\"https:\/\/mistersalud.com\/seguros\/companias\/caser\/\"><span>Seguro m\u00e9dico Caser<\/span><\/a><\/li><li><a href=\"https:\/\/mistersalud.com\/seguros\/companias\/catalana-occidente\/\"><span>Seguro m\u00e9dico Catalana Occidente<\/span><\/a><\/li><li><a href=\"https:\/\/mistersalud.com\/seguros\/companias\/cetelem\/\"><span>Seguro m\u00e9dico Cetelem<\/span><\/a><\/li><li><a href=\"https:\/\/mistersalud.com\/seguros\/companias\/cigna\/\"><span>Seguro m\u00e9dico Cigna<\/span><\/a><\/li><li><a href=\"https:\/\/mistersalud.com\/seguros\/companias\/helvetia\/\"><span>Seguro m\u00e9dico Helvetia<\/span><\/a><\/li><li><a href=\"https:\/\/mistersalud.com\/seguros\/companias\/meridiano\/\"><span>Seguro m\u00e9dico Meridiano<\/span><\/a><\/li><li><a href=\"https:\/\/mistersalud.com\/seguros\/companias\/montepio\/\"><span>Seguro m\u00e9dico Montep\u00edo<\/span><\/a><\/li><li><a href=\"https:\/\/mistersalud.com\/seguros\/companias\/medicos-filantropicos\/\"><span>Seguro m\u00e9dico M\u00e9dicos Filantr\u00f3picos<\/span><\/a><\/li><li><a href=\"https:\/\/mistersalud.com\/seguros\/companias\/nationale-nederlanden\/\"><span>Seguro m\u00e9dico Nationale Nederlanden<\/span><\/a><\/li><li><a href=\"https:\/\/mistersalud.com\/seguros\/companias\/norte-hispana\/\"><span>Seguro m\u00e9dico Norte Hispana<\/span><\/a><\/li><li><a href=\"https:\/\/mistersalud.com\/seguros\/companias\/nuez\/\"><span>Seguro m\u00e9dico Nuez<\/span><\/a><\/li><li><a href=\"https:\/\/mistersalud.com\/seguros\/companias\/pueyo\/\"><span>Seguro m\u00e9dico Pueyo<\/span><\/a><\/li><li><a href=\"https:\/\/mistersalud.com\/seguros\/companias\/santa-lucia\/\"><span>Seguro m\u00e9dico Santa Luc\u00eda<\/span><\/a><\/li><li><a href=\"https:\/\/mistersalud.com\/seguros\/companias\/vivaz\/\"><span>Seguro m\u00e9dico Vivaz<\/span><\/a><\/li><\/ul><\/div>\n<p><\/div><\/div><\/div><\/div><br \/>\n<div class=\"oficinas\"><\/p>\n<div><!-- No shortcodes are defined --><\/div>\n<\/div>\n","protected":false},"excerpt":{"rendered":"<p>Caja Rural es una instituci\u00f3n financiera formada por 30 cooperativas de cr\u00e9dito y otras entidades como el Banco Cooperativo Espa\u00f1ol, el Grupo RGA y RSI. A trav\u00e9s de Seguros RGA, Caja Rural ofrece una amplia gama de seguros adaptados a las necesidades de cada persona: seguros personales, seguros patrimoniales y planes de pensiones y previsi\u00f3n.&hellip; <\/p>\n","protected":false},"author":2,"featured_media":0,"parent":22,"menu_order":0,"comment_status":"closed","ping_status":"closed","template":"single.php","meta":{"footnotes":""},"class_list":["post-183","page","type-page","status-publish","hentry"],"yoast_head":"<!-- This site is optimized with the Yoast SEO plugin v27.6 - https:\/\/yoast.com\/product\/yoast-seo-wordpress\/ -->\n<title>Seguro m\u00e9dico Caja Rural - misterSalud<\/title>\n<meta name=\"robots\" content=\"index, follow, max-snippet:-1, max-image-preview:large, max-video-preview:-1\" \/>\n<link rel=\"canonical\" href=\"https:\/\/mistersalud.com\/seguros\/companias\/caja-rural\/\" \/>\n<meta property=\"og:locale\" content=\"es_ES\" \/>\n<meta property=\"og:type\" content=\"article\" \/>\n<meta property=\"og:title\" content=\"Seguro m\u00e9dico Caja Rural - misterSalud\" \/>\n<meta property=\"og:description\" content=\"Caja Rural es una instituci\u00f3n financiera formada por 30 cooperativas de cr\u00e9dito y otras entidades como el Banco Cooperativo Espa\u00f1ol, el Grupo RGA y RSI. A trav\u00e9s de Seguros RGA, Caja Rural ofrece una amplia gama de seguros adaptados a las necesidades de cada persona: seguros personales, seguros patrimoniales y planes de pensiones y previsi\u00f3n.&hellip;\" \/>\n<meta property=\"og:url\" content=\"https:\/\/mistersalud.com\/seguros\/companias\/caja-rural\/\" \/>\n<meta property=\"og:site_name\" content=\"misterSalud\" \/>\n<meta name=\"twitter:card\" content=\"summary_large_image\" \/>\n<meta name=\"twitter:label1\" content=\"Tiempo de lectura\" \/>\n\t<meta name=\"twitter:data1\" content=\"6 minutos\" \/>\n<script type=\"application\/ld+json\" class=\"yoast-schema-graph\">{\"@context\":\"https:\\\/\\\/schema.org\",\"@graph\":[{\"@type\":\"WebPage\",\"@id\":\"https:\\\/\\\/mistersalud.com\\\/seguros\\\/companias\\\/caja-rural\\\/\",\"url\":\"https:\\\/\\\/mistersalud.com\\\/seguros\\\/companias\\\/caja-rural\\\/\",\"name\":\"Seguro m\u00e9dico Caja Rural - misterSalud\",\"isPartOf\":{\"@id\":\"https:\\\/\\\/mistersalud.com\\\/seguros\\\/#website\"},\"datePublished\":\"2022-06-23T10:01:58+00:00\",\"breadcrumb\":{\"@id\":\"https:\\\/\\\/mistersalud.com\\\/seguros\\\/companias\\\/caja-rural\\\/#breadcrumb\"},\"inLanguage\":\"es\",\"potentialAction\":[{\"@type\":\"ReadAction\",\"target\":[\"https:\\\/\\\/mistersalud.com\\\/seguros\\\/companias\\\/caja-rural\\\/\"]}]},{\"@type\":\"BreadcrumbList\",\"@id\":\"https:\\\/\\\/mistersalud.com\\\/seguros\\\/companias\\\/caja-rural\\\/#breadcrumb\",\"itemListElement\":[{\"@type\":\"ListItem\",\"position\":1,\"name\":\"Portada\",\"item\":\"https:\\\/\\\/mistersalud.com\\\/seguros\\\/\"},{\"@type\":\"ListItem\",\"position\":2,\"name\":\"Compa\u00f1\u00edas de Seguros de Salud en Espa\u00f1a\",\"item\":\"https:\\\/\\\/mistersalud.com\\\/seguros\\\/companias\\\/\"},{\"@type\":\"ListItem\",\"position\":3,\"name\":\"Seguro m\u00e9dico Caja Rural\"}]},{\"@type\":\"WebSite\",\"@id\":\"https:\\\/\\\/mistersalud.com\\\/seguros\\\/#website\",\"url\":\"https:\\\/\\\/mistersalud.com\\\/seguros\\\/\",\"name\":\"misterSalud\",\"description\":\"\",\"publisher\":{\"@id\":\"https:\\\/\\\/mistersalud.com\\\/seguros\\\/#organization\"},\"potentialAction\":[{\"@type\":\"SearchAction\",\"target\":{\"@type\":\"EntryPoint\",\"urlTemplate\":\"https:\\\/\\\/mistersalud.com\\\/seguros\\\/?s={search_term_string}\"},\"query-input\":{\"@type\":\"PropertyValueSpecification\",\"valueRequired\":true,\"valueName\":\"search_term_string\"}}],\"inLanguage\":\"es\"},{\"@type\":\"Organization\",\"@id\":\"https:\\\/\\\/mistersalud.com\\\/seguros\\\/#organization\",\"name\":\"misterSalud\",\"url\":\"https:\\\/\\\/mistersalud.com\\\/seguros\\\/\",\"logo\":{\"@type\":\"ImageObject\",\"inLanguage\":\"es\",\"@id\":\"https:\\\/\\\/mistersalud.com\\\/seguros\\\/#\\\/schema\\\/logo\\\/image\\\/\",\"url\":\"https:\\\/\\\/mistersalud.com\\\/seguros\\\/wp-content\\\/uploads\\\/2022\\\/05\\\/logo-mistersalud.png\",\"contentUrl\":\"https:\\\/\\\/mistersalud.com\\\/seguros\\\/wp-content\\\/uploads\\\/2022\\\/05\\\/logo-mistersalud.png\",\"width\":178,\"height\":89,\"caption\":\"misterSalud\"},\"image\":{\"@id\":\"https:\\\/\\\/mistersalud.com\\\/seguros\\\/#\\\/schema\\\/logo\\\/image\\\/\"}}]}<\/script>\n<!-- \/ Yoast SEO plugin. -->","yoast_head_json":{"title":"Seguro m\u00e9dico Caja Rural - misterSalud","robots":{"index":"index","follow":"follow","max-snippet":"max-snippet:-1","max-image-preview":"max-image-preview:large","max-video-preview":"max-video-preview:-1"},"canonical":"https:\/\/mistersalud.com\/seguros\/companias\/caja-rural\/","og_locale":"es_ES","og_type":"article","og_title":"Seguro m\u00e9dico Caja Rural - misterSalud","og_description":"Caja Rural es una instituci\u00f3n financiera formada por 30 cooperativas de cr\u00e9dito y otras entidades como el Banco Cooperativo Espa\u00f1ol, el Grupo RGA y RSI. A trav\u00e9s de Seguros RGA, Caja Rural ofrece una amplia gama de seguros adaptados a las necesidades de cada persona: seguros personales, seguros patrimoniales y planes de pensiones y previsi\u00f3n.&hellip;","og_url":"https:\/\/mistersalud.com\/seguros\/companias\/caja-rural\/","og_site_name":"misterSalud","twitter_card":"summary_large_image","twitter_misc":{"Tiempo de lectura":"6 minutos"},"schema":{"@context":"https:\/\/schema.org","@graph":[{"@type":"WebPage","@id":"https:\/\/mistersalud.com\/seguros\/companias\/caja-rural\/","url":"https:\/\/mistersalud.com\/seguros\/companias\/caja-rural\/","name":"Seguro m\u00e9dico Caja Rural - misterSalud","isPartOf":{"@id":"https:\/\/mistersalud.com\/seguros\/#website"},"datePublished":"2022-06-23T10:01:58+00:00","breadcrumb":{"@id":"https:\/\/mistersalud.com\/seguros\/companias\/caja-rural\/#breadcrumb"},"inLanguage":"es","potentialAction":[{"@type":"ReadAction","target":["https:\/\/mistersalud.com\/seguros\/companias\/caja-rural\/"]}]},{"@type":"BreadcrumbList","@id":"https:\/\/mistersalud.com\/seguros\/companias\/caja-rural\/#breadcrumb","itemListElement":[{"@type":"ListItem","position":1,"name":"Portada","item":"https:\/\/mistersalud.com\/seguros\/"},{"@type":"ListItem","position":2,"name":"Compa\u00f1\u00edas de Seguros de Salud en Espa\u00f1a","item":"https:\/\/mistersalud.com\/seguros\/companias\/"},{"@type":"ListItem","position":3,"name":"Seguro m\u00e9dico Caja Rural"}]},{"@type":"WebSite","@id":"https:\/\/mistersalud.com\/seguros\/#website","url":"https:\/\/mistersalud.com\/seguros\/","name":"misterSalud","description":"","publisher":{"@id":"https:\/\/mistersalud.com\/seguros\/#organization"},"potentialAction":[{"@type":"SearchAction","target":{"@type":"EntryPoint","urlTemplate":"https:\/\/mistersalud.com\/seguros\/?s={search_term_string}"},"query-input":{"@type":"PropertyValueSpecification","valueRequired":true,"valueName":"search_term_string"}}],"inLanguage":"es"},{"@type":"Organization","@id":"https:\/\/mistersalud.com\/seguros\/#organization","name":"misterSalud","url":"https:\/\/mistersalud.com\/seguros\/","logo":{"@type":"ImageObject","inLanguage":"es","@id":"https:\/\/mistersalud.com\/seguros\/#\/schema\/logo\/image\/","url":"https:\/\/mistersalud.com\/seguros\/wp-content\/uploads\/2022\/05\/logo-mistersalud.png","contentUrl":"https:\/\/mistersalud.com\/seguros\/wp-content\/uploads\/2022\/05\/logo-mistersalud.png","width":178,"height":89,"caption":"misterSalud"},"image":{"@id":"https:\/\/mistersalud.com\/seguros\/#\/schema\/logo\/image\/"}}]}},"_links":{"self":[{"href":"https:\/\/mistersalud.com\/seguros\/wp-json\/wp\/v2\/pages\/183","targetHints":{"allow":["GET"]}}],"collection":[{"href":"https:\/\/mistersalud.com\/seguros\/wp-json\/wp\/v2\/pages"}],"about":[{"href":"https:\/\/mistersalud.com\/seguros\/wp-json\/wp\/v2\/types\/page"}],"author":[{"embeddable":true,"href":"https:\/\/mistersalud.com\/seguros\/wp-json\/wp\/v2\/users\/2"}],"replies":[{"embeddable":true,"href":"https:\/\/mistersalud.com\/seguros\/wp-json\/wp\/v2\/comments?post=183"}],"version-history":[{"count":1,"href":"https:\/\/mistersalud.com\/seguros\/wp-json\/wp\/v2\/pages\/183\/revisions"}],"predecessor-version":[{"id":184,"href":"https:\/\/mistersalud.com\/seguros\/wp-json\/wp\/v2\/pages\/183\/revisions\/184"}],"up":[{"embeddable":true,"href":"https:\/\/mistersalud.com\/seguros\/wp-json\/wp\/v2\/pages\/22"}],"wp:attachment":[{"href":"https:\/\/mistersalud.com\/seguros\/wp-json\/wp\/v2\/media?parent=183"}],"curies":[{"name":"wp","href":"https:\/\/api.w.org\/{rel}","templated":true}]}}