{"id":179,"date":"2022-06-23T09:50:31","date_gmt":"2022-06-23T09:50:31","guid":{"rendered":"https:\/\/mistersalud.com\/seguros\/?page_id=179"},"modified":"2022-06-23T09:50:31","modified_gmt":"2022-06-23T09:50:31","slug":"martierra","status":"publish","type":"page","link":"https:\/\/mistersalud.com\/seguros\/companias\/martierra\/","title":{"rendered":"Seguro M\u00e9dico Martierra"},"content":{"rendered":"\n<p>El seguro Martierra es un seguro que se cre\u00f3 en el a\u00f1o 1952. Este seguro es privado y de \u00e1mbito nacional. Cuenta con m\u00e1s de 60 a\u00f1os de antig\u00fcedad. Esta aseguradora se centra fundamentalmente en tres tipos de seguros, que son, de sanidad, decesos y dental.<\/p>\n<p>Para Martierra lo m\u00e1s importante es dar un seguro que sea profesional y m\u00e1s pr\u00f3ximo a la persona.<br \/>\nGracias a este seguro podr\u00e1s tener todo lo que necesites en el desarrollo de tu vida.<br \/>\nDentro de los seguros de Martierra diferenciamos varios tipos de seguro como, por ejemplo, el seguro familiar, Protecci\u00f3n de Extranjeros y Protecci\u00f3n Familiar de Residentes.<br \/>\nPara saber un poco m\u00e1s sobre este seguro solo tienes que seguir leyendo y si tienes alg\u00fan tipo de duda tambi\u00e9n te lo resolveremos.<\/p>\n<div class=\"colorf \"  ><div class=\"container clearfix\"><div class=\"col-md-7\"><\/p>\n<h2><b>Cuadro m\u00e9dico de Martierra<\/b><\/h2>\n<p>Dentro de seguros Martierra podemos escoger al doctor que tu solicites para solicitar una cita. La manera de escoger al doctor ser\u00e1 busc\u00e1ndolo en Top Doctors, para ello solo tendr\u00e1s que poner el tipo de modalidad que deseas tener, es decir, escoger el tipo de profesi\u00f3n del doctor al que quieras asistir.<\/p>\n<p>Martierra se compone de doctores por provincias , ciudades y por especialidad. Por parte de provincias podemos encontrar en Barcelona, Madrid, Valencia, Bilbao y Palma de Mallorca. Otra opci\u00f3n es buscar por provincias, en la que destacamos Madrid, M\u00e1laga , Barcelona, Valencia y Girona. Por \u00faltimo, puedes escoger la especialidad entre: Traumat\u00f3logos, dentistas, ginec\u00f3logos, oftalm\u00f3logos y dermat\u00f3logos.<\/p>\n<p>En cuanto a las cl\u00ednicas que dispone Martierra podemos encontrar varias en dos partes de Espa\u00f1a que son Madrid y Girona. La especialidad que tienen las cl\u00ednicas son de Diagn\u00f3stico de c\u00e1ncer, especializaci\u00f3n en Laser, especializados en Urolog\u00eda, Angiolog\u00eda y Cirug\u00eda vascular y tambi\u00e9n en Cardiolog\u00eda.<\/p>\n<p>En el caso de cl\u00ednicas dentales encontraremos diversidad de centros situados en Zamora para tratar todo tipo de dolores, patolog\u00edas y cualquier problema que tengas en los dientes. Las especialidades de las que se distingue esta aseguradora es en Endodoncias, Est\u00e9tica dental, Implantolog\u00eda dental, Invisalign y Odontopediatr\u00eda.<\/p>\n<p><\/div><\/div><\/div>\n<h2><b>Coberturas del seguro m\u00e9dico Martierra<\/b><\/h2>\n<p>Martierra como dijimos en el inicio del art\u00edculo cuenta con tres seguros.<\/p>\n<p>El primer seguro del que hablaremos ser\u00e1 el seguro de Protecci\u00f3n Familiar, este tipo de seguro te asegura a ti y a tu familia con el fin de que no tengas preocupaciones. Dentro de este seguro obtendr\u00e1s asistencia en Decesos, en Viajes, Garant\u00eda de coberturas tanto a nivel nacional como internacional, Coberturas por accidente, asistencia m\u00e9dica internacional y hospitalizaci\u00f3n y parto, Asistencia Jur\u00eddica telef\u00f3nica y Teleasistencia domiciliaria.<\/p>\n<p>El segundo tipo de seguro de Martierra es el de Protecci\u00f3n familiar extranjeros, donde la gran diferencia es que la aseguradora se ocupa de llevar al fallecido al lugar donde pertenezca. Este tipo de seguro sirve para todos los lugares del mundo. En este tipo de seguro podemos destacar las siguientes caracter\u00edsticas: Asistencia de viaje\/ m\u00e9dica\/ quir\u00fargica, servicio f\u00fanebre completo y traslado, asistencia jur\u00eddica y telef\u00f3nica, tramitaci\u00f3n de todos los documentos y asistencia para extranjeros residentes en Espa\u00f1a y asistencia a nivel internacional y nacional.<\/p>\n<p>El tercer tipo de seguro con el que contamos es el de protecci\u00f3n familiar residentes que la diferencia que tiene respecto a otros seguros es que son para espa\u00f1oles que por cualquier circunstancia no viven dentro del pa\u00eds. En esta cobertura m\u00e9dica la aseguradora se ocupar\u00e1 de traer al fallecido a territorio espa\u00f1ol con sus debidos tr\u00e1mites. Este tipo de seguro presenta las siguientes caracter\u00edsticas: asistencia en Decesos y Viajes, Garant\u00edas Asistencia Nacional e Internacional y Coberturas de espa\u00f1oles residentes en el extranjero.<\/p>\n<div class=\"colorf\"><div class=\"container clearfix\"><div class=\"col-md-7\"><div class=\"tipos\"><svg id=\"stars\" style=\"display: none;\" version=\"1.1\">\n\t<symbol id=\"stars-full-star\" viewBox=\"0 0 102 18\">\n\t\t<path d=\"M9.5 14.25l-5.584 2.936 1.066-6.218L.465 6.564l6.243-.907L9.5 0l2.792 5.657 6.243.907-4.517 4.404 1.066 6.218\" \/>\n\t<\/symbol>\n\n\t<symbol id=\"stars-half-star\" viewBox=\"0 0 102 18\">\n\t\t<path d=\"M9.5 14.25l-5.584 2.936 1.066-6.218L.465 6.564l6.243-.907L9.5 0l2.792\" fill=\"#ffdc0f\" \/>\n\t<\/symbol>\n\n\t<symbol id=\"stars-all-star\" viewBox=\"0 0 102 18\">\n\t\t<use xlink:href=\"#stars-full-star\" \/>\n\t\t<use xlink:href=\"#stars-full-star\" transform=\"translate(21)\" \/>\n\t\t<use xlink:href=\"#stars-full-star\" transform=\"translate(42)\" \/>\n\t\t<use xlink:href=\"#stars-full-star\" transform=\"translate(63)\" \/>\n\t\t<use xlink:href=\"#stars-full-star\" transform=\"translate(84)\" \/>\n\t<\/symbol>\n\n\t<symbol id=\"stars-0\" viewBox=\"0 0 102 18\">\n\t\t<use xlink:href=\"#stars-all-star\" fill=\"#e5e5e5\" \/>\n\t<\/symbol>\n\n\t<symbol id=\"stars-1\" viewBox=\"0 0 102 18\">\n\t\t<use xlink:href=\"#stars-0\" \/>\n\t\t<use xlink:href=\"#stars-half-star\" \/>\n\t<\/symbol>\n\n\t<symbol id=\"stars-2\" viewBox=\"0 0 102 18\">\n\t\t<use xlink:href=\"#stars-0\" \/>\n\t\t<use xlink:href=\"#stars-full-star\" fill=\"#ffdc0f\" \/>\n\t<\/symbol>\n\n\t<symbol id=\"stars-3\" viewBox=\"0 0 102 18\">\n\t\t<use xlink:href=\"#stars-2\" \/>\n\t\t<use xlink:href=\"#stars-half-star\" transform=\"translate(21)\" \/>\n\t<\/symbol>\n\n\t<symbol id=\"stars-4\" viewBox=\"0 0 102 18\">\n\t\t<use xlink:href=\"#stars-2\" \/>\n\t\t<use xlink:href=\"#stars-full-star\" fill=\"#ffdc0f\" transform=\"translate(21)\" \/>\n\t<\/symbol>\n\n\t<symbol id=\"stars-5\" viewBox=\"0 0 102 18\">\n\t\t<use xlink:href=\"#stars-4\" \/>\n\t\t<use xlink:href=\"#stars-half-star\" transform=\"translate(42)\" \/>\n\t<\/symbol>\n\n\t<symbol id=\"stars-6\" viewBox=\"0 0 102 18\">\n\t\t<use xlink:href=\"#stars-4\" \/>\n\t\t<use xlink:href=\"#stars-full-star\" fill=\"#ffdc0f\" transform=\"translate(42)\" \/>\n\t<\/symbol>\n\n\t<symbol id=\"stars-7\" viewBox=\"0 0 102 18\">\n\t\t<use xlink:href=\"#stars-6\" \/>\n\t\t<use xlink:href=\"#stars-half-star\" transform=\"translate(63)\" \/>\n\t<\/symbol>\n\n\t<symbol id=\"stars-8\" viewBox=\"0 0 102 18\">\n\t\t<use xlink:href=\"#stars-6\" \/>\n\t\t<use xlink:href=\"#stars-full-star\" fill=\"#ffdc0f\" transform=\"translate(63)\" \/>\n\t<\/symbol>\n\n\t<symbol id=\"stars-9\" viewBox=\"0 0 102 18\">\n\t\t<use xlink:href=\"#stars-8\" \/>\n\t\t<use xlink:href=\"#stars-half-star\" transform=\"translate(84)\" \/>\n\t<\/symbol>\n\n\t<symbol id=\"stars-10\" viewBox=\"0 0 102 18\">\n\t\t<use xlink:href=\"#stars-all-star\" fill=\"#ffdc0f\" \/>\n\t<\/symbol>\n<\/svg>\n\n<h2><b>Tipos de p\u00f3liza del seguro m\u00e9dico Martierra<\/b><\/h2>\n<div class=\"desplazamiento\">\n<p>En Martierra encontramos diferentes tipos de p\u00f3lizas o primas. Estas primas se suelen pagar dependiendo de circunstancias de las que depende la persona como puede ser la edad, la localidad en la que se encuentra dicha persona, el tipo de cobertura que posea, etc.<\/p>\n<p>Los tipos de primas que encontramos en Martierra son los siguientes:<br \/>\n&#8211; Prima natural: este tipo de prima es la que diferencia a la persona por su edad.<br \/>\n&#8211; Prima nivelada: este tipo de prima es la que sustentar\u00e1 el contrato durante el tiempo que dure el contrato, este tipo de prima puede verse afectada por el aumento de servicios de la funeraria.<br \/>\n&#8211; Prima mixta: este tipo de prima es el paso que se realiza de pagar una prima natural a una nivelada por la edad.<br \/>\n&#8211; Prima \u00fanica: este tipo de prima es la que se realiza a las personas que est\u00e9n entre los 65 y 70 a\u00f1os. Este tipo de prima tiene una caracter\u00edstica que no tienen las dem\u00e1s y es que se tiene que pagar de una sola vez.<\/p>\n<\/div>\n<\/div><\/div><\/div><\/div>\n<h3><b>Seguro m\u00e9dico familiar Martierra<\/b><\/h3>\n<p>En Martierra cuentan con el seguro m\u00e9dico de Protecci\u00f3n Familiar, este tipo de seguro te asegura a ti y a tu familia con el fin de que no tengas preocupaciones.. Este seguro m\u00e9dico es el m\u00e1s usado por los clientes. Tambi\u00e9n existen el seguro el de Protecci\u00f3n familiar extranjeros, donde la gran diferencia es que la aseguradora se ocupa de llevar al fallecido al lugar donde pertenezca y el de protecci\u00f3n familiar residentes que la diferencia que tiene respecto a otros seguros es que son para espa\u00f1oles que por cualquier circunstancia no viven dentro del pa\u00eds.<\/p>\n<div class=\"colorf \"  ><div class=\"container clearfix\"><div class=\"col-md-7\"><\/p>\n<h3><b>Seguro m\u00e9dico con copago Martierra<\/b><\/h3>\n<p>El seguro m\u00e9dico con copago es un tipo de seguro de salud en el que tu seguro m\u00e9dico se dedica a cubrir los tratamientos que necesite la persona.<\/p>\n<p>En el caso de Martierra no se puede tener la opci\u00f3n de copago para todas las prestaciones m\u00e9dicas. Solo podr\u00e1s adquirir el seguro m\u00e9dico con copago en las cl\u00ednicas y centros de salud que pertenezcan a Martierra.<\/p>\n<p><\/div><\/div><\/div>\n<h3><b>Seguro m\u00e9dico sin copago Martierra<\/b><\/h3>\n<p>El seguro m\u00e9dico sin copago es un tipo de seguro de salud en el que tu seguro m\u00e9dico no cubre los tratamientos que necesite la persona.<\/p>\n<p>En el caso de Martierra no se puede tener la opci\u00f3n de copago para todas las prestaciones m\u00e9dicas. Solo podr\u00e1s adquirir el seguro m\u00e9dico con copago en las cl\u00ednicas y centros de salud que pertenezcan a Martierra.<\/p>\n<h2>Preguntas frecuentes sobre el seguro m\u00e9dico Martierra<\/h2>\n<p>Seguramente tengas muchas preguntas que hacerte acerca esta asegurados , desde Mistersalud intentaremos responder a las preguntas m\u00e1s usuales que se hacen los clientes a la hora de contratar con Martierra ya que queremos ofrecerle el mejor trato posible informandonos con la aseguradora que deseen contactar de manera f\u00e1cil, sencilla, r\u00e1pida y veraz.<\/p>\n<div class=\"accordion\" id=\"preguntas_desplegables\">\n<div class=\"pregunta \"  ><div class=\"accordion-item\">\n\t\t\t \t    <h3 class=\"accordion-header\" id=\"heading1\">\n\t\t\t\t\t \t<button class=\"accordion-button collapsed\" type=\"button\" data-bs-toggle=\"collapse\" data-bs-target=\"#collapse1\" aria-expanded=\"false\" aria-controls=\"collapse1\">\n\t\t\t\t\t\t\t\u00bfD\u00f3nde contratar el seguro m\u00e9dico Martierra?\n\t\t\t\t\t \t<\/button>\n\t\t\t\t    <\/h3>\n\t\t\t\t    <div id=\"collapse1\" class=\"accordion-collapse collapse \" aria-labelledby=\"heading1\" data-bs-parent=\"#preguntas_desplegables\">\n\t\t\t\t\t\t<div class=\"accordion-body\">\n\t\t\t\t\t\t\t\n<p>Puedes contratar Martierra de diferentes maneras, aqu\u00ed te ponemos algunas de las m\u00e1s usadas por los clientes para facilitar el contrato con esta compa\u00f1\u00eda de seguros: la primera es a trav\u00e9s de su CIF que es el siguiente, A28034890, la segunda es a trav\u00e9s de su tel\u00e9fono, aparte de esos dos tel\u00e9fonos la tercera es a trav\u00e9s de Fax, la cuarta es acerc\u00e1ndote a su Domicilio Social,, la quinta opci\u00f3n es la de comunicarte de manera online dirigi\u00e9ndose a su Email y por \u00faltimo la sexta opci\u00f3n de contratar esta aseguradora es en su web.<\/p>\n<p>\n\t\t\t\t\t\t<\/div>\n\t\t\t\t\t<\/div>\n\t\t\t\t<\/div>\t<\/div> <div class=\"pregunta \"  ><div class=\"accordion-item\">\n\t\t\t \t    <h3 class=\"accordion-header\" id=\"heading2\">\n\t\t\t\t\t \t<button class=\"accordion-button collapsed\" type=\"button\" data-bs-toggle=\"collapse\" data-bs-target=\"#collapse2\" aria-expanded=\"false\" aria-controls=\"collapse2\">\n\t\t\t\t\t\t\t\u00bfPuedo viajar con el seguro m\u00e9dico Martierra?\n\t\t\t\t\t \t<\/button>\n\t\t\t\t    <\/h3>\n\t\t\t\t    <div id=\"collapse2\" class=\"accordion-collapse collapse \" aria-labelledby=\"heading2\" data-bs-parent=\"#preguntas_desplegables\">\n\t\t\t\t\t\t<div class=\"accordion-body\">\n\t\t\t\t\t\t\t<\/p>\n<p>Si puedes viajar con el seguro m\u00e9dico Martierra ya que en sus tres tipos de seguros te ofrecen esa prestaci\u00f3n, \u00e9stas son los tres tipos: Protecci\u00f3n Familiar, Protecci\u00f3n familiar extranjeros y Protecci\u00f3n familiar residentes.<\/p>\n<p>\n\t\t\t\t\t\t<\/div>\n\t\t\t\t\t<\/div>\n\t\t\t\t<\/div>\t<\/div><\/p>\n<div class=\"pregunta \"  ><div class=\"accordion-item\">\n\t\t\t \t    <h3 class=\"accordion-header\" id=\"heading3\">\n\t\t\t\t\t \t<button class=\"accordion-button collapsed\" type=\"button\" data-bs-toggle=\"collapse\" data-bs-target=\"#collapse3\" aria-expanded=\"false\" aria-controls=\"collapse3\">\n\t\t\t\t\t\t\t\u00bfQue cubre el seguro m\u00e9dico de Martierra?\n\t\t\t\t\t \t<\/button>\n\t\t\t\t    <\/h3>\n\t\t\t\t    <div id=\"collapse3\" class=\"accordion-collapse collapse \" aria-labelledby=\"heading3\" data-bs-parent=\"#preguntas_desplegables\">\n\t\t\t\t\t\t<div class=\"accordion-body\">\n\t\t\t\t\t\t\t<\/p>\n<p>Martierra cubre las siguientes prestaciones: doctores (Traumat\u00f3logos, dentistas, ginec\u00f3logos, oftalm\u00f3logos y dermat\u00f3logos), especialidades generales (Diagn\u00f3stico de c\u00e1ncer, especializaci\u00f3n en Laser, especializados en Urolog\u00eda, Angiolog\u00eda y Cirug\u00eda vascular y tambi\u00e9n en Cardiolog\u00eda) y especialidades dentales (Endodoncias, Est\u00e9tica dental, Implantolog\u00eda dental, Invisalign y Odontopediatr\u00eda).<\/p>\n<p>\n\t\t\t\t\t\t<\/div>\n\t\t\t\t\t<\/div>\n\t\t\t\t<\/div>\t<\/div>\n<\/div>\n<div class=\"colorf\"><div class=\"container clearfix\"><div class=\"col-md-7\"><div class=\"empresas\">\n<h3>Compa\u00f1\u00edas de seguros m\u00e9dicos<\/h3>\n<div class=\"enlazado\"><ul><li><a href=\"https:\/\/mistersalud.com\/seguros\/companias\/adeslas\/\"><span>Seguro M\u00e9dico Adeslas<\/span><\/a><\/li><li><a href=\"https:\/\/mistersalud.com\/seguros\/companias\/amic\/\"><span>Seguro M\u00e9dico Amic<\/span><\/a><\/li><li><a href=\"https:\/\/mistersalud.com\/seguros\/companias\/bbva\/\"><span>Seguro M\u00e9dico BBVA<\/span><\/a><\/li><li><a href=\"https:\/\/mistersalud.com\/seguros\/companias\/banca-march\/\"><span>Seguro M\u00e9dico Banca March<\/span><\/a><\/li><li><a href=\"https:\/\/mistersalud.com\/seguros\/companias\/bankinter\/\"><span>Seguro M\u00e9dico Bankinter<\/span><\/a><\/li><li><a href=\"https:\/\/mistersalud.com\/seguros\/companias\/caixabank\/\"><span>Seguro M\u00e9dico CaixaBank<\/span><\/a><\/li><li><a href=\"https:\/\/mistersalud.com\/seguros\/companias\/ergo\/\"><span>Seguro M\u00e9dico Ergo<\/span><\/a><\/li><li><a href=\"https:\/\/mistersalud.com\/seguros\/companias\/expertia\/\"><span>Seguro M\u00e9dico Expertia<\/span><\/a><\/li><li><a href=\"https:\/\/mistersalud.com\/seguros\/companias\/ibercaja\/\"><span>Seguro M\u00e9dico Ibercaja<\/span><\/a><\/li><li><a href=\"https:\/\/mistersalud.com\/seguros\/companias\/santander\/\"><span>Seguro M\u00e9dico Santander<\/span><\/a><\/li><li><a href=\"https:\/\/mistersalud.com\/seguros\/companias\/targobank\/\"><span>Seguro M\u00e9dico Targobank<\/span><\/a><\/li><li><a href=\"https:\/\/mistersalud.com\/seguros\/companias\/union-alcoyana\/\"><span>Seguro M\u00e9dico Uni\u00f3n Alcoyana<\/span><\/a><\/li><li><a href=\"https:\/\/mistersalud.com\/seguros\/companias\/vital\/\"><span>Seguro M\u00e9dico Vital<\/span><\/a><\/li><li><a href=\"https:\/\/mistersalud.com\/seguros\/companias\/zurich\/\"><span>Seguro M\u00e9dico Zurich<\/span><\/a><\/li><li><a href=\"https:\/\/mistersalud.com\/seguros\/companias\/asociacion-europea\/\"><span>Seguro m\u00e9dico Asociaci\u00f3n Europea<\/span><\/a><\/li><li><a href=\"https:\/\/mistersalud.com\/seguros\/companias\/banco-de-albacete\/\"><span>Seguro m\u00e9dico Banco de Albacete<\/span><\/a><\/li><li><a href=\"https:\/\/mistersalud.com\/seguros\/companias\/cajamar\/\"><span>Seguro m\u00e9dico Cajamar<\/span><\/a><\/li><li><a href=\"https:\/\/mistersalud.com\/seguros\/companias\/cetelem\/\"><span>Seguro m\u00e9dico Cetelem<\/span><\/a><\/li><li><a href=\"https:\/\/mistersalud.com\/seguros\/companias\/endesa\/\"><span>Seguro m\u00e9dico Endesa<\/span><\/a><\/li><li><a href=\"https:\/\/mistersalud.com\/seguros\/companias\/fiatc\/\"><span>Seguro m\u00e9dico FIATC<\/span><\/a><\/li><li><a href=\"https:\/\/mistersalud.com\/seguros\/companias\/helvetia\/\"><span>Seguro m\u00e9dico Helvetia<\/span><\/a><\/li><li><a href=\"https:\/\/mistersalud.com\/seguros\/companias\/kutxabank\/\"><span>Seguro m\u00e9dico Kutxabank<\/span><\/a><\/li><li><a href=\"https:\/\/mistersalud.com\/seguros\/companias\/liberbank\/\"><span>Seguro m\u00e9dico Liberbank<\/span><\/a><\/li><li><a href=\"https:\/\/mistersalud.com\/seguros\/companias\/mutua-madrilena\/\"><span>Seguro m\u00e9dico Mutua Madrile\u00f1a<\/span><\/a><\/li><li><a href=\"https:\/\/mistersalud.com\/seguros\/companias\/nara\/\"><span>Seguro m\u00e9dico Nara<\/span><\/a><\/li><li><a href=\"https:\/\/mistersalud.com\/seguros\/companias\/norte-hispana\/\"><span>Seguro m\u00e9dico Norte Hispana<\/span><\/a><\/li><li><a href=\"https:\/\/mistersalud.com\/seguros\/companias\/nueva-mutua-sanitaria\/\"><span>Seguro m\u00e9dico Nueva Mutua Sanitaria<\/span><\/a><\/li><li><a href=\"https:\/\/mistersalud.com\/seguros\/companias\/santa-lucia\/\"><span>Seguro m\u00e9dico Santa Luc\u00eda<\/span><\/a><\/li><li><a href=\"https:\/\/mistersalud.com\/seguros\/companias\/union-madrilena\/\"><span>Seguro m\u00e9dico Uni\u00f3n Madrile\u00f1a<\/span><\/a><\/li><li><a href=\"https:\/\/mistersalud.com\/seguros\/companias\/vivaz\/\"><span>Seguro m\u00e9dico Vivaz<\/span><\/a><\/li><\/ul><\/div>\n<p><\/div><\/div><\/div><\/div><br \/>\n<div class=\"oficinas\"><\/p>\n<div><!-- No shortcodes are defined --><\/div>\n<\/div>\n","protected":false},"excerpt":{"rendered":"<p>El seguro Martierra es un seguro que se cre\u00f3 en el a\u00f1o 1952. Este seguro es privado y de \u00e1mbito nacional. Cuenta con m\u00e1s de 60 a\u00f1os de antig\u00fcedad. Esta aseguradora se centra fundamentalmente en tres tipos de seguros, que son, de sanidad, decesos y dental. Para Martierra lo m\u00e1s importante es dar un seguro&hellip; <\/p>\n","protected":false},"author":2,"featured_media":0,"parent":22,"menu_order":0,"comment_status":"closed","ping_status":"closed","template":"single.php","meta":{"footnotes":""},"class_list":["post-179","page","type-page","status-publish","hentry"],"yoast_head":"<!-- This site is optimized with the Yoast SEO plugin v27.5 - https:\/\/yoast.com\/product\/yoast-seo-wordpress\/ -->\n<title>Seguro M\u00e9dico Martierra - misterSalud<\/title>\n<meta name=\"robots\" content=\"index, follow, max-snippet:-1, max-image-preview:large, max-video-preview:-1\" \/>\n<link rel=\"canonical\" href=\"https:\/\/mistersalud.com\/seguros\/companias\/martierra\/\" \/>\n<meta property=\"og:locale\" content=\"es_ES\" \/>\n<meta property=\"og:type\" content=\"article\" \/>\n<meta property=\"og:title\" content=\"Seguro M\u00e9dico Martierra - misterSalud\" \/>\n<meta property=\"og:description\" content=\"El seguro Martierra es un seguro que se cre\u00f3 en el a\u00f1o 1952. Este seguro es privado y de \u00e1mbito nacional. Cuenta con m\u00e1s de 60 a\u00f1os de antig\u00fcedad. Esta aseguradora se centra fundamentalmente en tres tipos de seguros, que son, de sanidad, decesos y dental. Para Martierra lo m\u00e1s importante es dar un seguro&hellip;\" \/>\n<meta property=\"og:url\" content=\"https:\/\/mistersalud.com\/seguros\/companias\/martierra\/\" \/>\n<meta property=\"og:site_name\" content=\"misterSalud\" \/>\n<meta name=\"twitter:card\" content=\"summary_large_image\" \/>\n<meta name=\"twitter:label1\" content=\"Tiempo de lectura\" \/>\n\t<meta name=\"twitter:data1\" content=\"6 minutos\" \/>\n<script type=\"application\/ld+json\" class=\"yoast-schema-graph\">{\"@context\":\"https:\\\/\\\/schema.org\",\"@graph\":[{\"@type\":\"WebPage\",\"@id\":\"https:\\\/\\\/mistersalud.com\\\/seguros\\\/companias\\\/martierra\\\/\",\"url\":\"https:\\\/\\\/mistersalud.com\\\/seguros\\\/companias\\\/martierra\\\/\",\"name\":\"Seguro M\u00e9dico Martierra - misterSalud\",\"isPartOf\":{\"@id\":\"https:\\\/\\\/mistersalud.com\\\/seguros\\\/#website\"},\"datePublished\":\"2022-06-23T09:50:31+00:00\",\"breadcrumb\":{\"@id\":\"https:\\\/\\\/mistersalud.com\\\/seguros\\\/companias\\\/martierra\\\/#breadcrumb\"},\"inLanguage\":\"es\",\"potentialAction\":[{\"@type\":\"ReadAction\",\"target\":[\"https:\\\/\\\/mistersalud.com\\\/seguros\\\/companias\\\/martierra\\\/\"]}]},{\"@type\":\"BreadcrumbList\",\"@id\":\"https:\\\/\\\/mistersalud.com\\\/seguros\\\/companias\\\/martierra\\\/#breadcrumb\",\"itemListElement\":[{\"@type\":\"ListItem\",\"position\":1,\"name\":\"Portada\",\"item\":\"https:\\\/\\\/mistersalud.com\\\/seguros\\\/\"},{\"@type\":\"ListItem\",\"position\":2,\"name\":\"Compa\u00f1\u00edas de Seguros de Salud en Espa\u00f1a\",\"item\":\"https:\\\/\\\/mistersalud.com\\\/seguros\\\/companias\\\/\"},{\"@type\":\"ListItem\",\"position\":3,\"name\":\"Seguro M\u00e9dico Martierra\"}]},{\"@type\":\"WebSite\",\"@id\":\"https:\\\/\\\/mistersalud.com\\\/seguros\\\/#website\",\"url\":\"https:\\\/\\\/mistersalud.com\\\/seguros\\\/\",\"name\":\"misterSalud\",\"description\":\"\",\"publisher\":{\"@id\":\"https:\\\/\\\/mistersalud.com\\\/seguros\\\/#organization\"},\"potentialAction\":[{\"@type\":\"SearchAction\",\"target\":{\"@type\":\"EntryPoint\",\"urlTemplate\":\"https:\\\/\\\/mistersalud.com\\\/seguros\\\/?s={search_term_string}\"},\"query-input\":{\"@type\":\"PropertyValueSpecification\",\"valueRequired\":true,\"valueName\":\"search_term_string\"}}],\"inLanguage\":\"es\"},{\"@type\":\"Organization\",\"@id\":\"https:\\\/\\\/mistersalud.com\\\/seguros\\\/#organization\",\"name\":\"misterSalud\",\"url\":\"https:\\\/\\\/mistersalud.com\\\/seguros\\\/\",\"logo\":{\"@type\":\"ImageObject\",\"inLanguage\":\"es\",\"@id\":\"https:\\\/\\\/mistersalud.com\\\/seguros\\\/#\\\/schema\\\/logo\\\/image\\\/\",\"url\":\"https:\\\/\\\/mistersalud.com\\\/seguros\\\/wp-content\\\/uploads\\\/2022\\\/05\\\/logo-mistersalud.png\",\"contentUrl\":\"https:\\\/\\\/mistersalud.com\\\/seguros\\\/wp-content\\\/uploads\\\/2022\\\/05\\\/logo-mistersalud.png\",\"width\":178,\"height\":89,\"caption\":\"misterSalud\"},\"image\":{\"@id\":\"https:\\\/\\\/mistersalud.com\\\/seguros\\\/#\\\/schema\\\/logo\\\/image\\\/\"}}]}<\/script>\n<!-- \/ Yoast SEO plugin. -->","yoast_head_json":{"title":"Seguro M\u00e9dico Martierra - misterSalud","robots":{"index":"index","follow":"follow","max-snippet":"max-snippet:-1","max-image-preview":"max-image-preview:large","max-video-preview":"max-video-preview:-1"},"canonical":"https:\/\/mistersalud.com\/seguros\/companias\/martierra\/","og_locale":"es_ES","og_type":"article","og_title":"Seguro M\u00e9dico Martierra - misterSalud","og_description":"El seguro Martierra es un seguro que se cre\u00f3 en el a\u00f1o 1952. Este seguro es privado y de \u00e1mbito nacional. Cuenta con m\u00e1s de 60 a\u00f1os de antig\u00fcedad. Esta aseguradora se centra fundamentalmente en tres tipos de seguros, que son, de sanidad, decesos y dental. Para Martierra lo m\u00e1s importante es dar un seguro&hellip;","og_url":"https:\/\/mistersalud.com\/seguros\/companias\/martierra\/","og_site_name":"misterSalud","twitter_card":"summary_large_image","twitter_misc":{"Tiempo de lectura":"6 minutos"},"schema":{"@context":"https:\/\/schema.org","@graph":[{"@type":"WebPage","@id":"https:\/\/mistersalud.com\/seguros\/companias\/martierra\/","url":"https:\/\/mistersalud.com\/seguros\/companias\/martierra\/","name":"Seguro M\u00e9dico Martierra - misterSalud","isPartOf":{"@id":"https:\/\/mistersalud.com\/seguros\/#website"},"datePublished":"2022-06-23T09:50:31+00:00","breadcrumb":{"@id":"https:\/\/mistersalud.com\/seguros\/companias\/martierra\/#breadcrumb"},"inLanguage":"es","potentialAction":[{"@type":"ReadAction","target":["https:\/\/mistersalud.com\/seguros\/companias\/martierra\/"]}]},{"@type":"BreadcrumbList","@id":"https:\/\/mistersalud.com\/seguros\/companias\/martierra\/#breadcrumb","itemListElement":[{"@type":"ListItem","position":1,"name":"Portada","item":"https:\/\/mistersalud.com\/seguros\/"},{"@type":"ListItem","position":2,"name":"Compa\u00f1\u00edas de Seguros de Salud en Espa\u00f1a","item":"https:\/\/mistersalud.com\/seguros\/companias\/"},{"@type":"ListItem","position":3,"name":"Seguro M\u00e9dico Martierra"}]},{"@type":"WebSite","@id":"https:\/\/mistersalud.com\/seguros\/#website","url":"https:\/\/mistersalud.com\/seguros\/","name":"misterSalud","description":"","publisher":{"@id":"https:\/\/mistersalud.com\/seguros\/#organization"},"potentialAction":[{"@type":"SearchAction","target":{"@type":"EntryPoint","urlTemplate":"https:\/\/mistersalud.com\/seguros\/?s={search_term_string}"},"query-input":{"@type":"PropertyValueSpecification","valueRequired":true,"valueName":"search_term_string"}}],"inLanguage":"es"},{"@type":"Organization","@id":"https:\/\/mistersalud.com\/seguros\/#organization","name":"misterSalud","url":"https:\/\/mistersalud.com\/seguros\/","logo":{"@type":"ImageObject","inLanguage":"es","@id":"https:\/\/mistersalud.com\/seguros\/#\/schema\/logo\/image\/","url":"https:\/\/mistersalud.com\/seguros\/wp-content\/uploads\/2022\/05\/logo-mistersalud.png","contentUrl":"https:\/\/mistersalud.com\/seguros\/wp-content\/uploads\/2022\/05\/logo-mistersalud.png","width":178,"height":89,"caption":"misterSalud"},"image":{"@id":"https:\/\/mistersalud.com\/seguros\/#\/schema\/logo\/image\/"}}]}},"_links":{"self":[{"href":"https:\/\/mistersalud.com\/seguros\/wp-json\/wp\/v2\/pages\/179","targetHints":{"allow":["GET"]}}],"collection":[{"href":"https:\/\/mistersalud.com\/seguros\/wp-json\/wp\/v2\/pages"}],"about":[{"href":"https:\/\/mistersalud.com\/seguros\/wp-json\/wp\/v2\/types\/page"}],"author":[{"embeddable":true,"href":"https:\/\/mistersalud.com\/seguros\/wp-json\/wp\/v2\/users\/2"}],"replies":[{"embeddable":true,"href":"https:\/\/mistersalud.com\/seguros\/wp-json\/wp\/v2\/comments?post=179"}],"version-history":[{"count":1,"href":"https:\/\/mistersalud.com\/seguros\/wp-json\/wp\/v2\/pages\/179\/revisions"}],"predecessor-version":[{"id":180,"href":"https:\/\/mistersalud.com\/seguros\/wp-json\/wp\/v2\/pages\/179\/revisions\/180"}],"up":[{"embeddable":true,"href":"https:\/\/mistersalud.com\/seguros\/wp-json\/wp\/v2\/pages\/22"}],"wp:attachment":[{"href":"https:\/\/mistersalud.com\/seguros\/wp-json\/wp\/v2\/media?parent=179"}],"curies":[{"name":"wp","href":"https:\/\/api.w.org\/{rel}","templated":true}]}}