{"id":169,"date":"2022-06-23T09:03:06","date_gmt":"2022-06-23T09:03:06","guid":{"rendered":"https:\/\/mistersalud.com\/seguros\/?page_id=169"},"modified":"2022-06-23T09:03:06","modified_gmt":"2022-06-23T09:03:06","slug":"nuez","status":"publish","type":"page","link":"https:\/\/mistersalud.com\/seguros\/companias\/nuez\/","title":{"rendered":"Seguro m\u00e9dico Nuez"},"content":{"rendered":"\n<p>Nuez seguros fue creada en 2011 y naci\u00f3 con el objetivo de proporcionar a los usuarios nuevos modelos de seguros de coche, moto y hogar, para romper as\u00ed con lo tradicional y lo cotidiano. Este grupo ya no existe por s\u00ed solo, sino que pertenece al grupo de Linea Directa, y es a trav\u00e9s de esta compa\u00f1\u00eda donde se pueden realizar todas las gestiones pertinentes para comenzar a formar parte de cualquiera de sus seguros. Tiene como objetivo principal el de poder proporcionar las mejores condiciones posibles en sus diferentes p\u00f3lizas, con la misi\u00f3n de garantizar y mejorar la calidad de vida de las personas y a unos precios que puedan estar al alcance de la econom\u00eda de todos. Sus tipos de seguros para veh\u00edculos y hogar est\u00e1n pensando para que todo tipo de clientes, de manera que puedan optar de la manera m\u00e1s personalizada posible, por el mejor seguro y el que m\u00e1s se adapte a lo que necesiten.<\/p>\n<p>Esta compa\u00f1\u00eda no ha trabajado con ning\u00fan seguro relacionado con la salud y, por el momento, sigue siendo as\u00ed.<\/p>\n<div class=\"colorf \"  ><div class=\"container clearfix\"><div class=\"col-md-7\"><\/p>\n<h2><b>Cuadro m\u00e9dico de Nuez<\/b><\/h2>\n<p>La compa\u00f1\u00eda Nuez no trabaja con ning\u00fan seguro de salud por el momento, no obstante, en Mister Salud podr\u00e1s encontrar una gran variedad de empresas aseguradoras que s\u00ed trabajan con diferentes seguros m\u00e9dicos de los que puedes optar. La mayor\u00eda te garantizan, adem\u00e1s, el acceso a un excelente cuadro m\u00e9dico donde poder encontrar profesionales m\u00e9dicos, cl\u00ednicas y hospitales cerca de ti por todo el territorio nacional, garantizandote el que puedan atenderte en cualquier momento y sobre el problema que te preocupe. Muchas de estas compa\u00f1\u00edas cuentan tambi\u00e9n con la atenci\u00f3n m\u00e9dica 24 horas para cualquier caso de emergencia, lo que har\u00e1 que no tengas que preocuparte por nada, ellos se encargar\u00e1n de todo.<\/p>\n<p>En nuestra web podr\u00e1s comparar entre todas las opciones disponibles en Espa\u00f1a, para que puedas optar por conseguir el seguro m\u00e9dico que mejor se adapte a tus condiciones y al precio que desees.<\/p>\n<p><\/div><\/div><\/div>\n<h2><b>Coberturas del seguro m\u00e9dico Nuez<\/b><\/h2>\n<p><span style=\"font-weight: 400;\">La empresa Nuez no opera con ning\u00fan seguro de salud en la actualidad, pero puedes optar por otras muchas opciones disponibles en nuestra web de Mister Salud. Las compa\u00f1\u00edas que te ofrecemos te garantizan el acceso a una medicina privada de calidad, donde puedes acudir a cualquier especialista o m\u00e9dico que desees y con la que disfrutar de una amplia gama de servicios garantizados de forma gratuita o a unos costes muy inferiores.\u00a0<\/span><\/p>\n<p><span style=\"font-weight: 400;\">En nuestra p\u00e1gina podr\u00e1s encontrar qu\u00e9 compa\u00f1\u00eda se adapta mejor a lo que necesitas tanto t\u00fa como tu familia, y asegurarte de conseguir las mejores condiciones en los seguros m\u00e9dicos que te garanticen coberturas y servicios como la hospitalizaci\u00f3n, la medicina preventiva, pediatr\u00eda, y un largo etc\u00e9tera. <\/span><\/p>\n<div class=\"colorf\"><div class=\"container clearfix\"><div class=\"col-md-7\"><div class=\"tipos\"><svg id=\"stars\" style=\"display: none;\" version=\"1.1\">\n\t<symbol id=\"stars-full-star\" viewBox=\"0 0 102 18\">\n\t\t<path d=\"M9.5 14.25l-5.584 2.936 1.066-6.218L.465 6.564l6.243-.907L9.5 0l2.792 5.657 6.243.907-4.517 4.404 1.066 6.218\" \/>\n\t<\/symbol>\n\n\t<symbol id=\"stars-half-star\" viewBox=\"0 0 102 18\">\n\t\t<path d=\"M9.5 14.25l-5.584 2.936 1.066-6.218L.465 6.564l6.243-.907L9.5 0l2.792\" fill=\"#ffdc0f\" \/>\n\t<\/symbol>\n\n\t<symbol id=\"stars-all-star\" viewBox=\"0 0 102 18\">\n\t\t<use xlink:href=\"#stars-full-star\" \/>\n\t\t<use xlink:href=\"#stars-full-star\" transform=\"translate(21)\" \/>\n\t\t<use xlink:href=\"#stars-full-star\" transform=\"translate(42)\" \/>\n\t\t<use xlink:href=\"#stars-full-star\" transform=\"translate(63)\" \/>\n\t\t<use xlink:href=\"#stars-full-star\" transform=\"translate(84)\" \/>\n\t<\/symbol>\n\n\t<symbol id=\"stars-0\" viewBox=\"0 0 102 18\">\n\t\t<use xlink:href=\"#stars-all-star\" fill=\"#e5e5e5\" \/>\n\t<\/symbol>\n\n\t<symbol id=\"stars-1\" viewBox=\"0 0 102 18\">\n\t\t<use xlink:href=\"#stars-0\" \/>\n\t\t<use xlink:href=\"#stars-half-star\" \/>\n\t<\/symbol>\n\n\t<symbol id=\"stars-2\" viewBox=\"0 0 102 18\">\n\t\t<use xlink:href=\"#stars-0\" \/>\n\t\t<use xlink:href=\"#stars-full-star\" fill=\"#ffdc0f\" \/>\n\t<\/symbol>\n\n\t<symbol id=\"stars-3\" viewBox=\"0 0 102 18\">\n\t\t<use xlink:href=\"#stars-2\" \/>\n\t\t<use xlink:href=\"#stars-half-star\" transform=\"translate(21)\" \/>\n\t<\/symbol>\n\n\t<symbol id=\"stars-4\" viewBox=\"0 0 102 18\">\n\t\t<use xlink:href=\"#stars-2\" \/>\n\t\t<use xlink:href=\"#stars-full-star\" fill=\"#ffdc0f\" transform=\"translate(21)\" \/>\n\t<\/symbol>\n\n\t<symbol id=\"stars-5\" viewBox=\"0 0 102 18\">\n\t\t<use xlink:href=\"#stars-4\" \/>\n\t\t<use xlink:href=\"#stars-half-star\" transform=\"translate(42)\" \/>\n\t<\/symbol>\n\n\t<symbol id=\"stars-6\" viewBox=\"0 0 102 18\">\n\t\t<use xlink:href=\"#stars-4\" \/>\n\t\t<use xlink:href=\"#stars-full-star\" fill=\"#ffdc0f\" transform=\"translate(42)\" \/>\n\t<\/symbol>\n\n\t<symbol id=\"stars-7\" viewBox=\"0 0 102 18\">\n\t\t<use xlink:href=\"#stars-6\" \/>\n\t\t<use xlink:href=\"#stars-half-star\" transform=\"translate(63)\" \/>\n\t<\/symbol>\n\n\t<symbol id=\"stars-8\" viewBox=\"0 0 102 18\">\n\t\t<use xlink:href=\"#stars-6\" \/>\n\t\t<use xlink:href=\"#stars-full-star\" fill=\"#ffdc0f\" transform=\"translate(63)\" \/>\n\t<\/symbol>\n\n\t<symbol id=\"stars-9\" viewBox=\"0 0 102 18\">\n\t\t<use xlink:href=\"#stars-8\" \/>\n\t\t<use xlink:href=\"#stars-half-star\" transform=\"translate(84)\" \/>\n\t<\/symbol>\n\n\t<symbol id=\"stars-10\" viewBox=\"0 0 102 18\">\n\t\t<use xlink:href=\"#stars-all-star\" fill=\"#ffdc0f\" \/>\n\t<\/symbol>\n<\/svg>\n\n<h2><b>Tipos de p\u00f3liza del seguro m\u00e9dico Nuez<\/b><\/h2>\n<div class=\"desplazamiento\">\n<p>Nuez no tiene a su disposici\u00f3n ning\u00fan seguro de salud en la actualidad, por lo que tendr\u00e1s que optar por otra de las muchas empresas de seguros m\u00e9dicos que tenemos a tu disposici\u00f3n en Mister Salud. Con nuestra amplia experiencia en el sector de los seguros te garantizamos que encontrar\u00e1s aquella p\u00f3liza que mejor se adapte a tus condiciones, sea de la compa\u00f1\u00eda que sea, y consigui\u00e9ndote el mejor precio posible, para que t\u00fa solo tengas que preocuparte en empezar a disfrutar de los mejores servicios. Puedes optar por cualquier servicio que desees y para la cantidad de personas que solicites, ya que la gran variedad de aseguradoras hace posible que tengas una amplia gama de diferentes tipos de p\u00f3lizas que incluyen todo lo que vayas a necesitar o que desees utilizar, desde p\u00f3lizas en las que est\u00e1n cubierto todas las coberturas, hasta aquellas enfocadas en servicios m\u00e1s exclusivos, como cobertura dental, de hospitalizaci\u00f3n, etc., y tambi\u00e9n con una gran variante de precios para que escojas lo que desees gastar.<\/p>\n<\/div>\n<\/div><\/div><\/div><\/div>\n<h3><b>Seguro m\u00e9dico familiar Nuez<\/b><\/h3>\n<p>No existe ning\u00fan seguro m\u00e9dico familiar de la empresa Nuez, no obstante, hay muchas otras opciones de compa\u00f1\u00edas de seguros de salud donde s\u00ed podr\u00e1s encontrar un seguro dedicado a toda la familia, donde cubran todas vuestras necesidades m\u00e1s espec\u00edficas, para que est\u00e9s tranquilo de que dispones de las mejores condiciones posibles.<\/p>\n<div class=\"colorf \"  ><div class=\"container clearfix\"><div class=\"col-md-7\"><\/p>\n<h3><b>Seguro m\u00e9dico con copago Nuez<\/b><\/h3>\n<p>No hay constancia de ning\u00fan seguro de salud de la empresa Nuez, pero si lo que buscas es un seguro m\u00e9dico que tenga modalidad copago, en Mister Salud encontrar\u00e1s muchas opciones dependiendo de lo que solicites, a trav\u00e9s de una de nuestras aseguradoras podr\u00e1s conseguir la p\u00f3liza que mejor se adapte a ti y a este tipo de demandas. Adem\u00e1s, podr\u00e1s comparar entre los precios de los diferentes copagos, para que escojas el que mejores condiciones te ofrezca.<\/p>\n<p><\/div><\/div><\/div>\n<h3><b>Seguro m\u00e9dico sin copago Nuez<\/b><\/h3>\n<p>Los seguros de salud sin copago es una de las muchas modalidades que presentan las diferentes compa\u00f1\u00edas, en este caso hace referencia a las p\u00f3lizas que tienen un \u00fanico pago mensual en el que est\u00e1 disponible todos los servicios de los que dispone el seguro, sin tener que pagar un coste extra. La compa\u00f1\u00eda Nuez no dispone de ning\u00fan seguro m\u00e9dico, pero hay muchas otras empresas de seguros que s\u00ed pueden ofrecerte lo que buscas, y con los mejores precios. En Mister Salud te ayudamos a encontrar de la manera m\u00e1s r\u00e1pida y sencilla la que mejor se adapte a todas tus condiciones.<\/p>\n<h2>Preguntas frecuentes sobre el seguro m\u00e9dico Nuez<\/h2>\n<p>A la hora de buscar un seguro de salud que se adapte a todas tus condiciones pueden surgir muchas preguntas. En Mister Salud, con nuestra amplia experiencia en el sector de los seguros, podemos ayudarte a resolver todas esas dudas que aparecen en este proceso, adem\u00e1s de poder garantizarte el que consigas exactamente lo que buscabas de la manera m\u00e1s r\u00e1pida y c\u00f3moda posible. Para ello cuentas en nuestra p\u00e1gina web con una lista de compa\u00f1\u00edas y una detallada descripci\u00f3n de todas ellas y, adem\u00e1s, un grupo de profesionales que te asesorar\u00e1n y resolver\u00e1n cualquier pregunta que pueda surgir en tu b\u00fasqueda. Te aseguramos que encuentres el seguro m\u00e9dico que cumpla con todas tus necesidades y las de tu familia.<\/p>\n<p>Tambi\u00e9n vamos a a\u00f1adirle algunas de las preguntas m\u00e1s frecuentes entre los usuarios, para que te sea todav\u00eda m\u00e1s c\u00f3modo este proceso.<\/p>\n<div class=\"accordion\" id=\"preguntas_desplegables\">\n<div class=\"pregunta \"  ><div class=\"accordion-item\">\n\t\t\t \t    <h3 class=\"accordion-header\" id=\"heading1\">\n\t\t\t\t\t \t<button class=\"accordion-button collapsed\" type=\"button\" data-bs-toggle=\"collapse\" data-bs-target=\"#collapse1\" aria-expanded=\"false\" aria-controls=\"collapse1\">\n\t\t\t\t\t\t\t\u00bfD\u00f3nde puedo contratar el seguro m\u00e9dico Nuez?\n\t\t\t\t\t \t<\/button>\n\t\t\t\t    <\/h3>\n\t\t\t\t    <div id=\"collapse1\" class=\"accordion-collapse collapse \" aria-labelledby=\"heading1\" data-bs-parent=\"#preguntas_desplegables\">\n\t\t\t\t\t\t<div class=\"accordion-body\">\n\t\t\t\t\t\t\t\n<p>No hay ning\u00fan seguro m\u00e9dico de la empresa Nuez, no obstante, a trav\u00e9s de la p\u00e1gina de Mister Salud puedes contratar otras de las muchas opciones que te ofrecemos. Te ayudaremos a comparar entre todas ellas hasta que des con el seguro de salud que mejor se adapte a tus condiciones y, una vez lo encuentres, nosotros mismos nos encargaremos de todos los tr\u00e1mites necesarios para que comiences a formar parte lo antes posible de la compa\u00f1\u00eda, de manera que t\u00fa solo tendr\u00e1s que preocuparte de empezar a disfrutar de todas las ventajas que te ofrezca tu nuevo seguro.<\/p>\n<p>\n\t\t\t\t\t\t<\/div>\n\t\t\t\t\t<\/div>\n\t\t\t\t<\/div>\t<\/div> <div class=\"pregunta \"  ><div class=\"accordion-item\">\n\t\t\t \t    <h3 class=\"accordion-header\" id=\"heading2\">\n\t\t\t\t\t \t<button class=\"accordion-button collapsed\" type=\"button\" data-bs-toggle=\"collapse\" data-bs-target=\"#collapse2\" aria-expanded=\"false\" aria-controls=\"collapse2\">\n\t\t\t\t\t\t\t\u00bfPuedo viajar con el seguro m\u00e9dico Nuez?\n\t\t\t\t\t \t<\/button>\n\t\t\t\t    <\/h3>\n\t\t\t\t    <div id=\"collapse2\" class=\"accordion-collapse collapse \" aria-labelledby=\"heading2\" data-bs-parent=\"#preguntas_desplegables\">\n\t\t\t\t\t\t<div class=\"accordion-body\">\n\t\t\t\t\t\t\t<\/p>\n<p>No hay constancia de ning\u00fan seguro de salud perteneciente a la compa\u00f1\u00eda Nuez, sin embargo, hay otras muchas opciones que, desde Mister Salud, podemos ofrecerte para que disfrutes de un seguro m\u00e9dico que se adapte totalmente a tus necesidades. Si lo que deseas es la tranquilidad de poder viajar con la seguridad de que cubran cualquier tipo de accidente o enfermedad fuera del territorio espa\u00f1ol, hay muchas compa\u00f1\u00edas que pueden garantiz\u00e1rtelo, te ayudaremos a que compares entre las que mejores condiciones y prestaciones te garantice, asegur\u00e1ndote tambi\u00e9n el que consigas el mejor precio posible.<\/p>\n<p>\n\t\t\t\t\t\t<\/div>\n\t\t\t\t\t<\/div>\n\t\t\t\t<\/div>\t<\/div><\/p>\n<div class=\"pregunta \"  ><div class=\"accordion-item\">\n\t\t\t \t    <h3 class=\"accordion-header\" id=\"heading3\">\n\t\t\t\t\t \t<button class=\"accordion-button collapsed\" type=\"button\" data-bs-toggle=\"collapse\" data-bs-target=\"#collapse3\" aria-expanded=\"false\" aria-controls=\"collapse3\">\n\t\t\t\t\t\t\t\u00bfQu\u00e9 cubre el seguro m\u00e9dico de Nuez?\n\t\t\t\t\t \t<\/button>\n\t\t\t\t    <\/h3>\n\t\t\t\t    <div id=\"collapse3\" class=\"accordion-collapse collapse \" aria-labelledby=\"heading3\" data-bs-parent=\"#preguntas_desplegables\">\n\t\t\t\t\t\t<div class=\"accordion-body\">\n\t\t\t\t\t\t\t<\/p>\n<p>La empresa Nuez en la actualidad no trabaja con este tipo de servicios para sus clientes. No obstante, en Mister Salud encontrar\u00e1s otras muchas empresas de seguros m\u00e9dicos que s\u00ed pueden ofrecerte una gran variedad de seguros de salud donde cubran todas las necesidades que demandes. No tendr\u00e1s que preocuparte por nada, nosotros te ayudaremos a que consigas las mejores condiciones y el mejor seguro de salud posible, con las coberturas y al precio que t\u00fa mismo elijas, para que comiences cuanto a antes a disfrutar de una medicina privada de calidad.<\/p>\n<p>\n\t\t\t\t\t\t<\/div>\n\t\t\t\t\t<\/div>\n\t\t\t\t<\/div>\t<\/div>\n<\/div>\n<div class=\"colorf\"><div class=\"container clearfix\"><div class=\"col-md-7\"><div class=\"empresas\">\n<h3>Compa\u00f1\u00edas de seguros m\u00e9dicos<\/h3>\n<div class=\"enlazado\"><ul><li><a href=\"https:\/\/mistersalud.com\/seguros\/companias\/adeslas\/\"><span>Seguro M\u00e9dico Adeslas<\/span><\/a><\/li><li><a href=\"https:\/\/mistersalud.com\/seguros\/companias\/banca-march\/\"><span>Seguro M\u00e9dico Banca March<\/span><\/a><\/li><li><a href=\"https:\/\/mistersalud.com\/seguros\/companias\/banco-caminos\/\"><span>Seguro M\u00e9dico Banco Caminos<\/span><\/a><\/li><li><a href=\"https:\/\/mistersalud.com\/seguros\/companias\/caixa-geral\/\"><span>Seguro M\u00e9dico Caixa Geral<\/span><\/a><\/li><li><a href=\"https:\/\/mistersalud.com\/seguros\/companias\/caixa-rural-burriana\/\"><span>Seguro M\u00e9dico Caixa Rural Burriana<\/span><\/a><\/li><li><a href=\"https:\/\/mistersalud.com\/seguros\/companias\/ges\/\"><span>Seguro M\u00e9dico Ges<\/span><\/a><\/li><li><a href=\"https:\/\/mistersalud.com\/seguros\/companias\/groupama\/\"><span>Seguro M\u00e9dico Groupama<\/span><\/a><\/li><li><a href=\"https:\/\/mistersalud.com\/seguros\/companias\/la-paz\/\"><span>Seguro M\u00e9dico La Paz<\/span><\/a><\/li><li><a href=\"https:\/\/mistersalud.com\/seguros\/companias\/martierra\/\"><span>Seguro M\u00e9dico Martierra<\/span><\/a><\/li><li><a href=\"https:\/\/mistersalud.com\/seguros\/companias\/mutua-terrassa\/\"><span>Seguro M\u00e9dico Mutua Terrassa<\/span><\/a><\/li><li><a href=\"https:\/\/mistersalud.com\/seguros\/companias\/preventiva\/\"><span>Seguro M\u00e9dico Preventiva<\/span><\/a><\/li><li><a href=\"https:\/\/mistersalud.com\/seguros\/companias\/rga\/\"><span>Seguro M\u00e9dico RGA<\/span><\/a><\/li><li><a href=\"https:\/\/mistersalud.com\/seguros\/companias\/reale\/\"><span>Seguro M\u00e9dico Reale<\/span><\/a><\/li><li><a href=\"https:\/\/mistersalud.com\/seguros\/companias\/targobank\/\"><span>Seguro M\u00e9dico Targobank<\/span><\/a><\/li><li><a href=\"https:\/\/mistersalud.com\/seguros\/companias\/vital\/\"><span>Seguro M\u00e9dico Vital<\/span><\/a><\/li><li><a href=\"https:\/\/mistersalud.com\/seguros\/companias\/asociacion-europea\/\"><span>Seguro m\u00e9dico Asociaci\u00f3n Europea<\/span><\/a><\/li><li><a href=\"https:\/\/mistersalud.com\/seguros\/companias\/axa\/\"><span>Seguro m\u00e9dico Axa<\/span><\/a><\/li><li><a href=\"https:\/\/mistersalud.com\/seguros\/companias\/bpi\/\"><span>Seguro m\u00e9dico BPI<\/span><\/a><\/li><li><a href=\"https:\/\/mistersalud.com\/seguros\/companias\/caja-rural\/\"><span>Seguro m\u00e9dico Caja Rural<\/span><\/a><\/li><li><a href=\"https:\/\/mistersalud.com\/seguros\/companias\/catalana-occidente\/\"><span>Seguro m\u00e9dico Catalana Occidente<\/span><\/a><\/li><li><a href=\"https:\/\/mistersalud.com\/seguros\/companias\/fiatc\/\"><span>Seguro m\u00e9dico FIATC<\/span><\/a><\/li><li><a href=\"https:\/\/mistersalud.com\/seguros\/companias\/kutxabank\/\"><span>Seguro m\u00e9dico Kutxabank<\/span><\/a><\/li><li><a href=\"https:\/\/mistersalud.com\/seguros\/companias\/liberbank\/\"><span>Seguro m\u00e9dico Liberbank<\/span><\/a><\/li><li><a href=\"https:\/\/mistersalud.com\/seguros\/companias\/meridiano\/\"><span>Seguro m\u00e9dico Meridiano<\/span><\/a><\/li><li><a href=\"https:\/\/mistersalud.com\/seguros\/companias\/montepio\/\"><span>Seguro m\u00e9dico Montep\u00edo<\/span><\/a><\/li><li><a href=\"https:\/\/mistersalud.com\/seguros\/companias\/murimar\/\"><span>Seguro m\u00e9dico Murimar<\/span><\/a><\/li><li><a href=\"https:\/\/mistersalud.com\/seguros\/companias\/nationale-nederlanden\/\"><span>Seguro m\u00e9dico Nationale Nederlanden<\/span><\/a><\/li><li><a href=\"https:\/\/mistersalud.com\/seguros\/companias\/acunsa\/\"><span>Seguro m\u00e9dico Seguros Acunsa<\/span><\/a><\/li><li><a href=\"https:\/\/mistersalud.com\/seguros\/companias\/el-corte-ingles\/\"><span>Seguro m\u00e9dico Seguros El Corte Ingl\u00e9s<\/span><\/a><\/li><li><a href=\"https:\/\/mistersalud.com\/seguros\/companias\/union-madrilena\/\"><span>Seguro m\u00e9dico Uni\u00f3n Madrile\u00f1a<\/span><\/a><\/li><\/ul><\/div>\n<p><\/div><\/div><\/div><\/div><br \/>\n<div class=\"oficinas\"><\/p>\n<div><!-- No shortcodes are defined --><\/div>\n<\/div>\n","protected":false},"excerpt":{"rendered":"<p>Nuez seguros fue creada en 2011 y naci\u00f3 con el objetivo de proporcionar a los usuarios nuevos modelos de seguros de coche, moto y hogar, para romper as\u00ed con lo tradicional y lo cotidiano. Este grupo ya no existe por s\u00ed solo, sino que pertenece al grupo de Linea Directa, y es a trav\u00e9s de&hellip; <\/p>\n","protected":false},"author":2,"featured_media":0,"parent":22,"menu_order":0,"comment_status":"closed","ping_status":"closed","template":"single.php","meta":{"footnotes":""},"class_list":["post-169","page","type-page","status-publish","hentry"],"yoast_head":"<!-- This site is optimized with the Yoast SEO plugin v27.5 - https:\/\/yoast.com\/product\/yoast-seo-wordpress\/ -->\n<title>Seguro m\u00e9dico Nuez - misterSalud<\/title>\n<meta name=\"robots\" content=\"index, follow, max-snippet:-1, max-image-preview:large, max-video-preview:-1\" \/>\n<link rel=\"canonical\" href=\"https:\/\/mistersalud.com\/seguros\/companias\/nuez\/\" \/>\n<meta property=\"og:locale\" content=\"es_ES\" \/>\n<meta property=\"og:type\" content=\"article\" \/>\n<meta property=\"og:title\" content=\"Seguro m\u00e9dico Nuez - misterSalud\" \/>\n<meta property=\"og:description\" content=\"Nuez seguros fue creada en 2011 y naci\u00f3 con el objetivo de proporcionar a los usuarios nuevos modelos de seguros de coche, moto y hogar, para romper as\u00ed con lo tradicional y lo cotidiano. Este grupo ya no existe por s\u00ed solo, sino que pertenece al grupo de Linea Directa, y es a trav\u00e9s de&hellip;\" \/>\n<meta property=\"og:url\" content=\"https:\/\/mistersalud.com\/seguros\/companias\/nuez\/\" \/>\n<meta property=\"og:site_name\" content=\"misterSalud\" \/>\n<meta name=\"twitter:card\" content=\"summary_large_image\" \/>\n<meta name=\"twitter:label1\" content=\"Tiempo de lectura\" \/>\n\t<meta name=\"twitter:data1\" content=\"7 minutos\" \/>\n<script type=\"application\/ld+json\" class=\"yoast-schema-graph\">{\"@context\":\"https:\\\/\\\/schema.org\",\"@graph\":[{\"@type\":\"WebPage\",\"@id\":\"https:\\\/\\\/mistersalud.com\\\/seguros\\\/companias\\\/nuez\\\/\",\"url\":\"https:\\\/\\\/mistersalud.com\\\/seguros\\\/companias\\\/nuez\\\/\",\"name\":\"Seguro m\u00e9dico Nuez - misterSalud\",\"isPartOf\":{\"@id\":\"https:\\\/\\\/mistersalud.com\\\/seguros\\\/#website\"},\"datePublished\":\"2022-06-23T09:03:06+00:00\",\"breadcrumb\":{\"@id\":\"https:\\\/\\\/mistersalud.com\\\/seguros\\\/companias\\\/nuez\\\/#breadcrumb\"},\"inLanguage\":\"es\",\"potentialAction\":[{\"@type\":\"ReadAction\",\"target\":[\"https:\\\/\\\/mistersalud.com\\\/seguros\\\/companias\\\/nuez\\\/\"]}]},{\"@type\":\"BreadcrumbList\",\"@id\":\"https:\\\/\\\/mistersalud.com\\\/seguros\\\/companias\\\/nuez\\\/#breadcrumb\",\"itemListElement\":[{\"@type\":\"ListItem\",\"position\":1,\"name\":\"Portada\",\"item\":\"https:\\\/\\\/mistersalud.com\\\/seguros\\\/\"},{\"@type\":\"ListItem\",\"position\":2,\"name\":\"Compa\u00f1\u00edas de Seguros de Salud en Espa\u00f1a\",\"item\":\"https:\\\/\\\/mistersalud.com\\\/seguros\\\/companias\\\/\"},{\"@type\":\"ListItem\",\"position\":3,\"name\":\"Seguro m\u00e9dico Nuez\"}]},{\"@type\":\"WebSite\",\"@id\":\"https:\\\/\\\/mistersalud.com\\\/seguros\\\/#website\",\"url\":\"https:\\\/\\\/mistersalud.com\\\/seguros\\\/\",\"name\":\"misterSalud\",\"description\":\"\",\"publisher\":{\"@id\":\"https:\\\/\\\/mistersalud.com\\\/seguros\\\/#organization\"},\"potentialAction\":[{\"@type\":\"SearchAction\",\"target\":{\"@type\":\"EntryPoint\",\"urlTemplate\":\"https:\\\/\\\/mistersalud.com\\\/seguros\\\/?s={search_term_string}\"},\"query-input\":{\"@type\":\"PropertyValueSpecification\",\"valueRequired\":true,\"valueName\":\"search_term_string\"}}],\"inLanguage\":\"es\"},{\"@type\":\"Organization\",\"@id\":\"https:\\\/\\\/mistersalud.com\\\/seguros\\\/#organization\",\"name\":\"misterSalud\",\"url\":\"https:\\\/\\\/mistersalud.com\\\/seguros\\\/\",\"logo\":{\"@type\":\"ImageObject\",\"inLanguage\":\"es\",\"@id\":\"https:\\\/\\\/mistersalud.com\\\/seguros\\\/#\\\/schema\\\/logo\\\/image\\\/\",\"url\":\"https:\\\/\\\/mistersalud.com\\\/seguros\\\/wp-content\\\/uploads\\\/2022\\\/05\\\/logo-mistersalud.png\",\"contentUrl\":\"https:\\\/\\\/mistersalud.com\\\/seguros\\\/wp-content\\\/uploads\\\/2022\\\/05\\\/logo-mistersalud.png\",\"width\":178,\"height\":89,\"caption\":\"misterSalud\"},\"image\":{\"@id\":\"https:\\\/\\\/mistersalud.com\\\/seguros\\\/#\\\/schema\\\/logo\\\/image\\\/\"}}]}<\/script>\n<!-- \/ Yoast SEO plugin. -->","yoast_head_json":{"title":"Seguro m\u00e9dico Nuez - misterSalud","robots":{"index":"index","follow":"follow","max-snippet":"max-snippet:-1","max-image-preview":"max-image-preview:large","max-video-preview":"max-video-preview:-1"},"canonical":"https:\/\/mistersalud.com\/seguros\/companias\/nuez\/","og_locale":"es_ES","og_type":"article","og_title":"Seguro m\u00e9dico Nuez - misterSalud","og_description":"Nuez seguros fue creada en 2011 y naci\u00f3 con el objetivo de proporcionar a los usuarios nuevos modelos de seguros de coche, moto y hogar, para romper as\u00ed con lo tradicional y lo cotidiano. Este grupo ya no existe por s\u00ed solo, sino que pertenece al grupo de Linea Directa, y es a trav\u00e9s de&hellip;","og_url":"https:\/\/mistersalud.com\/seguros\/companias\/nuez\/","og_site_name":"misterSalud","twitter_card":"summary_large_image","twitter_misc":{"Tiempo de lectura":"7 minutos"},"schema":{"@context":"https:\/\/schema.org","@graph":[{"@type":"WebPage","@id":"https:\/\/mistersalud.com\/seguros\/companias\/nuez\/","url":"https:\/\/mistersalud.com\/seguros\/companias\/nuez\/","name":"Seguro m\u00e9dico Nuez - misterSalud","isPartOf":{"@id":"https:\/\/mistersalud.com\/seguros\/#website"},"datePublished":"2022-06-23T09:03:06+00:00","breadcrumb":{"@id":"https:\/\/mistersalud.com\/seguros\/companias\/nuez\/#breadcrumb"},"inLanguage":"es","potentialAction":[{"@type":"ReadAction","target":["https:\/\/mistersalud.com\/seguros\/companias\/nuez\/"]}]},{"@type":"BreadcrumbList","@id":"https:\/\/mistersalud.com\/seguros\/companias\/nuez\/#breadcrumb","itemListElement":[{"@type":"ListItem","position":1,"name":"Portada","item":"https:\/\/mistersalud.com\/seguros\/"},{"@type":"ListItem","position":2,"name":"Compa\u00f1\u00edas de Seguros de Salud en Espa\u00f1a","item":"https:\/\/mistersalud.com\/seguros\/companias\/"},{"@type":"ListItem","position":3,"name":"Seguro m\u00e9dico Nuez"}]},{"@type":"WebSite","@id":"https:\/\/mistersalud.com\/seguros\/#website","url":"https:\/\/mistersalud.com\/seguros\/","name":"misterSalud","description":"","publisher":{"@id":"https:\/\/mistersalud.com\/seguros\/#organization"},"potentialAction":[{"@type":"SearchAction","target":{"@type":"EntryPoint","urlTemplate":"https:\/\/mistersalud.com\/seguros\/?s={search_term_string}"},"query-input":{"@type":"PropertyValueSpecification","valueRequired":true,"valueName":"search_term_string"}}],"inLanguage":"es"},{"@type":"Organization","@id":"https:\/\/mistersalud.com\/seguros\/#organization","name":"misterSalud","url":"https:\/\/mistersalud.com\/seguros\/","logo":{"@type":"ImageObject","inLanguage":"es","@id":"https:\/\/mistersalud.com\/seguros\/#\/schema\/logo\/image\/","url":"https:\/\/mistersalud.com\/seguros\/wp-content\/uploads\/2022\/05\/logo-mistersalud.png","contentUrl":"https:\/\/mistersalud.com\/seguros\/wp-content\/uploads\/2022\/05\/logo-mistersalud.png","width":178,"height":89,"caption":"misterSalud"},"image":{"@id":"https:\/\/mistersalud.com\/seguros\/#\/schema\/logo\/image\/"}}]}},"_links":{"self":[{"href":"https:\/\/mistersalud.com\/seguros\/wp-json\/wp\/v2\/pages\/169","targetHints":{"allow":["GET"]}}],"collection":[{"href":"https:\/\/mistersalud.com\/seguros\/wp-json\/wp\/v2\/pages"}],"about":[{"href":"https:\/\/mistersalud.com\/seguros\/wp-json\/wp\/v2\/types\/page"}],"author":[{"embeddable":true,"href":"https:\/\/mistersalud.com\/seguros\/wp-json\/wp\/v2\/users\/2"}],"replies":[{"embeddable":true,"href":"https:\/\/mistersalud.com\/seguros\/wp-json\/wp\/v2\/comments?post=169"}],"version-history":[{"count":1,"href":"https:\/\/mistersalud.com\/seguros\/wp-json\/wp\/v2\/pages\/169\/revisions"}],"predecessor-version":[{"id":170,"href":"https:\/\/mistersalud.com\/seguros\/wp-json\/wp\/v2\/pages\/169\/revisions\/170"}],"up":[{"embeddable":true,"href":"https:\/\/mistersalud.com\/seguros\/wp-json\/wp\/v2\/pages\/22"}],"wp:attachment":[{"href":"https:\/\/mistersalud.com\/seguros\/wp-json\/wp\/v2\/media?parent=169"}],"curies":[{"name":"wp","href":"https:\/\/api.w.org\/{rel}","templated":true}]}}