{"id":144,"date":"2022-06-01T11:17:47","date_gmt":"2022-06-01T11:17:47","guid":{"rendered":"https:\/\/mistersalud.com\/seguros\/?page_id=144"},"modified":"2024-04-02T11:47:23","modified_gmt":"2024-04-02T11:47:23","slug":"avisos-legales","status":"publish","type":"page","link":"https:\/\/mistersalud.com\/seguros\/avisos-legales\/","title":{"rendered":"Avisos Legales"},"content":{"rendered":"<p style=\"color: #001b73; font-family: HelveticaRoundedLT, serif; font-size: x-large;\">Informaci\u00f3n general<\/p>\n<p>Esta web es propiedad de IVERIUM SPAIN CORPORATION (en adelante IVERIUM), con domicilio social en: Calle asunci\u00f3n n\u00ba 16 41011 y domicilio a efecto de notificaciones en Avenida Diego Mart\u00ednez Barrio 10, 3a planta modulo 9, 41013 Sevilla<br \/>\nSu C.I.F. es el n\u00famero B91641191 y est\u00e1 inscrita en el registro mercantil de Sevilla, inscrita en Registro Mercantil de Sevilla, Tomo 4652 Folio -104 Hoja 73.331.<br \/>\nIVERIUM es una Sociedad de Corredur\u00eda de Seguros, que realiza su actividad de mediaci\u00f3n por cuenta de las entidades aseguradoras con las que tiene suscrito un contrato de agencia, operando en todo el territorio nacional. Puedes consultar la informaci\u00f3n de las entidades aseguradoras con las que media IVERIUM en Entidades Aseguradoras en la web de la Direcci\u00f3n General del Seguro. tambi\u00e9n est\u00e1 inscrita en el Registro Especial de Mediadores de seguros dependiente de la Direcci\u00f3n General de Seguros y Fondos de Pensiones del Ministerio de Econom\u00eda y Hacienda (entidad encargada de supervisar nuestra actividad).<\/p>\n<p>En la p\u00e1gina Web de la Direcci\u00f3n General de Seguros y Fondos de Pensiones, podr\u00e1 comprobar la vigencia de nuestra autorizaci\u00f3n administrativa para actuar como corredur\u00eda<br \/>\nLa corredur\u00eda tiene concertado un Seguro de Responsabilidad Civil, seg\u00fan Ley 26\/2006 de Mediaci\u00f3n de Seguros y reaseguros privados.<\/p>\n<p>La corredur\u00eda no mantiene ning\u00fan v\u00ednculo contractual que le suponga ninguna afecci\u00f3n con entidades aseguradoras. En este sentido ofrece asesoramiento independiente, profesional e imparcial a sus clientes.con la clave J2748. Tiene concertado seguro de responsabilidad y constituida garant\u00eda financiera de conformidad con la Ley 26\/2006 de Mediaci\u00f3n de seguros y reaseguros privados. La Corredur\u00eda ejerce su actividad libre de v\u00ednculos que supongan afecci\u00f3n respecto a ninguna aseguradora. Su asesoramiento profesional se basa en la independencia, por lo que presta sus servicios desde la \u00f3ptica de la adecuaci\u00f3n a las necesidades del usuario. IVERIUM SPAIN CORPORATION, S.L. de acuerdo con la legislaci\u00f3n vigente pone a disposici\u00f3n de sus clientes un servicio de Atenci\u00f3n al Cliente que resolver\u00e1 sus quejas y reclamaciones en los plazos legalmente establecidos, en la siguiente direcci\u00f3n: Paseo de la Castellana 197, 2\u00ba dcha. 28046 Madrid; Telf: 910 339 615; E.mail: atencionalcliente@aunnaasociacion.es<\/p>\n<p style=\"color: #001b73; font-family: HelveticaRoundedLT, serif; font-size: x-large;\">Condiciones generales de uso<\/p>\n<p>Las presentes condiciones son de aplicaci\u00f3n para todo usuario de esta web. Por favor l\u00e9alas atentamente.<br \/>\nPor el acceso a esta web usted se reputar\u00e1 como usuario de la misma, quedando sometido a las presentes condiciones y presumi\u00e9ndose que las conoce y acepta.<br \/>\nLos contenidos facilitados en estas p\u00e1ginas est\u00e1n dirigidos a usuarios residentes en Espa\u00f1a o que accedan desde Espa\u00f1a, por lo que IVERIUM declina toda responsabilidad por el acceso de personas en jurisdicciones donde pudieran ser contrarios a la normativa o regulaci\u00f3n. En el mismo sentido, ciertos productos y servicios pueden no estar disponibles o prohibidos en todas las jurisdicciones o para todas las personas, por lo que IVERIUM podr\u00e1 restringir o rechazar el acceso a todo aquel que no cumpla los mencionados requisitos territoriales de residencia y acceso desde Espa\u00f1a.<\/p>\n<p style=\"color: #001b73; font-family: HelveticaRoundedLT, serif; font-size: x-large;\">Propiedad intelectual e industrial<\/p>\n<p>IVERIUM declara y garantiza ser titular exclusiva o, en su caso, ostentar t\u00edtulo suficiente de todos los derechos de propiedad intelectual e industrial sobre esta web, contenidos, dise\u00f1o gr\u00e1fico y c\u00f3digos, correspondi\u00e9ndole el ejercicio exclusivo de los derechos de explotaci\u00f3n de los mismos en cualquier forma, y en particular, los derechos de reproducci\u00f3n, distribuci\u00f3n, comunicaci\u00f3n p\u00fablica y transformaci\u00f3n.<br \/>\nQueda prohibida, de acuerdo con la legislaci\u00f3n vigente, la reproducci\u00f3n, distribuci\u00f3n, comercializaci\u00f3n, copia, transformaci\u00f3n, comunicaci\u00f3n p\u00fablica o cualquier otra actuaci\u00f3n vulneradora de los derechos de propiedad intelectual sobre la totalidad de los contenidos del presente web site.<br \/>\nIgualmente, est\u00e1n protegidos por ley los nombres comerciales, logotipos, marcas y en general todos los signos distintivos de cualquier clase contenidos en esta web. Cualquier uso indebido de tales elementos por persona diferente de su leg\u00edtimo titular podr\u00e1 ser perseguido de conformidad con la legislaci\u00f3n vigente.<br \/>\nNo obstante, se concede el derecho de reproducci\u00f3n parcial de su contenido al usuario cuando sea compatible con los intereses de IVERIUM, y s\u00f3lo para su uso individual y privado, sin prop\u00f3sito comercial, y siempre y cuando sea comunicado a IVERIUM, por escrito fehaciente, y se obtenga su autorizaci\u00f3n certificada. Asimismo, en caso de obtener dicha autorizaci\u00f3n, los elementos reproducidos no podr\u00e1n ser cedidos a un tercero ni instalarse en un servidor conectado a Internet o a una red local.<br \/>\nEn cualquier caso queda terminantemente prohibido la modificaci\u00f3n o eliminaci\u00f3n de cualquier tipo sobre cualquier contenido de esta web, as\u00ed como su utilizaci\u00f3n, copiado o distribuci\u00f3n de forma separada del texto o resto de contenidos que lo acompa\u00f1an.<\/p>\n<p style=\"color: #001b73; font-family: HelveticaRoundedLT, serif; font-size: x-large;\">Actualizaci\u00f3n de la web<\/p>\n<p>IVERIUM se reserva el derecho a actualizar, modificar o eliminar la informaci\u00f3n contenida en su web site, sin recomendaci\u00f3n previa. Por favor, revise esta web site peri\u00f3dicamente para los cambios que puedan producirse.<br \/>\nAsimismo se reserva el derecho a limitar o no permitir el acceso a dicha informaci\u00f3n de manera temporal o definitiva.<br \/>\nLa informaci\u00f3n comprendida en estas p\u00e1ginas web es la vigente en la fecha de su \u00faltima actualizaci\u00f3n y tiene que ser considerada como una informaci\u00f3n orientativa para el usuario, relativa a los contenidos de la p\u00e1gina.<\/p>\n<p>&nbsp;<\/p>\n<p style=\"color: #001b73; font-family: HelveticaRoundedLT, serif; font-size: x-large;\">Ejercicio de la actividad de la corredur\u00eda (Descripci\u00f3n del Servicio)<\/p>\n<p>IVERIUM SPAIN CORPORATION, S.L. lleva a cabo la actividad de mediador de seguros regulada por la ley 26\/2006 de 17 de julio, de mediaci\u00f3n de seguros y reaseguros privados, que define \u00e9sta como la consistente en la presentaci\u00f3n, propuesta o realizaci\u00f3n de trabajos previos a la celebraci\u00f3n de un contrato de seguro, o de celebraci\u00f3n de estos contratos, as\u00ed como la asistencia en la gesti\u00f3n y ejecuci\u00f3n de dichos contratos, en particular en caso de siniestro.<br \/>\nIVERIUM SPAIN CORPORATION S.L. desarrolla esta actividad mercantil de mediaci\u00f3n sin mantener v\u00ednculos contractuales que supongan afecci\u00f3n con entidades aseguradoras, ofreciendo un asesoramiento independiente, profesional e imparcial basado en un an\u00e1lisis objetivo de los distintos productos de seguros en los que media, conforme a la ley.<br \/>\nEl sistema de remuneraci\u00f3n por el servicio que Iverium Spain Corporation, S.L. no conlleva cargo alguno de honorarios a sus clientes. Las compa\u00f1\u00edas aseguradoras remuneran este servicio v\u00eda comisiones al considerarlo como un coste de su comercializaci\u00f3n. Esta forma de retribuci\u00f3n no supone un incremento en las primas de seguro que tienen fijadas, de forma que el servicio que ofrece Iverium Spain Corporation, S.L. solo puede a\u00f1adir valor a esta forma de adquisici\u00f3n del producto.<\/p>\n<p style=\"color: #001b73; font-family: HelveticaRoundedLT, serif; font-size: x-large;\">Condiciones de los Contrato de Seguros<\/p>\n<p>Todas las p\u00f3lizas de seguros que Ud. pueda contratar directamente desde nuestra web o a trav\u00e9s de nuestro servicio telef\u00f3nico, se rigen por lo dispuesto en la Ley 50\/1980, de Contrato de Seguro, en el Real Decreto Legislativo 6\/2004, de 29 de octubre, por el que se aprueba el texto refundido de la Ley de Ordenaci\u00f3n y Supervisi\u00f3n de los Seguros Privados, y su Reglamento de 20 de noviembre de 1998 y por lo dispuesto en la propia p\u00f3liza tanto en su Condicionado General como Particular.<br \/>\nSin perjuicio de la informaci\u00f3n previa a la contrataci\u00f3n que se le facilitar\u00e1 al usuario tanto de las Condiciones Generales como de las Particulares, todos los detalles de cobertura y exclusiones ir\u00e1n contenidos junto con la documentaci\u00f3n de p\u00f3liza que con posterioridad a su contrataci\u00f3n recibir\u00e1 en la direcci\u00f3n que nos haya facilitado, debiendo revisar la misma y notificar cualquier error o incidencia que pudiese detectar.<br \/>\nDurante el proceso de contrataci\u00f3n on-line el usuario adem\u00e1s de disponer en la propia web de una gu\u00eda con los dis<\/p>\n<p>&nbsp;<\/p>\n<p style=\"color: #001b73; font-family: HelveticaRoundedLT, serif; font-size: x-large;\">Limitaci\u00f3n de la responsabilidad<\/p>\n<p>Contenidos<br \/>\nEl usuario se obliga a utilizar esta web de forma correcta y l\u00edcita. IVERIUM rechaza toda responsabilidad que se derive del mal uso que los usuarios hagan de sus contenidos.<br \/>\nAs\u00ed como no se responsabiliza sobre cualquier informaci\u00f3n no contenida en esta p\u00e1gina web, en particular respecto a la contenida en otras p\u00e1ginas web, ni sobre cualquier informaci\u00f3n no elaborada por IVERIUM.<br \/>\nIgualmente, IVERIUM no se responsabiliza de las eventuales discrepancias que puedan surgir entre la versi\u00f3n de sus documentos impresos y la versi\u00f3n electr\u00f3nica de los mismos publicados en sus p\u00e1ginas web. En caso de discrepancia prevalecer\u00e1 la versi\u00f3n escrita sobre la electr\u00f3nica.<br \/>\nDel mismo modo, IVERIUM no se hace responsable ni garantiza que el acceso a esta web sea ininterrumpido, ni de los da\u00f1os sufridos por el usuario que se pudieran producir como consecuencia del uso de ordenadores infectados con virus inform\u00e1ticos o por el uso de navegadores defectuosos o versiones de navegadores no actualizadas, as\u00ed como tampoco se hace responsable de cualquier otro tipo de da\u00f1o sufrido por el usuario en el acceso y uso de esta p\u00e1gina web derivado de la utilizaci\u00f3n de ordenadores en mal estado, con problemas inform\u00e1ticos o con componentes da\u00f1inos.<br \/>\nIVERIUM no se responsabiliza del uso que los menores hagan de la web, no reput\u00e1ndose responsable de que los contenidos de la web puedan herir la sensibilidad de los menores.<br \/>\nEs responsabilidad de los padres asegurarse del correcto uso de una herramienta como Internet y acompa\u00f1ar a los menores en sus sesiones.<br \/>\nEnlaces<br \/>\nLa funci\u00f3n de los enlaces que aparecen en esta p\u00e1gina tiene s\u00f3lo finalidad informativa. IVERIUM rechaza la responsabilidad sobre la informaci\u00f3n contenida en p\u00e1ginas web de terceras personas conectadas por enlaces, con las p\u00e1ginas web de IVERIUM, o que no sean gestionadas directamente por nuestro administrador de la web.<\/p>\n<p>&nbsp;<\/p>\n<p style=\"color: #001b73; font-family: HelveticaRoundedLT, serif; font-size: x-large;\">Derecho de desistimiento<\/p>\n<p>El Cliente dispondr\u00e1 de un plazo de catorce d\u00edas naturales para desistir del contrato a distancia. El mencionado plazo ser\u00e1 de treinta d\u00edas naturales en el caso de los contratos de vida.<br \/>\nEl plazo para ejercer este derecho empezar\u00e1 a correr desde el d\u00eda de la celebraci\u00f3n del contrato o desde el d\u00eda en que reciba las condiciones e informaci\u00f3n contractual. En relaci\u00f3n con los seguros de vida, comenzar\u00e1 cuando se informe al consumidor de que el contrato ha sido celebrado.<br \/>\nEste derecho deber\u00e1 ser ejercitado por escrito a cualquiera de las direcciones postales o electr\u00f3nicas a continuaci\u00f3n indicadas (y se deber\u00e1 acompa\u00f1ar al escrito una fotocopia del DNI a efectos acreditativos): Servicio de Atenci\u00f3n al Cliente de Iverium es a trav\u00e9s de produccion@iverium.com<br \/>\nReclamaciones<br \/>\nLa satisfacci\u00f3n de nuestros clientes es una preocupaci\u00f3n fundamental en IVERIUM y por ello ponemos a tu disposici\u00f3n el servicio de quejas y reclamaciones, as\u00ed como te facilitamos la siguiente informaci\u00f3n d\u00f3nde podr\u00e1s formular tus quejas y reclamaciones:<br \/>\na) Se encuentra a tu disposici\u00f3n el Servicio de Atenci\u00f3n al Cliente para la tramitaci\u00f3n de quejas y reclamaciones relativas a la actividad de IVERIUM SPAIN CORPORATION S.L.<br \/>\nDicho servicio lo gestiona el Departamento de Atenci\u00f3n al Cliente, pudiendo dirigirte al mismo por tel\u00e9fono en el 954.991.184 o produccion@iverium.com<br \/>\nb) Podr\u00e1 presentar quejas sobre las tareas de intermediaci\u00f3n de seguros realizadas por IVERIUM ante el Servicio de Atenci\u00f3n al Cliente y, en su caso, ante el Departamento de Defensor del Cliente de las respectivas entidades aseguradoras para las que IVERIUM medie. Puedes consultar los datos de los Departamentos de Atenci\u00f3n al Cliente de las entidades aseguradoras para las que actualmente media IVERIUM en Entidades Aseguradoras.<br \/>\nc) Siempre que acredite haber escrito previamente la reclamaci\u00f3n ante las Entidades Aseguradoras, y si la resoluci\u00f3n ha sido contraria a su petici\u00f3n o no se haya producido en el plazo de dos meses desde su presentaci\u00f3n, podr\u00e1 formular reclamaci\u00f3n ante el Servicio de Reclamaciones de la Direcci\u00f3n de Seguros y Fondos de Pensiones, que est\u00e1 en el Paseo de la Castellana 44, 28046, en Madrid o a trav\u00e9s de su sitio web.<\/p>\n<p style=\"color: #001b73; font-family: HelveticaRoundedLT, serif; font-size: x-large;\">Legislaci\u00f3n aplicable<\/p>\n<p>A las relaciones entre IVERIUM y los usuarios nacidas de la contrataci\u00f3n on line de servicios y productos y de cualquier otra actividad e informaci\u00f3n contenidas en la presente p\u00e1gina web, ser\u00e1 de aplicaci\u00f3n la legislaci\u00f3n espa\u00f1ola, con sometimiento expreso de la partes a la jurisdicci\u00f3n de los tribunales de Barcelona, salvo en el caso de seguros de vida, cuya jurisdicci\u00f3n aplicable ser\u00e1n los tribunales del fuero del tomador.<\/p>\n","protected":false},"excerpt":{"rendered":"<p>Informaci\u00f3n general Esta web es propiedad de IVERIUM SPAIN CORPORATION (en adelante IVERIUM), con domicilio social en: Calle asunci\u00f3n n\u00ba 16 41011 y domicilio a efecto de notificaciones en Avenida Diego Mart\u00ednez Barrio 10, 3a planta modulo 9, 41013 Sevilla Su C.I.F. es el n\u00famero B91641191 y est\u00e1 inscrita en el registro mercantil de Sevilla,&hellip; <\/p>\n","protected":false},"author":2,"featured_media":0,"parent":0,"menu_order":0,"comment_status":"closed","ping_status":"closed","template":"page-templates\/pagina_principal.php","meta":{"footnotes":""},"class_list":["post-144","page","type-page","status-publish","hentry"],"yoast_head":"<!-- This site is optimized with the Yoast SEO plugin v27.6 - https:\/\/yoast.com\/product\/yoast-seo-wordpress\/ -->\n<title>Avisos Legales - misterSalud<\/title>\n<meta name=\"robots\" content=\"index, follow, max-snippet:-1, max-image-preview:large, max-video-preview:-1\" \/>\n<link rel=\"canonical\" href=\"https:\/\/mistersalud.com\/seguros\/avisos-legales\/\" \/>\n<meta property=\"og:locale\" content=\"es_ES\" \/>\n<meta property=\"og:type\" content=\"article\" \/>\n<meta property=\"og:title\" content=\"Avisos Legales - misterSalud\" \/>\n<meta property=\"og:description\" content=\"Informaci\u00f3n general Esta web es propiedad de IVERIUM SPAIN CORPORATION (en adelante IVERIUM), con domicilio social en: Calle asunci\u00f3n n\u00ba 16 41011 y domicilio a efecto de notificaciones en Avenida Diego Mart\u00ednez Barrio 10, 3a planta modulo 9, 41013 Sevilla Su C.I.F. es el n\u00famero B91641191 y est\u00e1 inscrita en el registro mercantil de Sevilla,&hellip;\" \/>\n<meta property=\"og:url\" content=\"https:\/\/mistersalud.com\/seguros\/avisos-legales\/\" \/>\n<meta property=\"og:site_name\" content=\"misterSalud\" \/>\n<meta property=\"article:modified_time\" content=\"2024-04-02T11:47:23+00:00\" \/>\n<meta name=\"twitter:card\" content=\"summary_large_image\" \/>\n<meta name=\"twitter:label1\" content=\"Tiempo de lectura\" \/>\n\t<meta name=\"twitter:data1\" content=\"9 minutos\" \/>\n<script type=\"application\/ld+json\" class=\"yoast-schema-graph\">{\"@context\":\"https:\\\/\\\/schema.org\",\"@graph\":[{\"@type\":\"WebPage\",\"@id\":\"https:\\\/\\\/mistersalud.com\\\/seguros\\\/avisos-legales\\\/\",\"url\":\"https:\\\/\\\/mistersalud.com\\\/seguros\\\/avisos-legales\\\/\",\"name\":\"Avisos Legales - misterSalud\",\"isPartOf\":{\"@id\":\"https:\\\/\\\/mistersalud.com\\\/seguros\\\/#website\"},\"datePublished\":\"2022-06-01T11:17:47+00:00\",\"dateModified\":\"2024-04-02T11:47:23+00:00\",\"breadcrumb\":{\"@id\":\"https:\\\/\\\/mistersalud.com\\\/seguros\\\/avisos-legales\\\/#breadcrumb\"},\"inLanguage\":\"es\",\"potentialAction\":[{\"@type\":\"ReadAction\",\"target\":[\"https:\\\/\\\/mistersalud.com\\\/seguros\\\/avisos-legales\\\/\"]}]},{\"@type\":\"BreadcrumbList\",\"@id\":\"https:\\\/\\\/mistersalud.com\\\/seguros\\\/avisos-legales\\\/#breadcrumb\",\"itemListElement\":[{\"@type\":\"ListItem\",\"position\":1,\"name\":\"Portada\",\"item\":\"https:\\\/\\\/mistersalud.com\\\/seguros\\\/\"},{\"@type\":\"ListItem\",\"position\":2,\"name\":\"Avisos Legales\"}]},{\"@type\":\"WebSite\",\"@id\":\"https:\\\/\\\/mistersalud.com\\\/seguros\\\/#website\",\"url\":\"https:\\\/\\\/mistersalud.com\\\/seguros\\\/\",\"name\":\"misterSalud\",\"description\":\"\",\"publisher\":{\"@id\":\"https:\\\/\\\/mistersalud.com\\\/seguros\\\/#organization\"},\"potentialAction\":[{\"@type\":\"SearchAction\",\"target\":{\"@type\":\"EntryPoint\",\"urlTemplate\":\"https:\\\/\\\/mistersalud.com\\\/seguros\\\/?s={search_term_string}\"},\"query-input\":{\"@type\":\"PropertyValueSpecification\",\"valueRequired\":true,\"valueName\":\"search_term_string\"}}],\"inLanguage\":\"es\"},{\"@type\":\"Organization\",\"@id\":\"https:\\\/\\\/mistersalud.com\\\/seguros\\\/#organization\",\"name\":\"misterSalud\",\"url\":\"https:\\\/\\\/mistersalud.com\\\/seguros\\\/\",\"logo\":{\"@type\":\"ImageObject\",\"inLanguage\":\"es\",\"@id\":\"https:\\\/\\\/mistersalud.com\\\/seguros\\\/#\\\/schema\\\/logo\\\/image\\\/\",\"url\":\"https:\\\/\\\/mistersalud.com\\\/seguros\\\/wp-content\\\/uploads\\\/2022\\\/05\\\/logo-mistersalud.png\",\"contentUrl\":\"https:\\\/\\\/mistersalud.com\\\/seguros\\\/wp-content\\\/uploads\\\/2022\\\/05\\\/logo-mistersalud.png\",\"width\":178,\"height\":89,\"caption\":\"misterSalud\"},\"image\":{\"@id\":\"https:\\\/\\\/mistersalud.com\\\/seguros\\\/#\\\/schema\\\/logo\\\/image\\\/\"}}]}<\/script>\n<!-- \/ Yoast SEO plugin. -->","yoast_head_json":{"title":"Avisos Legales - misterSalud","robots":{"index":"index","follow":"follow","max-snippet":"max-snippet:-1","max-image-preview":"max-image-preview:large","max-video-preview":"max-video-preview:-1"},"canonical":"https:\/\/mistersalud.com\/seguros\/avisos-legales\/","og_locale":"es_ES","og_type":"article","og_title":"Avisos Legales - misterSalud","og_description":"Informaci\u00f3n general Esta web es propiedad de IVERIUM SPAIN CORPORATION (en adelante IVERIUM), con domicilio social en: Calle asunci\u00f3n n\u00ba 16 41011 y domicilio a efecto de notificaciones en Avenida Diego Mart\u00ednez Barrio 10, 3a planta modulo 9, 41013 Sevilla Su C.I.F. es el n\u00famero B91641191 y est\u00e1 inscrita en el registro mercantil de Sevilla,&hellip;","og_url":"https:\/\/mistersalud.com\/seguros\/avisos-legales\/","og_site_name":"misterSalud","article_modified_time":"2024-04-02T11:47:23+00:00","twitter_card":"summary_large_image","twitter_misc":{"Tiempo de lectura":"9 minutos"},"schema":{"@context":"https:\/\/schema.org","@graph":[{"@type":"WebPage","@id":"https:\/\/mistersalud.com\/seguros\/avisos-legales\/","url":"https:\/\/mistersalud.com\/seguros\/avisos-legales\/","name":"Avisos Legales - misterSalud","isPartOf":{"@id":"https:\/\/mistersalud.com\/seguros\/#website"},"datePublished":"2022-06-01T11:17:47+00:00","dateModified":"2024-04-02T11:47:23+00:00","breadcrumb":{"@id":"https:\/\/mistersalud.com\/seguros\/avisos-legales\/#breadcrumb"},"inLanguage":"es","potentialAction":[{"@type":"ReadAction","target":["https:\/\/mistersalud.com\/seguros\/avisos-legales\/"]}]},{"@type":"BreadcrumbList","@id":"https:\/\/mistersalud.com\/seguros\/avisos-legales\/#breadcrumb","itemListElement":[{"@type":"ListItem","position":1,"name":"Portada","item":"https:\/\/mistersalud.com\/seguros\/"},{"@type":"ListItem","position":2,"name":"Avisos Legales"}]},{"@type":"WebSite","@id":"https:\/\/mistersalud.com\/seguros\/#website","url":"https:\/\/mistersalud.com\/seguros\/","name":"misterSalud","description":"","publisher":{"@id":"https:\/\/mistersalud.com\/seguros\/#organization"},"potentialAction":[{"@type":"SearchAction","target":{"@type":"EntryPoint","urlTemplate":"https:\/\/mistersalud.com\/seguros\/?s={search_term_string}"},"query-input":{"@type":"PropertyValueSpecification","valueRequired":true,"valueName":"search_term_string"}}],"inLanguage":"es"},{"@type":"Organization","@id":"https:\/\/mistersalud.com\/seguros\/#organization","name":"misterSalud","url":"https:\/\/mistersalud.com\/seguros\/","logo":{"@type":"ImageObject","inLanguage":"es","@id":"https:\/\/mistersalud.com\/seguros\/#\/schema\/logo\/image\/","url":"https:\/\/mistersalud.com\/seguros\/wp-content\/uploads\/2022\/05\/logo-mistersalud.png","contentUrl":"https:\/\/mistersalud.com\/seguros\/wp-content\/uploads\/2022\/05\/logo-mistersalud.png","width":178,"height":89,"caption":"misterSalud"},"image":{"@id":"https:\/\/mistersalud.com\/seguros\/#\/schema\/logo\/image\/"}}]}},"_links":{"self":[{"href":"https:\/\/mistersalud.com\/seguros\/wp-json\/wp\/v2\/pages\/144","targetHints":{"allow":["GET"]}}],"collection":[{"href":"https:\/\/mistersalud.com\/seguros\/wp-json\/wp\/v2\/pages"}],"about":[{"href":"https:\/\/mistersalud.com\/seguros\/wp-json\/wp\/v2\/types\/page"}],"author":[{"embeddable":true,"href":"https:\/\/mistersalud.com\/seguros\/wp-json\/wp\/v2\/users\/2"}],"replies":[{"embeddable":true,"href":"https:\/\/mistersalud.com\/seguros\/wp-json\/wp\/v2\/comments?post=144"}],"version-history":[{"count":5,"href":"https:\/\/mistersalud.com\/seguros\/wp-json\/wp\/v2\/pages\/144\/revisions"}],"predecessor-version":[{"id":465,"href":"https:\/\/mistersalud.com\/seguros\/wp-json\/wp\/v2\/pages\/144\/revisions\/465"}],"wp:attachment":[{"href":"https:\/\/mistersalud.com\/seguros\/wp-json\/wp\/v2\/media?parent=144"}],"curies":[{"name":"wp","href":"https:\/\/api.w.org\/{rel}","templated":true}]}}